{"id":4173,"date":"2018-09-19T12:24:14","date_gmt":"2018-09-19T10:24:14","guid":{"rendered":"http:\/\/agora.xtec.cat\/escolaantoniroig\/?page_id=4173"},"modified":"2022-02-15T10:24:58","modified_gmt":"2022-02-15T09:24:58","slug":"serveis-digitals","status":"publish","type":"page","link":"https:\/\/agora.xtec.cat\/escolaantoniroig\/serveis\/serveis-digitals\/","title":{"rendered":"SERVEIS DIGITALS"},"content":{"rendered":"<p style=\"text-align: justify;\">Per tal de promoure l\u2019assoliment de la compet\u00e8ncia digital dels alumnes i l\u2019\u00fas de les TAC en la pr\u00e0ctica educativa a l\u2019aula, totes les aules estan equipades amb ordinador i pissarra digital interactiva. A m\u00e9s disposem d&#8217;armaris amb port\u00e0tils, chromebooks i tauletes.<\/p>\n<p style=\"text-align: justify;\">Treballem en l&#8217;entorn virtual d&#8217;aprentatge Google Classroom, utilitzem l&#8217;aplicaci\u00f3 Dinantia per facilitar la comunicaci\u00f3 amb les fam\u00edlies i vetllem per l\u2019aplicaci\u00f3 de les pol\u00edtiques de privacitat i seguretat de les dades i les infraestructures digitals del centre educatiu.<\/p>\n<p><img loading=\"lazy\" decoding=\"async\" class=\"alignleft wp-image-7469\" src=\"https:\/\/agora.xtec.cat\/escolaantoniroig\/wp-content\/uploads\/usu563\/2022\/02\/G-Suite-google-workplace.jpg\" alt=\"\" width=\"169\" height=\"95\" \/><\/p>\n<p>&nbsp;<\/p>\n<p><a href=\"http:\/\/agora.xtec.cat\/escolaantoniroig\/serveis\/serveis-digitals\/g-suite-for-education\/\"><strong>M\u00c9S INFORMACI\u00d3<\/strong><\/a><strong>\u00a0<\/strong><a href=\"http:\/\/agora.xtec.cat\/escolaantoniroig\/serveis\/serveis-digitals\/g-suite-for-education\/\"><img loading=\"lazy\" decoding=\"async\" class=\" wp-image-3744 alignnone\" src=\"http:\/\/agora.xtec.cat\/escolaantoniroig\/wp-content\/uploads\/usu563\/2018\/04\/FLECHA-e1524651693894.png\" alt=\"\" width=\"24\" height=\"21\" \/><\/a><\/p>\n<p>&nbsp;<\/p>\n<p><img loading=\"lazy\" decoding=\"async\" class=\" wp-image-4807 alignleft\" src=\"https:\/\/agora.xtec.cat\/escolaantoniroig\/wp-content\/uploads\/usu563\/2019\/03\/dinantia-e1553704187338.png\" alt=\"\" width=\"169\" height=\"45\" srcset=\"https:\/\/agora.xtec.cat\/escolaantoniroig\/wp-content\/uploads\/usu563\/2019\/03\/dinantia-e1553704187338.png 323w, https:\/\/agora.xtec.cat\/escolaantoniroig\/wp-content\/uploads\/usu563\/2019\/03\/dinantia-e1553704187338-300x80.png 300w\" sizes=\"auto, (max-width: 169px) 100vw, 169px\" \/><\/p>\n<p><a href=\"https:\/\/agora.xtec.cat\/escolaantoniroig\/serveis\/serveis-digitals\/dinantia-2\/\"><strong>M\u00c9S INFORMACI\u00d3<\/strong><strong>\u00a0<\/strong><img loading=\"lazy\" decoding=\"async\" class=\" wp-image-3744 alignnone\" src=\"http:\/\/agora.xtec.cat\/escolaantoniroig\/wp-content\/uploads\/usu563\/2018\/04\/FLECHA-e1524651693894.png\" alt=\"\" width=\"24\" height=\"21\" \/>\u00a0<\/a><\/p>\n<p>&nbsp;<\/p>\n<p><a href=\"http:\/\/agora.xtec.cat\/escolaantoniroig\/serveis\/serveis-digitals\/seguretat-i-internet\/\"><img loading=\"lazy\" decoding=\"async\" class=\"wp-image-4202 alignleft\" src=\"http:\/\/agora.xtec.cat\/escolaantoniroig\/wp-content\/uploads\/usu563\/2018\/09\/Screenshot_2.jpg\" alt=\"\" width=\"169\" height=\"101\" srcset=\"https:\/\/agora.xtec.cat\/escolaantoniroig\/wp-content\/uploads\/usu563\/2018\/09\/Screenshot_2.jpg 779w, https:\/\/agora.xtec.cat\/escolaantoniroig\/wp-content\/uploads\/usu563\/2018\/09\/Screenshot_2-300x180.jpg 300w, https:\/\/agora.xtec.cat\/escolaantoniroig\/wp-content\/uploads\/usu563\/2018\/09\/Screenshot_2-768x460.jpg 768w\" sizes=\"auto, (max-width: 169px) 100vw, 169px\" \/><\/a><\/p>\n<p>&nbsp;<\/p>\n<p><a href=\"http:\/\/agora.xtec.cat\/escolaantoniroig\/serveis\/serveis-digitals\/seguretat-i-internet\/\"><strong>M\u00c9S INFORMACI\u00d3<\/strong><strong>\u00a0<\/strong><img loading=\"lazy\" decoding=\"async\" class=\" wp-image-3744 alignnone\" src=\"http:\/\/agora.xtec.cat\/escolaantoniroig\/wp-content\/uploads\/usu563\/2018\/04\/FLECHA-e1524651693894.png\" alt=\"\" width=\"24\" height=\"21\" \/><\/a><\/p>\n<p>&nbsp;<\/p>\n<p>&nbsp;<\/p>\n<p>&nbsp;<\/p>\n","protected":false},"excerpt":{"rendered":"<p>Per tal de promoure l\u2019assoliment de la compet\u00e8ncia digital dels alumnes i l\u2019\u00fas de les TAC en la pr\u00e0ctica educativa [&hellip;]<\/p>\n","protected":false},"author":1,"featured_media":0,"parent":66,"menu_order":10,"comment_status":"closed","ping_status":"closed","template":"page-templates\/side-menu.php","meta":{"_bbp_topic_count":0,"_bbp_reply_count":0,"_bbp_total_topic_count":0,"_bbp_total_reply_count":0,"_bbp_voice_count":0,"_bbp_anonymous_reply_count":0,"_bbp_topic_count_hidden":0,"_bbp_reply_count_hidden":0,"_bbp_forum_subforum_count":0,"site-sidebar-layout":"default","site-content-layout":"","ast-site-content-layout":"","site-content-style":"default","site-sidebar-style":"default","ast-global-header-display":"","ast-banner-title-visibility":"","ast-main-header-display":"","ast-hfb-above-header-display":"","ast-hfb-below-header-display":"","ast-hfb-mobile-header-display":"","site-post-title":"","ast-breadcrumbs-content":"","ast-featured-img":"","footer-sml-layout":"","theme-transparent-header-meta":"","adv-header-id-meta":"","stick-header-meta":"","header-above-stick-meta":"","header-main-stick-meta":"","header-below-stick-meta":"","astra-migrate-meta-layouts":"default","ast-page-background-enabled":"default","ast-page-background-meta":{"desktop":{"background-color":"var(--ast-global-color-4)","background-image":"","background-repeat":"repeat","background-position":"center center","background-size":"auto","background-attachment":"scroll","background-type":"","background-media":"","overlay-type":"","overlay-color":"","overlay-opacity":"","overlay-gradient":""},"tablet":{"background-color":"","background-image":"","background-repeat":"repeat","background-position":"center center","background-size":"auto","background-attachment":"scroll","background-type":"","background-media":"","overlay-type":"","overlay-color":"","overlay-opacity":"","overlay-gradient":""},"mobile":{"background-color":"","background-image":"","background-repeat":"repeat","background-position":"center center","background-size":"auto","background-attachment":"scroll","background-type":"","background-media":"","overlay-type":"","overlay-color":"","overlay-opacity":"","overlay-gradient":""}},"ast-content-background-meta":{"desktop":{"background-color":"var(--ast-global-color-5)","background-image":"","background-repeat":"repeat","background-position":"center center","background-size":"auto","background-attachment":"scroll","background-type":"","background-media":"","overlay-type":"","overlay-color":"","overlay-opacity":"","overlay-gradient":""},"tablet":{"background-color":"var(--ast-global-color-5)","background-image":"","background-repeat":"repeat","background-position":"center center","background-size":"auto","background-attachment":"scroll","background-type":"","background-media":"","overlay-type":"","overlay-color":"","overlay-opacity":"","overlay-gradient":""},"mobile":{"background-color":"var(--ast-global-color-5)","background-image":"","background-repeat":"repeat","background-position":"center center","background-size":"auto","background-attachment":"scroll","background-type":"","background-media":"","overlay-type":"","overlay-color":"","overlay-opacity":"","overlay-gradient":""}},"footnotes":""},"class_list":["post-4173","page","type-page","status-publish","hentry"],"post_mailing_queue_ids":[],"_links":{"self":[{"href":"https:\/\/agora.xtec.cat\/escolaantoniroig\/wp-json\/wp\/v2\/pages\/4173","targetHints":{"allow":["GET"]}}],"collection":[{"href":"https:\/\/agora.xtec.cat\/escolaantoniroig\/wp-json\/wp\/v2\/pages"}],"about":[{"href":"https:\/\/agora.xtec.cat\/escolaantoniroig\/wp-json\/wp\/v2\/types\/page"}],"author":[{"embeddable":true,"href":"https:\/\/agora.xtec.cat\/escolaantoniroig\/wp-json\/wp\/v2\/users\/1"}],"replies":[{"embeddable":true,"href":"https:\/\/agora.xtec.cat\/escolaantoniroig\/wp-json\/wp\/v2\/comments?post=4173"}],"version-history":[{"count":2,"href":"https:\/\/agora.xtec.cat\/escolaantoniroig\/wp-json\/wp\/v2\/pages\/4173\/revisions"}],"predecessor-version":[{"id":7471,"href":"https:\/\/agora.xtec.cat\/escolaantoniroig\/wp-json\/wp\/v2\/pages\/4173\/revisions\/7471"}],"up":[{"embeddable":true,"href":"https:\/\/agora.xtec.cat\/escolaantoniroig\/wp-json\/wp\/v2\/pages\/66"}],"wp:attachment":[{"href":"https:\/\/agora.xtec.cat\/escolaantoniroig\/wp-json\/wp\/v2\/media?parent=4173"}],"curies":[{"name":"wp","href":"https:\/\/api.w.org\/{rel}","templated":true}]}}