{"id":3751,"date":"2018-04-25T12:38:14","date_gmt":"2018-04-25T10:38:14","guid":{"rendered":"http:\/\/agora.xtec.cat\/escolaantoniroig\/?page_id=3751"},"modified":"2018-04-25T12:56:10","modified_gmt":"2018-04-25T10:56:10","slug":"enllacos-dinteres","status":"publish","type":"page","link":"https:\/\/agora.xtec.cat\/escolaantoniroig\/fem-un-pati-viu\/enllacos-dinteres\/","title":{"rendered":"ENLLA\u00c7OS D&#8217;INTER\u00c8S"},"content":{"rendered":"<h4>ENLLA\u00c7OS D\u2019INTER\u00c8S<\/h4>\n<ul>\n<li><strong>Nou apartat de l\u2019Xtec sobre l\u2019\u00fas educatiu dels patis i espais exteriors dels centres:<\/strong>\n<ul>\n<li><a href=\"http:\/\/xtec.gencat.cat\/ca\/centres\/espais-exteriors\/espais-oportunitats-educatives\/\">Espais d\u2019oportunitats educatives<\/a><\/li>\n<li><a href=\"http:\/\/xtec.gencat.cat\/ca\/centres\/espais-exteriors\/espais-transformacio\/\">Espais en transformaci\u00f3<\/a><\/li>\n<li><a href=\"http:\/\/xtec.gencat.cat\/ca\/centres\/espais-exteriors\/convivencia-temps-esbarjo\/\">La conviv\u00e8ncia en el temps d\u2019esbarjo<\/a><\/li>\n<li><a href=\"http:\/\/xtec.gencat.cat\/ca\/centres\/espais-exteriors\/hort-escolar\/\">L\u2019hort escolar<\/a><\/li>\n<li><a href=\"http:\/\/xtec.gencat.cat\/ca\/centres\/espais-exteriors\/jocs-tradicionals\/\">Jocs tradicionals<\/a><\/li>\n<\/ul>\n<\/li>\n<\/ul>\n<ul>\n<li><strong>Documents i articles:<\/strong>\n<ul>\n<li><a href=\"https:\/\/drive.google.com\/file\/d\/0B4SkjjUD1o_pUTkyZGpBOWxtbWs\/view?usp=sharing\">\u201cEls patis de les escoles: espais d\u2019oportunitats educatives\u201d<\/a><\/li>\n<li><a href=\"https:\/\/drive.google.com\/file\/d\/0B4SkjjUD1o_pTmdqT1RtRGZzLWc\/view?usp=sharing\">\u201cLa escuela que queremos: el germen de la transformaci\u00f3n de nuestro patio\u201d<\/a><\/li>\n<li>Documental de l\u2019info-K: \u201c<a href=\"http:\/\/www.ccma.cat\/tv3\/super3\/infok\/patis-descola\/video\/5508595\/\">Una passejada pels patis de les escoles de tot el m\u00f3n\u201d<\/a><\/li>\n<\/ul>\n<\/li>\n<\/ul>\n","protected":false},"excerpt":{"rendered":"<p>ENLLA\u00c7OS D\u2019INTER\u00c8S Nou apartat de l\u2019Xtec sobre l\u2019\u00fas educatiu dels patis i espais exteriors dels centres: Espais d\u2019oportunitats educatives Espais [&hellip;]<\/p>\n","protected":false},"author":1,"featured_media":0,"parent":3742,"menu_order":30,"comment_status":"closed","ping_status":"closed","template":"","meta":{"_bbp_topic_count":0,"_bbp_reply_count":0,"_bbp_total_topic_count":0,"_bbp_total_reply_count":0,"_bbp_voice_count":0,"_bbp_anonymous_reply_count":0,"_bbp_topic_count_hidden":0,"_bbp_reply_count_hidden":0,"_bbp_forum_subforum_count":0,"site-sidebar-layout":"default","site-content-layout":"","ast-site-content-layout":"","site-content-style":"default","site-sidebar-style":"default","ast-global-header-display":"","ast-banner-title-visibility":"","ast-main-header-display":"","ast-hfb-above-header-display":"","ast-hfb-below-header-display":"","ast-hfb-mobile-header-display":"","site-post-title":"","ast-breadcrumbs-content":"","ast-featured-img":"","footer-sml-layout":"","theme-transparent-header-meta":"","adv-header-id-meta":"","stick-header-meta":"","header-above-stick-meta":"","header-main-stick-meta":"","header-below-stick-meta":"","astra-migrate-meta-layouts":"default","ast-page-background-enabled":"default","ast-page-background-meta":{"desktop":{"background-color":"var(--ast-global-color-4)","background-image":"","background-repeat":"repeat","background-position":"center center","background-size":"auto","background-attachment":"scroll","background-type":"","background-media":"","overlay-type":"","overlay-color":"","overlay-opacity":"","overlay-gradient":""},"tablet":{"background-color":"","background-image":"","background-repeat":"repeat","background-position":"center center","background-size":"auto","background-attachment":"scroll","background-type":"","background-media":"","overlay-type":"","overlay-color":"","overlay-opacity":"","overlay-gradient":""},"mobile":{"background-color":"","background-image":"","background-repeat":"repeat","background-position":"center center","background-size":"auto","background-attachment":"scroll","background-type":"","background-media":"","overlay-type":"","overlay-color":"","overlay-opacity":"","overlay-gradient":""}},"ast-content-background-meta":{"desktop":{"background-color":"var(--ast-global-color-5)","background-image":"","background-repeat":"repeat","background-position":"center center","background-size":"auto","background-attachment":"scroll","background-type":"","background-media":"","overlay-type":"","overlay-color":"","overlay-opacity":"","overlay-gradient":""},"tablet":{"background-color":"var(--ast-global-color-5)","background-image":"","background-repeat":"repeat","background-position":"center center","background-size":"auto","background-attachment":"scroll","background-type":"","background-media":"","overlay-type":"","overlay-color":"","overlay-opacity":"","overlay-gradient":""},"mobile":{"background-color":"var(--ast-global-color-5)","background-image":"","background-repeat":"repeat","background-position":"center center","background-size":"auto","background-attachment":"scroll","background-type":"","background-media":"","overlay-type":"","overlay-color":"","overlay-opacity":"","overlay-gradient":""}},"footnotes":""},"class_list":["post-3751","page","type-page","status-publish","hentry"],"post_mailing_queue_ids":[],"_links":{"self":[{"href":"https:\/\/agora.xtec.cat\/escolaantoniroig\/wp-json\/wp\/v2\/pages\/3751","targetHints":{"allow":["GET"]}}],"collection":[{"href":"https:\/\/agora.xtec.cat\/escolaantoniroig\/wp-json\/wp\/v2\/pages"}],"about":[{"href":"https:\/\/agora.xtec.cat\/escolaantoniroig\/wp-json\/wp\/v2\/types\/page"}],"author":[{"embeddable":true,"href":"https:\/\/agora.xtec.cat\/escolaantoniroig\/wp-json\/wp\/v2\/users\/1"}],"replies":[{"embeddable":true,"href":"https:\/\/agora.xtec.cat\/escolaantoniroig\/wp-json\/wp\/v2\/comments?post=3751"}],"version-history":[{"count":1,"href":"https:\/\/agora.xtec.cat\/escolaantoniroig\/wp-json\/wp\/v2\/pages\/3751\/revisions"}],"predecessor-version":[{"id":3752,"href":"https:\/\/agora.xtec.cat\/escolaantoniroig\/wp-json\/wp\/v2\/pages\/3751\/revisions\/3752"}],"up":[{"embeddable":true,"href":"https:\/\/agora.xtec.cat\/escolaantoniroig\/wp-json\/wp\/v2\/pages\/3742"}],"wp:attachment":[{"href":"https:\/\/agora.xtec.cat\/escolaantoniroig\/wp-json\/wp\/v2\/media?parent=3751"}],"curies":[{"name":"wp","href":"https:\/\/api.w.org\/{rel}","templated":true}]}}