{"id":3742,"date":"2018-04-25T12:53:21","date_gmt":"2018-04-25T10:53:21","guid":{"rendered":"http:\/\/agora.xtec.cat\/escolaantoniroig\/?page_id=3742"},"modified":"2018-05-07T19:24:44","modified_gmt":"2018-05-07T17:24:44","slug":"fem-un-pati-viu","status":"publish","type":"page","link":"https:\/\/agora.xtec.cat\/escolaantoniroig\/fem-un-pati-viu\/","title":{"rendered":"FEM UN PATI VIU"},"content":{"rendered":"<h4 style=\"text-align: justify;\">PROJECTE DE RENOVACI\u00d3 PEDAG\u00d2GICA DELS PATIS COM A ESPAIS D&#8217;APRENENTATGE<\/h4>\n<p style=\"text-align: justify;\">Volem transformar els nostres patis per crear espais de:<\/p>\n<ul>\n<li style=\"text-align: justify;\">Conviv\u00e8ncia<\/li>\n<li style=\"text-align: justify;\">Joc<\/li>\n<li style=\"text-align: justify;\">Activitat<\/li>\n<li style=\"text-align: justify;\">Esport<\/li>\n<li style=\"text-align: justify;\">Creativitat<\/li>\n<li style=\"text-align: justify;\">Aprenentatge<\/li>\n<li style=\"text-align: justify;\">Tranquil\u00b7litat<\/li>\n<li style=\"text-align: justify;\">Lectura<\/li>\n<li style=\"text-align: justify;\">Natura<\/li>\n<li style=\"text-align: justify;\"><\/li>\n<\/ul>\n<p><a href=\"http:\/\/agora.xtec.cat\/escolaantoniroig\/fem-un-pati-viu\/punt-de-partida\/\"><img loading=\"lazy\" decoding=\"async\" class=\"wp-image-3744 alignnone\" src=\"http:\/\/agora.xtec.cat\/escolaantoniroig\/wp-content\/uploads\/usu563\/2018\/04\/FLECHA-e1524651693894.png\" alt=\"\" width=\"20\" height=\"18\" \/><strong> PUNT DE PARTIDA DEL PROJECTE<\/strong><\/a><\/p>\n<p><a href=\"http:\/\/agora.xtec.cat\/escolaantoniroig\/fem-un-pati-viu\/planols-del-projecte\/\"><img loading=\"lazy\" decoding=\"async\" class=\"wp-image-3744 alignnone\" src=\"http:\/\/agora.xtec.cat\/escolaantoniroig\/wp-content\/uploads\/usu563\/2018\/04\/FLECHA-e1524651693894.png\" alt=\"\" width=\"20\" height=\"18\" \/><strong> PL\u00c0NOLS DEL PROJECTE<\/strong><\/a><\/p>\n<p><a href=\"http:\/\/agora.xtec.cat\/escolaantoniroig\/fem-un-pati-viu\/enllacos-dinteres\/\"><img loading=\"lazy\" decoding=\"async\" class=\"wp-image-3744 alignnone\" src=\"http:\/\/agora.xtec.cat\/escolaantoniroig\/wp-content\/uploads\/usu563\/2018\/04\/FLECHA-e1524651693894.png\" alt=\"\" width=\"20\" height=\"18\" \/><strong> ENLLA\u00c7OS D&#8217;INTER\u00c8S<\/strong><\/a><\/p>\n<p>&nbsp;<\/p>\n<h2><a href=\"http:\/\/agora.xtec.cat\/escolaantoniroig\/categoria\/fem-un-pati-viu\/\"><img loading=\"lazy\" decoding=\"async\" class=\"wp-image-2742 alignleft\" src=\"http:\/\/agora.xtec.cat\/escolaantoniroig\/wp-content\/uploads\/usu563\/2017\/03\/NOTICIAS-CATAFAC-300x192.jpg\" alt=\"\" width=\"86\" height=\"55\" \/><\/a><a href=\"http:\/\/agora.xtec.cat\/escolaantoniroig\/categoria\/fem-un-pati-viu\/\">\u00daltimes novetats sobre el projecte. <img loading=\"lazy\" decoding=\"async\" class=\"wp-image-3744 alignnone\" src=\"http:\/\/agora.xtec.cat\/escolaantoniroig\/wp-content\/uploads\/usu563\/2018\/04\/FLECHA-e1524651693894.png\" alt=\"\" width=\"36\" height=\"32\" \/><\/a><\/h2>\n<p>&nbsp;<\/p>\n","protected":false},"excerpt":{"rendered":"<p>PROJECTE DE RENOVACI\u00d3 PEDAG\u00d2GICA DELS PATIS COM A ESPAIS D&#8217;APRENENTATGE Volem transformar els nostres patis per crear espais de: Conviv\u00e8ncia [&hellip;]<\/p>\n","protected":false},"author":1,"featured_media":0,"parent":0,"menu_order":0,"comment_status":"closed","ping_status":"closed","template":"","meta":{"_bbp_topic_count":0,"_bbp_reply_count":0,"_bbp_total_topic_count":0,"_bbp_total_reply_count":0,"_bbp_voice_count":0,"_bbp_anonymous_reply_count":0,"_bbp_topic_count_hidden":0,"_bbp_reply_count_hidden":0,"_bbp_forum_subforum_count":0,"site-sidebar-layout":"default","site-content-layout":"","ast-site-content-layout":"","site-content-style":"default","site-sidebar-style":"default","ast-global-header-display":"","ast-banner-title-visibility":"","ast-main-header-display":"","ast-hfb-above-header-display":"","ast-hfb-below-header-display":"","ast-hfb-mobile-header-display":"","site-post-title":"","ast-breadcrumbs-content":"","ast-featured-img":"","footer-sml-layout":"","theme-transparent-header-meta":"","adv-header-id-meta":"","stick-header-meta":"","header-above-stick-meta":"","header-main-stick-meta":"","header-below-stick-meta":"","astra-migrate-meta-layouts":"default","ast-page-background-enabled":"default","ast-page-background-meta":{"desktop":{"background-color":"var(--ast-global-color-4)","background-image":"","background-repeat":"repeat","background-position":"center center","background-size":"auto","background-attachment":"scroll","background-type":"","background-media":"","overlay-type":"","overlay-color":"","overlay-opacity":"","overlay-gradient":""},"tablet":{"background-color":"","background-image":"","background-repeat":"repeat","background-position":"center center","background-size":"auto","background-attachment":"scroll","background-type":"","background-media":"","overlay-type":"","overlay-color":"","overlay-opacity":"","overlay-gradient":""},"mobile":{"background-color":"","background-image":"","background-repeat":"repeat","background-position":"center center","background-size":"auto","background-attachment":"scroll","background-type":"","background-media":"","overlay-type":"","overlay-color":"","overlay-opacity":"","overlay-gradient":""}},"ast-content-background-meta":{"desktop":{"background-color":"var(--ast-global-color-5)","background-image":"","background-repeat":"repeat","background-position":"center center","background-size":"auto","background-attachment":"scroll","background-type":"","background-media":"","overlay-type":"","overlay-color":"","overlay-opacity":"","overlay-gradient":""},"tablet":{"background-color":"var(--ast-global-color-5)","background-image":"","background-repeat":"repeat","background-position":"center center","background-size":"auto","background-attachment":"scroll","background-type":"","background-media":"","overlay-type":"","overlay-color":"","overlay-opacity":"","overlay-gradient":""},"mobile":{"background-color":"var(--ast-global-color-5)","background-image":"","background-repeat":"repeat","background-position":"center center","background-size":"auto","background-attachment":"scroll","background-type":"","background-media":"","overlay-type":"","overlay-color":"","overlay-opacity":"","overlay-gradient":""}},"footnotes":""},"class_list":["post-3742","page","type-page","status-publish","hentry"],"post_mailing_queue_ids":[],"_links":{"self":[{"href":"https:\/\/agora.xtec.cat\/escolaantoniroig\/wp-json\/wp\/v2\/pages\/3742","targetHints":{"allow":["GET"]}}],"collection":[{"href":"https:\/\/agora.xtec.cat\/escolaantoniroig\/wp-json\/wp\/v2\/pages"}],"about":[{"href":"https:\/\/agora.xtec.cat\/escolaantoniroig\/wp-json\/wp\/v2\/types\/page"}],"author":[{"embeddable":true,"href":"https:\/\/agora.xtec.cat\/escolaantoniroig\/wp-json\/wp\/v2\/users\/1"}],"replies":[{"embeddable":true,"href":"https:\/\/agora.xtec.cat\/escolaantoniroig\/wp-json\/wp\/v2\/comments?post=3742"}],"version-history":[{"count":3,"href":"https:\/\/agora.xtec.cat\/escolaantoniroig\/wp-json\/wp\/v2\/pages\/3742\/revisions"}],"predecessor-version":[{"id":3824,"href":"https:\/\/agora.xtec.cat\/escolaantoniroig\/wp-json\/wp\/v2\/pages\/3742\/revisions\/3824"}],"wp:attachment":[{"href":"https:\/\/agora.xtec.cat\/escolaantoniroig\/wp-json\/wp\/v2\/media?parent=3742"}],"curies":[{"name":"wp","href":"https:\/\/api.w.org\/{rel}","templated":true}]}}