{"id":26,"date":"2014-09-18T12:24:32","date_gmt":"2014-09-18T12:24:32","guid":{"rendered":"http:\/\/agora.xtec.cat\/escolaantoniroig\/?page_id=26"},"modified":"2025-02-10T09:46:22","modified_gmt":"2025-02-10T08:46:22","slug":"historia","status":"publish","type":"page","link":"https:\/\/agora.xtec.cat\/escolaantoniroig\/lescola\/historia\/","title":{"rendered":"Hist\u00f2ria"},"content":{"rendered":"\n<figure class=\"wp-block-image aligncenter\"><img loading=\"lazy\" decoding=\"async\" width=\"163\" height=\"259\" src=\"http:\/\/agora.xtec.cat\/escolaantoniroig\/wp-content\/uploads\/usu563\/2014\/09\/JEFE1.jpg\" alt=\"Sr. Antoni Roig i Copons. Fundador de l'escola\" class=\"wp-image-188\"\/><figcaption class=\"wp-element-caption\">Antoni Roig i Copons<\/figcaption><\/figure>\n\n\n\n<p>L\u2019escola Antoni Roig de Torredembarra \u00e9s una instituci\u00f3 centen\u00e0ria. Fins el juny de l\u2019any 1996 estava ubicada a l\u2019edifici del Patronat del mateix nom, edifici noble constru\u00eft a finals del segle passat per ordre del seu fundador. Antoni Roig i Copons, Torredembarra (1817-1885), \u00e9s un dels exemples d\u2019emigrants catalans que va marxar a Am\u00e8rica cercant nous horitzons. A la seva tornada per voluntat expressa en el seu testament decideix invertir part del seu capital en educaci\u00f3.<\/p>\n\n\n\n<p>A la fa\u00e7ana de l\u2019edifici consta la data 1892. Es de destacar la Sala Noble del pis superior, la qual s&#8217;obre al p\u00fablic una vegada a l&#8217;any per al lliurament de les dots a les noies nascudes a Torredembarra i que han contret matrimoni en el darrer any.<\/p>\n\n\n\n<p>L\u2019any 1992 es va commemorar el centenari de l\u2019escola.<\/p>\n\n\n\n<p>Per recordar l&#8217;origen de l\u2019escola s\u2019ha institucionalitzat el dia 2 de juny&nbsp;com &#8220;el dia de l\u2019Antoni Roig&#8221;. Aix\u00ed cada any realitzem una visita a les antigues instal\u00b7lacions i recordem per mitj\u00e0 del material elaborat en el seu dia, una mica de la nostra hist\u00f2ria.<\/p>\n\n\n\n<figure class=\"wp-block-image aligncenter wp-image-190\"><img loading=\"lazy\" decoding=\"async\" width=\"640\" height=\"480\" src=\"http:\/\/agora.xtec.cat\/escolaantoniroig\/wp-content\/uploads\/usu563\/2014\/09\/MVC-015F2.jpg\" alt=\"Patronat Antoni Roig\" class=\"wp-image-190\" srcset=\"https:\/\/agora.xtec.cat\/escolaantoniroig\/wp-content\/uploads\/usu563\/2014\/09\/MVC-015F2.jpg 640w, https:\/\/agora.xtec.cat\/escolaantoniroig\/wp-content\/uploads\/usu563\/2014\/09\/MVC-015F2-300x225.jpg 300w, https:\/\/agora.xtec.cat\/escolaantoniroig\/wp-content\/uploads\/usu563\/2014\/09\/MVC-015F2-200x150.jpg 200w\" sizes=\"auto, (max-width: 640px) 100vw, 640px\" \/><figcaption class=\"wp-element-caption\">Edifici del Patronat Antoni Roig, antiga seu de l&#8217;escola<\/figcaption><\/figure>\n","protected":false},"excerpt":{"rendered":"<p>L\u2019escola Antoni Roig de Torredembarra \u00e9s una instituci\u00f3 centen\u00e0ria. Fins el juny de l\u2019any 1996 estava ubicada a l\u2019edifici del [&hellip;]<\/p>\n","protected":false},"author":2,"featured_media":0,"parent":22,"menu_order":20,"comment_status":"closed","ping_status":"closed","template":"","meta":{"_bbp_topic_count":0,"_bbp_reply_count":0,"_bbp_total_topic_count":0,"_bbp_total_reply_count":0,"_bbp_voice_count":0,"_bbp_anonymous_reply_count":0,"_bbp_topic_count_hidden":0,"_bbp_reply_count_hidden":0,"_bbp_forum_subforum_count":0,"site-sidebar-layout":"default","site-content-layout":"","ast-site-content-layout":"default","site-content-style":"default","site-sidebar-style":"default","ast-global-header-display":"","ast-banner-title-visibility":"","ast-main-header-display":"","ast-hfb-above-header-display":"","ast-hfb-below-header-display":"","ast-hfb-mobile-header-display":"","site-post-title":"","ast-breadcrumbs-content":"","ast-featured-img":"","footer-sml-layout":"","theme-transparent-header-meta":"","adv-header-id-meta":"","stick-header-meta":"","header-above-stick-meta":"","header-main-stick-meta":"","header-below-stick-meta":"","astra-migrate-meta-layouts":"set","ast-page-background-enabled":"default","ast-page-background-meta":{"desktop":{"background-color":"var(--ast-global-color-4)","background-image":"","background-repeat":"repeat","background-position":"center center","background-size":"auto","background-attachment":"scroll","background-type":"","background-media":"","overlay-type":"","overlay-color":"","overlay-opacity":"","overlay-gradient":""},"tablet":{"background-color":"","background-image":"","background-repeat":"repeat","background-position":"center center","background-size":"auto","background-attachment":"scroll","background-type":"","background-media":"","overlay-type":"","overlay-color":"","overlay-opacity":"","overlay-gradient":""},"mobile":{"background-color":"","background-image":"","background-repeat":"repeat","background-position":"center center","background-size":"auto","background-attachment":"scroll","background-type":"","background-media":"","overlay-type":"","overlay-color":"","overlay-opacity":"","overlay-gradient":""}},"ast-content-background-meta":{"desktop":{"background-color":"var(--ast-global-color-5)","background-image":"","background-repeat":"repeat","background-position":"center center","background-size":"auto","background-attachment":"scroll","background-type":"","background-media":"","overlay-type":"","overlay-color":"","overlay-opacity":"","overlay-gradient":""},"tablet":{"background-color":"var(--ast-global-color-5)","background-image":"","background-repeat":"repeat","background-position":"center center","background-size":"auto","background-attachment":"scroll","background-type":"","background-media":"","overlay-type":"","overlay-color":"","overlay-opacity":"","overlay-gradient":""},"mobile":{"background-color":"var(--ast-global-color-5)","background-image":"","background-repeat":"repeat","background-position":"center center","background-size":"auto","background-attachment":"scroll","background-type":"","background-media":"","overlay-type":"","overlay-color":"","overlay-opacity":"","overlay-gradient":""}},"footnotes":""},"class_list":["post-26","page","type-page","status-publish","hentry"],"post_mailing_queue_ids":[],"_links":{"self":[{"href":"https:\/\/agora.xtec.cat\/escolaantoniroig\/wp-json\/wp\/v2\/pages\/26","targetHints":{"allow":["GET"]}}],"collection":[{"href":"https:\/\/agora.xtec.cat\/escolaantoniroig\/wp-json\/wp\/v2\/pages"}],"about":[{"href":"https:\/\/agora.xtec.cat\/escolaantoniroig\/wp-json\/wp\/v2\/types\/page"}],"author":[{"embeddable":true,"href":"https:\/\/agora.xtec.cat\/escolaantoniroig\/wp-json\/wp\/v2\/users\/2"}],"replies":[{"embeddable":true,"href":"https:\/\/agora.xtec.cat\/escolaantoniroig\/wp-json\/wp\/v2\/comments?post=26"}],"version-history":[{"count":6,"href":"https:\/\/agora.xtec.cat\/escolaantoniroig\/wp-json\/wp\/v2\/pages\/26\/revisions"}],"predecessor-version":[{"id":10231,"href":"https:\/\/agora.xtec.cat\/escolaantoniroig\/wp-json\/wp\/v2\/pages\/26\/revisions\/10231"}],"up":[{"embeddable":true,"href":"https:\/\/agora.xtec.cat\/escolaantoniroig\/wp-json\/wp\/v2\/pages\/22"}],"wp:attachment":[{"href":"https:\/\/agora.xtec.cat\/escolaantoniroig\/wp-json\/wp\/v2\/media?parent=26"}],"curies":[{"name":"wp","href":"https:\/\/api.w.org\/{rel}","templated":true}]}}