{"id":22,"date":"2014-09-18T12:19:57","date_gmt":"2014-09-18T11:19:57","guid":{"rendered":"http:\/\/agora.xtec.cat\/escolaantoniroig\/?page_id=22"},"modified":"2025-02-16T19:36:41","modified_gmt":"2025-02-16T18:36:41","slug":"lescola","status":"publish","type":"page","link":"https:\/\/agora.xtec.cat\/escolaantoniroig\/lescola\/","title":{"rendered":"L&#8217;ESCOLA"},"content":{"rendered":"\n<div class=\"subtitle\">\n<h3 style=\"text-align: justify;\"><strong>Els nostres or\u00edgens<\/strong><\/h3>\n<\/div>\n\n\n\n<p><span style=\"color: #696969;\">L&#8217;escola Antoni Roig de Torredembarra \u00e9s una instituci\u00f3 centen\u00e0ria. Fins al juny de l&#8217;any 1996 estava ubicada a l&#8217;edifici del Patronat del mateix nom, edifici noble constru\u00eft a finals del segle passat per ordre del seu fundador. Antoni Roig i Copons, Torredembarra (1817-1885) \u00e9s un dels exemples d&#8217;emigrants catalans que va marxar a Am\u00e8rica cercant nous horitzons. A la seva tornada decideix invertir part del seu capital en la construcci\u00f3 d&#8217;una escola.<\/span><\/p>\n\n\n\n<div class=\"title\" style=\"text-align: justify;\">\n<h3>Trets d&#8217;identitat<\/h3>\n<\/div>\n\n\n\n<p>L\u2019escola Antoni Roig, \u00e9s una <strong>escola p\u00fablica catalana<\/strong> que es defineix com a <strong>inclusiva<\/strong>, <strong>laica<\/strong> i respectuosa amb la<strong> pluralitat<\/strong>. Creiem per damunt de tot que l\u2019educaci\u00f3 que donem als nostres alumnes ha de ser el m\u00e9s completa possible per donar a les persones la <strong>llibertat de pensament i de vida.<\/strong><\/p>\n\n\n\n<p>Creiem en una educaci\u00f3 plena d\u2019<strong>est\u00edmuls<\/strong>, d\u2019<strong>experi\u00e8ncies<\/strong> i de sabers que ajudin a un&nbsp;<strong>desenvolupament integral<\/strong> de la persona.<\/p>\n","protected":false},"excerpt":{"rendered":"<p>Els nostres or\u00edgens L&#8217;escola Antoni Roig de Torredembarra \u00e9s una instituci\u00f3 centen\u00e0ria. Fins al juny de l&#8217;any 1996 estava ubicada [&hellip;]<\/p>\n","protected":false},"author":2,"featured_media":0,"parent":0,"menu_order":0,"comment_status":"closed","ping_status":"closed","template":"","meta":{"_bbp_topic_count":0,"_bbp_reply_count":0,"_bbp_total_topic_count":0,"_bbp_total_reply_count":0,"_bbp_voice_count":0,"_bbp_anonymous_reply_count":0,"_bbp_topic_count_hidden":0,"_bbp_reply_count_hidden":0,"_bbp_forum_subforum_count":0,"site-sidebar-layout":"default","site-content-layout":"","ast-site-content-layout":"default","site-content-style":"default","site-sidebar-style":"default","ast-global-header-display":"","ast-banner-title-visibility":"","ast-main-header-display":"","ast-hfb-above-header-display":"","ast-hfb-below-header-display":"","ast-hfb-mobile-header-display":"","site-post-title":"","ast-breadcrumbs-content":"","ast-featured-img":"","footer-sml-layout":"","theme-transparent-header-meta":"","adv-header-id-meta":"","stick-header-meta":"","header-above-stick-meta":"","header-main-stick-meta":"","header-below-stick-meta":"","astra-migrate-meta-layouts":"set","ast-page-background-enabled":"default","ast-page-background-meta":{"desktop":{"background-color":"var(--ast-global-color-4)","background-image":"","background-repeat":"repeat","background-position":"center center","background-size":"auto","background-attachment":"scroll","background-type":"","background-media":"","overlay-type":"","overlay-color":"","overlay-opacity":"","overlay-gradient":""},"tablet":{"background-color":"","background-image":"","background-repeat":"repeat","background-position":"center center","background-size":"auto","background-attachment":"scroll","background-type":"","background-media":"","overlay-type":"","overlay-color":"","overlay-opacity":"","overlay-gradient":""},"mobile":{"background-color":"","background-image":"","background-repeat":"repeat","background-position":"center center","background-size":"auto","background-attachment":"scroll","background-type":"","background-media":"","overlay-type":"","overlay-color":"","overlay-opacity":"","overlay-gradient":""}},"ast-content-background-meta":{"desktop":{"background-color":"var(--ast-global-color-5)","background-image":"","background-repeat":"repeat","background-position":"center center","background-size":"auto","background-attachment":"scroll","background-type":"","background-media":"","overlay-type":"","overlay-color":"","overlay-opacity":"","overlay-gradient":""},"tablet":{"background-color":"var(--ast-global-color-5)","background-image":"","background-repeat":"repeat","background-position":"center center","background-size":"auto","background-attachment":"scroll","background-type":"","background-media":"","overlay-type":"","overlay-color":"","overlay-opacity":"","overlay-gradient":""},"mobile":{"background-color":"var(--ast-global-color-5)","background-image":"","background-repeat":"repeat","background-position":"center center","background-size":"auto","background-attachment":"scroll","background-type":"","background-media":"","overlay-type":"","overlay-color":"","overlay-opacity":"","overlay-gradient":""}},"footnotes":""},"class_list":["post-22","page","type-page","status-publish","hentry"],"post_mailing_queue_ids":[],"_links":{"self":[{"href":"https:\/\/agora.xtec.cat\/escolaantoniroig\/wp-json\/wp\/v2\/pages\/22","targetHints":{"allow":["GET"]}}],"collection":[{"href":"https:\/\/agora.xtec.cat\/escolaantoniroig\/wp-json\/wp\/v2\/pages"}],"about":[{"href":"https:\/\/agora.xtec.cat\/escolaantoniroig\/wp-json\/wp\/v2\/types\/page"}],"author":[{"embeddable":true,"href":"https:\/\/agora.xtec.cat\/escolaantoniroig\/wp-json\/wp\/v2\/users\/2"}],"replies":[{"embeddable":true,"href":"https:\/\/agora.xtec.cat\/escolaantoniroig\/wp-json\/wp\/v2\/comments?post=22"}],"version-history":[{"count":5,"href":"https:\/\/agora.xtec.cat\/escolaantoniroig\/wp-json\/wp\/v2\/pages\/22\/revisions"}],"predecessor-version":[{"id":10413,"href":"https:\/\/agora.xtec.cat\/escolaantoniroig\/wp-json\/wp\/v2\/pages\/22\/revisions\/10413"}],"wp:attachment":[{"href":"https:\/\/agora.xtec.cat\/escolaantoniroig\/wp-json\/wp\/v2\/media?parent=22"}],"curies":[{"name":"wp","href":"https:\/\/api.w.org\/{rel}","templated":true}]}}