{"id":206,"date":"2015-10-20T23:28:17","date_gmt":"2015-10-20T22:28:17","guid":{"rendered":"http:\/\/agora.xtec.cat\/escolaantoniroig\/?page_id=206"},"modified":"2025-02-10T10:00:10","modified_gmt":"2025-02-10T09:00:10","slug":"com-treballem","status":"publish","type":"page","link":"https:\/\/agora.xtec.cat\/escolaantoniroig\/projecte-educatiu-2\/com-treballem\/","title":{"rendered":"Com treballem"},"content":{"rendered":"\n<p><strong>Programes que duu a terme l\u2019escola:<\/strong><\/p>\n\n\n\n<div class=\"wp-block-columns is-layout-flex wp-container-core-columns-is-layout-1 wp-block-columns-is-layout-flex\">\n<div class=\"wp-block-column is-layout-flow wp-block-column-is-layout-flow\">\n<figure class=\"wp-block-image aligncenter size-full is-resized\"><img loading=\"lazy\" decoding=\"async\" width=\"225\" height=\"225\" src=\"https:\/\/agora.xtec.cat\/escolaantoniroig\/wp-content\/uploads\/usu563\/2025\/01\/ilec.jpg\" alt=\"\" class=\"wp-image-10241\" style=\"object-fit:cover;width:149px;height:120px\" srcset=\"https:\/\/agora.xtec.cat\/escolaantoniroig\/wp-content\/uploads\/usu563\/2025\/01\/ilec.jpg 225w, https:\/\/agora.xtec.cat\/escolaantoniroig\/wp-content\/uploads\/usu563\/2025\/01\/ilec-150x150.jpg 150w\" sizes=\"auto, (max-width: 225px) 100vw, 225px\" \/><\/figure>\n\n\n\n<p class=\"has-text-align-center\" style=\"padding-top:0;padding-bottom:0\"><strong>ILEC<\/strong><\/p>\n\n\n\n<p>L\u2019escola treballa segons la metodologia aplicada en els tallers per sistematitzar una metodologia i establir una l\u00ednia d\u2019aprenentatge coherent entre tots els cicles. <\/p>\n\n\n\n<div class=\"wp-block-buttons is-content-justification-center is-layout-flex wp-container-core-buttons-is-layout-1 wp-block-buttons-is-layout-flex\">\n<div class=\"wp-block-button\"><a class=\"wp-block-button__link wp-element-button\" href=\"https:\/\/xtec.gencat.cat\/ca\/projectes\/lectura\/impulslectura\/\">M\u00e9s informaci\u00f3<\/a><\/div>\n<\/div>\n<\/div>\n\n\n\n<div class=\"wp-block-column is-layout-flow wp-block-column-is-layout-flow\">\n<figure class=\"wp-block-image aligncenter size-full is-resized\"><img loading=\"lazy\" decoding=\"async\" width=\"225\" height=\"225\" src=\"https:\/\/agora.xtec.cat\/escolaantoniroig\/wp-content\/uploads\/usu563\/2025\/01\/ara-escric.jpg\" alt=\"\" class=\"wp-image-10242\" style=\"object-fit:cover;width:151px;height:120px\" srcset=\"https:\/\/agora.xtec.cat\/escolaantoniroig\/wp-content\/uploads\/usu563\/2025\/01\/ara-escric.jpg 225w, https:\/\/agora.xtec.cat\/escolaantoniroig\/wp-content\/uploads\/usu563\/2025\/01\/ara-escric-150x150.jpg 150w\" sizes=\"auto, (max-width: 225px) 100vw, 225px\" \/><\/figure>\n\n\n\n<p class=\"has-text-align-center\"><strong>ARA ESCRIC<\/strong><\/p>\n\n\n\n<p>Programa per millorar la compet\u00e8ncia escrita dels alumnes per augmentar-ne la capacitat de comunicaci\u00f3 i el rendiment acad\u00e8mic, i aix\u00ed afavorir-ne l\u2019\u00e8xit educatiu.<\/p>\n\n\n\n<div class=\"wp-block-buttons is-content-justification-center is-layout-flex wp-container-core-buttons-is-layout-2 wp-block-buttons-is-layout-flex\">\n<div class=\"wp-block-button\"><a class=\"wp-block-button__link wp-element-button\">M\u00e9s informaci\u00f3<\/a><\/div>\n<\/div>\n<\/div>\n\n\n\n<div class=\"wp-block-column is-layout-flow wp-block-column-is-layout-flow\">\n<figure class=\"wp-block-image aligncenter size-full is-resized\"><a href=\"https:\/\/mediambient.gencat.cat\/ca\/05_ambits_dactuacio\/educacio_i_sostenibilitat\/educacio_per_a_la_sostenibilitat\/escoles_verdes\/\"><img loading=\"lazy\" decoding=\"async\" width=\"299\" height=\"277\" src=\"https:\/\/agora.xtec.cat\/escolaantoniroig\/wp-content\/uploads\/usu563\/2025\/01\/escoles-verdes.png\" alt=\"\" class=\"wp-image-10244\" style=\"object-fit:cover;width:161px;height:120px\"\/><\/a><\/figure>\n\n\n\n<p class=\"has-text-align-center\"><strong>ESCOLA VERDA<\/strong><\/p>\n\n\n\n<p>Tenim el distintiu d\u2019escola verda. Hi ha una comissi\u00f3 que programa les actuacions a dur a terme al llarg del curs.<\/p>\n\n\n\n<div class=\"wp-block-buttons is-content-justification-center is-layout-flex wp-container-core-buttons-is-layout-3 wp-block-buttons-is-layout-flex\">\n<div class=\"wp-block-button\"><a class=\"wp-block-button__link wp-element-button\" href=\"https:\/\/mediambient.gencat.cat\/ca\/05_ambits_dactuacio\/educacio_i_sostenibilitat\/educacio_per_a_la_sostenibilitat\/escoles_verdes\/\">M\u00e9s informaci\u00f3<\/a><\/div>\n<\/div>\n<\/div>\n<\/div>\n\n\n\n<div class=\"wp-block-columns is-layout-flex wp-container-core-columns-is-layout-2 wp-block-columns-is-layout-flex\">\n<div class=\"wp-block-column is-layout-flow wp-block-column-is-layout-flow\">\n<figure class=\"wp-block-image aligncenter size-full is-resized\"><img loading=\"lazy\" decoding=\"async\" width=\"149\" height=\"141\" src=\"https:\/\/agora.xtec.cat\/escolaantoniroig\/wp-content\/uploads\/usu563\/2025\/01\/llengua-materna.png\" alt=\"\" class=\"wp-image-10247\" style=\"object-fit:cover;width:139px;height:120px\"\/><\/figure>\n\n\n\n<p class=\"has-text-align-center\"><strong><strong>PROJECTE DE LLENGUA MATERNA<\/strong><\/strong><\/p>\n\n\n\n<p>Projecte per conscienciar l\u2019alumnat de la diversitat ling\u00fc\u00edstica de la nostra escola i l\u2019entorn.<\/p>\n\n\n\n<div class=\"wp-block-buttons is-content-justification-center is-layout-flex wp-container-core-buttons-is-layout-4 wp-block-buttons-is-layout-flex\">\n<div class=\"wp-block-button\"><a class=\"wp-block-button__link wp-element-button\" href=\"https:\/\/agora.xtec.cat\/escolaantoniroig\/categoria\/projecte-llengua-materna\/\">M\u00e9s informaci\u00f3<\/a><\/div>\n<\/div>\n<\/div>\n\n\n\n<div class=\"wp-block-column is-layout-flow wp-block-column-is-layout-flow\">\n<figure class=\"wp-block-image aligncenter size-full is-resized\"><img loading=\"lazy\" decoding=\"async\" width=\"1370\" height=\"1028\" src=\"https:\/\/agora.xtec.cat\/escolaantoniroig\/wp-content\/uploads\/usu563\/2025\/01\/ukeleles-1.jpg\" alt=\"\" class=\"wp-image-10248\" style=\"object-fit:cover;width:192px;height:120px\" srcset=\"https:\/\/agora.xtec.cat\/escolaantoniroig\/wp-content\/uploads\/usu563\/2025\/01\/ukeleles-1.jpg 1370w, https:\/\/agora.xtec.cat\/escolaantoniroig\/wp-content\/uploads\/usu563\/2025\/01\/ukeleles-1-300x225.jpg 300w, https:\/\/agora.xtec.cat\/escolaantoniroig\/wp-content\/uploads\/usu563\/2025\/01\/ukeleles-1-1024x768.jpg 1024w, https:\/\/agora.xtec.cat\/escolaantoniroig\/wp-content\/uploads\/usu563\/2025\/01\/ukeleles-1-768x576.jpg 768w\" sizes=\"auto, (max-width: 1370px) 100vw, 1370px\" \/><\/figure>\n\n\n\n<p class=\"has-text-align-center\"><strong><strong>ARTISTES DEL TEMPS<\/strong><\/strong><\/p>\n\n\n\n<p>Projecte d\u2019educaci\u00f3 art\u00edstica de 1r a 6\u00e8 de prim\u00e0ria. L\u2019educaci\u00f3 visual i pl\u00e0stica juntament amb l\u2019educaci\u00f3 musical van lligades a trav\u00e9s de les diferents \u00e8poques hist\u00f2riques. Cada curs treballa una \u00e8poca concreta amb la finalitat de fer a l\u2019alumnat<\/p>\n\n\n\n<div class=\"wp-block-buttons is-content-justification-center is-layout-flex wp-container-core-buttons-is-layout-5 wp-block-buttons-is-layout-flex\">\n<div class=\"wp-block-button\"><a class=\"wp-block-button__link wp-element-button\" href=\"https:\/\/agora.xtec.cat\/escolaantoniroig\/categoria\/educacio-artistica\/\">M\u00e9s informaci\u00f3<\/a><\/div>\n<\/div>\n<\/div>\n\n\n\n<div class=\"wp-block-column is-layout-flow wp-block-column-is-layout-flow\">\n<figure class=\"wp-block-image aligncenter size-full is-resized\"><img loading=\"lazy\" decoding=\"async\" width=\"415\" height=\"303\" src=\"https:\/\/agora.xtec.cat\/escolaantoniroig\/wp-content\/uploads\/usu563\/2025\/01\/CORAL.png\" alt=\"\" class=\"wp-image-10251\" style=\"object-fit:cover;width:207px;height:120px\" srcset=\"https:\/\/agora.xtec.cat\/escolaantoniroig\/wp-content\/uploads\/usu563\/2025\/01\/CORAL.png 415w, https:\/\/agora.xtec.cat\/escolaantoniroig\/wp-content\/uploads\/usu563\/2025\/01\/CORAL-300x219.png 300w\" sizes=\"auto, (max-width: 415px) 100vw, 415px\" \/><\/figure>\n\n\n\n<p class=\"has-text-align-center\"><strong>MELODIES ROGES<\/strong><\/p>\n\n\n\n<p>Alguns alumnes de cicle superior han format volunt\u00e0riament una coral i assagen setmanalment amb els mestres de m\u00fasica. Participen a les Trobades de Corals d\u2019Educaci\u00f3 Infantil i Prim\u00e0ria i realitzen petits concerts al poble.<\/p>\n\n\n\n<div class=\"wp-block-buttons is-content-justification-center is-layout-flex wp-container-core-buttons-is-layout-6 wp-block-buttons-is-layout-flex\">\n<div class=\"wp-block-button\"><a class=\"wp-block-button__link wp-element-button\" href=\"https:\/\/agora.xtec.cat\/escolaantoniroig\/tag\/melodies-roges\/\">M\u00e9s informaci\u00f3<\/a><\/div>\n<\/div>\n<\/div>\n<\/div>\n\n\n\n<div class=\"wp-block-columns is-layout-flex wp-container-core-columns-is-layout-3 wp-block-columns-is-layout-flex\">\n<div class=\"wp-block-column is-layout-flow wp-block-column-is-layout-flow\">\n<figure class=\"wp-block-image aligncenter size-full is-resized\"><img loading=\"lazy\" decoding=\"async\" width=\"464\" height=\"497\" src=\"https:\/\/agora.xtec.cat\/escolaantoniroig\/wp-content\/uploads\/usu563\/2025\/01\/erasmus-cete.png\" alt=\"\" class=\"wp-image-10145\" style=\"object-fit:cover;width:148px;height:120px\" srcset=\"https:\/\/agora.xtec.cat\/escolaantoniroig\/wp-content\/uploads\/usu563\/2025\/01\/erasmus-cete.png 464w, https:\/\/agora.xtec.cat\/escolaantoniroig\/wp-content\/uploads\/usu563\/2025\/01\/erasmus-cete-280x300.png 280w\" sizes=\"auto, (max-width: 464px) 100vw, 464px\" \/><\/figure>\n\n\n\n<p class=\"has-text-align-center\"><strong><strong><strong>ERASMUS+ CETE+&nbsp;<\/strong><\/strong><\/strong><\/p>\n\n\n\n<p><strong>Consorci Europeu per a la Transformaci\u00f3 Educativa:&nbsp;<\/strong>Programa europeu que t\u00e9 com a objectiu transformar l\u2019educaci\u00f3 per millorar l\u2019aprenentatge<\/p>\n\n\n\n<div class=\"wp-block-buttons is-content-justification-center is-layout-flex wp-container-core-buttons-is-layout-7 wp-block-buttons-is-layout-flex\">\n<div class=\"wp-block-button\"><a class=\"wp-block-button__link wp-element-button\" href=\"https:\/\/sites.google.com\/xtec.cat\/antoniroig-erasmus\/inici\">M\u00e9s informaci\u00f3<\/a><\/div>\n<\/div>\n<\/div>\n\n\n\n<div class=\"wp-block-column is-layout-flow wp-block-column-is-layout-flow\">\n<figure class=\"wp-block-image aligncenter size-full is-resized\"><a href=\"https:\/\/projectes.xtec.cat\/pensament-computacional\/robots-en-accio\/\"><img loading=\"lazy\" decoding=\"async\" width=\"132\" height=\"139\" src=\"https:\/\/agora.xtec.cat\/escolaantoniroig\/wp-content\/uploads\/usu563\/2025\/01\/ROBOTS-EN-ACCIO.jpg\" alt=\"\" class=\"wp-image-10255\" style=\"object-fit:cover;width:143px;height:120px\"\/><\/a><\/figure>\n\n\n\n<p class=\"has-text-align-center\"><strong><strong>ROBOTS EN ACCI\u00d3<\/strong><\/strong><\/p>\n\n\n\n<p>Projecte que t\u00e9 com a objectiu contribuir a desenvolupar la&nbsp;compet\u00e8ncia digital de l\u2019alumnat&nbsp;i&nbsp;el pensament computacional, mitjan\u00e7ant l\u2019\u00fas dels equipaments de rob\u00f2tica.<\/p>\n\n\n\n<div class=\"wp-block-buttons is-content-justification-center is-layout-flex wp-container-core-buttons-is-layout-8 wp-block-buttons-is-layout-flex\">\n<div class=\"wp-block-button\"><a class=\"wp-block-button__link wp-element-button\" href=\"https:\/\/projectes.xtec.cat\/pensament-computacional\/robots-en-accio\/\">M\u00e9s informaci\u00f3<\/a><\/div>\n<\/div>\n<\/div>\n\n\n\n<div class=\"wp-block-column is-layout-flow wp-block-column-is-layout-flow\">\n<figure class=\"wp-block-image aligncenter size-full is-resized\"><img loading=\"lazy\" decoding=\"async\" width=\"258\" height=\"167\" src=\"https:\/\/agora.xtec.cat\/escolaantoniroig\/wp-content\/uploads\/usu563\/2025\/01\/MUSICA.png\" alt=\"\" class=\"wp-image-10254\" style=\"object-fit:cover;width:216px;height:120px\"\/><\/figure>\n\n\n\n<p class=\"has-text-align-center\"><strong>PROJECTES MUSICALS<\/strong><\/p>\n\n\n\n<p>L&#8217;escola participa en diferents projectes, participatius i col\u00b7laboratius, relacionats amb el cant coral amb altres escoles de Catalunya.<\/p>\n\n\n\n<ul class=\"wp-block-list\">\n<li><a href=\"https:\/\/laclika.cat\/\">La Clika<\/a>: (2n)<\/li>\n\n\n\n<li><a href=\"https:\/\/www.auditori.cat\/ca\/esdeveniment\/cantania\/\">Cant\u00e0nia<\/a> (4t)<\/li>\n\n\n\n<li><a href=\"https:\/\/cdapaucasals.com\/ucae-inscripcio-2025\/\">Un cant als estels<\/a> (6\u00e8)<\/li>\n<\/ul>\n<\/div>\n<\/div>\n\n\n\n<div class=\"wp-block-columns is-layout-flex wp-container-core-columns-is-layout-4 wp-block-columns-is-layout-flex\">\n<div class=\"wp-block-column is-layout-flow wp-block-column-is-layout-flow\">\n<figure class=\"wp-block-image aligncenter size-full is-resized\"><img loading=\"lazy\" decoding=\"async\" width=\"167\" height=\"104\" src=\"https:\/\/agora.xtec.cat\/escolaantoniroig\/wp-content\/uploads\/usu563\/2025\/01\/logo-cete-i-esam-300x104-1.png\" alt=\"\" class=\"wp-image-10260\" style=\"object-fit:cover;width:148px;height:120px\"\/><\/figure>\n\n\n\n<p class=\"has-text-align-center\"><strong><strong><strong>ESAM<\/strong><\/strong><\/strong><\/p>\n\n\n\n<p>El microconsorci ESAM-TILC&nbsp;est\u00e0 format per 7 centres educatius, que treballen conjuntament per&nbsp;millorar el coneixement i \u00fas del llenguatge acad\u00e8mic per part de tot l\u2019alumnat i, de manera especial, de l\u2019alumnat d\u2019origen estranger, amb la finalitat de millorar els resultats acad\u00e8mics.<\/p>\n\n\n\n<div class=\"wp-block-buttons is-content-justification-center is-layout-flex wp-container-core-buttons-is-layout-9 wp-block-buttons-is-layout-flex\">\n<div class=\"wp-block-button\"><a class=\"wp-block-button__link wp-element-button\" href=\"https:\/\/projectes.xtec.cat\/cete\/categoria\/esam\/\">M\u00e9s informaci\u00f3<\/a><\/div>\n<\/div>\n<\/div>\n\n\n\n<div class=\"wp-block-column is-layout-flow wp-block-column-is-layout-flow\">\n<figure class=\"wp-block-image aligncenter size-full is-resized\"><img loading=\"lazy\" decoding=\"async\" width=\"497\" height=\"406\" src=\"https:\/\/agora.xtec.cat\/escolaantoniroig\/wp-content\/uploads\/usu563\/2017\/03\/patis.png\" alt=\"\" class=\"wp-image-2140\" style=\"object-fit:cover;width:143px;height:120px\" srcset=\"https:\/\/agora.xtec.cat\/escolaantoniroig\/wp-content\/uploads\/usu563\/2017\/03\/patis.png 497w, https:\/\/agora.xtec.cat\/escolaantoniroig\/wp-content\/uploads\/usu563\/2017\/03\/patis-300x245.png 300w\" sizes=\"auto, (max-width: 497px) 100vw, 497px\" \/><\/figure>\n\n\n\n<p class=\"has-text-align-center\"><strong><strong>FEM UN PATI VIU<\/strong><\/strong><\/p>\n\n\n\n<p>Projecte col\u00b7laboratiu de renovaci\u00f3 pedag\u00f2gica dels patis de l\u2019escola com a espais d\u2019aprenentatge<\/p>\n\n\n\n<div class=\"wp-block-buttons is-content-justification-center is-layout-flex wp-container-core-buttons-is-layout-10 wp-block-buttons-is-layout-flex\">\n<div class=\"wp-block-button\"><a class=\"wp-block-button__link wp-element-button\" href=\"https:\/\/agora.xtec.cat\/escolaantoniroig\/fem-un-pati-viu\/\">M\u00e9s informaci\u00f3<\/a><\/div>\n<\/div>\n<\/div>\n\n\n\n<div class=\"wp-block-column is-layout-flow wp-block-column-is-layout-flow\">\n<figure class=\"wp-block-image aligncenter size-full is-resized\"><a href=\"https:\/\/agora.xtec.cat\/escolaantoniroig\/wp-content\/uploads\/usu563\/2025\/01\/entorn-social.png\"><img loading=\"lazy\" decoding=\"async\" width=\"309\" height=\"275\" src=\"https:\/\/agora.xtec.cat\/escolaantoniroig\/wp-content\/uploads\/usu563\/2025\/01\/entorn-social.png\" alt=\"\" class=\"wp-image-10265\" style=\"object-fit:cover;width:143px;height:120px\" srcset=\"https:\/\/agora.xtec.cat\/escolaantoniroig\/wp-content\/uploads\/usu563\/2025\/01\/entorn-social.png 309w, https:\/\/agora.xtec.cat\/escolaantoniroig\/wp-content\/uploads\/usu563\/2025\/01\/entorn-social-300x267.png 300w\" sizes=\"auto, (max-width: 309px) 100vw, 309px\" \/><\/a><\/figure>\n\n\n\n<p class=\"has-text-align-center\"><strong>PROJECTES D&#8217;ENTORN<\/strong><\/p>\n\n\n\n<ul class=\"wp-block-list\">\n<li>Pla Educatiu d&#8217;Entorn (Ajuntament de Torredemnbarra)<\/li>\n\n\n\n<li>Educaci\u00f3 Vi\u00e0ria (Policia Local)<\/li>\n\n\n\n<li>Programes de Salut (CAP Torredembarra)<\/li>\n\n\n\n<li>Activitats esportives<\/li>\n<\/ul>\n<\/div>\n<\/div>\n\n\n\n<div class=\"wp-block-columns is-layout-flex wp-container-core-columns-is-layout-5 wp-block-columns-is-layout-flex\">\n<div class=\"wp-block-column is-layout-flow wp-block-column-is-layout-flow\">\n<figure class=\"wp-block-image aligncenter size-full is-resized\"><img loading=\"lazy\" decoding=\"async\" width=\"720\" height=\"896\" src=\"https:\/\/agora.xtec.cat\/escolaantoniroig\/wp-content\/uploads\/usu563\/2017\/12\/meduTarraco-1.jpg\" alt=\"\" class=\"wp-image-3152\" style=\"object-fit:cover;width:148px;height:120px\" srcset=\"https:\/\/agora.xtec.cat\/escolaantoniroig\/wp-content\/uploads\/usu563\/2017\/12\/meduTarraco-1.jpg 720w, https:\/\/agora.xtec.cat\/escolaantoniroig\/wp-content\/uploads\/usu563\/2017\/12\/meduTarraco-1-241x300.jpg 241w\" sizes=\"auto, (max-width: 720px) 100vw, 720px\" \/><\/figure>\n\n\n\n<p class=\"has-text-align-center\"><strong>mEduTarraco<\/strong><\/p>\n\n\n\n<p>Projecte de ludificaci\u00f3 de la ciutat de Tarragona, muticompetencial, internivells i inclusiu, de georeferenciaci\u00f3 i alfabetitzaci\u00f3 digital.<\/p>\n\n\n\n<div class=\"wp-block-buttons is-content-justification-center is-layout-flex wp-container-core-buttons-is-layout-11 wp-block-buttons-is-layout-flex\">\n<div class=\"wp-block-button\"><a class=\"wp-block-button__link has-text-align-center wp-element-button\" href=\"https:\/\/projectes.xtec.cat\/met\/\">M\u00e9s informaci\u00f3<\/a><\/div>\n<\/div>\n<\/div>\n\n\n\n<div class=\"wp-block-column is-layout-flow wp-block-column-is-layout-flow\">\n<figure class=\"wp-block-image aligncenter size-full is-resized\"><img loading=\"lazy\" decoding=\"async\" width=\"400\" height=\"224\" src=\"https:\/\/agora.xtec.cat\/escolaantoniroig\/wp-content\/uploads\/usu563\/2016\/10\/EXCURSIONS.png\" alt=\"\" class=\"wp-image-1517\" style=\"object-fit:cover;width:143px;height:120px\" srcset=\"https:\/\/agora.xtec.cat\/escolaantoniroig\/wp-content\/uploads\/usu563\/2016\/10\/EXCURSIONS.png 400w, https:\/\/agora.xtec.cat\/escolaantoniroig\/wp-content\/uploads\/usu563\/2016\/10\/EXCURSIONS-300x168.png 300w\" sizes=\"auto, (max-width: 400px) 100vw, 400px\" \/><\/figure>\n\n\n\n<p class=\"has-text-align-center\"><strong><strong>COL\u00d2NIES I CONVIV\u00c8NCIES<\/strong><\/strong><\/p>\n\n\n\n<p>Es realitzen a 2n, 4t, 5\u00e8 i 6\u00e8<\/p>\n\n\n\n<div class=\"wp-block-buttons is-content-justification-center is-layout-flex wp-container-core-buttons-is-layout-12 wp-block-buttons-is-layout-flex\">\n<div class=\"wp-block-button\"><a class=\"wp-block-button__link wp-element-button\" href=\"https:\/\/agora.xtec.cat\/escolaantoniroig\/tag\/colonies\/\">M\u00e9s informaci\u00f3<\/a><\/div>\n<\/div>\n<\/div>\n\n\n\n<div class=\"wp-block-column is-layout-flow wp-block-column-is-layout-flow\">\n<figure class=\"wp-block-image aligncenter size-full is-resized\"><a href=\"https:\/\/agora.xtec.cat\/escolaantoniroig\/wp-content\/uploads\/usu563\/2025\/01\/fruita-i-llet.png\"><img loading=\"lazy\" decoding=\"async\" width=\"525\" height=\"705\" src=\"https:\/\/agora.xtec.cat\/escolaantoniroig\/wp-content\/uploads\/usu563\/2025\/01\/fruita-i-llet.png\" alt=\"\" class=\"wp-image-10280\" style=\"object-fit:cover;width:143px;height:120px\" srcset=\"https:\/\/agora.xtec.cat\/escolaantoniroig\/wp-content\/uploads\/usu563\/2025\/01\/fruita-i-llet.png 525w, https:\/\/agora.xtec.cat\/escolaantoniroig\/wp-content\/uploads\/usu563\/2025\/01\/fruita-i-llet-223x300.png 223w\" sizes=\"auto, (max-width: 525px) 100vw, 525px\" \/><\/a><\/figure>\n\n\n\n<p class=\"has-text-align-center\"><strong>PROGRAMA DE FRUITA I LLET A LES ESCOLES<\/strong><\/p>\n\n\n\n<p>La Uni\u00f3 Europea finan\u00e7a la distribuci\u00f3 de fruites, hortalisses i llet en centres escolars, per promoure&#8217;n el consum i contribuir a la promoci\u00f3 d&#8217;h\u00e0bits saludables.<\/p>\n\n\n\n<div class=\"wp-block-buttons is-content-justification-center is-layout-flex wp-container-core-buttons-is-layout-13 wp-block-buttons-is-layout-flex\">\n<div class=\"wp-block-button\"><a class=\"wp-block-button__link wp-element-button\" href=\"https:\/\/agricultura.gencat.cat\/ca\/ambits\/alimentacio\/promocio-agroalimentaria\/fruita-llet-escoles\/index.html\">M\u00e9s informaci\u00f3<\/a><\/div>\n<\/div>\n<\/div>\n<\/div>\n\n\n\n<div class=\"wp-block-columns is-layout-flex wp-container-core-columns-is-layout-6 wp-block-columns-is-layout-flex\">\n<div class=\"wp-block-column is-layout-flow wp-block-column-is-layout-flow\">\n<figure class=\"wp-block-image aligncenter size-full is-resized\"><img loading=\"lazy\" decoding=\"async\" width=\"240\" height=\"206\" src=\"https:\/\/agora.xtec.cat\/escolaantoniroig\/wp-content\/uploads\/usu563\/2025\/01\/col-internacional.png\" alt=\"\" class=\"wp-image-10283\" style=\"object-fit:cover;width:148px;height:120px\"\/><\/figure>\n\n\n\n<p class=\"has-text-align-center\"><strong>PLA D&#8217;INTERNACIONALITZACI\u00d3<\/strong><\/p>\n\n\n\n<p>Col\u00b7laboraci\u00f3 amb escoles d&#8217;altres pa\u00efsos en el desenvolupament de projectes educatius comuns.<\/p>\n\n\n\n<div class=\"wp-block-buttons is-content-justification-center is-layout-flex wp-container-core-buttons-is-layout-14 wp-block-buttons-is-layout-flex\">\n<div class=\"wp-block-button\"><a class=\"wp-block-button__link wp-element-button\" href=\"https:\/\/agora.xtec.cat\/escolaantoniroig\/tag\/internacionalitzacio\/\">M\u00e9s informaci\u00f3<\/a><\/div>\n<\/div>\n<\/div>\n\n\n\n<div class=\"wp-block-column is-layout-flow wp-block-column-is-layout-flow\">\n<p class=\"has-text-align-center\"><\/p>\n\n\n\n<p><\/p>\n<\/div>\n\n\n\n<div class=\"wp-block-column is-layout-flow wp-block-column-is-layout-flow\">\n<figure class=\"wp-block-image aligncenter size-full is-resized\"><img loading=\"lazy\" decoding=\"async\" width=\"132\" height=\"145\" src=\"https:\/\/agora.xtec.cat\/escolaantoniroig\/wp-content\/uploads\/usu563\/2025\/01\/VEU-ALTA.png\" alt=\"\" class=\"wp-image-10290\" style=\"object-fit:cover;width:143px;height:120px\"\/><\/figure>\n\n\n\n<p class=\"has-text-align-center\"><strong><strong>CERTAMEN DE LECTURA EN VEU ALTA<\/strong><\/strong><\/p>\n\n\n\n<p>Activitat que t\u00e9 com a objectiu principal incentivar el gust per la lectura.<\/p>\n\n\n\n<div class=\"wp-block-buttons is-content-justification-center is-layout-flex wp-container-core-buttons-is-layout-15 wp-block-buttons-is-layout-flex\">\n<div class=\"wp-block-button\"><a class=\"wp-block-button__link wp-element-button\" href=\"https:\/\/www.lecturaenveualta.cat\/\">M\u00e9s informaci\u00f3<\/a><\/div>\n<\/div>\n<\/div>\n<\/div>\n\n\n\n<p>&nbsp;<\/p>\n","protected":false},"excerpt":{"rendered":"<p>Programes que duu a terme l\u2019escola: ILEC L\u2019escola treballa segons la metodologia aplicada en els tallers per sistematitzar una metodologia [&hellip;]<\/p>\n","protected":false},"author":1,"featured_media":0,"parent":10152,"menu_order":2,"comment_status":"closed","ping_status":"closed","template":"","meta":{"_bbp_topic_count":0,"_bbp_reply_count":0,"_bbp_total_topic_count":0,"_bbp_total_reply_count":0,"_bbp_voice_count":0,"_bbp_anonymous_reply_count":0,"_bbp_topic_count_hidden":0,"_bbp_reply_count_hidden":0,"_bbp_forum_subforum_count":0,"site-sidebar-layout":"default","site-content-layout":"","ast-site-content-layout":"default","site-content-style":"default","site-sidebar-style":"default","ast-global-header-display":"","ast-banner-title-visibility":"","ast-main-header-display":"","ast-hfb-above-header-display":"","ast-hfb-below-header-display":"","ast-hfb-mobile-header-display":"","site-post-title":"","ast-breadcrumbs-content":"","ast-featured-img":"","footer-sml-layout":"","theme-transparent-header-meta":"","adv-header-id-meta":"","stick-header-meta":"","header-above-stick-meta":"","header-main-stick-meta":"","header-below-stick-meta":"","astra-migrate-meta-layouts":"set","ast-page-background-enabled":"default","ast-page-background-meta":{"desktop":{"background-color":"var(--ast-global-color-4)","background-image":"","background-repeat":"repeat","background-position":"center center","background-size":"auto","background-attachment":"scroll","background-type":"","background-media":"","overlay-type":"","overlay-color":"","overlay-opacity":"","overlay-gradient":""},"tablet":{"background-color":"","background-image":"","background-repeat":"repeat","background-position":"center center","background-size":"auto","background-attachment":"scroll","background-type":"","background-media":"","overlay-type":"","overlay-color":"","overlay-opacity":"","overlay-gradient":""},"mobile":{"background-color":"","background-image":"","background-repeat":"repeat","background-position":"center center","background-size":"auto","background-attachment":"scroll","background-type":"","background-media":"","overlay-type":"","overlay-color":"","overlay-opacity":"","overlay-gradient":""}},"ast-content-background-meta":{"desktop":{"background-color":"var(--ast-global-color-5)","background-image":"","background-repeat":"repeat","background-position":"center center","background-size":"auto","background-attachment":"scroll","background-type":"","background-media":"","overlay-type":"","overlay-color":"","overlay-opacity":"","overlay-gradient":""},"tablet":{"background-color":"var(--ast-global-color-5)","background-image":"","background-repeat":"repeat","background-position":"center center","background-size":"auto","background-attachment":"scroll","background-type":"","background-media":"","overlay-type":"","overlay-color":"","overlay-opacity":"","overlay-gradient":""},"mobile":{"background-color":"var(--ast-global-color-5)","background-image":"","background-repeat":"repeat","background-position":"center center","background-size":"auto","background-attachment":"scroll","background-type":"","background-media":"","overlay-type":"","overlay-color":"","overlay-opacity":"","overlay-gradient":""}},"footnotes":""},"class_list":["post-206","page","type-page","status-publish","hentry"],"post_mailing_queue_ids":[],"_links":{"self":[{"href":"https:\/\/agora.xtec.cat\/escolaantoniroig\/wp-json\/wp\/v2\/pages\/206","targetHints":{"allow":["GET"]}}],"collection":[{"href":"https:\/\/agora.xtec.cat\/escolaantoniroig\/wp-json\/wp\/v2\/pages"}],"about":[{"href":"https:\/\/agora.xtec.cat\/escolaantoniroig\/wp-json\/wp\/v2\/types\/page"}],"author":[{"embeddable":true,"href":"https:\/\/agora.xtec.cat\/escolaantoniroig\/wp-json\/wp\/v2\/users\/1"}],"replies":[{"embeddable":true,"href":"https:\/\/agora.xtec.cat\/escolaantoniroig\/wp-json\/wp\/v2\/comments?post=206"}],"version-history":[{"count":6,"href":"https:\/\/agora.xtec.cat\/escolaantoniroig\/wp-json\/wp\/v2\/pages\/206\/revisions"}],"predecessor-version":[{"id":10363,"href":"https:\/\/agora.xtec.cat\/escolaantoniroig\/wp-json\/wp\/v2\/pages\/206\/revisions\/10363"}],"up":[{"embeddable":true,"href":"https:\/\/agora.xtec.cat\/escolaantoniroig\/wp-json\/wp\/v2\/pages\/10152"}],"wp:attachment":[{"href":"https:\/\/agora.xtec.cat\/escolaantoniroig\/wp-json\/wp\/v2\/media?parent=206"}],"curies":[{"name":"wp","href":"https:\/\/api.w.org\/{rel}","templated":true}]}}