{"id":1961,"date":"2017-02-21T00:03:46","date_gmt":"2017-02-20T23:03:46","guid":{"rendered":"http:\/\/agora.xtec.cat\/escolaantoniroig\/?page_id=1961"},"modified":"2025-12-11T16:56:14","modified_gmt":"2025-12-11T15:56:14","slug":"consell-escolar","status":"publish","type":"page","link":"https:\/\/agora.xtec.cat\/escolaantoniroig\/lescola\/consell-escolar\/","title":{"rendered":"Consell Escolar"},"content":{"rendered":"\n<h4 class=\"wp-block-heading\" id=\"FW_bloc_951ef9be-5613-11e4-9770-000c29cdf219_2\">Qu\u00e8 \u00e9s el consell escolar?<\/h4>\n\n\n\n<div class=\"FW_sArticleFoto\">\n<div class=\"FW_sEditPro\">\n<p style=\"text-align: justify;\">El consell escolar \u00e9s l&#8217;\u00f2rgan de participaci\u00f3 dels diferents sectors de la comunitat educativa en el govern dels centres. El formen els representants de tota la comunitat educativa, \u00e9s a dir, direcci\u00f3, professors, alumnes, fam\u00edlies, personal d&#8217;administraci\u00f3 i serveis, representant de l&#8217;administraci\u00f3 local i altres persones que el mateix consell consideri necess\u00e0ries.<\/p>\n<p style=\"text-align: justify;\">Les persones del consell escolar s\u00f3n elegides per un per\u00edode de quatre anys i es renoven per meitats cada dos anys.<\/p>\n<div class=\"FW_sArticleFoto\" style=\"text-align: justify;\">\n<h3 class=\"FW_sEditPro\">\u00a0<\/h3>\n<h4 id=\"FW_bloc_951ef9be-5613-11e4-9770-000c29cdf219_3\" class=\"FW_ancora\">Quina\u00a0\u00e9s la\u00a0funci\u00f3 del consell escolar?<\/h4>\n<p style=\"text-align: justify;\">La funci\u00f3 principal del consell escolar \u00e9s participar en la presa de decisions en relaci\u00f3 amb aquells temes importants per al funcionament i l&#8217;organitzaci\u00f3 del centre: el projecte educatiu, la programaci\u00f3 general, la gesti\u00f3 econ\u00f2mica, la resoluci\u00f3 dels conflictes, les activitats extraescolars, l&#8217;horari lectiu, etc.<\/p>\n<p>Trobareu m\u00e9s informaci\u00f3 en <strong><a href=\"http:\/\/ensenyament.gencat.cat\/ca\/arees-actuacio\/centres-serveis-educatius\/centres\/consells-escolars-centres\/centres-publics\/\">aquest enlla\u00e7<\/a><\/strong>.<\/p>\n<h4 id=\"FW_bloc_951ef9be-5613-11e4-9770-000c29cdf219_3\" class=\"FW_ancora\">\u00a0<\/h4>\n<\/div>\n<\/div>\n<\/div>\n\n\n\n<h4 class=\"wp-block-heading\" id=\"FW_bloc_951ef9be-5613-11e4-9770-000c29cdf219_3\">Membres del consell escolar<\/h4>\n\n\n\n<figure class=\"wp-block-table\"><table><tbody><tr><td><strong>Equip directiu:<\/strong><\/td><\/tr><tr><td>Sr. Gerard Gros Vall-Llaura<br>Sra. Anna Llaurad\u00f3 Recasens<br>Sr. Jos\u00e9 Gonz\u00e1lez Ferrer<\/td><\/tr><tr><td><strong>Mestres:<\/strong><\/td><\/tr><tr><td>Sra. Carme Gil Solanes<br>Sr. Gabriel M\u00e1rquez Navas<br>Sra. Vanessa S\u00e1nchez Pleguezuelos<br>Sra. Graciela Mart\u00ednez Garcia<br>Sr. Guillermo Alonso Cantorn\u00e9<br>Sra. Maria Jes\u00fas Casta\u00f1o Ram\u00edrez<br><\/td><\/tr><tr><td><strong>Pares i Mares:<\/strong><\/td><\/tr><tr><td>Sr. Asmae Khayouch<br>Sra. M. del Mar Cristi\u00e0 Orpinell<br>Sra. M. del Pilar Cruz G\u00f3mez<br>Sra. Cristina Cruz G\u00f3mez<br>Sra. Loreto Bargall\u00f3 Ferrerons<\/td><\/tr><tr><td><strong>Representant de l&#8217;AFA:<\/strong><\/td><\/tr><tr><td>Sr. \u00c1lvaro \u00c1lvarez Tornero<\/td><\/tr><tr><td><strong>Representant del PAS<\/strong><\/td><\/tr><tr><td>Sr. Miquel Arans Bueno<\/td><\/tr><tr><td><strong style=\"background-color: #f9f9f9;\">Representant del PAE<\/strong><\/td><\/tr><tr><td>Sra. Laia Olivares Le\u00f3n<\/td><\/tr><tr><td><strong>Regidoria d&#8217;Educaci\u00f3 a l&#8217;Ajuntament de Torredembarra:<\/strong><\/td><\/tr><tr><td>Sr. Jos\u00e9 Garc\u00eda Gonz\u00e1lez<\/td><\/tr><\/tbody><\/table><\/figure>\n","protected":false},"excerpt":{"rendered":"<p>Qu\u00e8 \u00e9s el consell escolar? El consell escolar \u00e9s l&#8217;\u00f2rgan de participaci\u00f3 dels diferents sectors de la comunitat educativa en [&hellip;]<\/p>\n","protected":false},"author":1,"featured_media":0,"parent":22,"menu_order":60,"comment_status":"closed","ping_status":"closed","template":"","meta":{"_bbp_topic_count":0,"_bbp_reply_count":0,"_bbp_total_topic_count":0,"_bbp_total_reply_count":0,"_bbp_voice_count":0,"_bbp_anonymous_reply_count":0,"_bbp_topic_count_hidden":0,"_bbp_reply_count_hidden":0,"_bbp_forum_subforum_count":0,"site-sidebar-layout":"default","site-content-layout":"","ast-site-content-layout":"default","site-content-style":"default","site-sidebar-style":"default","ast-global-header-display":"","ast-banner-title-visibility":"","ast-main-header-display":"","ast-hfb-above-header-display":"","ast-hfb-below-header-display":"","ast-hfb-mobile-header-display":"","site-post-title":"","ast-breadcrumbs-content":"","ast-featured-img":"","footer-sml-layout":"","theme-transparent-header-meta":"","adv-header-id-meta":"","stick-header-meta":"","header-above-stick-meta":"","header-main-stick-meta":"","header-below-stick-meta":"","astra-migrate-meta-layouts":"set","ast-page-background-enabled":"default","ast-page-background-meta":{"desktop":{"background-color":"var(--ast-global-color-4)","background-image":"","background-repeat":"repeat","background-position":"center center","background-size":"auto","background-attachment":"scroll","background-type":"","background-media":"","overlay-type":"","overlay-color":"","overlay-opacity":"","overlay-gradient":""},"tablet":{"background-color":"","background-image":"","background-repeat":"repeat","background-position":"center center","background-size":"auto","background-attachment":"scroll","background-type":"","background-media":"","overlay-type":"","overlay-color":"","overlay-opacity":"","overlay-gradient":""},"mobile":{"background-color":"","background-image":"","background-repeat":"repeat","background-position":"center center","background-size":"auto","background-attachment":"scroll","background-type":"","background-media":"","overlay-type":"","overlay-color":"","overlay-opacity":"","overlay-gradient":""}},"ast-content-background-meta":{"desktop":{"background-color":"var(--ast-global-color-5)","background-image":"","background-repeat":"repeat","background-position":"center center","background-size":"auto","background-attachment":"scroll","background-type":"","background-media":"","overlay-type":"","overlay-color":"","overlay-opacity":"","overlay-gradient":""},"tablet":{"background-color":"var(--ast-global-color-5)","background-image":"","background-repeat":"repeat","background-position":"center center","background-size":"auto","background-attachment":"scroll","background-type":"","background-media":"","overlay-type":"","overlay-color":"","overlay-opacity":"","overlay-gradient":""},"mobile":{"background-color":"var(--ast-global-color-5)","background-image":"","background-repeat":"repeat","background-position":"center center","background-size":"auto","background-attachment":"scroll","background-type":"","background-media":"","overlay-type":"","overlay-color":"","overlay-opacity":"","overlay-gradient":""}},"footnotes":""},"class_list":["post-1961","page","type-page","status-publish","hentry"],"post_mailing_queue_ids":[],"_links":{"self":[{"href":"https:\/\/agora.xtec.cat\/escolaantoniroig\/wp-json\/wp\/v2\/pages\/1961","targetHints":{"allow":["GET"]}}],"collection":[{"href":"https:\/\/agora.xtec.cat\/escolaantoniroig\/wp-json\/wp\/v2\/pages"}],"about":[{"href":"https:\/\/agora.xtec.cat\/escolaantoniroig\/wp-json\/wp\/v2\/types\/page"}],"author":[{"embeddable":true,"href":"https:\/\/agora.xtec.cat\/escolaantoniroig\/wp-json\/wp\/v2\/users\/1"}],"replies":[{"embeddable":true,"href":"https:\/\/agora.xtec.cat\/escolaantoniroig\/wp-json\/wp\/v2\/comments?post=1961"}],"version-history":[{"count":5,"href":"https:\/\/agora.xtec.cat\/escolaantoniroig\/wp-json\/wp\/v2\/pages\/1961\/revisions"}],"predecessor-version":[{"id":11434,"href":"https:\/\/agora.xtec.cat\/escolaantoniroig\/wp-json\/wp\/v2\/pages\/1961\/revisions\/11434"}],"up":[{"embeddable":true,"href":"https:\/\/agora.xtec.cat\/escolaantoniroig\/wp-json\/wp\/v2\/pages\/22"}],"wp:attachment":[{"href":"https:\/\/agora.xtec.cat\/escolaantoniroig\/wp-json\/wp\/v2\/media?parent=1961"}],"curies":[{"name":"wp","href":"https:\/\/api.w.org\/{rel}","templated":true}]}}