{"id":73,"date":"2014-09-18T14:01:51","date_gmt":"2014-09-18T13:01:51","guid":{"rendered":"http:\/\/agora.xtec.cat\/escolaantonidoltra\/?page_id=73"},"modified":"2026-03-10T13:50:34","modified_gmt":"2026-03-10T12:50:34","slug":"menjador-escolar","status":"publish","type":"page","link":"https:\/\/agora.xtec.cat\/escolaantonidoltra\/serveis\/menjador-escolar\/","title":{"rendered":"Menjador escolar"},"content":{"rendered":"<p>En aquesta p\u00e0gina podreu trobar tota la informaci\u00f3 necess\u00e0ria sobre el menjador de l&#8217;escola Antoni Doltra.<\/p>\n<table style=\"height: 64px; width: 100%; border-collapse: collapse; border-color: #FFFFF; border-style: hidden; background-color: #fffff;\">\n<tbody>\n<tr style=\"height: 32px;\">\n<td style=\"width: 33.3333%; height: 32px; border-style: hidden; text-align: center;\"><strong>Informaci\u00f3 general<\/strong><\/td>\n<td style=\"width: 33.3333%; height: 32px; text-align: center;\"><strong>Men\u00fa octubre 2025<\/strong><\/td>\n<td style=\"width: 33.3333%; height: 32px; border-style: hidden; text-align: center;\"><strong>Projecte educatiu<\/strong><\/td>\n<\/tr>\n<tr style=\"height: 32px;\">\n<td style=\"width: 33.3333%; height: 32px; background-color: #ffffff;\"><a href=\"https:\/\/agora.xtec.cat\/escolaantonidoltra\/wp-content\/uploads\/usu2943\/2026\/03\/CARTA-BENVINGUDA-ANTONI-DOLTRA.docx-1.pdf\" target=\"_blank\" rel=\"noopener\"><img loading=\"lazy\" decoding=\"async\" class=\"wp-image-503 aligncenter\" src=\"https:\/\/agora.xtec.cat\/escolaantonidoltra\/wp-content\/uploads\/usu2943\/2025\/10\/Captura-de-pantalla-2025-10-13-a-las-13.37.30.png\" alt=\"\" width=\"147\" height=\"157\" srcset=\"https:\/\/agora.xtec.cat\/escolaantonidoltra\/wp-content\/uploads\/usu2943\/2025\/10\/Captura-de-pantalla-2025-10-13-a-las-13.37.30.png 388w, https:\/\/agora.xtec.cat\/escolaantonidoltra\/wp-content\/uploads\/usu2943\/2025\/10\/Captura-de-pantalla-2025-10-13-a-las-13.37.30-281x300.png 281w\" sizes=\"auto, (max-width: 147px) 100vw, 147px\" \/><\/a><\/td>\n<td style=\"width: 33.3333%; height: 32px; border-style: hidden; background-color: #ffffff;\"><a href=\"https:\/\/agora.xtec.cat\/escolaantonidoltra\/wp-content\/uploads\/usu2943\/2026\/03\/MENU-MARC-2025-ESCOLA-ANTONI-DOLTRA-1.pdf\" target=\"_blank\" rel=\"noopener\"><img loading=\"lazy\" decoding=\"async\" class=\"wp-image-504 aligncenter\" src=\"https:\/\/agora.xtec.cat\/escolaantonidoltra\/wp-content\/uploads\/usu2943\/2025\/10\/Captura-de-pantalla-2025-10-13-a-las-13.37.40.png\" alt=\"\" width=\"129\" height=\"186\" srcset=\"https:\/\/agora.xtec.cat\/escolaantonidoltra\/wp-content\/uploads\/usu2943\/2025\/10\/Captura-de-pantalla-2025-10-13-a-las-13.37.40.png 286w, https:\/\/agora.xtec.cat\/escolaantonidoltra\/wp-content\/uploads\/usu2943\/2025\/10\/Captura-de-pantalla-2025-10-13-a-las-13.37.40-207x300.png 207w\" sizes=\"auto, (max-width: 129px) 100vw, 129px\" \/><\/a><\/td>\n<td style=\"width: 33.3333%; height: 32px; background-color: #ffffff;\"><a href=\"https:\/\/agora.xtec.cat\/escolaantonidoltra\/wp-content\/uploads\/usu2943\/2025\/10\/Projecte-educatiu-menjador-23-24.pdf\"><img loading=\"lazy\" decoding=\"async\" class=\"wp-image-505 aligncenter\" src=\"https:\/\/agora.xtec.cat\/escolaantonidoltra\/wp-content\/uploads\/usu2943\/2025\/10\/Captura-de-pantalla-2025-10-13-a-las-13.37.47.png\" alt=\"\" width=\"138\" height=\"182\" srcset=\"https:\/\/agora.xtec.cat\/escolaantonidoltra\/wp-content\/uploads\/usu2943\/2025\/10\/Captura-de-pantalla-2025-10-13-a-las-13.37.47.png 332w, https:\/\/agora.xtec.cat\/escolaantonidoltra\/wp-content\/uploads\/usu2943\/2025\/10\/Captura-de-pantalla-2025-10-13-a-las-13.37.47-228x300.png 228w\" sizes=\"auto, (max-width: 138px) 100vw, 138px\" \/><\/a><\/td>\n<\/tr>\n<\/tbody>\n<\/table>\n","protected":false},"excerpt":{"rendered":"<p>En aquesta p\u00e0gina podreu trobar tota la informaci\u00f3 necess\u00e0ria sobre el menjador de l&#8217;escola Antoni Doltra. Informaci\u00f3 general Men\u00fa octubre 2025 Projecte educatiu<\/p>\n","protected":false},"author":1,"featured_media":0,"parent":66,"menu_order":30,"comment_status":"closed","ping_status":"closed","template":"","meta":{"_bbp_topic_count":0,"_bbp_reply_count":0,"_bbp_total_topic_count":0,"_bbp_total_reply_count":0,"_bbp_voice_count":0,"_bbp_anonymous_reply_count":0,"_bbp_topic_count_hidden":0,"_bbp_reply_count_hidden":0,"_bbp_forum_subforum_count":0,"site-sidebar-layout":"default","site-content-layout":"","ast-site-content-layout":"default","site-content-style":"default","site-sidebar-style":"default","ast-global-header-display":"","ast-banner-title-visibility":"","ast-main-header-display":"","ast-hfb-above-header-display":"","ast-hfb-below-header-display":"","ast-hfb-mobile-header-display":"","site-post-title":"","ast-breadcrumbs-content":"","ast-featured-img":"","footer-sml-layout":"","theme-transparent-header-meta":"","adv-header-id-meta":"","stick-header-meta":"","header-above-stick-meta":"","header-main-stick-meta":"","header-below-stick-meta":"","astra-migrate-meta-layouts":"set","ast-page-background-enabled":"default","ast-page-background-meta":{"desktop":{"background-color":"var(--ast-global-color-4)","background-image":"","background-repeat":"repeat","background-position":"center center","background-size":"auto","background-attachment":"scroll","background-type":"","background-media":"","overlay-type":"","overlay-color":"","overlay-opacity":"","overlay-gradient":""},"tablet":{"background-color":"","background-image":"","background-repeat":"repeat","background-position":"center center","background-size":"auto","background-attachment":"scroll","background-type":"","background-media":"","overlay-type":"","overlay-color":"","overlay-opacity":"","overlay-gradient":""},"mobile":{"background-color":"","background-image":"","background-repeat":"repeat","background-position":"center center","background-size":"auto","background-attachment":"scroll","background-type":"","background-media":"","overlay-type":"","overlay-color":"","overlay-opacity":"","overlay-gradient":""}},"ast-content-background-meta":{"desktop":{"background-color":"var(--ast-global-color-5)","background-image":"","background-repeat":"repeat","background-position":"center center","background-size":"auto","background-attachment":"scroll","background-type":"","background-media":"","overlay-type":"","overlay-color":"","overlay-opacity":"","overlay-gradient":""},"tablet":{"background-color":"var(--ast-global-color-5)","background-image":"","background-repeat":"repeat","background-position":"center center","background-size":"auto","background-attachment":"scroll","background-type":"","background-media":"","overlay-type":"","overlay-color":"","overlay-opacity":"","overlay-gradient":""},"mobile":{"background-color":"var(--ast-global-color-5)","background-image":"","background-repeat":"repeat","background-position":"center center","background-size":"auto","background-attachment":"scroll","background-type":"","background-media":"","overlay-type":"","overlay-color":"","overlay-opacity":"","overlay-gradient":""}},"footnotes":""},"class_list":["post-73","page","type-page","status-publish","hentry"],"post_mailing_queue_ids":[],"_links":{"self":[{"href":"https:\/\/agora.xtec.cat\/escolaantonidoltra\/wp-json\/wp\/v2\/pages\/73","targetHints":{"allow":["GET"]}}],"collection":[{"href":"https:\/\/agora.xtec.cat\/escolaantonidoltra\/wp-json\/wp\/v2\/pages"}],"about":[{"href":"https:\/\/agora.xtec.cat\/escolaantonidoltra\/wp-json\/wp\/v2\/types\/page"}],"author":[{"embeddable":true,"href":"https:\/\/agora.xtec.cat\/escolaantonidoltra\/wp-json\/wp\/v2\/users\/1"}],"replies":[{"embeddable":true,"href":"https:\/\/agora.xtec.cat\/escolaantonidoltra\/wp-json\/wp\/v2\/comments?post=73"}],"version-history":[{"count":4,"href":"https:\/\/agora.xtec.cat\/escolaantonidoltra\/wp-json\/wp\/v2\/pages\/73\/revisions"}],"predecessor-version":[{"id":712,"href":"https:\/\/agora.xtec.cat\/escolaantonidoltra\/wp-json\/wp\/v2\/pages\/73\/revisions\/712"}],"up":[{"embeddable":true,"href":"https:\/\/agora.xtec.cat\/escolaantonidoltra\/wp-json\/wp\/v2\/pages\/66"}],"wp:attachment":[{"href":"https:\/\/agora.xtec.cat\/escolaantonidoltra\/wp-json\/wp\/v2\/media?parent=73"}],"curies":[{"name":"wp","href":"https:\/\/api.w.org\/{rel}","templated":true}]}}