{"id":656,"date":"2026-03-09T13:38:35","date_gmt":"2026-03-09T12:38:35","guid":{"rendered":"https:\/\/agora.xtec.cat\/escolaantonidoltra\/?page_id=656"},"modified":"2026-03-18T10:42:28","modified_gmt":"2026-03-18T09:42:28","slug":"preinscripcions-26-27","status":"publish","type":"page","link":"https:\/\/agora.xtec.cat\/escolaantonidoltra\/preinscripcions-26-27\/","title":{"rendered":"Preinscripci\u00f3 i matr\u00edcula 26-27"},"content":{"rendered":"\n<p><\/p>\n\n\n\n<p><\/p>\n\n\n\n<p>En aquest espai trobareu tota la informaci\u00f3 relacionada amb la preinscripci\u00f3 del curs 2026-2027. Si voleu m\u00e9s informaci\u00f3 podeu accedir a la web del departament fent clic en aquesta imatge.<\/p>\n\n\n\n<p>PUBLICACI\u00d3 <a href=\"https:\/\/agora.xtec.cat\/escolaantonidoltra\/wp-content\/uploads\/usu2943\/2026\/03\/INFORME_OFERTA_OME_INFORME_OFERTA-2.pdf\" target=\"_blank\" rel=\"noreferrer noopener\">OFERTA DE PLACES<\/a> (cliqueu al link)<\/p>\n\n\n\n<figure class=\"wp-block-image alignleft size-large is-resized\"><a href=\"https:\/\/tramits.gencat.cat\/ca\/tramits\/tramits-temes\/perinscripcio-obligatoris?&amp;moda=1\"><img loading=\"lazy\" decoding=\"async\" width=\"1024\" height=\"504\" src=\"https:\/\/agora.xtec.cat\/escolaantonidoltra\/wp-content\/uploads\/usu2943\/2026\/03\/image-1024x504.png\" alt=\"\" class=\"wp-image-668\" style=\"width:555px;height:auto\" srcset=\"https:\/\/agora.xtec.cat\/escolaantonidoltra\/wp-content\/uploads\/usu2943\/2026\/03\/image-1024x504.png 1024w, https:\/\/agora.xtec.cat\/escolaantonidoltra\/wp-content\/uploads\/usu2943\/2026\/03\/image-300x148.png 300w, https:\/\/agora.xtec.cat\/escolaantonidoltra\/wp-content\/uploads\/usu2943\/2026\/03\/image-768x378.png 768w, https:\/\/agora.xtec.cat\/escolaantonidoltra\/wp-content\/uploads\/usu2943\/2026\/03\/image.png 1240w\" sizes=\"auto, (max-width: 1024px) 100vw, 1024px\" \/><\/a><\/figure>\n\n\n\n<figure class=\"wp-block-embed alignleft is-type-video is-provider-youtube wp-block-embed-youtube wp-embed-aspect-16-9 wp-has-aspect-ratio\"><div class=\"wp-block-embed__wrapper\">\n<div class=\"ast-oembed-container \" style=\"height: 100%;\"><iframe loading=\"lazy\" title=\"Com emplenar la preinscripcio\u0301 en li\u0301nia\" width=\"500\" height=\"281\" src=\"https:\/\/www.youtube.com\/embed\/MQydjW_Ok7g?feature=oembed\" frameborder=\"0\" allow=\"accelerometer; autoplay; clipboard-write; encrypted-media; gyroscope; picture-in-picture; web-share\" referrerpolicy=\"strict-origin-when-cross-origin\" allowfullscreen><\/iframe><\/div>\n<\/div><\/figure>\n","protected":false},"excerpt":{"rendered":"<p>En aquest espai trobareu tota la informaci\u00f3 relacionada amb la preinscripci\u00f3 del curs 2026-2027. Si voleu m\u00e9s informaci\u00f3 podeu accedir a la web del departament fent clic en aquesta imatge. PUBLICACI\u00d3 OFERTA DE PLACES (cliqueu al link)<\/p>\n","protected":false},"author":1,"featured_media":0,"parent":0,"menu_order":0,"comment_status":"closed","ping_status":"close","template":"","meta":{"_bbp_topic_count":0,"_bbp_reply_count":0,"_bbp_total_topic_count":0,"_bbp_total_reply_count":0,"_bbp_voice_count":0,"_bbp_anonymous_reply_count":0,"_bbp_topic_count_hidden":0,"_bbp_reply_count_hidden":0,"_bbp_forum_subforum_count":0,"site-sidebar-layout":"default","site-content-layout":"","ast-site-content-layout":"default","site-content-style":"default","site-sidebar-style":"default","ast-global-header-display":"","ast-banner-title-visibility":"","ast-main-header-display":"","ast-hfb-above-header-display":"","ast-hfb-below-header-display":"","ast-hfb-mobile-header-display":"","site-post-title":"","ast-breadcrumbs-content":"","ast-featured-img":"","footer-sml-layout":"","theme-transparent-header-meta":"","adv-header-id-meta":"","stick-header-meta":"","header-above-stick-meta":"","header-main-stick-meta":"","header-below-stick-meta":"","astra-migrate-meta-layouts":"set","ast-page-background-enabled":"default","ast-page-background-meta":{"desktop":{"background-color":"var(--ast-global-color-4)","background-image":"","background-repeat":"repeat","background-position":"center center","background-size":"auto","background-attachment":"scroll","background-type":"","background-media":"","overlay-type":"","overlay-color":"","overlay-opacity":"","overlay-gradient":""},"tablet":{"background-color":"","background-image":"","background-repeat":"repeat","background-position":"center center","background-size":"auto","background-attachment":"scroll","background-type":"","background-media":"","overlay-type":"","overlay-color":"","overlay-opacity":"","overlay-gradient":""},"mobile":{"background-color":"","background-image":"","background-repeat":"repeat","background-position":"center center","background-size":"auto","background-attachment":"scroll","background-type":"","background-media":"","overlay-type":"","overlay-color":"","overlay-opacity":"","overlay-gradient":""}},"ast-content-background-meta":{"desktop":{"background-color":"var(--ast-global-color-5)","background-image":"","background-repeat":"repeat","background-position":"center center","background-size":"auto","background-attachment":"scroll","background-type":"","background-media":"","overlay-type":"","overlay-color":"","overlay-opacity":"","overlay-gradient":""},"tablet":{"background-color":"var(--ast-global-color-5)","background-image":"","background-repeat":"repeat","background-position":"center center","background-size":"auto","background-attachment":"scroll","background-type":"","background-media":"","overlay-type":"","overlay-color":"","overlay-opacity":"","overlay-gradient":""},"mobile":{"background-color":"var(--ast-global-color-5)","background-image":"","background-repeat":"repeat","background-position":"center center","background-size":"auto","background-attachment":"scroll","background-type":"","background-media":"","overlay-type":"","overlay-color":"","overlay-opacity":"","overlay-gradient":""}},"footnotes":""},"class_list":["post-656","page","type-page","status-publish","hentry"],"post_mailing_queue_ids":[],"_links":{"self":[{"href":"https:\/\/agora.xtec.cat\/escolaantonidoltra\/wp-json\/wp\/v2\/pages\/656","targetHints":{"allow":["GET"]}}],"collection":[{"href":"https:\/\/agora.xtec.cat\/escolaantonidoltra\/wp-json\/wp\/v2\/pages"}],"about":[{"href":"https:\/\/agora.xtec.cat\/escolaantonidoltra\/wp-json\/wp\/v2\/types\/page"}],"author":[{"embeddable":true,"href":"https:\/\/agora.xtec.cat\/escolaantonidoltra\/wp-json\/wp\/v2\/users\/1"}],"replies":[{"embeddable":true,"href":"https:\/\/agora.xtec.cat\/escolaantonidoltra\/wp-json\/wp\/v2\/comments?post=656"}],"version-history":[{"count":6,"href":"https:\/\/agora.xtec.cat\/escolaantonidoltra\/wp-json\/wp\/v2\/pages\/656\/revisions"}],"predecessor-version":[{"id":731,"href":"https:\/\/agora.xtec.cat\/escolaantonidoltra\/wp-json\/wp\/v2\/pages\/656\/revisions\/731"}],"wp:attachment":[{"href":"https:\/\/agora.xtec.cat\/escolaantonidoltra\/wp-json\/wp\/v2\/media?parent=656"}],"curies":[{"name":"wp","href":"https:\/\/api.w.org\/{rel}","templated":true}]}}