{"id":22,"date":"2014-09-18T12:19:57","date_gmt":"2014-09-18T11:19:57","guid":{"rendered":"http:\/\/agora.xtec.cat\/escolaantonidoltra\/?page_id=22"},"modified":"2026-02-02T13:35:25","modified_gmt":"2026-02-02T12:35:25","slug":"lescola","status":"publish","type":"page","link":"https:\/\/agora.xtec.cat\/escolaantonidoltra\/lescola\/","title":{"rendered":"L&#8217;escola"},"content":{"rendered":"<p><a href=\"https:\/\/agora.xtec.cat\/escolaantonidoltra\/wp-content\/uploads\/usu2943\/2026\/02\/Sites-portada.png\"><img loading=\"lazy\" decoding=\"async\" class=\"alignnone size-large wp-image-583\" src=\"https:\/\/agora.xtec.cat\/escolaantonidoltra\/wp-content\/uploads\/usu2943\/2026\/02\/Sites-portada-1024x438.png\" alt=\"\" width=\"1024\" height=\"438\" srcset=\"https:\/\/agora.xtec.cat\/escolaantonidoltra\/wp-content\/uploads\/usu2943\/2026\/02\/Sites-portada-1024x438.png 1024w, https:\/\/agora.xtec.cat\/escolaantonidoltra\/wp-content\/uploads\/usu2943\/2026\/02\/Sites-portada-300x128.png 300w, https:\/\/agora.xtec.cat\/escolaantonidoltra\/wp-content\/uploads\/usu2943\/2026\/02\/Sites-portada-768x329.png 768w, https:\/\/agora.xtec.cat\/escolaantonidoltra\/wp-content\/uploads\/usu2943\/2026\/02\/Sites-portada.png 1400w\" sizes=\"auto, (max-width: 1024px) 100vw, 1024px\" \/><\/a><\/p>\n<p style=\"text-align: justify;\"><span style=\"font-weight: 400;\">L\u2019escola Antoni Doltra \u00e9s un referent a la hist\u00f2ria de la nostra vil.la, i no nom\u00e9s per la funci\u00f3 educativa, inclusiva i integradora que s\u2019hi porta a terme, sin\u00f3 tamb\u00e9 per ser la m\u00e9s antiga del barri del Poblenou, que al llarg de m\u00e9s de 50 anys ha anat adaptant-se a les necessitats i canvis derivats de l\u2019evoluci\u00f3 demogr\u00e0fica i s\u00f2cio cultural del barri.<\/span><\/p>\n<p style=\"text-align: justify;\"><span style=\"font-weight: 400;\">L\u2019escola fou constru\u00efda l\u2019any 1969 per fer front a la necessitat d\u2019escolaritzaci\u00f3 d\u2019una poblaci\u00f3 creixent, en part, per l\u2019arribada de moltes fam\u00edlies provinents d\u2019Andalusia i Extremadura a la d\u00e8cada dels 60. En aquell moment moltes fam\u00edlies del barri del Poblenou havien de portar els seus fills i filles a estudiar\u00a0 a espais cedits per la parr\u00f2quia del Poblenou i\/o a escoles de la localitat ve\u00efna de Calella perqu\u00e8 al barri no hi havia cap centre escolar.<\/span><\/p>\n<p style=\"text-align: justify;\"><span style=\"font-weight: 400;\">Una vegada adquirits els terrenys on actualment s\u2019ubica la nostra escola, van comen\u00e7ar les obres de construcci\u00f3 de la mateixa. Aquell espai estava constitu\u00eft per una\u00a0 gran arbreda que poc a poc, al llarg dels anys, es va anar transformant en l\u2019escola tal i com la coneixem avui dia.<\/span><\/p>\n<p style=\"text-align: justify;\"><span style=\"font-weight: 400;\">L\u2019escola es va acabar de construir l\u2019any 1969, per\u00f2 no va ser fins l\u2019any 1970 quan es va inaugurar formalment. En un primer moment estava composada per l\u2019actual m\u00f2dul de Cicle Superior i despatxos. Al darrere de l\u2019actual menjador, que no existia, hi havia les anomenades \u201ccases dels mestres\u201d.<\/span><\/p>\n<p style=\"text-align: justify;\"><span style=\"font-weight: 400;\">L\u2019escola va rebre el nom de \u201cAgrupaci\u00f3n Escolar Salomon Pijoan\u201d. El govern municipal d\u2019aquella \u00e8poca va posar aquest nom a l\u2019escola en honor a un mestre, el Sr. Salomon Pijoan, que havia estat molt important a la nostra localitat en els anys precedents per a moltes generacions de nens i nenes pinedencs. Val a dir que aquest nom va ser substitu\u00eft amb posterioritat pel de Reverend Antoni Doltra, fundador del centre cultural i Recreatiu de Pineda de Mar. <\/span><span style=\"font-weight: 400;\">Cap a mitjans de la d\u00e8cada dels 70 s\u2019aprova la construcci\u00f3 de l\u2019actual menjador i despatxos que en aquell moment eren aules. <\/span><\/p>\n<p style=\"text-align: justify;\"><span style=\"font-weight: 400;\">A principis de l\u2019any 1980, degut a la necessitat d\u2019espai, s\u2019instal.la el m\u00f2dul prefabricat on actualment s\u2019hi allotja la biblioteca i el Cicle inicial. Era un espai ampli de dues plantes on hi havia el parvulari. Durant molts anys en aquest espai es va ubicar el teatre de l\u2019escola, l\u2019aula de psicomotricitat i el gimn\u00e0s a la planta baixa (tapiada des de l\u2019any 2016), i el laboratori i altres aules a la planta primera.<\/span><\/p>\n<p style=\"text-align: justify;\"><span style=\"font-weight: 400;\">A principis dels anys 80 es van construir els vestidors i la zona esportiva. Tamb\u00e9 en aquest per\u00edode es va construir l\u2019edifici on actualment trobem les aules d\u2019educaci\u00f3 infantil i cicle mitj\u00e0. Degut a la situaci\u00f3 de des\u00fas dels espais, a finals dels anys 90 es van enderrocar les \u201ccases dels mestres\u201d.<\/span><\/p>\n<p style=\"text-align: justify;\"><span style=\"font-weight: 400;\">Per fer front a les necessitats d\u2019escolaritzaci\u00f3 del barri, entre els anys 2005 i 2015 es van instal\u00b7lar m\u00f2duls de mides i capacitats diferents en funci\u00f3 de les necessitats d\u2019escolaritzaci\u00f3 de la zona al llarg d\u2019aquest per\u00edode.\u00a0<\/span><\/p>\n<p style=\"text-align: justify;\"><span style=\"font-weight: 400;\">Amb la col\u00b7laboraci\u00f3 de les fam\u00edlies i de l\u2019ajuntament vam poder construir un petit hort, per\u00f2 encara tenim la planta baixa del pavell\u00f3 C tapiada,\u00a0 la qual cosa ens entristeix i limita les possibilitats de realitzaci\u00f3 de m\u00faltiples activitats al nostre alumnat i a la comunitat educativa, en general. <\/span><\/p>\n<p style=\"text-align: justify;\"><span style=\"font-weight: 400;\">Com es pot veure, l\u2019escola \u00e9s un ens din\u00e0mic que es va adaptant a les necessitats que van sorgint a cada moment. Estimem la nostra escola i desitgem que continu\u00ef essent un espai educatiu proper, inclusiu, acollidor, de relaci\u00f3 i coneixen\u00e7a, de creixement i comunicaci\u00f3 per a tota la comunitat educativa.<\/span><\/p>\n","protected":false},"excerpt":{"rendered":"<p>L\u2019escola Antoni Doltra \u00e9s un referent a la hist\u00f2ria de la nostra vil.la, i no nom\u00e9s per la funci\u00f3 educativa, inclusiva i integradora que s\u2019hi porta a terme, sin\u00f3 tamb\u00e9 per ser la m\u00e9s antiga del barri del Poblenou, que al llarg de m\u00e9s de 50 anys ha anat adaptant-se a les necessitats i canvis [&hellip;]<\/p>\n","protected":false},"author":1,"featured_media":0,"parent":0,"menu_order":0,"comment_status":"closed","ping_status":"closed","template":"","meta":{"_bbp_topic_count":0,"_bbp_reply_count":0,"_bbp_total_topic_count":0,"_bbp_total_reply_count":0,"_bbp_voice_count":0,"_bbp_anonymous_reply_count":0,"_bbp_topic_count_hidden":0,"_bbp_reply_count_hidden":0,"_bbp_forum_subforum_count":0,"site-sidebar-layout":"default","site-content-layout":"","ast-site-content-layout":"default","site-content-style":"default","site-sidebar-style":"default","ast-global-header-display":"","ast-banner-title-visibility":"","ast-main-header-display":"","ast-hfb-above-header-display":"","ast-hfb-below-header-display":"","ast-hfb-mobile-header-display":"","site-post-title":"","ast-breadcrumbs-content":"","ast-featured-img":"","footer-sml-layout":"","theme-transparent-header-meta":"","adv-header-id-meta":"","stick-header-meta":"","header-above-stick-meta":"","header-main-stick-meta":"","header-below-stick-meta":"","astra-migrate-meta-layouts":"set","ast-page-background-enabled":"default","ast-page-background-meta":{"desktop":{"background-color":"var(--ast-global-color-4)","background-image":"","background-repeat":"repeat","background-position":"center center","background-size":"auto","background-attachment":"scroll","background-type":"","background-media":"","overlay-type":"","overlay-color":"","overlay-opacity":"","overlay-gradient":""},"tablet":{"background-color":"","background-image":"","background-repeat":"repeat","background-position":"center center","background-size":"auto","background-attachment":"scroll","background-type":"","background-media":"","overlay-type":"","overlay-color":"","overlay-opacity":"","overlay-gradient":""},"mobile":{"background-color":"","background-image":"","background-repeat":"repeat","background-position":"center center","background-size":"auto","background-attachment":"scroll","background-type":"","background-media":"","overlay-type":"","overlay-color":"","overlay-opacity":"","overlay-gradient":""}},"ast-content-background-meta":{"desktop":{"background-color":"var(--ast-global-color-5)","background-image":"","background-repeat":"repeat","background-position":"center center","background-size":"auto","background-attachment":"scroll","background-type":"","background-media":"","overlay-type":"","overlay-color":"","overlay-opacity":"","overlay-gradient":""},"tablet":{"background-color":"var(--ast-global-color-5)","background-image":"","background-repeat":"repeat","background-position":"center center","background-size":"auto","background-attachment":"scroll","background-type":"","background-media":"","overlay-type":"","overlay-color":"","overlay-opacity":"","overlay-gradient":""},"mobile":{"background-color":"var(--ast-global-color-5)","background-image":"","background-repeat":"repeat","background-position":"center center","background-size":"auto","background-attachment":"scroll","background-type":"","background-media":"","overlay-type":"","overlay-color":"","overlay-opacity":"","overlay-gradient":""}},"footnotes":""},"class_list":["post-22","page","type-page","status-publish","hentry"],"post_mailing_queue_ids":[],"_links":{"self":[{"href":"https:\/\/agora.xtec.cat\/escolaantonidoltra\/wp-json\/wp\/v2\/pages\/22","targetHints":{"allow":["GET"]}}],"collection":[{"href":"https:\/\/agora.xtec.cat\/escolaantonidoltra\/wp-json\/wp\/v2\/pages"}],"about":[{"href":"https:\/\/agora.xtec.cat\/escolaantonidoltra\/wp-json\/wp\/v2\/types\/page"}],"author":[{"embeddable":true,"href":"https:\/\/agora.xtec.cat\/escolaantonidoltra\/wp-json\/wp\/v2\/users\/1"}],"replies":[{"embeddable":true,"href":"https:\/\/agora.xtec.cat\/escolaantonidoltra\/wp-json\/wp\/v2\/comments?post=22"}],"version-history":[{"count":2,"href":"https:\/\/agora.xtec.cat\/escolaantonidoltra\/wp-json\/wp\/v2\/pages\/22\/revisions"}],"predecessor-version":[{"id":584,"href":"https:\/\/agora.xtec.cat\/escolaantonidoltra\/wp-json\/wp\/v2\/pages\/22\/revisions\/584"}],"wp:attachment":[{"href":"https:\/\/agora.xtec.cat\/escolaantonidoltra\/wp-json\/wp\/v2\/media?parent=22"}],"curies":[{"name":"wp","href":"https:\/\/api.w.org\/{rel}","templated":true}]}}