{"id":26,"date":"2014-09-18T12:24:32","date_gmt":"2014-09-18T11:24:32","guid":{"rendered":"http:\/\/agora.xtec.cat\/escolaantonibergosbutsenit\/?page_id=26"},"modified":"2025-07-16T09:57:45","modified_gmt":"2025-07-16T07:57:45","slug":"historia","status":"publish","type":"page","link":"https:\/\/agora.xtec.cat\/escolaantonibergosbutsenit\/lescola\/historia\/","title":{"rendered":"Hist\u00f2ria"},"content":{"rendered":"<p>El curs 2017-18 v\u00e0rem tenir un\u00a0 repte: Els cent anys d\u2019escola a la Partida.<\/p>\n<p>Per comen\u00e7ar i, aprofitant l\u2019Aplec vam fer els actes de presentaci\u00f3 a l\u2019Ermita.<\/p>\n<p>El nostre director dels serveis Territorials, Miquel \u00c0ngel Culler\u00e9s, va presentar el programa d\u2019actes que s\u2019anir\u00e0 portat a terme durant el curs i el senyor\u00a0 F\u00e9lix Larrosa, regidor de l\u2019Horta ,\u00a0 ens va encoratja a portar-lo a terme. Totes dues institucions es varen mostrar disposades a ajudar-nos. L\u2019Associaci\u00f3 de ve\u00efns de la partida de Buts\u00e8nit ens van facilitar la seva seu local i ens estan donant el seu suport incondicional. Aix\u00ed \u00e9s que entre AMPA , Escola i una colla d\u2019 ex alumnes desitgem arribar a bon port.<\/p>\n<p>Gr\u00e0cies a tots els que han col\u00b7laborat amb material, fotos, i amb el seu suport.<\/p>\n","protected":false},"excerpt":{"rendered":"<p>El curs 2017-18 v\u00e0rem tenir un\u00a0 repte: Els cent anys d\u2019escola a la Partida. Per comen\u00e7ar i, aprofitant l\u2019Aplec vam fer els actes de presentaci\u00f3 a l\u2019Ermita. El nostre director dels serveis Territorials, Miquel \u00c0ngel Culler\u00e9s, va presentar el programa d\u2019actes que s\u2019anir\u00e0 portat a terme durant el curs i el senyor\u00a0 F\u00e9lix Larrosa, regidor [&hellip;]<\/p>\n","protected":false},"author":1,"featured_media":0,"parent":22,"menu_order":20,"comment_status":"closed","ping_status":"closed","template":"page-templates\/side-menu.php","meta":{"_bbp_topic_count":0,"_bbp_reply_count":0,"_bbp_total_topic_count":0,"_bbp_total_reply_count":0,"_bbp_voice_count":0,"_bbp_anonymous_reply_count":0,"_bbp_topic_count_hidden":0,"_bbp_reply_count_hidden":0,"_bbp_forum_subforum_count":0,"site-sidebar-layout":"default","site-content-layout":"","ast-site-content-layout":"","site-content-style":"default","site-sidebar-style":"default","ast-global-header-display":"","ast-banner-title-visibility":"","ast-main-header-display":"","ast-hfb-above-header-display":"","ast-hfb-below-header-display":"","ast-hfb-mobile-header-display":"","site-post-title":"","ast-breadcrumbs-content":"","ast-featured-img":"","footer-sml-layout":"","theme-transparent-header-meta":"","adv-header-id-meta":"","stick-header-meta":"","header-above-stick-meta":"","header-main-stick-meta":"","header-below-stick-meta":"","astra-migrate-meta-layouts":"default","ast-page-background-enabled":"default","ast-page-background-meta":{"desktop":{"background-color":"var(--ast-global-color-4)","background-image":"","background-repeat":"repeat","background-position":"center center","background-size":"auto","background-attachment":"scroll","background-type":"","background-media":"","overlay-type":"","overlay-color":"","overlay-opacity":"","overlay-gradient":""},"tablet":{"background-color":"","background-image":"","background-repeat":"repeat","background-position":"center center","background-size":"auto","background-attachment":"scroll","background-type":"","background-media":"","overlay-type":"","overlay-color":"","overlay-opacity":"","overlay-gradient":""},"mobile":{"background-color":"","background-image":"","background-repeat":"repeat","background-position":"center center","background-size":"auto","background-attachment":"scroll","background-type":"","background-media":"","overlay-type":"","overlay-color":"","overlay-opacity":"","overlay-gradient":""}},"ast-content-background-meta":{"desktop":{"background-color":"var(--ast-global-color-5)","background-image":"","background-repeat":"repeat","background-position":"center center","background-size":"auto","background-attachment":"scroll","background-type":"","background-media":"","overlay-type":"","overlay-color":"","overlay-opacity":"","overlay-gradient":""},"tablet":{"background-color":"var(--ast-global-color-5)","background-image":"","background-repeat":"repeat","background-position":"center center","background-size":"auto","background-attachment":"scroll","background-type":"","background-media":"","overlay-type":"","overlay-color":"","overlay-opacity":"","overlay-gradient":""},"mobile":{"background-color":"var(--ast-global-color-5)","background-image":"","background-repeat":"repeat","background-position":"center center","background-size":"auto","background-attachment":"scroll","background-type":"","background-media":"","overlay-type":"","overlay-color":"","overlay-opacity":"","overlay-gradient":""}},"footnotes":""},"class_list":["post-26","page","type-page","status-publish","hentry"],"post_mailing_queue_ids":[],"_links":{"self":[{"href":"https:\/\/agora.xtec.cat\/escolaantonibergosbutsenit\/wp-json\/wp\/v2\/pages\/26","targetHints":{"allow":["GET"]}}],"collection":[{"href":"https:\/\/agora.xtec.cat\/escolaantonibergosbutsenit\/wp-json\/wp\/v2\/pages"}],"about":[{"href":"https:\/\/agora.xtec.cat\/escolaantonibergosbutsenit\/wp-json\/wp\/v2\/types\/page"}],"author":[{"embeddable":true,"href":"https:\/\/agora.xtec.cat\/escolaantonibergosbutsenit\/wp-json\/wp\/v2\/users\/1"}],"replies":[{"embeddable":true,"href":"https:\/\/agora.xtec.cat\/escolaantonibergosbutsenit\/wp-json\/wp\/v2\/comments?post=26"}],"version-history":[{"count":3,"href":"https:\/\/agora.xtec.cat\/escolaantonibergosbutsenit\/wp-json\/wp\/v2\/pages\/26\/revisions"}],"predecessor-version":[{"id":7681,"href":"https:\/\/agora.xtec.cat\/escolaantonibergosbutsenit\/wp-json\/wp\/v2\/pages\/26\/revisions\/7681"}],"up":[{"embeddable":true,"href":"https:\/\/agora.xtec.cat\/escolaantonibergosbutsenit\/wp-json\/wp\/v2\/pages\/22"}],"wp:attachment":[{"href":"https:\/\/agora.xtec.cat\/escolaantonibergosbutsenit\/wp-json\/wp\/v2\/media?parent=26"}],"curies":[{"name":"wp","href":"https:\/\/api.w.org\/{rel}","templated":true}]}}