{"id":2452,"date":"2023-05-26T09:22:37","date_gmt":"2023-05-26T07:22:37","guid":{"rendered":"https:\/\/agora.xtec.cat\/escolaantonibergosbutsenit\/?page_id=2452"},"modified":"2026-03-17T09:36:55","modified_gmt":"2026-03-17T08:36:55","slug":"transparencia","status":"publish","type":"page","link":"https:\/\/agora.xtec.cat\/escolaantonibergosbutsenit\/lescola\/transparencia\/","title":{"rendered":"Transpar\u00e8ncia"},"content":{"rendered":"<ul>\n<li><a href=\"https:\/\/drive.google.com\/file\/d\/1b98X5S2sQ515OXiCor9qqPvattNrfMN9\/view?usp=sharing\">Estructura-organitzativa-interna-i-perfils<\/a><\/li>\n<li><a href=\"https:\/\/drive.google.com\/file\/d\/1KEmJYDqm-bNsyzR3i4oO5MGhfRRA7HlZ\/view?usp=sharing\">Acords del Consell Escolar 28\/01\/2026.<\/a><\/li>\n<li>Projecte de pressupost 2026 <a href=\"https:\/\/drive.google.com\/file\/d\/13kUmEJ4GvcBYjQyRpoC5dQr_8pR1lLkj\/view?usp=sharing\">(<\/a><a href=\"https:\/\/drive.google.com\/file\/d\/1ok3kHDXMc9q2J84x9YbyaQykYfBovrTR\/view?usp=sharing\">ingressos<\/a> &#8211; <a href=\"https:\/\/drive.google.com\/file\/d\/13kUmEJ4GvcBYjQyRpoC5dQr_8pR1lLkj\/view?usp=sharing\">despeses<\/a>)<\/li>\n<li><a href=\"https:\/\/drive.google.com\/file\/d\/18Y1ZLcOrD2vJ3ROsFOdqjOKEBtfwBnbp\/view?usp=sharing\">Liquidaci\u00f3 del pressupost 2025.<\/a><\/li>\n<li><a href=\"https:\/\/drive.google.com\/file\/d\/1-5YwwKQJivBuJiM-euBoZ2rmHPYm-ywe\/view?usp=drive_link\">Acords de Consell Escolar i aprovaci\u00f3 del projecte de pressupost 2025.<\/a><\/li>\n<li><a href=\"https:\/\/drive.google.com\/file\/d\/17YpYx0jSPt9frBFDsqvBoDfLKfxOtgAT\/view?usp=drive_link\">Liquidaci\u00f3 del pressupost 2024.<\/a><\/li>\n<\/ul>\n","protected":false},"excerpt":{"rendered":"<p>Estructura-organitzativa-interna-i-perfils Acords del Consell Escolar 28\/01\/2026. Projecte de pressupost 2026 (ingressos &#8211; despeses) Liquidaci\u00f3 del pressupost 2025. Acords de Consell Escolar i aprovaci\u00f3 del projecte de pressupost 2025. Liquidaci\u00f3 del pressupost 2024.<\/p>\n","protected":false},"author":1,"featured_media":0,"parent":22,"menu_order":0,"comment_status":"closed","ping_status":"closed","template":"","meta":{"_bbp_topic_count":0,"_bbp_reply_count":0,"_bbp_total_topic_count":0,"_bbp_total_reply_count":0,"_bbp_voice_count":0,"_bbp_anonymous_reply_count":0,"_bbp_topic_count_hidden":0,"_bbp_reply_count_hidden":0,"_bbp_forum_subforum_count":0,"site-sidebar-layout":"default","site-content-layout":"","ast-site-content-layout":"default","site-content-style":"default","site-sidebar-style":"default","ast-global-header-display":"","ast-banner-title-visibility":"","ast-main-header-display":"","ast-hfb-above-header-display":"","ast-hfb-below-header-display":"","ast-hfb-mobile-header-display":"","site-post-title":"","ast-breadcrumbs-content":"","ast-featured-img":"","footer-sml-layout":"","theme-transparent-header-meta":"default","adv-header-id-meta":"","stick-header-meta":"","header-above-stick-meta":"","header-main-stick-meta":"","header-below-stick-meta":"","astra-migrate-meta-layouts":"set","ast-page-background-enabled":"default","ast-page-background-meta":{"desktop":{"background-color":"var(--ast-global-color-4)","background-image":"","background-repeat":"repeat","background-position":"center center","background-size":"auto","background-attachment":"scroll","background-type":"","background-media":"","overlay-type":"","overlay-color":"","overlay-opacity":"","overlay-gradient":""},"tablet":{"background-color":"","background-image":"","background-repeat":"repeat","background-position":"center center","background-size":"auto","background-attachment":"scroll","background-type":"","background-media":"","overlay-type":"","overlay-color":"","overlay-opacity":"","overlay-gradient":""},"mobile":{"background-color":"","background-image":"","background-repeat":"repeat","background-position":"center center","background-size":"auto","background-attachment":"scroll","background-type":"","background-media":"","overlay-type":"","overlay-color":"","overlay-opacity":"","overlay-gradient":""}},"ast-content-background-meta":{"desktop":{"background-color":"var(--ast-global-color-5)","background-image":"","background-repeat":"repeat","background-position":"center center","background-size":"auto","background-attachment":"scroll","background-type":"","background-media":"","overlay-type":"","overlay-color":"","overlay-opacity":"","overlay-gradient":""},"tablet":{"background-color":"var(--ast-global-color-5)","background-image":"","background-repeat":"repeat","background-position":"center center","background-size":"auto","background-attachment":"scroll","background-type":"","background-media":"","overlay-type":"","overlay-color":"","overlay-opacity":"","overlay-gradient":""},"mobile":{"background-color":"var(--ast-global-color-5)","background-image":"","background-repeat":"repeat","background-position":"center center","background-size":"auto","background-attachment":"scroll","background-type":"","background-media":"","overlay-type":"","overlay-color":"","overlay-opacity":"","overlay-gradient":""}},"footnotes":""},"class_list":["post-2452","page","type-page","status-publish","hentry"],"post_mailing_queue_ids":[],"_links":{"self":[{"href":"https:\/\/agora.xtec.cat\/escolaantonibergosbutsenit\/wp-json\/wp\/v2\/pages\/2452","targetHints":{"allow":["GET"]}}],"collection":[{"href":"https:\/\/agora.xtec.cat\/escolaantonibergosbutsenit\/wp-json\/wp\/v2\/pages"}],"about":[{"href":"https:\/\/agora.xtec.cat\/escolaantonibergosbutsenit\/wp-json\/wp\/v2\/types\/page"}],"author":[{"embeddable":true,"href":"https:\/\/agora.xtec.cat\/escolaantonibergosbutsenit\/wp-json\/wp\/v2\/users\/1"}],"replies":[{"embeddable":true,"href":"https:\/\/agora.xtec.cat\/escolaantonibergosbutsenit\/wp-json\/wp\/v2\/comments?post=2452"}],"version-history":[{"count":6,"href":"https:\/\/agora.xtec.cat\/escolaantonibergosbutsenit\/wp-json\/wp\/v2\/pages\/2452\/revisions"}],"predecessor-version":[{"id":7958,"href":"https:\/\/agora.xtec.cat\/escolaantonibergosbutsenit\/wp-json\/wp\/v2\/pages\/2452\/revisions\/7958"}],"up":[{"embeddable":true,"href":"https:\/\/agora.xtec.cat\/escolaantonibergosbutsenit\/wp-json\/wp\/v2\/pages\/22"}],"wp:attachment":[{"href":"https:\/\/agora.xtec.cat\/escolaantonibergosbutsenit\/wp-json\/wp\/v2\/media?parent=2452"}],"curies":[{"name":"wp","href":"https:\/\/api.w.org\/{rel}","templated":true}]}}