{"id":985,"date":"2025-02-25T13:29:56","date_gmt":"2025-02-25T12:29:56","guid":{"rendered":"https:\/\/agora.xtec.cat\/escolaantina\/?page_id=985"},"modified":"2025-09-03T12:33:07","modified_gmt":"2025-09-03T10:33:07","slug":"hort","status":"publish","type":"page","link":"https:\/\/agora.xtec.cat\/escolaantina\/projectes\/hort\/","title":{"rendered":"L&#8217;hort ecol\u00f2gic (2n)"},"content":{"rendered":"<p><span style=\"font-weight: 400;\">L\u2019alumnat de segon, amb la supervisi\u00f3 de l\u2019equip docent, es fan responsables de cuidar i mantenir aquest espai tan especial de l&#8217;escola.<\/span><\/p>\n<p><span style=\"font-weight: 400;\">L\u2019hort \u00e9s un ecosistema ideal per aprendre molts dels continguts de les ci\u00e8ncies naturals. En aquest espai, els infants poden observar, explorar i experimentar amb els diversos elements que el conformen (plantes, organismes vius\u2026), alhora que estudien les interaccions entre els \u00e9ssers vius i l&#8217;impacte de l\u2019activitat humana en el medi ambient.<\/span><\/p>\n<p><span style=\"font-weight: 400;\">Cada setmana, l\u2019alumnat de segon surt a desenvolupar les tasques pr\u00f2pies del manteniment de l\u2019hort, com plantar, sembrar, regar, treure males herbes, collir i observar.\u00a0<\/span><\/p>\n<p><span style=\"font-weight: 400;\">La collita de l\u2019hort es reparteix i s\u2019emporta a casa des d\u2019on segueix el projecte, ja que cuinen i mengen els aliments que han fet cr\u00e9ixer a l\u2019hort. Amb les fotos que es fan menjant aquests aliments a casa fem un mural a classe i tanquem el cercle.<\/span><\/p>\n<p><span style=\"font-weight: 400;\">El projecte compta amb l\u2019assessorament d\u2019una t\u00e8cnica mediambiental, la Violeta, que ens acompanya un cop al mes. Ella ens proporciona planter o llavors segons les necessitats del moment, ens ajuda a resoldre els problemes que van sorgint i orienta les observacions que realitzem a l\u2019hort, fent el treball m\u00e9s enriquidor.<\/span><\/p>\n<p><span style=\"font-weight: 400;\">Aquesta iniciativa no nom\u00e9s es limita a les tasques de l\u2019hort. \u00c9s un projecte interdisciplinari que tamb\u00e9 es treballa a l\u2019aula. Dediquem sessions a estudiar els \u00e9ssers vius que habiten l&#8217;hort, com insectes, plantes, plagues i altres elements del nostre ecosistema. Busquem solucions als problemes que identifiquem, mantenim al dia el pl\u00e0nol de l\u2019hort, realitzem exposicions orals, treballs d\u2019educaci\u00f3 art\u00edstica, recerca, redacci\u00f3 i fins i tot treballs matem\u00e0tics.<\/span><\/p>\n<p><span style=\"font-weight: 400;\">El projecte culmina cada any amb &#8220;la festa de l&#8217;hort&#8221;, una tradici\u00f3 ja consolidada a l&#8217;escola. Durant aquesta festa, l\u2019alumnat comparteix amb les seves fam\u00edlies tot el que han apr\u00e8s i creat, mitjan\u00e7ant una fira i una exposici\u00f3 on celebren el fruit del treball fet al llarg del curs.<\/span><\/p>\n<p><span style=\"font-weight: 400;\">Us esperem amb moltes ganes per viure aquesta experi\u00e8ncia!<\/span><\/p>\n","protected":false},"excerpt":{"rendered":"<p>L\u2019alumnat de segon, amb la supervisi\u00f3 de l\u2019equip docent, es fan responsables de cuidar i mantenir aquest espai tan especial [&hellip;]<\/p>\n","protected":false},"author":1,"featured_media":0,"parent":768,"menu_order":0,"comment_status":"closed","ping_status":"closed","template":"","meta":{"_bbp_topic_count":0,"_bbp_reply_count":0,"_bbp_total_topic_count":0,"_bbp_total_reply_count":0,"_bbp_voice_count":0,"_bbp_anonymous_reply_count":0,"_bbp_topic_count_hidden":0,"_bbp_reply_count_hidden":0,"_bbp_forum_subforum_count":0,"site-sidebar-layout":"default","site-content-layout":"","ast-site-content-layout":"default","site-content-style":"default","site-sidebar-style":"default","ast-global-header-display":"","ast-banner-title-visibility":"","ast-main-header-display":"","ast-hfb-above-header-display":"","ast-hfb-below-header-display":"","ast-hfb-mobile-header-display":"","site-post-title":"","ast-breadcrumbs-content":"","ast-featured-img":"","footer-sml-layout":"","theme-transparent-header-meta":"default","adv-header-id-meta":"","stick-header-meta":"","header-above-stick-meta":"","header-main-stick-meta":"","header-below-stick-meta":"","astra-migrate-meta-layouts":"set","ast-page-background-enabled":"default","ast-page-background-meta":{"desktop":{"background-color":"var(--ast-global-color-4)","background-image":"","background-repeat":"repeat","background-position":"center center","background-size":"auto","background-attachment":"scroll","background-type":"","background-media":"","overlay-type":"","overlay-color":"","overlay-opacity":"","overlay-gradient":""},"tablet":{"background-color":"","background-image":"","background-repeat":"repeat","background-position":"center center","background-size":"auto","background-attachment":"scroll","background-type":"","background-media":"","overlay-type":"","overlay-color":"","overlay-opacity":"","overlay-gradient":""},"mobile":{"background-color":"","background-image":"","background-repeat":"repeat","background-position":"center center","background-size":"auto","background-attachment":"scroll","background-type":"","background-media":"","overlay-type":"","overlay-color":"","overlay-opacity":"","overlay-gradient":""}},"ast-content-background-meta":{"desktop":{"background-color":"var(--ast-global-color-5)","background-image":"","background-repeat":"repeat","background-position":"center center","background-size":"auto","background-attachment":"scroll","background-type":"","background-media":"","overlay-type":"","overlay-color":"","overlay-opacity":"","overlay-gradient":""},"tablet":{"background-color":"var(--ast-global-color-5)","background-image":"","background-repeat":"repeat","background-position":"center center","background-size":"auto","background-attachment":"scroll","background-type":"","background-media":"","overlay-type":"","overlay-color":"","overlay-opacity":"","overlay-gradient":""},"mobile":{"background-color":"var(--ast-global-color-5)","background-image":"","background-repeat":"repeat","background-position":"center center","background-size":"auto","background-attachment":"scroll","background-type":"","background-media":"","overlay-type":"","overlay-color":"","overlay-opacity":"","overlay-gradient":""}},"footnotes":""},"class_list":["post-985","page","type-page","status-publish","hentry"],"post_mailing_queue_ids":[],"_links":{"self":[{"href":"https:\/\/agora.xtec.cat\/escolaantina\/wp-json\/wp\/v2\/pages\/985","targetHints":{"allow":["GET"]}}],"collection":[{"href":"https:\/\/agora.xtec.cat\/escolaantina\/wp-json\/wp\/v2\/pages"}],"about":[{"href":"https:\/\/agora.xtec.cat\/escolaantina\/wp-json\/wp\/v2\/types\/page"}],"author":[{"embeddable":true,"href":"https:\/\/agora.xtec.cat\/escolaantina\/wp-json\/wp\/v2\/users\/1"}],"replies":[{"embeddable":true,"href":"https:\/\/agora.xtec.cat\/escolaantina\/wp-json\/wp\/v2\/comments?post=985"}],"version-history":[{"count":6,"href":"https:\/\/agora.xtec.cat\/escolaantina\/wp-json\/wp\/v2\/pages\/985\/revisions"}],"predecessor-version":[{"id":1498,"href":"https:\/\/agora.xtec.cat\/escolaantina\/wp-json\/wp\/v2\/pages\/985\/revisions\/1498"}],"up":[{"embeddable":true,"href":"https:\/\/agora.xtec.cat\/escolaantina\/wp-json\/wp\/v2\/pages\/768"}],"wp:attachment":[{"href":"https:\/\/agora.xtec.cat\/escolaantina\/wp-json\/wp\/v2\/media?parent=985"}],"curies":[{"name":"wp","href":"https:\/\/api.w.org\/{rel}","templated":true}]}}