{"id":781,"date":"2025-02-13T13:30:20","date_gmt":"2025-02-13T12:30:20","guid":{"rendered":"https:\/\/agora.xtec.cat\/escolaantina\/?page_id=781"},"modified":"2025-04-02T10:56:58","modified_gmt":"2025-04-02T08:56:58","slug":"que-fem","status":"publish","type":"page","link":"https:\/\/agora.xtec.cat\/escolaantina\/serveis\/que-fem\/","title":{"rendered":"Qu\u00e8 fem?"},"content":{"rendered":"<p><b>LES COMISSIONS<\/b><\/p>\n<p><span style=\"font-weight: 400;\">L&#8217;AFA es divideix en comissions que s\u00f3n les encarregades de portar els temes concrets:\u00a0<\/span><\/p>\n<p><b>Menjador:\u00a0<\/b><span style=\"font-weight: 400;\">La comissi\u00f3 de menjador fa l&#8217;enlla\u00e7 entre l&#8217;empresa responsable del servei de menjador (Alimentart), el consell comarcal, l&#8217;escola i les fam\u00edlies.\u00a0<\/span><\/p>\n<p><b>Extraescolars: <\/b>L<span style=\"font-weight: 400;\">a comissi\u00f3 d&#8217;extraescolars s&#8217;encarrega de la selecci\u00f3, gesti\u00f3 i organitzaci\u00f3 de les activitats esportives i l\u00fadiques proposades durant les hores no lectives del migdia i la tarda.<\/span><\/p>\n<p><b>Festes:<\/b> L<span style=\"font-weight: 400;\">a comissi\u00f3 de festes organitza i duu a terme els esdeveniments tant en horari lectiu com no lectiu. Aix\u00ed doncs, s&#8217;encarrega de festes com: La Castanyada, el Nadal (el Ti\u00f3 i Patges Reials), Sant Jordi, la Festa de final de curs, i la graduaci\u00f3 de sis\u00e8.<\/span><\/p>\n<p><b>Roba:\u00a0<\/b><span style=\"font-weight: 400;\">la comissi\u00f3 de roba s&#8217;encarrega de gestionar les comandes de roba escolar de les fam\u00edlies.<\/span><\/p>\n<p><b>Biblioteca: <\/b>L<span style=\"font-weight: 400;\">a comissi\u00f3 de biblioteca selecciona i realitza la compra de les novetats de la biblioteca escolar, organitza esdeveniments per a fomentar la lectura i participa en l&#8217;elaboraci\u00f3 dels consells de lectura enviats semestralment a les fam\u00edlies<\/span><\/p>\n<p><b>Xarxes: <\/b>L<span style=\"font-weight: 400;\">a comissi\u00f3 de xarxes socials duu a terme les tasques de gesti\u00f3 de les diferents xarxes socials i webs aportant informaci\u00f3 i contingut relatiu al AFA, l&#8217;escola, els esdeveniments municipals i qualsevol altre tema d&#8217;inter\u00e8s per a les fam\u00edlies.<\/span><\/p>\n","protected":false},"excerpt":{"rendered":"<p>LES COMISSIONS L&#8217;AFA es divideix en comissions que s\u00f3n les encarregades de portar els temes concrets:\u00a0 Menjador:\u00a0La comissi\u00f3 de menjador [&hellip;]<\/p>\n","protected":false},"author":1,"featured_media":0,"parent":66,"menu_order":2,"comment_status":"closed","ping_status":"closed","template":"","meta":{"_bbp_topic_count":0,"_bbp_reply_count":0,"_bbp_total_topic_count":0,"_bbp_total_reply_count":0,"_bbp_voice_count":0,"_bbp_anonymous_reply_count":0,"_bbp_topic_count_hidden":0,"_bbp_reply_count_hidden":0,"_bbp_forum_subforum_count":0,"site-sidebar-layout":"default","site-content-layout":"","ast-site-content-layout":"default","site-content-style":"default","site-sidebar-style":"default","ast-global-header-display":"","ast-banner-title-visibility":"","ast-main-header-display":"","ast-hfb-above-header-display":"","ast-hfb-below-header-display":"","ast-hfb-mobile-header-display":"","site-post-title":"","ast-breadcrumbs-content":"","ast-featured-img":"","footer-sml-layout":"","theme-transparent-header-meta":"default","adv-header-id-meta":"","stick-header-meta":"","header-above-stick-meta":"","header-main-stick-meta":"","header-below-stick-meta":"","astra-migrate-meta-layouts":"set","ast-page-background-enabled":"default","ast-page-background-meta":{"desktop":{"background-color":"var(--ast-global-color-4)","background-image":"","background-repeat":"repeat","background-position":"center center","background-size":"auto","background-attachment":"scroll","background-type":"","background-media":"","overlay-type":"","overlay-color":"","overlay-opacity":"","overlay-gradient":""},"tablet":{"background-color":"","background-image":"","background-repeat":"repeat","background-position":"center center","background-size":"auto","background-attachment":"scroll","background-type":"","background-media":"","overlay-type":"","overlay-color":"","overlay-opacity":"","overlay-gradient":""},"mobile":{"background-color":"","background-image":"","background-repeat":"repeat","background-position":"center center","background-size":"auto","background-attachment":"scroll","background-type":"","background-media":"","overlay-type":"","overlay-color":"","overlay-opacity":"","overlay-gradient":""}},"ast-content-background-meta":{"desktop":{"background-color":"var(--ast-global-color-5)","background-image":"","background-repeat":"repeat","background-position":"center center","background-size":"auto","background-attachment":"scroll","background-type":"","background-media":"","overlay-type":"","overlay-color":"","overlay-opacity":"","overlay-gradient":""},"tablet":{"background-color":"var(--ast-global-color-5)","background-image":"","background-repeat":"repeat","background-position":"center center","background-size":"auto","background-attachment":"scroll","background-type":"","background-media":"","overlay-type":"","overlay-color":"","overlay-opacity":"","overlay-gradient":""},"mobile":{"background-color":"var(--ast-global-color-5)","background-image":"","background-repeat":"repeat","background-position":"center center","background-size":"auto","background-attachment":"scroll","background-type":"","background-media":"","overlay-type":"","overlay-color":"","overlay-opacity":"","overlay-gradient":""}},"footnotes":""},"class_list":["post-781","page","type-page","status-publish","hentry"],"post_mailing_queue_ids":[],"_links":{"self":[{"href":"https:\/\/agora.xtec.cat\/escolaantina\/wp-json\/wp\/v2\/pages\/781","targetHints":{"allow":["GET"]}}],"collection":[{"href":"https:\/\/agora.xtec.cat\/escolaantina\/wp-json\/wp\/v2\/pages"}],"about":[{"href":"https:\/\/agora.xtec.cat\/escolaantina\/wp-json\/wp\/v2\/types\/page"}],"author":[{"embeddable":true,"href":"https:\/\/agora.xtec.cat\/escolaantina\/wp-json\/wp\/v2\/users\/1"}],"replies":[{"embeddable":true,"href":"https:\/\/agora.xtec.cat\/escolaantina\/wp-json\/wp\/v2\/comments?post=781"}],"version-history":[{"count":3,"href":"https:\/\/agora.xtec.cat\/escolaantina\/wp-json\/wp\/v2\/pages\/781\/revisions"}],"predecessor-version":[{"id":1294,"href":"https:\/\/agora.xtec.cat\/escolaantina\/wp-json\/wp\/v2\/pages\/781\/revisions\/1294"}],"up":[{"embeddable":true,"href":"https:\/\/agora.xtec.cat\/escolaantina\/wp-json\/wp\/v2\/pages\/66"}],"wp:attachment":[{"href":"https:\/\/agora.xtec.cat\/escolaantina\/wp-json\/wp\/v2\/media?parent=781"}],"curies":[{"name":"wp","href":"https:\/\/api.w.org\/{rel}","templated":true}]}}