{"id":675,"date":"2025-02-05T10:54:06","date_gmt":"2025-02-05T09:54:06","guid":{"rendered":"https:\/\/agora.xtec.cat\/escolaantina\/?page_id=675"},"modified":"2025-03-12T09:45:30","modified_gmt":"2025-03-12T08:45:30","slug":"dinantia","status":"publish","type":"page","link":"https:\/\/agora.xtec.cat\/escolaantina\/secretaria\/dinantia\/","title":{"rendered":"Dinantia"},"content":{"rendered":"<ul>\n<li><strong>Qu\u00e8 \u00e9s Dinantia?<\/strong><\/li>\n<\/ul>\n<p>Dinantia \u00e9s una aplicaci\u00f3 de comunicaci\u00f3 que facilita el contacte entre l\u2019escola i les fam\u00edlies de manera r\u00e0pida i senzilla. Funciona com una mena de canal privat on l\u2019escola pot enviar missatges, avisos i documents importants directament als m\u00f2bils dels pares i mares.<\/p>\n<ul>\n<li><strong>Quines funcions t\u00e9?<\/strong><\/li>\n<\/ul>\n<p>\u2705 Missatgeria instant\u00e0nia \u2192 L\u2019escola pot enviar comunicats, recordatoris i notificacions en temps real.<br \/>\n\u2705 Confirmaci\u00f3 de lectura \u2192 Les fam\u00edlies poden veure els missatges i l\u2019escola sap si han estat llegits.<br \/>\n\u2705 Agenda escolar \u2192 Permet compartir el calendari amb esdeveniments, reunions i activitats.<br \/>\n\u2705 Enviament de documents \u2192 Es poden rebre circulars, autoritzacions i altres documents sense necessitat de paper.<br \/>\n\u2705 Gesti\u00f3 d\u2019autoritzacions \u2192 Les fam\u00edlies poden signar digitalment permisos i autoritzacions.<\/p>\n<ul>\n<li><strong>Per qu\u00e8 \u00e9s \u00fatil per a les fam\u00edlies?<\/strong><\/li>\n<\/ul>\n<p>\ud83d\udd39 No cal buscar informaci\u00f3 en paper o correus electr\u00f2nics, ja que tot arriba directament al m\u00f2bil.<br \/>\n\ud83d\udd39 La comunicaci\u00f3 \u00e9s m\u00e9s r\u00e0pida i eficient.<br \/>\n\ud83d\udd39 Permet estar informat de totes les novetats escolars en qualsevol moment.<\/p>\n<p>L&#8217;aplicaci\u00f3 \u00e9s gratu\u00efta per a les fam\u00edlies i es pot descarregar des de l\u2019<a href=\"https:\/\/apps.apple.com\/es\/app\/dinantia\/id1057051981\"><strong>App Store<\/strong> <\/a>o <a href=\"https:\/\/play.google.com\/store\/apps\/details?id=com.dinantia.dinantia&amp;pli=1\"><strong>Google Play<\/strong>.<\/a><\/p>\n","protected":false},"excerpt":{"rendered":"<p>Qu\u00e8 \u00e9s Dinantia? Dinantia \u00e9s una aplicaci\u00f3 de comunicaci\u00f3 que facilita el contacte entre l\u2019escola i les fam\u00edlies de manera [&hellip;]<\/p>\n","protected":false},"author":1,"featured_media":0,"parent":652,"menu_order":2,"comment_status":"closed","ping_status":"closed","template":"","meta":{"_bbp_topic_count":0,"_bbp_reply_count":0,"_bbp_total_topic_count":0,"_bbp_total_reply_count":0,"_bbp_voice_count":0,"_bbp_anonymous_reply_count":0,"_bbp_topic_count_hidden":0,"_bbp_reply_count_hidden":0,"_bbp_forum_subforum_count":0,"site-sidebar-layout":"default","site-content-layout":"","ast-site-content-layout":"default","site-content-style":"default","site-sidebar-style":"default","ast-global-header-display":"","ast-banner-title-visibility":"","ast-main-header-display":"","ast-hfb-above-header-display":"","ast-hfb-below-header-display":"","ast-hfb-mobile-header-display":"","site-post-title":"","ast-breadcrumbs-content":"","ast-featured-img":"","footer-sml-layout":"","theme-transparent-header-meta":"default","adv-header-id-meta":"","stick-header-meta":"","header-above-stick-meta":"","header-main-stick-meta":"","header-below-stick-meta":"","astra-migrate-meta-layouts":"set","ast-page-background-enabled":"default","ast-page-background-meta":{"desktop":{"background-color":"var(--ast-global-color-4)","background-image":"","background-repeat":"repeat","background-position":"center center","background-size":"auto","background-attachment":"scroll","background-type":"","background-media":"","overlay-type":"","overlay-color":"","overlay-opacity":"","overlay-gradient":""},"tablet":{"background-color":"","background-image":"","background-repeat":"repeat","background-position":"center center","background-size":"auto","background-attachment":"scroll","background-type":"","background-media":"","overlay-type":"","overlay-color":"","overlay-opacity":"","overlay-gradient":""},"mobile":{"background-color":"","background-image":"","background-repeat":"repeat","background-position":"center center","background-size":"auto","background-attachment":"scroll","background-type":"","background-media":"","overlay-type":"","overlay-color":"","overlay-opacity":"","overlay-gradient":""}},"ast-content-background-meta":{"desktop":{"background-color":"var(--ast-global-color-5)","background-image":"","background-repeat":"repeat","background-position":"center center","background-size":"auto","background-attachment":"scroll","background-type":"","background-media":"","overlay-type":"","overlay-color":"","overlay-opacity":"","overlay-gradient":""},"tablet":{"background-color":"var(--ast-global-color-5)","background-image":"","background-repeat":"repeat","background-position":"center center","background-size":"auto","background-attachment":"scroll","background-type":"","background-media":"","overlay-type":"","overlay-color":"","overlay-opacity":"","overlay-gradient":""},"mobile":{"background-color":"var(--ast-global-color-5)","background-image":"","background-repeat":"repeat","background-position":"center center","background-size":"auto","background-attachment":"scroll","background-type":"","background-media":"","overlay-type":"","overlay-color":"","overlay-opacity":"","overlay-gradient":""}},"footnotes":""},"class_list":["post-675","page","type-page","status-publish","hentry"],"post_mailing_queue_ids":[],"_links":{"self":[{"href":"https:\/\/agora.xtec.cat\/escolaantina\/wp-json\/wp\/v2\/pages\/675","targetHints":{"allow":["GET"]}}],"collection":[{"href":"https:\/\/agora.xtec.cat\/escolaantina\/wp-json\/wp\/v2\/pages"}],"about":[{"href":"https:\/\/agora.xtec.cat\/escolaantina\/wp-json\/wp\/v2\/types\/page"}],"author":[{"embeddable":true,"href":"https:\/\/agora.xtec.cat\/escolaantina\/wp-json\/wp\/v2\/users\/1"}],"replies":[{"embeddable":true,"href":"https:\/\/agora.xtec.cat\/escolaantina\/wp-json\/wp\/v2\/comments?post=675"}],"version-history":[{"count":4,"href":"https:\/\/agora.xtec.cat\/escolaantina\/wp-json\/wp\/v2\/pages\/675\/revisions"}],"predecessor-version":[{"id":682,"href":"https:\/\/agora.xtec.cat\/escolaantina\/wp-json\/wp\/v2\/pages\/675\/revisions\/682"}],"up":[{"embeddable":true,"href":"https:\/\/agora.xtec.cat\/escolaantina\/wp-json\/wp\/v2\/pages\/652"}],"wp:attachment":[{"href":"https:\/\/agora.xtec.cat\/escolaantina\/wp-json\/wp\/v2\/media?parent=675"}],"curies":[{"name":"wp","href":"https:\/\/api.w.org\/{rel}","templated":true}]}}