{"id":652,"date":"2025-02-05T09:35:56","date_gmt":"2025-02-05T08:35:56","guid":{"rendered":"https:\/\/agora.xtec.cat\/escolaantina\/?page_id=652"},"modified":"2025-02-19T10:53:27","modified_gmt":"2025-02-19T09:53:27","slug":"secretaria","status":"publish","type":"page","link":"https:\/\/agora.xtec.cat\/escolaantina\/secretaria\/","title":{"rendered":"Secretaria"},"content":{"rendered":"<p><strong>On som i qu\u00e8 hi pots consultar?<\/strong><\/p>\n<p>A la secretaria de l\u2019escola hi podeu consultar qualsevol dubte que tingueu relacionat amb la gesti\u00f3 del centre.<\/p>\n<p>En aquest espai s\u2019hi custodien els expedients de tot l\u2019alumnat de l\u2019escola i \u00e9s aqu\u00ed on us heu de dirigir per notificar qualsevol canvi de domiciliaci\u00f3 o tel\u00e8fon.<\/p>\n<p>En el per\u00edode que pertoqui, tamb\u00e9 s\u2019ocupa de formalitzar les preinscripcions i matr\u00edcules, aix\u00ed com les beques de l\u2019alumnat.<\/p>\n<p>\u00c9s important que sapigueu que tots aquells pagaments que realitzeu a l\u2019escola (material, socialitzaci\u00f3, vela, sortides, col\u00f2nies) caldr\u00e0 que els justifiqueu amb un comprovant a secretaria, ja que tamb\u00e9 controla tots aquests esdeveniments.<\/p>\n<p>La persona que us atendr\u00e0 amb totes aquestes gestions \u00e9s el Rub\u00e9n.<\/p>\n<p><strong>Horari:<\/strong><\/p>\n<p><u>Matins<\/u><\/p>\n<p>De dilluns a divendres de 9:00h a 13:00h<\/p>\n<p><u>Tardes<\/u><\/p>\n<p>De dilluns a dijous de 15:00h a 16:00h<\/p>\n","protected":false},"excerpt":{"rendered":"<p>On som i qu\u00e8 hi pots consultar? A la secretaria de l\u2019escola hi podeu consultar qualsevol dubte que tingueu relacionat [&hellip;]<\/p>\n","protected":false},"author":1,"featured_media":0,"parent":0,"menu_order":0,"comment_status":"closed","ping_status":"closed","template":"","meta":{"_bbp_topic_count":0,"_bbp_reply_count":0,"_bbp_total_topic_count":0,"_bbp_total_reply_count":0,"_bbp_voice_count":0,"_bbp_anonymous_reply_count":0,"_bbp_topic_count_hidden":0,"_bbp_reply_count_hidden":0,"_bbp_forum_subforum_count":0,"site-sidebar-layout":"default","site-content-layout":"","ast-site-content-layout":"default","site-content-style":"default","site-sidebar-style":"default","ast-global-header-display":"","ast-banner-title-visibility":"","ast-main-header-display":"","ast-hfb-above-header-display":"","ast-hfb-below-header-display":"","ast-hfb-mobile-header-display":"","site-post-title":"","ast-breadcrumbs-content":"","ast-featured-img":"","footer-sml-layout":"","theme-transparent-header-meta":"default","adv-header-id-meta":"","stick-header-meta":"","header-above-stick-meta":"","header-main-stick-meta":"","header-below-stick-meta":"","astra-migrate-meta-layouts":"set","ast-page-background-enabled":"default","ast-page-background-meta":{"desktop":{"background-color":"var(--ast-global-color-4)","background-image":"","background-repeat":"repeat","background-position":"center center","background-size":"auto","background-attachment":"scroll","background-type":"","background-media":"","overlay-type":"","overlay-color":"","overlay-opacity":"","overlay-gradient":""},"tablet":{"background-color":"","background-image":"","background-repeat":"repeat","background-position":"center center","background-size":"auto","background-attachment":"scroll","background-type":"","background-media":"","overlay-type":"","overlay-color":"","overlay-opacity":"","overlay-gradient":""},"mobile":{"background-color":"","background-image":"","background-repeat":"repeat","background-position":"center center","background-size":"auto","background-attachment":"scroll","background-type":"","background-media":"","overlay-type":"","overlay-color":"","overlay-opacity":"","overlay-gradient":""}},"ast-content-background-meta":{"desktop":{"background-color":"var(--ast-global-color-5)","background-image":"","background-repeat":"repeat","background-position":"center center","background-size":"auto","background-attachment":"scroll","background-type":"","background-media":"","overlay-type":"","overlay-color":"","overlay-opacity":"","overlay-gradient":""},"tablet":{"background-color":"var(--ast-global-color-5)","background-image":"","background-repeat":"repeat","background-position":"center center","background-size":"auto","background-attachment":"scroll","background-type":"","background-media":"","overlay-type":"","overlay-color":"","overlay-opacity":"","overlay-gradient":""},"mobile":{"background-color":"var(--ast-global-color-5)","background-image":"","background-repeat":"repeat","background-position":"center center","background-size":"auto","background-attachment":"scroll","background-type":"","background-media":"","overlay-type":"","overlay-color":"","overlay-opacity":"","overlay-gradient":""}},"footnotes":""},"class_list":["post-652","page","type-page","status-publish","hentry"],"post_mailing_queue_ids":[],"_links":{"self":[{"href":"https:\/\/agora.xtec.cat\/escolaantina\/wp-json\/wp\/v2\/pages\/652","targetHints":{"allow":["GET"]}}],"collection":[{"href":"https:\/\/agora.xtec.cat\/escolaantina\/wp-json\/wp\/v2\/pages"}],"about":[{"href":"https:\/\/agora.xtec.cat\/escolaantina\/wp-json\/wp\/v2\/types\/page"}],"author":[{"embeddable":true,"href":"https:\/\/agora.xtec.cat\/escolaantina\/wp-json\/wp\/v2\/users\/1"}],"replies":[{"embeddable":true,"href":"https:\/\/agora.xtec.cat\/escolaantina\/wp-json\/wp\/v2\/comments?post=652"}],"version-history":[{"count":2,"href":"https:\/\/agora.xtec.cat\/escolaantina\/wp-json\/wp\/v2\/pages\/652\/revisions"}],"predecessor-version":[{"id":664,"href":"https:\/\/agora.xtec.cat\/escolaantina\/wp-json\/wp\/v2\/pages\/652\/revisions\/664"}],"wp:attachment":[{"href":"https:\/\/agora.xtec.cat\/escolaantina\/wp-json\/wp\/v2\/media?parent=652"}],"curies":[{"name":"wp","href":"https:\/\/api.w.org\/{rel}","templated":true}]}}