{"id":1567,"date":"2025-10-16T12:52:28","date_gmt":"2025-10-16T10:52:28","guid":{"rendered":"https:\/\/agora.xtec.cat\/escolaantina\/?page_id=1567"},"modified":"2025-10-20T15:51:15","modified_gmt":"2025-10-20T13:51:15","slug":"junta","status":"publish","type":"page","link":"https:\/\/agora.xtec.cat\/escolaantina\/junta\/","title":{"rendered":"Junta"},"content":{"rendered":"<p>La Junta Directiva \u00e9s l&#8217;\u00f2rgan de representaci\u00f3, gesti\u00f3 i administraci\u00f3 de l&#8217;associaci\u00f3 i el seu mandat \u00e9s de tres anys. L&#8217;actual Junta de l&#8217;AFA de l&#8217;escola l&#8217;Antina, proclamada en l&#8217;Assemblea General de socis i s\u00f2cies del passat 15 d&#8217;octubre de 2025 est\u00e0 formada per les seg\u00fcents persones:<\/p>\n<table style=\"width: 53.7202%; border-collapse: collapse; border-style: solid; border-color: #000000; height: 955px;\">\n<tbody>\n<tr style=\"height: 53px;\">\n<td style=\"width: 1.89753%; border-style: solid; border-color: #000000; height: 53px; background-color: #a0dcf2;\">C\u00c0RREC<\/td>\n<td style=\"width: 18.4898%; border-style: solid; border-color: #000000; height: 53px; background-color: #a0dcf2;\">NOM<\/td>\n<\/tr>\n<tr style=\"height: 53px;\">\n<td style=\"width: 1.89753%; border-style: solid; border-color: #000000; height: 53px;\">President<\/td>\n<td style=\"width: 18.4898%; border-style: solid; border-color: #000000; height: 53px;\">Rub\u00e9n S.<\/td>\n<\/tr>\n<tr style=\"height: 53px;\">\n<td style=\"width: 1.89753%; border-style: solid; border-color: #000000; height: 53px;\">Vicepresidenta<\/td>\n<td style=\"width: 18.4898%; border-style: solid; border-color: #000000; height: 53px;\">Gemma A.<\/td>\n<\/tr>\n<tr style=\"height: 53px;\">\n<td style=\"width: 1.89753%; border-style: solid; border-color: #000000; height: 53px;\">Secret\u00e0ria<\/td>\n<td style=\"width: 18.4898%; border-style: solid; border-color: #000000; height: 53px;\"><span style=\"font-weight: 400;\">Caro F.<\/span><\/td>\n<\/tr>\n<tr style=\"height: 53px;\">\n<td style=\"width: 1.89753%; border-style: solid; border-color: #000000; height: 53px;\">Tresorera<\/td>\n<td style=\"width: 18.4898%; border-style: solid; border-color: #000000; height: 53px;\"><span style=\"font-weight: 400;\">Mariam S.<\/span><\/td>\n<\/tr>\n<tr style=\"height: 53px;\">\n<td style=\"width: 1.89753%; border-style: solid; border-color: #000000; height: 53px;\">Vocal<\/td>\n<td style=\"width: 18.4898%; border-style: solid; border-color: #000000; height: 53px;\"><span style=\"font-weight: 400;\">Judit C.<\/span><\/td>\n<\/tr>\n<tr style=\"height: 53px;\">\n<td style=\"width: 1.89753%; border-style: solid; border-color: #000000; height: 53px;\">Vocal<\/td>\n<td style=\"width: 18.4898%; border-style: solid; border-color: #000000; height: 53px;\"><span style=\"font-weight: 400;\">Toni J.<\/span><\/td>\n<\/tr>\n<tr style=\"height: 53px;\">\n<td style=\"width: 1.89753%; border-style: solid; border-color: #000000; height: 53px;\">Vocal<\/td>\n<td style=\"width: 18.4898%; border-style: solid; border-color: #000000; height: 53px;\"><span style=\"font-weight: 400;\">Patricia C.<\/span><\/td>\n<\/tr>\n<tr style=\"height: 53px;\">\n<td style=\"width: 1.89753%; border-style: solid; border-color: #000000; height: 53px;\">Vocal<\/td>\n<td style=\"width: 18.4898%; border-style: solid; border-color: #000000; height: 53px;\"><span style=\"font-weight: 400;\">Anna S.<\/span><\/td>\n<\/tr>\n<tr style=\"height: 53px;\">\n<td style=\"width: 1.89753%; border-style: solid; border-color: #000000; height: 53px;\">Vocal<\/td>\n<td style=\"width: 18.4898%; border-style: solid; border-color: #000000; height: 53px;\"><span style=\"font-weight: 400;\">Llu\u00eds F.<\/span><\/td>\n<\/tr>\n<tr style=\"height: 53px;\">\n<td style=\"width: 1.89753%; border-style: solid; border-color: #000000; height: 53px;\">Vocal<\/td>\n<td style=\"width: 18.4898%; border-style: solid; border-color: #000000; height: 53px;\"><span style=\"font-weight: 400;\">Carla G.<\/span><\/td>\n<\/tr>\n<tr style=\"height: 53px;\">\n<td style=\"width: 1.89753%; border-style: solid; border-color: #000000; height: 53px;\">Vocal<\/td>\n<td style=\"width: 18.4898%; border-style: solid; border-color: #000000; height: 53px;\"><span style=\"font-weight: 400;\">Marta C.<\/span><\/td>\n<\/tr>\n<tr style=\"height: 53px;\">\n<td style=\"width: 1.89753%; border-style: solid; border-color: #000000; height: 53px;\">Vocal<\/td>\n<td style=\"width: 18.4898%; border-style: solid; border-color: #000000; height: 53px;\"><span style=\"font-weight: 400;\">N\u00faria B.<\/span><\/td>\n<\/tr>\n<tr style=\"height: 53px;\">\n<td style=\"width: 1.89753%; border-style: solid; border-color: #000000; height: 53px;\">Vocal<\/td>\n<td style=\"width: 18.4898%; border-style: solid; border-color: #000000; height: 53px;\"><span style=\"font-weight: 400;\">Bryan P.<\/span><\/td>\n<\/tr>\n<tr style=\"height: 53px;\">\n<td style=\"width: 1.89753%; border-style: solid; border-color: #000000; height: 53px;\">Vocal<\/td>\n<td style=\"width: 18.4898%; border-style: solid; border-color: #000000; height: 53px;\"><span style=\"font-weight: 400;\">Laia L.<\/span><\/td>\n<\/tr>\n<tr style=\"height: 53px;\">\n<td style=\"width: 1.89753%; border-style: solid; border-color: #000000; height: 53px;\">Vocal<\/td>\n<td style=\"width: 18.4898%; border-style: solid; border-color: #000000; height: 53px;\"><span style=\"font-weight: 400;\">Donya A.<\/span><\/td>\n<\/tr>\n<tr style=\"height: 53px;\">\n<td style=\"width: 1.89753%; border-style: solid; border-color: #000000; height: 53px;\">Vocal<\/td>\n<td style=\"width: 18.4898%; border-style: solid; border-color: #000000; height: 53px;\"><span style=\"font-weight: 400;\">Cristina J.<\/span><\/td>\n<\/tr>\n<tr style=\"height: 53px;\">\n<td style=\"width: 1.89753%; border-style: solid; border-color: #000000; height: 53px;\">Vocal<\/td>\n<td style=\"width: 18.4898%; border-style: solid; border-color: #000000; height: 53px;\"><span style=\"font-weight: 400;\">Toni V.<\/span><\/td>\n<\/tr>\n<\/tbody>\n<\/table>\n<p>&nbsp;<\/p>\n","protected":false},"excerpt":{"rendered":"<p>La Junta Directiva \u00e9s l&#8217;\u00f2rgan de representaci\u00f3, gesti\u00f3 i administraci\u00f3 de l&#8217;associaci\u00f3 i el seu mandat \u00e9s de tres anys. [&hellip;]<\/p>\n","protected":false},"author":1,"featured_media":0,"parent":0,"menu_order":0,"comment_status":"closed","ping_status":"closed","template":"","meta":{"_bbp_topic_count":0,"_bbp_reply_count":0,"_bbp_total_topic_count":0,"_bbp_total_reply_count":0,"_bbp_voice_count":0,"_bbp_anonymous_reply_count":0,"_bbp_topic_count_hidden":0,"_bbp_reply_count_hidden":0,"_bbp_forum_subforum_count":0,"site-sidebar-layout":"default","site-content-layout":"","ast-site-content-layout":"default","site-content-style":"default","site-sidebar-style":"default","ast-global-header-display":"","ast-banner-title-visibility":"","ast-main-header-display":"","ast-hfb-above-header-display":"","ast-hfb-below-header-display":"","ast-hfb-mobile-header-display":"","site-post-title":"","ast-breadcrumbs-content":"","ast-featured-img":"","footer-sml-layout":"","theme-transparent-header-meta":"default","adv-header-id-meta":"","stick-header-meta":"","header-above-stick-meta":"","header-main-stick-meta":"","header-below-stick-meta":"","astra-migrate-meta-layouts":"set","ast-page-background-enabled":"default","ast-page-background-meta":{"desktop":{"background-color":"var(--ast-global-color-4)","background-image":"","background-repeat":"repeat","background-position":"center center","background-size":"auto","background-attachment":"scroll","background-type":"","background-media":"","overlay-type":"","overlay-color":"","overlay-opacity":"","overlay-gradient":""},"tablet":{"background-color":"","background-image":"","background-repeat":"repeat","background-position":"center center","background-size":"auto","background-attachment":"scroll","background-type":"","background-media":"","overlay-type":"","overlay-color":"","overlay-opacity":"","overlay-gradient":""},"mobile":{"background-color":"","background-image":"","background-repeat":"repeat","background-position":"center center","background-size":"auto","background-attachment":"scroll","background-type":"","background-media":"","overlay-type":"","overlay-color":"","overlay-opacity":"","overlay-gradient":""}},"ast-content-background-meta":{"desktop":{"background-color":"var(--ast-global-color-5)","background-image":"","background-repeat":"repeat","background-position":"center center","background-size":"auto","background-attachment":"scroll","background-type":"","background-media":"","overlay-type":"","overlay-color":"","overlay-opacity":"","overlay-gradient":""},"tablet":{"background-color":"var(--ast-global-color-5)","background-image":"","background-repeat":"repeat","background-position":"center center","background-size":"auto","background-attachment":"scroll","background-type":"","background-media":"","overlay-type":"","overlay-color":"","overlay-opacity":"","overlay-gradient":""},"mobile":{"background-color":"var(--ast-global-color-5)","background-image":"","background-repeat":"repeat","background-position":"center center","background-size":"auto","background-attachment":"scroll","background-type":"","background-media":"","overlay-type":"","overlay-color":"","overlay-opacity":"","overlay-gradient":""}},"footnotes":""},"class_list":["post-1567","page","type-page","status-publish","hentry"],"post_mailing_queue_ids":[],"_links":{"self":[{"href":"https:\/\/agora.xtec.cat\/escolaantina\/wp-json\/wp\/v2\/pages\/1567","targetHints":{"allow":["GET"]}}],"collection":[{"href":"https:\/\/agora.xtec.cat\/escolaantina\/wp-json\/wp\/v2\/pages"}],"about":[{"href":"https:\/\/agora.xtec.cat\/escolaantina\/wp-json\/wp\/v2\/types\/page"}],"author":[{"embeddable":true,"href":"https:\/\/agora.xtec.cat\/escolaantina\/wp-json\/wp\/v2\/users\/1"}],"replies":[{"embeddable":true,"href":"https:\/\/agora.xtec.cat\/escolaantina\/wp-json\/wp\/v2\/comments?post=1567"}],"version-history":[{"count":5,"href":"https:\/\/agora.xtec.cat\/escolaantina\/wp-json\/wp\/v2\/pages\/1567\/revisions"}],"predecessor-version":[{"id":1575,"href":"https:\/\/agora.xtec.cat\/escolaantina\/wp-json\/wp\/v2\/pages\/1567\/revisions\/1575"}],"wp:attachment":[{"href":"https:\/\/agora.xtec.cat\/escolaantina\/wp-json\/wp\/v2\/media?parent=1567"}],"curies":[{"name":"wp","href":"https:\/\/api.w.org\/{rel}","templated":true}]}}