{"id":1544,"date":"2025-10-08T13:11:06","date_gmt":"2025-10-08T11:11:06","guid":{"rendered":"https:\/\/agora.xtec.cat\/escolaantina\/?page_id=1544"},"modified":"2025-12-03T09:38:05","modified_gmt":"2025-12-03T08:38:05","slug":"composicio-del-consell-escolar","status":"publish","type":"page","link":"https:\/\/agora.xtec.cat\/escolaantina\/lescola\/consell-escolar\/composicio-del-consell-escolar\/","title":{"rendered":"Composici\u00f3 del Consell Escolar"},"content":{"rendered":"<p>Acabada la fase d&#8217;elecci\u00f3, el Consell Escolar queda format pels seg\u00fcents membres:<\/p>\n<table style=\"height: 1144px; width: 100%; border-collapse: collapse; border-style: solid; border-color: #000000;\">\n<tbody>\n<tr style=\"height: 52px;\">\n<td style=\"width: 100%; height: 52px; border-style: solid; border-color: #000000; text-align: center;\" colspan=\"2\"><strong>Equip Directiu<\/strong><\/td>\n<\/tr>\n<tr style=\"height: 52px;\">\n<td style=\"width: 36.1614%; height: 52px; border-style: solid; border-color: #000000;\">Elena L.<\/td>\n<td style=\"width: 63.8386%; height: 52px; border-style: solid; border-color: #000000;\">Presidenta del CE (Directora)<\/td>\n<\/tr>\n<tr style=\"height: 52px;\">\n<td style=\"width: 36.1614%; height: 52px; border-style: solid; border-color: #000000;\">Maria P.<\/td>\n<td style=\"width: 63.8386%; height: 52px; border-style: solid; border-color: #000000;\">Cap d&#8217;Estudis<\/td>\n<\/tr>\n<tr style=\"height: 52px;\">\n<td style=\"width: 36.1614%; height: 52px; border-style: solid; border-color: #000000;\">Josep B.<\/td>\n<td style=\"width: 63.8386%; height: 52px; border-style: solid; border-color: #000000;\">Secretaria<\/td>\n<\/tr>\n<tr style=\"height: 52px;\">\n<td style=\"width: 36.1614%; height: 52px; border-style: solid; border-color: #000000; text-align: center;\" colspan=\"2\"><strong>Mestres<\/strong><\/td>\n<\/tr>\n<tr style=\"height: 52px;\">\n<td style=\"width: 36.1614%; height: 52px; border-style: solid; border-color: #000000;\">Anna G.<\/td>\n<td style=\"width: 63.8386%; height: 52px; border-style: solid; border-color: #000000;\">Representant sector professors<\/td>\n<\/tr>\n<tr style=\"height: 52px;\">\n<td style=\"width: 36.1614%; height: 52px; border-style: solid; border-color: #000000;\">Laura N.<\/td>\n<td style=\"width: 63.8386%; height: 52px; border-style: solid; border-color: #000000;\">Representant sector professors<\/td>\n<\/tr>\n<tr style=\"height: 52px;\">\n<td style=\"width: 36.1614%; height: 52px; border-style: solid; border-color: #000000;\">Marta\u00a0 P.<\/td>\n<td style=\"width: 63.8386%; height: 52px; border-style: solid; border-color: #000000;\">Representant sector professors<\/td>\n<\/tr>\n<tr style=\"height: 52px;\">\n<td style=\"width: 36.1614%; height: 52px; border-style: solid; border-color: #000000;\">Consuelo T.<\/td>\n<td style=\"width: 63.8386%; height: 52px; border-style: solid; border-color: #000000;\">Representant sector professors<\/td>\n<\/tr>\n<tr style=\"height: 52px;\">\n<td style=\"width: 36.1614%; height: 52px; border-style: solid; border-color: #000000;\">Carolina P.<\/td>\n<td style=\"width: 63.8386%; height: 52px; border-style: solid; border-color: #000000;\">Representant sector professors<\/td>\n<\/tr>\n<tr style=\"height: 52px;\">\n<td style=\"width: 36.1614%; height: 52px; border-style: solid; border-color: #000000;\">Susana A.<\/td>\n<td style=\"width: 63.8386%; height: 52px; border-style: solid; border-color: #000000;\">Representant sector professors<\/td>\n<\/tr>\n<tr style=\"height: 52px;\">\n<td style=\"width: 36.1614%; height: 52px; border-style: solid; border-color: #000000; text-align: center;\" colspan=\"2\"><strong>Pares i Mares<\/strong><\/td>\n<\/tr>\n<tr style=\"height: 52px;\">\n<td style=\"width: 36.1614%; height: 52px; border-style: solid; border-color: #000000;\">Antonio J.<\/td>\n<td style=\"width: 63.8386%; height: 52px; border-style: solid; border-color: #000000;\">Representant sector alumnes i pares d&#8217;alumnes<\/td>\n<\/tr>\n<tr style=\"height: 52px;\">\n<td style=\"width: 36.1614%; height: 52px; border-style: solid; border-color: #000000;\">Eduard G.<\/td>\n<td style=\"width: 63.8386%; height: 52px; border-style: solid; border-color: #000000;\">Representant sector alumnes i pares d&#8217;alumnes<\/td>\n<\/tr>\n<tr style=\"height: 52px;\">\n<td style=\"width: 36.1614%; height: 52px; border-style: solid; border-color: #000000;\">Vanessa C.<\/td>\n<td style=\"width: 63.8386%; height: 52px; border-style: solid; border-color: #000000;\">Representant sector alumnes i pares d&#8217;alumnes<\/td>\n<\/tr>\n<tr style=\"height: 52px;\">\n<td style=\"width: 36.1614%; height: 52px; border-style: solid; border-color: #000000;\">Ariana M.<\/td>\n<td style=\"width: 63.8386%; height: 52px; border-style: solid; border-color: #000000;\">Representant sector alumnes i pares d&#8217;alumnes<\/td>\n<\/tr>\n<tr style=\"height: 52px;\">\n<td style=\"width: 36.1614%; height: 52px; border-style: solid; border-color: #000000;\">Laura \u00c1.<\/td>\n<td style=\"width: 63.8386%; height: 52px; border-style: solid; border-color: #000000;\">Representant sector alumnes i pares d&#8217;alumnes<\/td>\n<\/tr>\n<tr style=\"height: 52px;\">\n<td style=\"width: 36.1614%; height: 52px; border-style: solid; border-color: #000000;\">Ruben S.<\/td>\n<td style=\"width: 63.8386%; height: 52px; border-style: solid; border-color: #000000;\">Representant AFA<\/td>\n<\/tr>\n<tr style=\"height: 52px;\">\n<td style=\"width: 36.1614%; height: 52px; border-style: solid; border-color: #000000; text-align: center;\" colspan=\"2\"><strong>Personal no docent<\/strong><\/td>\n<\/tr>\n<tr style=\"height: 52px;\">\n<td style=\"width: 36.1614%; height: 52px; border-style: solid; border-color: #000000;\">M. Jos\u00e9 L.<\/td>\n<td style=\"width: 63.8386%; height: 52px; border-style: solid; border-color: #000000;\">Representant sector PAE<\/td>\n<\/tr>\n<tr style=\"height: 52px;\">\n<td style=\"width: 36.1614%; height: 52px; border-style: solid; border-color: #000000;\">Carmen L.<\/td>\n<td style=\"width: 63.8386%; height: 52px; border-style: solid; border-color: #000000;\">Representant sector PAS<\/td>\n<\/tr>\n<tr style=\"height: 52px;\">\n<td style=\"width: 36.1614%; height: 52px; border-style: solid; border-color: #000000;\">Jos\u00e9 G.<\/td>\n<td style=\"width: 63.8386%; height: 52px; border-style: solid; border-color: #000000;\">Regidor. Representant Ajuntament Municipal<\/td>\n<\/tr>\n<\/tbody>\n<\/table>\n","protected":false},"excerpt":{"rendered":"<p>Acabada la fase d&#8217;elecci\u00f3, el Consell Escolar queda format pels seg\u00fcents membres: Equip Directiu Elena L. Presidenta del CE (Directora) [&hellip;]<\/p>\n","protected":false},"author":1,"featured_media":0,"parent":28,"menu_order":3,"comment_status":"closed","ping_status":"closed","template":"","meta":{"_bbp_topic_count":0,"_bbp_reply_count":0,"_bbp_total_topic_count":0,"_bbp_total_reply_count":0,"_bbp_voice_count":0,"_bbp_anonymous_reply_count":0,"_bbp_topic_count_hidden":0,"_bbp_reply_count_hidden":0,"_bbp_forum_subforum_count":0,"site-sidebar-layout":"default","site-content-layout":"","ast-site-content-layout":"default","site-content-style":"default","site-sidebar-style":"default","ast-global-header-display":"","ast-banner-title-visibility":"","ast-main-header-display":"","ast-hfb-above-header-display":"","ast-hfb-below-header-display":"","ast-hfb-mobile-header-display":"","site-post-title":"","ast-breadcrumbs-content":"","ast-featured-img":"","footer-sml-layout":"","theme-transparent-header-meta":"default","adv-header-id-meta":"","stick-header-meta":"","header-above-stick-meta":"","header-main-stick-meta":"","header-below-stick-meta":"","astra-migrate-meta-layouts":"set","ast-page-background-enabled":"default","ast-page-background-meta":{"desktop":{"background-color":"var(--ast-global-color-4)","background-image":"","background-repeat":"repeat","background-position":"center center","background-size":"auto","background-attachment":"scroll","background-type":"","background-media":"","overlay-type":"","overlay-color":"","overlay-opacity":"","overlay-gradient":""},"tablet":{"background-color":"","background-image":"","background-repeat":"repeat","background-position":"center center","background-size":"auto","background-attachment":"scroll","background-type":"","background-media":"","overlay-type":"","overlay-color":"","overlay-opacity":"","overlay-gradient":""},"mobile":{"background-color":"","background-image":"","background-repeat":"repeat","background-position":"center center","background-size":"auto","background-attachment":"scroll","background-type":"","background-media":"","overlay-type":"","overlay-color":"","overlay-opacity":"","overlay-gradient":""}},"ast-content-background-meta":{"desktop":{"background-color":"var(--ast-global-color-5)","background-image":"","background-repeat":"repeat","background-position":"center center","background-size":"auto","background-attachment":"scroll","background-type":"","background-media":"","overlay-type":"","overlay-color":"","overlay-opacity":"","overlay-gradient":""},"tablet":{"background-color":"var(--ast-global-color-5)","background-image":"","background-repeat":"repeat","background-position":"center center","background-size":"auto","background-attachment":"scroll","background-type":"","background-media":"","overlay-type":"","overlay-color":"","overlay-opacity":"","overlay-gradient":""},"mobile":{"background-color":"var(--ast-global-color-5)","background-image":"","background-repeat":"repeat","background-position":"center center","background-size":"auto","background-attachment":"scroll","background-type":"","background-media":"","overlay-type":"","overlay-color":"","overlay-opacity":"","overlay-gradient":""}},"footnotes":""},"class_list":["post-1544","page","type-page","status-publish","hentry"],"post_mailing_queue_ids":[],"_links":{"self":[{"href":"https:\/\/agora.xtec.cat\/escolaantina\/wp-json\/wp\/v2\/pages\/1544","targetHints":{"allow":["GET"]}}],"collection":[{"href":"https:\/\/agora.xtec.cat\/escolaantina\/wp-json\/wp\/v2\/pages"}],"about":[{"href":"https:\/\/agora.xtec.cat\/escolaantina\/wp-json\/wp\/v2\/types\/page"}],"author":[{"embeddable":true,"href":"https:\/\/agora.xtec.cat\/escolaantina\/wp-json\/wp\/v2\/users\/1"}],"replies":[{"embeddable":true,"href":"https:\/\/agora.xtec.cat\/escolaantina\/wp-json\/wp\/v2\/comments?post=1544"}],"version-history":[{"count":6,"href":"https:\/\/agora.xtec.cat\/escolaantina\/wp-json\/wp\/v2\/pages\/1544\/revisions"}],"predecessor-version":[{"id":1694,"href":"https:\/\/agora.xtec.cat\/escolaantina\/wp-json\/wp\/v2\/pages\/1544\/revisions\/1694"}],"up":[{"embeddable":true,"href":"https:\/\/agora.xtec.cat\/escolaantina\/wp-json\/wp\/v2\/pages\/28"}],"wp:attachment":[{"href":"https:\/\/agora.xtec.cat\/escolaantina\/wp-json\/wp\/v2\/media?parent=1544"}],"curies":[{"name":"wp","href":"https:\/\/api.w.org\/{rel}","templated":true}]}}