{"id":1471,"date":"2025-07-08T10:47:33","date_gmt":"2025-07-08T08:47:33","guid":{"rendered":"https:\/\/agora.xtec.cat\/escolaantina\/?page_id=1471"},"modified":"2025-08-25T11:53:19","modified_gmt":"2025-08-25T09:53:19","slug":"historia-de-lescola","status":"publish","type":"page","link":"https:\/\/agora.xtec.cat\/escolaantina\/lescola\/historia-de-lescola\/","title":{"rendered":"Hist\u00f2ria de l&#8217;escola"},"content":{"rendered":"<p data-start=\"233\" data-end=\"551\">L\u2019Escola L\u2019Antina \u00e9s un centre d\u2019educaci\u00f3 infantil i prim\u00e0ria arrelat al municipi de Torredembarra, comprom\u00e8s amb una educaci\u00f3 de qualitat, inclusiva i basada en valors. El nostre projecte pedag\u00f2gic posa l\u2019infant al centre de l\u2019aprenentatge, promovent el pensament cr\u00edtic, la creativitat, el respecte i la conviv\u00e8ncia.<\/p>\n<p data-start=\"553\" data-end=\"935\">L\u2019escola va obrir les portes el curs 2003-2004, responent a la necessitat de cr\u00e9ixer com a comunitat educativa dins d\u2019un municipi en expansi\u00f3. En aquell moment, Torredembarra comen\u00e7ava a experimentar un creixement demogr\u00e0fic significatiu, especialment a la zona de Baix a Mar i les urbanitzacions properes, i calia un centre que respongu\u00e9s a les noves realitats del territori.<\/p>\n<p data-start=\"937\" data-end=\"1366\">Des dels seus inicis, L\u2019Antina s\u2019ha constru\u00eft des del comprom\u00eds col\u00b7lectiu de les fam\u00edlies, docents, personal del centre i alumnat, que han anat donant forma a una escola oberta, viva i arrelada. Amb dues l\u00ednies per curs i una clara aposta per metodologies actives, l\u2019escola ha anat evolucionant i adaptant-se als canvis socials i educatius, sense perdre mai de vista l\u2019eix fonamental: l\u2019acompanyament respectu\u00f3s dels infants en el seu desenvolupament integral.<\/p>\n<p data-start=\"1368\" data-end=\"1709\">El nom de \u201cl\u2019Antina\u201d prov\u00e9 d\u2019una formaci\u00f3 rocosa situada davant la platja de Torredembarra, un element natural ben conegut per la gent del poble. Triar aquest nom no va ser casual: simbolitza el vincle profund amb el mar, la natura i la identitat local. \u00c9s un nom que ens identifica com a escola oberta al territori, al m\u00f3n i a les persones.<\/p>\n<p data-start=\"2042\" data-end=\"2381\">Avui, L\u2019Antina \u00e9s molt m\u00e9s que un espai d\u2019aprenentatge: \u00e9s una comunitat educativa participativa, din\u00e0mica i compromesa amb una educaci\u00f3 transformadora. \u00c9s un lloc on cada nen i nena pot cr\u00e9ixer, descobrir i desenvolupar-se en un ambient acollidor, segur i estimulant.<\/p>\n","protected":false},"excerpt":{"rendered":"<p>L\u2019Escola L\u2019Antina \u00e9s un centre d\u2019educaci\u00f3 infantil i prim\u00e0ria arrelat al municipi de Torredembarra, comprom\u00e8s amb una educaci\u00f3 de qualitat, [&hellip;]<\/p>\n","protected":false},"author":1,"featured_media":0,"parent":22,"menu_order":0,"comment_status":"closed","ping_status":"closed","template":"","meta":{"_bbp_topic_count":0,"_bbp_reply_count":0,"_bbp_total_topic_count":0,"_bbp_total_reply_count":0,"_bbp_voice_count":0,"_bbp_anonymous_reply_count":0,"_bbp_topic_count_hidden":0,"_bbp_reply_count_hidden":0,"_bbp_forum_subforum_count":0,"site-sidebar-layout":"default","site-content-layout":"","ast-site-content-layout":"default","site-content-style":"default","site-sidebar-style":"default","ast-global-header-display":"","ast-banner-title-visibility":"","ast-main-header-display":"","ast-hfb-above-header-display":"","ast-hfb-below-header-display":"","ast-hfb-mobile-header-display":"","site-post-title":"","ast-breadcrumbs-content":"","ast-featured-img":"","footer-sml-layout":"","theme-transparent-header-meta":"default","adv-header-id-meta":"","stick-header-meta":"","header-above-stick-meta":"","header-main-stick-meta":"","header-below-stick-meta":"","astra-migrate-meta-layouts":"set","ast-page-background-enabled":"default","ast-page-background-meta":{"desktop":{"background-color":"var(--ast-global-color-4)","background-image":"","background-repeat":"repeat","background-position":"center center","background-size":"auto","background-attachment":"scroll","background-type":"","background-media":"","overlay-type":"","overlay-color":"","overlay-opacity":"","overlay-gradient":""},"tablet":{"background-color":"","background-image":"","background-repeat":"repeat","background-position":"center center","background-size":"auto","background-attachment":"scroll","background-type":"","background-media":"","overlay-type":"","overlay-color":"","overlay-opacity":"","overlay-gradient":""},"mobile":{"background-color":"","background-image":"","background-repeat":"repeat","background-position":"center center","background-size":"auto","background-attachment":"scroll","background-type":"","background-media":"","overlay-type":"","overlay-color":"","overlay-opacity":"","overlay-gradient":""}},"ast-content-background-meta":{"desktop":{"background-color":"var(--ast-global-color-5)","background-image":"","background-repeat":"repeat","background-position":"center center","background-size":"auto","background-attachment":"scroll","background-type":"","background-media":"","overlay-type":"","overlay-color":"","overlay-opacity":"","overlay-gradient":""},"tablet":{"background-color":"var(--ast-global-color-5)","background-image":"","background-repeat":"repeat","background-position":"center center","background-size":"auto","background-attachment":"scroll","background-type":"","background-media":"","overlay-type":"","overlay-color":"","overlay-opacity":"","overlay-gradient":""},"mobile":{"background-color":"var(--ast-global-color-5)","background-image":"","background-repeat":"repeat","background-position":"center center","background-size":"auto","background-attachment":"scroll","background-type":"","background-media":"","overlay-type":"","overlay-color":"","overlay-opacity":"","overlay-gradient":""}},"footnotes":""},"class_list":["post-1471","page","type-page","status-publish","hentry"],"post_mailing_queue_ids":[],"_links":{"self":[{"href":"https:\/\/agora.xtec.cat\/escolaantina\/wp-json\/wp\/v2\/pages\/1471","targetHints":{"allow":["GET"]}}],"collection":[{"href":"https:\/\/agora.xtec.cat\/escolaantina\/wp-json\/wp\/v2\/pages"}],"about":[{"href":"https:\/\/agora.xtec.cat\/escolaantina\/wp-json\/wp\/v2\/types\/page"}],"author":[{"embeddable":true,"href":"https:\/\/agora.xtec.cat\/escolaantina\/wp-json\/wp\/v2\/users\/1"}],"replies":[{"embeddable":true,"href":"https:\/\/agora.xtec.cat\/escolaantina\/wp-json\/wp\/v2\/comments?post=1471"}],"version-history":[{"count":5,"href":"https:\/\/agora.xtec.cat\/escolaantina\/wp-json\/wp\/v2\/pages\/1471\/revisions"}],"predecessor-version":[{"id":1486,"href":"https:\/\/agora.xtec.cat\/escolaantina\/wp-json\/wp\/v2\/pages\/1471\/revisions\/1486"}],"up":[{"embeddable":true,"href":"https:\/\/agora.xtec.cat\/escolaantina\/wp-json\/wp\/v2\/pages\/22"}],"wp:attachment":[{"href":"https:\/\/agora.xtec.cat\/escolaantina\/wp-json\/wp\/v2\/media?parent=1471"}],"curies":[{"name":"wp","href":"https:\/\/api.w.org\/{rel}","templated":true}]}}