{"id":1455,"date":"2025-06-12T12:39:08","date_gmt":"2025-06-12T10:39:08","guid":{"rendered":"https:\/\/agora.xtec.cat\/escolaantina\/?page_id=1455"},"modified":"2025-06-12T12:39:40","modified_gmt":"2025-06-12T10:39:40","slug":"2n_art-amb-cartes","status":"publish","type":"page","link":"https:\/\/agora.xtec.cat\/escolaantina\/2n_art-amb-cartes\/","title":{"rendered":"Art amb cartes"},"content":{"rendered":"<p><span style=\"font-weight: 400;\">La proposta d\u2019Art amb cartes est\u00e0 inspirada en el projecte ExpressArt del museu MACBA.\u00a0<\/span><\/p>\n<p><span style=\"font-weight: 400;\">Es tracta d\u2019una proposta d\u2019expressi\u00f3 escrita en la qual els infants es basen en les cartes de la baralla espanyola per a imaginar i crear contes. Dins d\u2019aquest treball, es treballa l\u2019\u00e0mbit ling\u00fc\u00edstic per\u00f2 tamb\u00e9 l\u2019art\u00edstic al dissenyar l\u2019escenari perfecte per a la seva hist\u00f2ria.<\/span><\/p>\n<p>\u00c9s essencial aix\u00ed, descobrir primer l&#8217;estructura d&#8217;un conte i tots els elements que el caracteritzen. Tamb\u00e9, descobrim connectors per a poder connectar totes les nostres idees! Ara b\u00e9, la part preferida dels infants \u00e9s quan hem de retallar les cartes per a recrear una escena del conte, amb l&#8217;escenari imaginat de fons.<\/p>\n<p><a href=\"https:\/\/agora.xtec.cat\/escolaantina\/wp-content\/uploads\/usu3027\/2025\/06\/Screenshot_20230703-215652_Instagram.jpg\"><img loading=\"lazy\" decoding=\"async\" class=\"alignnone wp-image-1456\" src=\"https:\/\/agora.xtec.cat\/escolaantina\/wp-content\/uploads\/usu3027\/2025\/06\/Screenshot_20230703-215652_Instagram.jpg\" alt=\"\" width=\"607\" height=\"539\" srcset=\"https:\/\/agora.xtec.cat\/escolaantina\/wp-content\/uploads\/usu3027\/2025\/06\/Screenshot_20230703-215652_Instagram.jpg 1080w, https:\/\/agora.xtec.cat\/escolaantina\/wp-content\/uploads\/usu3027\/2025\/06\/Screenshot_20230703-215652_Instagram-300x266.jpg 300w, https:\/\/agora.xtec.cat\/escolaantina\/wp-content\/uploads\/usu3027\/2025\/06\/Screenshot_20230703-215652_Instagram-1024x909.jpg 1024w, https:\/\/agora.xtec.cat\/escolaantina\/wp-content\/uploads\/usu3027\/2025\/06\/Screenshot_20230703-215652_Instagram-768x682.jpg 768w\" sizes=\"auto, (max-width: 607px) 100vw, 607px\" \/><\/a><\/p>\n","protected":false},"excerpt":{"rendered":"<p>La proposta d\u2019Art amb cartes est\u00e0 inspirada en el projecte ExpressArt del museu MACBA.\u00a0 Es tracta d\u2019una proposta d\u2019expressi\u00f3 escrita [&hellip;]<\/p>\n","protected":false},"author":1,"featured_media":0,"parent":0,"menu_order":0,"comment_status":"closed","ping_status":"closed","template":"","meta":{"_bbp_topic_count":0,"_bbp_reply_count":0,"_bbp_total_topic_count":0,"_bbp_total_reply_count":0,"_bbp_voice_count":0,"_bbp_anonymous_reply_count":0,"_bbp_topic_count_hidden":0,"_bbp_reply_count_hidden":0,"_bbp_forum_subforum_count":0,"site-sidebar-layout":"default","site-content-layout":"","ast-site-content-layout":"default","site-content-style":"default","site-sidebar-style":"default","ast-global-header-display":"","ast-banner-title-visibility":"","ast-main-header-display":"","ast-hfb-above-header-display":"","ast-hfb-below-header-display":"","ast-hfb-mobile-header-display":"","site-post-title":"","ast-breadcrumbs-content":"","ast-featured-img":"","footer-sml-layout":"","theme-transparent-header-meta":"default","adv-header-id-meta":"","stick-header-meta":"","header-above-stick-meta":"","header-main-stick-meta":"","header-below-stick-meta":"","astra-migrate-meta-layouts":"set","ast-page-background-enabled":"default","ast-page-background-meta":{"desktop":{"background-color":"var(--ast-global-color-4)","background-image":"","background-repeat":"repeat","background-position":"center center","background-size":"auto","background-attachment":"scroll","background-type":"","background-media":"","overlay-type":"","overlay-color":"","overlay-opacity":"","overlay-gradient":""},"tablet":{"background-color":"","background-image":"","background-repeat":"repeat","background-position":"center center","background-size":"auto","background-attachment":"scroll","background-type":"","background-media":"","overlay-type":"","overlay-color":"","overlay-opacity":"","overlay-gradient":""},"mobile":{"background-color":"","background-image":"","background-repeat":"repeat","background-position":"center center","background-size":"auto","background-attachment":"scroll","background-type":"","background-media":"","overlay-type":"","overlay-color":"","overlay-opacity":"","overlay-gradient":""}},"ast-content-background-meta":{"desktop":{"background-color":"var(--ast-global-color-5)","background-image":"","background-repeat":"repeat","background-position":"center center","background-size":"auto","background-attachment":"scroll","background-type":"","background-media":"","overlay-type":"","overlay-color":"","overlay-opacity":"","overlay-gradient":""},"tablet":{"background-color":"var(--ast-global-color-5)","background-image":"","background-repeat":"repeat","background-position":"center center","background-size":"auto","background-attachment":"scroll","background-type":"","background-media":"","overlay-type":"","overlay-color":"","overlay-opacity":"","overlay-gradient":""},"mobile":{"background-color":"var(--ast-global-color-5)","background-image":"","background-repeat":"repeat","background-position":"center center","background-size":"auto","background-attachment":"scroll","background-type":"","background-media":"","overlay-type":"","overlay-color":"","overlay-opacity":"","overlay-gradient":""}},"footnotes":""},"class_list":["post-1455","page","type-page","status-publish","hentry"],"post_mailing_queue_ids":[],"_links":{"self":[{"href":"https:\/\/agora.xtec.cat\/escolaantina\/wp-json\/wp\/v2\/pages\/1455","targetHints":{"allow":["GET"]}}],"collection":[{"href":"https:\/\/agora.xtec.cat\/escolaantina\/wp-json\/wp\/v2\/pages"}],"about":[{"href":"https:\/\/agora.xtec.cat\/escolaantina\/wp-json\/wp\/v2\/types\/page"}],"author":[{"embeddable":true,"href":"https:\/\/agora.xtec.cat\/escolaantina\/wp-json\/wp\/v2\/users\/1"}],"replies":[{"embeddable":true,"href":"https:\/\/agora.xtec.cat\/escolaantina\/wp-json\/wp\/v2\/comments?post=1455"}],"version-history":[{"count":2,"href":"https:\/\/agora.xtec.cat\/escolaantina\/wp-json\/wp\/v2\/pages\/1455\/revisions"}],"predecessor-version":[{"id":1458,"href":"https:\/\/agora.xtec.cat\/escolaantina\/wp-json\/wp\/v2\/pages\/1455\/revisions\/1458"}],"wp:attachment":[{"href":"https:\/\/agora.xtec.cat\/escolaantina\/wp-json\/wp\/v2\/media?parent=1455"}],"curies":[{"name":"wp","href":"https:\/\/api.w.org\/{rel}","templated":true}]}}