{"id":1152,"date":"2025-03-12T10:05:52","date_gmt":"2025-03-12T09:05:52","guid":{"rendered":"https:\/\/agora.xtec.cat\/escolaantina\/?page_id=1152"},"modified":"2026-02-11T14:42:35","modified_gmt":"2026-02-11T13:42:35","slug":"informacio-preinscripcio-2025-2026","status":"publish","type":"page","link":"https:\/\/agora.xtec.cat\/escolaantina\/secretaria\/preinscripcio\/informacio-preinscripcio-2025-2026\/","title":{"rendered":"Informaci\u00f3 preinscripci\u00f3 2026-2027"},"content":{"rendered":"<p style=\"font-weight: 400;\">El procediment de preinscripci\u00f3 per al curs 2026-2027 estar\u00e0 obert del 4 al 18 de mar\u00e7 (ambd\u00f3s inclosos). Recordeu que totes les sol\u00b7licituds presentades fora de termini perdran tota la puntuaci\u00f3 obtinguda en el barem.<\/p>\n<p style=\"font-weight: 400;\">De la mateixa manera, no podeu presentar m\u00e9s d\u2019una sol\u00b7licitud. Si en presenteu m\u00e9s d\u2019una perdreu tots els drets de prioritat que us puguin correspondre.<\/p>\n<p style=\"font-weight: 400;\">S\u2019han de preinscriure els nens i nenes que no estan matriculats actualment al nostre centre. Aquest per\u00edode est\u00e0 indicat pels infants nascuts l&#8217;any 2023 i que el curs vinent escolar, comen\u00e7aran I3, aix\u00ed com la resta de nens i nenes que vulguin canviar de centre.<\/p>\n<p style=\"font-weight: 400;\">Totes les sol\u00b7licituds s\u2019han de presentar telem\u00e0ticament. A l\u2019escola no es podr\u00e0 presentar cap mena de documentaci\u00f3 en paper.<\/p>\n<p style=\"font-weight: 400;\">La sol\u00b7licitud la podreu realitzar, a partir del dia 4 de mar\u00e7, des del seg\u00fcent web:<\/p>\n<p style=\"font-weight: 400;\"><a href=\"https:\/\/preinscripcio.gencat.cat\/ca\/inici\">https:\/\/preinscripcio.gencat.cat\/ca\/inici<\/a><\/p>\n<p style=\"font-weight: 400;\"><strong>Quins s\u00f3n els criteris que puntuen?<\/strong><\/p>\n<p style=\"font-weight: 400;\"><u>Criteris generals<\/u><\/p>\n<ul style=\"font-weight: 400;\">\n<li>Si hi ha germans o germanes escolaritzats\/ades al centre,\u00a0<strong>50 punts<\/strong>.<\/li>\n<\/ul>\n<ul style=\"font-weight: 400;\">\n<li>Per proximitat del domicili o del lloc de treball al centre sol\u00b7licitat, en primer lloc:<\/li>\n<\/ul>\n<ul style=\"font-weight: 400;\">\n<li style=\"list-style-type: none;\">\n<ul>\n<li>Domicili a l\u2019\u00e0rea de proximitat del centre,\u00a0<strong>30 punts<\/strong>.<\/li>\n<li>Lloc de treball a l\u2019\u00e0rea de proximitat del centre,\u00a0<strong>20 punts<\/strong>.<\/li>\n<li>Domicili al mateix municipi del centre,\u00a0<strong>10 punts<\/strong>.<\/li>\n<\/ul>\n<\/li>\n<\/ul>\n<ul style=\"font-weight: 400;\">\n<li>Si el pare, mare, tutor o tutora legal reben l\u2019ajut de la renda garantida de ciutadania,\u00a0<strong>15 punts<\/strong>.<\/li>\n<\/ul>\n<p style=\"font-weight: 400;\"><u>Criteris complementaris (en cas d\u2019empat)<\/u><\/p>\n<p style=\"font-weight: 400;\">&#8211; Per discapacitat igual o superior al 33% de l\u2019alumne o alumna o d\u2019un familiar de primer grau, 15 punts.<\/p>\n<p style=\"font-weight: 400;\">&#8211; Quan el pare o mare o tutor\/a legal treballa en el centre, en el moment de presentar la sol\u00b7licitud de preinscripci\u00f3, 10 punts.<\/p>\n<p style=\"font-weight: 400;\">&#8211; Pel fet de formar part d\u2019una fam\u00edlia nombrosa, 10 punts.<\/p>\n<p style=\"font-weight: 400;\">&#8211; Pel fet de formar part d\u2019una fam\u00edlia monoparental, 10 punts.<\/p>\n<p style=\"font-weight: 400;\">&#8211; Pel fet que l\u2019alumne\/a hagi nascut en un part m\u00faltiple, 10 punts.<\/p>\n<p style=\"font-weight: 400;\">&#8211; Pel fet que l\u2019alumne\/a es trobi en situaci\u00f3 d\u2019acolliment familiar, 10 punts.<\/p>\n<p style=\"font-weight: 400;\">&#8211; Quan s\u2019acrediti la condici\u00f3 de v\u00edctima de viol\u00e8ncia de g\u00e8nere o terrorisme, 10 punts.<\/p>\n<p>&nbsp;<\/p>\n<p style=\"font-weight: 400;\"><strong>Quina documentaci\u00f3 s\u2019ha de presentar?<\/strong><\/p>\n<p style=\"font-weight: 400;\">Per un costat, hi ha una documentaci\u00f3 obligat\u00f2ria que s\u2019ha de presentar i acreditar en totes les sol\u00b7licituds:<\/p>\n<ul>\n<li style=\"font-weight: 400;\">Acreditar la identitat de la persona que fa la sol\u00b7licitud: DNI, NIE, o Passaport. Per les persones estrangeres comunit\u00e0ries, el document d\u2019identitat del pa\u00eds d\u2019origen.<\/li>\n<li style=\"font-weight: 400;\">Acreditar la filiaci\u00f3 de l\u2019alumne\/a. Normalment amb el llibre de fam\u00edlia, tot i que serveix altra documentaci\u00f3 oficial.<\/li>\n<li style=\"font-weight: 400;\">DNI de l\u2019alumne\/a, si en t\u00e9.<\/li>\n<\/ul>\n<p style=\"font-weight: 400;\">I, per altra banda, caldr\u00e0 acreditar que compliu els criteris complementaris que al\u00b7legueu.<\/p>\n<p style=\"font-weight: 400;\">Quan accediu a fer la sol\u00b7licitud de preinscripci\u00f3 veureu que hi ha dues maneres:<\/p>\n<ul>\n<li style=\"font-weight: 400;\">Sol\u00b7licitud de preinscripci\u00f3 electr\u00f2nica.<\/li>\n<li style=\"font-weight: 400;\">Sol\u00b7licitud de preinscripci\u00f3 en suport inform\u00e0tic.<\/li>\n<\/ul>\n<p style=\"font-weight: 400;\">La difer\u00e8ncia entre una i altra, a grans trets, \u00e9s que la sol\u00b7licitud electr\u00f2nica la podran fer aquelles persones que puguin identificar-se electr\u00f2nicament: sigui amb certificat digital, amb DNI electr\u00f2nic, amb IdeCAT m\u00f2bil o amb Cl@ve.<\/p>\n<p style=\"font-weight: 400;\">Les persones que no en tinguin hauran de fer la sol\u00b7licitud en suport inform\u00e0tic.<\/p>\n<p style=\"font-weight: 400;\">Per tant, les persones que facin la sol\u00b7licitud electr\u00f2nica no hauran de presentar el DNI, ja que ja acrediten la seva identitat digitalment.<\/p>\n<p style=\"font-weight: 400;\">Per altra banda, tothom haur\u00e0 de presentar el llibre de fam\u00edlia, o altra documentaci\u00f3 que acrediti la filiaci\u00f3, excepte per les sol\u00b7licituds electr\u00f2niques d\u2019alumnes que hagin estat matriculats a un altre centre de Catalunya.<\/p>\n<p style=\"font-weight: 400;\">Per acreditar el domicili, la discapacitat i la fam\u00edlia nombrosa o monoparental, en principi tampoc caldr\u00e0 aportar c\u00f2pia de la documentaci\u00f3, ja que l\u2019aplicaci\u00f3 realitzar\u00e0 la comprovaci\u00f3 autom\u00e0ticament realitzant una consulta interadministrativa.<\/p>\n","protected":false},"excerpt":{"rendered":"<p>El procediment de preinscripci\u00f3 per al curs 2026-2027 estar\u00e0 obert del 4 al 18 de mar\u00e7 (ambd\u00f3s inclosos). Recordeu que [&hellip;]<\/p>\n","protected":false},"author":1,"featured_media":0,"parent":1142,"menu_order":1,"comment_status":"closed","ping_status":"closed","template":"","meta":{"_bbp_topic_count":0,"_bbp_reply_count":0,"_bbp_total_topic_count":0,"_bbp_total_reply_count":0,"_bbp_voice_count":0,"_bbp_anonymous_reply_count":0,"_bbp_topic_count_hidden":0,"_bbp_reply_count_hidden":0,"_bbp_forum_subforum_count":0,"site-sidebar-layout":"default","site-content-layout":"","ast-site-content-layout":"default","site-content-style":"default","site-sidebar-style":"default","ast-global-header-display":"","ast-banner-title-visibility":"","ast-main-header-display":"","ast-hfb-above-header-display":"","ast-hfb-below-header-display":"","ast-hfb-mobile-header-display":"","site-post-title":"","ast-breadcrumbs-content":"","ast-featured-img":"","footer-sml-layout":"","theme-transparent-header-meta":"default","adv-header-id-meta":"","stick-header-meta":"","header-above-stick-meta":"","header-main-stick-meta":"","header-below-stick-meta":"","astra-migrate-meta-layouts":"set","ast-page-background-enabled":"default","ast-page-background-meta":{"desktop":{"background-color":"var(--ast-global-color-4)","background-image":"","background-repeat":"repeat","background-position":"center center","background-size":"auto","background-attachment":"scroll","background-type":"","background-media":"","overlay-type":"","overlay-color":"","overlay-opacity":"","overlay-gradient":""},"tablet":{"background-color":"","background-image":"","background-repeat":"repeat","background-position":"center center","background-size":"auto","background-attachment":"scroll","background-type":"","background-media":"","overlay-type":"","overlay-color":"","overlay-opacity":"","overlay-gradient":""},"mobile":{"background-color":"","background-image":"","background-repeat":"repeat","background-position":"center center","background-size":"auto","background-attachment":"scroll","background-type":"","background-media":"","overlay-type":"","overlay-color":"","overlay-opacity":"","overlay-gradient":""}},"ast-content-background-meta":{"desktop":{"background-color":"var(--ast-global-color-5)","background-image":"","background-repeat":"repeat","background-position":"center center","background-size":"auto","background-attachment":"scroll","background-type":"","background-media":"","overlay-type":"","overlay-color":"","overlay-opacity":"","overlay-gradient":""},"tablet":{"background-color":"var(--ast-global-color-5)","background-image":"","background-repeat":"repeat","background-position":"center center","background-size":"auto","background-attachment":"scroll","background-type":"","background-media":"","overlay-type":"","overlay-color":"","overlay-opacity":"","overlay-gradient":""},"mobile":{"background-color":"var(--ast-global-color-5)","background-image":"","background-repeat":"repeat","background-position":"center center","background-size":"auto","background-attachment":"scroll","background-type":"","background-media":"","overlay-type":"","overlay-color":"","overlay-opacity":"","overlay-gradient":""}},"footnotes":""},"class_list":["post-1152","page","type-page","status-publish","hentry"],"post_mailing_queue_ids":[],"_links":{"self":[{"href":"https:\/\/agora.xtec.cat\/escolaantina\/wp-json\/wp\/v2\/pages\/1152","targetHints":{"allow":["GET"]}}],"collection":[{"href":"https:\/\/agora.xtec.cat\/escolaantina\/wp-json\/wp\/v2\/pages"}],"about":[{"href":"https:\/\/agora.xtec.cat\/escolaantina\/wp-json\/wp\/v2\/types\/page"}],"author":[{"embeddable":true,"href":"https:\/\/agora.xtec.cat\/escolaantina\/wp-json\/wp\/v2\/users\/1"}],"replies":[{"embeddable":true,"href":"https:\/\/agora.xtec.cat\/escolaantina\/wp-json\/wp\/v2\/comments?post=1152"}],"version-history":[{"count":2,"href":"https:\/\/agora.xtec.cat\/escolaantina\/wp-json\/wp\/v2\/pages\/1152\/revisions"}],"predecessor-version":[{"id":1785,"href":"https:\/\/agora.xtec.cat\/escolaantina\/wp-json\/wp\/v2\/pages\/1152\/revisions\/1785"}],"up":[{"embeddable":true,"href":"https:\/\/agora.xtec.cat\/escolaantina\/wp-json\/wp\/v2\/pages\/1142"}],"wp:attachment":[{"href":"https:\/\/agora.xtec.cat\/escolaantina\/wp-json\/wp\/v2\/media?parent=1152"}],"curies":[{"name":"wp","href":"https:\/\/api.w.org\/{rel}","templated":true}]}}