{"id":1133,"date":"2025-03-12T09:11:10","date_gmt":"2025-03-12T08:11:10","guid":{"rendered":"https:\/\/agora.xtec.cat\/escolaantina\/?page_id=1133"},"modified":"2025-03-19T09:35:04","modified_gmt":"2025-03-19T08:35:04","slug":"pojectes-educacio-musical","status":"publish","type":"page","link":"https:\/\/agora.xtec.cat\/escolaantina\/projectes\/pojectes-educacio-musical\/","title":{"rendered":"Projectes d&#8217;Educaci\u00f3 Musical"},"content":{"rendered":"<p><b>CARILLONADA PO\u00c8TICA (1r i 6\u00e8)<\/b><\/p>\n<p><span style=\"font-weight: 400;\">La \u201cCarillonada po\u00e8tica\u201d \u00e9s un projecte entre l\u2019alumnat de 1r i de 6\u00e8, coincidint amb els grups de padrins\/es i fillols\/es. En aquest projecte la poesia i els carillons en s\u00f3n els protagonistes.<\/span><\/p>\n<p><span style=\"font-weight: 400;\">La quitxalla de 1r canta poemes mentre els m\u00e9s grans de l\u2019escola els acompanyen tocant el carill\u00f3. Tota una posada en escena, on una breu hist\u00f2ria es converteix en el fil conductor d&#8217;aquest espectacle i on els poemes musicats tamb\u00e9 s\u00f3n recitats pels infants de 1r.<\/span><\/p>\n<p><span style=\"font-weight: 400;\">L\u2019actuaci\u00f3 esdev\u00e9 tota una del\u00edcia per qui l\u2019escolta.<\/span><\/p>\n<p>&nbsp;<\/p>\n<p><b>SORTIDA CONCERT A BARCELONA (2n)<\/b><\/p>\n<p><span style=\"font-weight: 400;\">Cada curs, l\u2019alumnat de 2n fa la seva sortida l\u00fadico-cultural en un dels edificis m\u00e9s emblem\u00e0tics a Barcelona per fer-hi concerts de m\u00fasica, com el Liceu o l\u2019Auditori. Cada any va variant el lloc.\u00a0<\/span><\/p>\n<p><span style=\"font-weight: 400;\">All\u00ed, l\u2019alumnat hi va a escoltar un concert que tamb\u00e9 va canviant cada any i que dep\u00e8n de l\u2019oferta musical de la temporada.<\/span><\/p>\n<p><span style=\"font-weight: 400;\">Aquest concert acostuma a ser participatiu i des de l\u2019\u00e0rea de m\u00fasica es prepara i treballa amb deteniment perqu\u00e8 el puguin gaudir en maj\u00fascules!<\/span><\/p>\n<p>&nbsp;<\/p>\n<p><b>CANTATES (3r i 5\u00e8)<\/b><\/p>\n<p><span style=\"font-weight: 400;\">Des de l&#8217;escola s&#8217;anima a l&#8217;alumnat de 3r i al de 5\u00e8 a participar en una cantata on tenen l&#8217;oportunitat de viure una experi\u00e8ncia musical inoblidable.<\/span><\/p>\n<p><span style=\"font-weight: 400;\">Normalment, es fan fora d\u2019horari lectiu perqu\u00e8 les fam\u00edlies puguin venir a gaudir de l\u2019actuaci\u00f3.<\/span><\/p>\n<p><span style=\"font-weight: 400;\">L&#8217;alumnat de 3r participa en la cantata \u201cLa Clika\u201d, una cantata adequada a la seva edat on canten juntament amb altres escoles dalt d\u2019un escenari amb m\u00fasics en directe. L\u2019espectacle est\u00e0 garantit tant amb les can\u00e7ons que canten com amb les coreografies que les acompanyen.<\/span><\/p>\n<p><span style=\"font-weight: 400;\">I l&#8217;alumnat de 5\u00e8 participa en una cantata de gran format que va canviant cada cert temps i que compta amb una posada en escena molt acurada per part d\u2019una companyia de teatre. Tamb\u00e9 canten amb m\u00e9s centres educatius de la zona.\u00a0<\/span><\/p>\n<p><span style=\"font-weight: 400;\">El fet que hi hagi m\u00fasics en directe i el treball de les can\u00e7ons a dues veus eleva, encara m\u00e9s, l\u2019experi\u00e8ncia musical.<\/span><\/p>\n<p>&nbsp;<\/p>\n<p><b>SORTIDA AL CAMP D\u2019APRENENTATGE PAU CASALS (4t)<\/b><\/p>\n<p><span style=\"font-weight: 400;\">El CdA Pau Casals, al Vendrell, \u00e9s l\u2019\u00fanic a Catalunya dedicat a la m\u00fasica i tenim la sort de tenir-lo ben a prop!<\/span><\/p>\n<p><span style=\"font-weight: 400;\">L\u2019alumnat de 4t cada any hi va per enregistrar una can\u00e7\u00f3 que s\u2019han estat preparant a la classe de m\u00fasica, al mateix temps que descobreixen les t\u00e8cniques i trucatges que s\u2019utilitzen en un estudi de gravaci\u00f3 professional. Aprofitant l\u2019estada tamb\u00e9 elaboren el disseny per a la portada de la can\u00e7\u00f3 i experimenten sobre la f\u00edsica del so.<\/span><\/p>\n<p><span style=\"font-weight: 400;\">Actualment, les can\u00e7ons que hi enregistrem s\u00f3n can\u00e7ons que s\u2019han composat expressament per a cadascuna de les classes d\u2019educaci\u00f3 infantil, que porten noms de flora i fauna aut\u00f2ctona dels Muntanyans, el nostre entorn m\u00e9s proper.<\/span><\/p>\n<p><span style=\"font-weight: 400;\">En definitiva, es tracta d\u2019una sortida ben completa amb un treball previ musical ben important.<\/span><\/p>\n<p>&nbsp;<\/p>\n<p><b>APRENEM A TOCAR L\u2019UKELELE (5\u00e8 i 6\u00e8)<\/b><\/p>\n<p><span style=\"font-weight: 400;\">L\u2019alumnat de Cicle Superior es nodreix de les primeres nocions sobre l\u2019aprenentatge de l\u2019ukelele (la posici\u00f3, el rascat, el puntejat i alguns acords b\u00e0sics) per tal que puguin tenir un petit coneixement musical amb un altre instrument i en puguin acabar tocant alguna pe\u00e7a senzilla.<\/span><\/p>\n<p><span style=\"font-weight: 400;\">En aquest cas, l\u2019ukelele, esdev\u00e9 un instrument molt vers\u00e0til, f\u00e0cil de transportar a qualsevol lloc i permet, a aquell qui hi mostra inter\u00e8s, continuar amb el seu aprenentatge fora de l\u2019escola.<\/span><\/p>\n","protected":false},"excerpt":{"rendered":"<p>CARILLONADA PO\u00c8TICA (1r i 6\u00e8) La \u201cCarillonada po\u00e8tica\u201d \u00e9s un projecte entre l\u2019alumnat de 1r i de 6\u00e8, coincidint amb [&hellip;]<\/p>\n","protected":false},"author":1,"featured_media":0,"parent":768,"menu_order":0,"comment_status":"closed","ping_status":"closed","template":"","meta":{"_bbp_topic_count":0,"_bbp_reply_count":0,"_bbp_total_topic_count":0,"_bbp_total_reply_count":0,"_bbp_voice_count":0,"_bbp_anonymous_reply_count":0,"_bbp_topic_count_hidden":0,"_bbp_reply_count_hidden":0,"_bbp_forum_subforum_count":0,"site-sidebar-layout":"default","site-content-layout":"","ast-site-content-layout":"default","site-content-style":"default","site-sidebar-style":"default","ast-global-header-display":"","ast-banner-title-visibility":"","ast-main-header-display":"","ast-hfb-above-header-display":"","ast-hfb-below-header-display":"","ast-hfb-mobile-header-display":"","site-post-title":"","ast-breadcrumbs-content":"","ast-featured-img":"","footer-sml-layout":"","theme-transparent-header-meta":"default","adv-header-id-meta":"","stick-header-meta":"","header-above-stick-meta":"","header-main-stick-meta":"","header-below-stick-meta":"","astra-migrate-meta-layouts":"set","ast-page-background-enabled":"default","ast-page-background-meta":{"desktop":{"background-color":"var(--ast-global-color-4)","background-image":"","background-repeat":"repeat","background-position":"center center","background-size":"auto","background-attachment":"scroll","background-type":"","background-media":"","overlay-type":"","overlay-color":"","overlay-opacity":"","overlay-gradient":""},"tablet":{"background-color":"","background-image":"","background-repeat":"repeat","background-position":"center center","background-size":"auto","background-attachment":"scroll","background-type":"","background-media":"","overlay-type":"","overlay-color":"","overlay-opacity":"","overlay-gradient":""},"mobile":{"background-color":"","background-image":"","background-repeat":"repeat","background-position":"center center","background-size":"auto","background-attachment":"scroll","background-type":"","background-media":"","overlay-type":"","overlay-color":"","overlay-opacity":"","overlay-gradient":""}},"ast-content-background-meta":{"desktop":{"background-color":"var(--ast-global-color-5)","background-image":"","background-repeat":"repeat","background-position":"center center","background-size":"auto","background-attachment":"scroll","background-type":"","background-media":"","overlay-type":"","overlay-color":"","overlay-opacity":"","overlay-gradient":""},"tablet":{"background-color":"var(--ast-global-color-5)","background-image":"","background-repeat":"repeat","background-position":"center center","background-size":"auto","background-attachment":"scroll","background-type":"","background-media":"","overlay-type":"","overlay-color":"","overlay-opacity":"","overlay-gradient":""},"mobile":{"background-color":"var(--ast-global-color-5)","background-image":"","background-repeat":"repeat","background-position":"center center","background-size":"auto","background-attachment":"scroll","background-type":"","background-media":"","overlay-type":"","overlay-color":"","overlay-opacity":"","overlay-gradient":""}},"footnotes":""},"class_list":["post-1133","page","type-page","status-publish","hentry"],"post_mailing_queue_ids":[],"_links":{"self":[{"href":"https:\/\/agora.xtec.cat\/escolaantina\/wp-json\/wp\/v2\/pages\/1133","targetHints":{"allow":["GET"]}}],"collection":[{"href":"https:\/\/agora.xtec.cat\/escolaantina\/wp-json\/wp\/v2\/pages"}],"about":[{"href":"https:\/\/agora.xtec.cat\/escolaantina\/wp-json\/wp\/v2\/types\/page"}],"author":[{"embeddable":true,"href":"https:\/\/agora.xtec.cat\/escolaantina\/wp-json\/wp\/v2\/users\/1"}],"replies":[{"embeddable":true,"href":"https:\/\/agora.xtec.cat\/escolaantina\/wp-json\/wp\/v2\/comments?post=1133"}],"version-history":[{"count":4,"href":"https:\/\/agora.xtec.cat\/escolaantina\/wp-json\/wp\/v2\/pages\/1133\/revisions"}],"predecessor-version":[{"id":1210,"href":"https:\/\/agora.xtec.cat\/escolaantina\/wp-json\/wp\/v2\/pages\/1133\/revisions\/1210"}],"up":[{"embeddable":true,"href":"https:\/\/agora.xtec.cat\/escolaantina\/wp-json\/wp\/v2\/pages\/768"}],"wp:attachment":[{"href":"https:\/\/agora.xtec.cat\/escolaantina\/wp-json\/wp\/v2\/media?parent=1133"}],"curies":[{"name":"wp","href":"https:\/\/api.w.org\/{rel}","templated":true}]}}