{"id":1074,"date":"2025-03-05T09:15:59","date_gmt":"2025-03-05T08:15:59","guid":{"rendered":"https:\/\/agora.xtec.cat\/escolaantina\/?page_id=1074"},"modified":"2025-09-03T12:49:06","modified_gmt":"2025-09-03T10:49:06","slug":"psiomotricitat","status":"publish","type":"page","link":"https:\/\/agora.xtec.cat\/escolaantina\/projectes\/psiomotricitat\/","title":{"rendered":"Psicomotricitat (I3, I4, I5 i 1r)"},"content":{"rendered":"<p><span style=\"font-weight: 400;\">La psicomotricitat \u00e9s, per a l&#8217;infant, un proc\u00e9s de descoberta de les seves possibilitats d&#8217;acci\u00f3 i interacci\u00f3 amb el m\u00f3n f\u00edsic i el social. El desenvolupament d&#8217;aquestes capacitats dependr\u00e0, en bona mesura, de les possibilitats de descoberta que se li ofereixin i de la qualitat de les mateixes.<\/span><\/p>\n<p><span style=\"font-weight: 400;\">La tasca de l&#8217;escola en l&#8217;\u00e0mbit de la psicomotricitat \u00e9s la de possibilitar espais que empenyin a l&#8217;infant a una exploraci\u00f3 lliure de les seves possibilitats d&#8217;acci\u00f3 i de relaci\u00f3 amb l&#8217;entorn, que li permetran anar-se coneixent a si mateix i, alhora, anar-se fent una representaci\u00f3 mental de la realitat que l&#8217;envolta. A m\u00e9s, aquest coneixement permetr\u00e0 que l\u2019infant vagi ajustant la seva interacci\u00f3 i les seves accions de manera m\u00e9s precisa amb la realitat que l\u2019envolta.\u00a0<\/span><\/p>\n<p><span style=\"font-weight: 400;\">En aquesta pr\u00e0ctica, el plaer sensoriomotor esdev\u00e9 un factor que afavoreix la percepci\u00f3 i construcci\u00f3 del cos, el proc\u00e9s de simbolitzaci\u00f3 i l&#8217;acc\u00e9s a la representaci\u00f3.<\/span><span style=\"font-weight: 400;\"><br \/>\n<\/span><span style=\"font-weight: 400;\">La pr\u00e0ctica t\u00e9 com a objectiu promoure l&#8217;expressi\u00f3 de totes les possibilitats motrius, emocionals, cognitives i relacionals. I el plaer psicomotriu esdev\u00e9 el motor generador de l&#8217;acci\u00f3 de l&#8217;infant.<\/span><span style=\"font-weight: 400;\"><br \/>\n<\/span><span style=\"font-weight: 400;\">A l\u2019escola comptem amb un ampli espai on els infants que es troben des d\u2019I3 a 1r de prim\u00e0ria poden experimentar amb caixes, teles, pilotes, papers, llanes, cordes, fulles, tubs, pots, bales, escumes, etc\u00e8tera. L&#8217;infant juga i explora mentre el docent analitza i acompanya, tot creant un entorn d&#8217;aprenentatge ric, actiu i vivencial.<\/span><\/p>\n","protected":false},"excerpt":{"rendered":"<p>La psicomotricitat \u00e9s, per a l&#8217;infant, un proc\u00e9s de descoberta de les seves possibilitats d&#8217;acci\u00f3 i interacci\u00f3 amb el m\u00f3n [&hellip;]<\/p>\n","protected":false},"author":1,"featured_media":0,"parent":768,"menu_order":0,"comment_status":"closed","ping_status":"closed","template":"","meta":{"_bbp_topic_count":0,"_bbp_reply_count":0,"_bbp_total_topic_count":0,"_bbp_total_reply_count":0,"_bbp_voice_count":0,"_bbp_anonymous_reply_count":0,"_bbp_topic_count_hidden":0,"_bbp_reply_count_hidden":0,"_bbp_forum_subforum_count":0,"site-sidebar-layout":"default","site-content-layout":"","ast-site-content-layout":"default","site-content-style":"default","site-sidebar-style":"default","ast-global-header-display":"","ast-banner-title-visibility":"","ast-main-header-display":"","ast-hfb-above-header-display":"","ast-hfb-below-header-display":"","ast-hfb-mobile-header-display":"","site-post-title":"","ast-breadcrumbs-content":"","ast-featured-img":"","footer-sml-layout":"","theme-transparent-header-meta":"default","adv-header-id-meta":"","stick-header-meta":"","header-above-stick-meta":"","header-main-stick-meta":"","header-below-stick-meta":"","astra-migrate-meta-layouts":"set","ast-page-background-enabled":"default","ast-page-background-meta":{"desktop":{"background-color":"var(--ast-global-color-4)","background-image":"","background-repeat":"repeat","background-position":"center center","background-size":"auto","background-attachment":"scroll","background-type":"","background-media":"","overlay-type":"","overlay-color":"","overlay-opacity":"","overlay-gradient":""},"tablet":{"background-color":"","background-image":"","background-repeat":"repeat","background-position":"center center","background-size":"auto","background-attachment":"scroll","background-type":"","background-media":"","overlay-type":"","overlay-color":"","overlay-opacity":"","overlay-gradient":""},"mobile":{"background-color":"","background-image":"","background-repeat":"repeat","background-position":"center center","background-size":"auto","background-attachment":"scroll","background-type":"","background-media":"","overlay-type":"","overlay-color":"","overlay-opacity":"","overlay-gradient":""}},"ast-content-background-meta":{"desktop":{"background-color":"var(--ast-global-color-5)","background-image":"","background-repeat":"repeat","background-position":"center center","background-size":"auto","background-attachment":"scroll","background-type":"","background-media":"","overlay-type":"","overlay-color":"","overlay-opacity":"","overlay-gradient":""},"tablet":{"background-color":"var(--ast-global-color-5)","background-image":"","background-repeat":"repeat","background-position":"center center","background-size":"auto","background-attachment":"scroll","background-type":"","background-media":"","overlay-type":"","overlay-color":"","overlay-opacity":"","overlay-gradient":""},"mobile":{"background-color":"var(--ast-global-color-5)","background-image":"","background-repeat":"repeat","background-position":"center center","background-size":"auto","background-attachment":"scroll","background-type":"","background-media":"","overlay-type":"","overlay-color":"","overlay-opacity":"","overlay-gradient":""}},"footnotes":""},"class_list":["post-1074","page","type-page","status-publish","hentry"],"post_mailing_queue_ids":[],"_links":{"self":[{"href":"https:\/\/agora.xtec.cat\/escolaantina\/wp-json\/wp\/v2\/pages\/1074","targetHints":{"allow":["GET"]}}],"collection":[{"href":"https:\/\/agora.xtec.cat\/escolaantina\/wp-json\/wp\/v2\/pages"}],"about":[{"href":"https:\/\/agora.xtec.cat\/escolaantina\/wp-json\/wp\/v2\/types\/page"}],"author":[{"embeddable":true,"href":"https:\/\/agora.xtec.cat\/escolaantina\/wp-json\/wp\/v2\/users\/1"}],"replies":[{"embeddable":true,"href":"https:\/\/agora.xtec.cat\/escolaantina\/wp-json\/wp\/v2\/comments?post=1074"}],"version-history":[{"count":4,"href":"https:\/\/agora.xtec.cat\/escolaantina\/wp-json\/wp\/v2\/pages\/1074\/revisions"}],"predecessor-version":[{"id":1503,"href":"https:\/\/agora.xtec.cat\/escolaantina\/wp-json\/wp\/v2\/pages\/1074\/revisions\/1503"}],"up":[{"embeddable":true,"href":"https:\/\/agora.xtec.cat\/escolaantina\/wp-json\/wp\/v2\/pages\/768"}],"wp:attachment":[{"href":"https:\/\/agora.xtec.cat\/escolaantina\/wp-json\/wp\/v2\/media?parent=1074"}],"curies":[{"name":"wp","href":"https:\/\/api.w.org\/{rel}","templated":true}]}}