{"id":1056,"date":"2025-02-26T10:47:14","date_gmt":"2025-02-26T09:47:14","guid":{"rendered":"https:\/\/agora.xtec.cat\/escolaantina\/?page_id=1056"},"modified":"2025-11-22T08:46:58","modified_gmt":"2025-11-22T07:46:58","slug":"diverciencia","status":"publish","type":"page","link":"https:\/\/agora.xtec.cat\/escolaantina\/projectes\/diverciencia\/","title":{"rendered":"Diverci\u00e8ncia"},"content":{"rendered":"<p><span style=\"font-weight: 400;\">Cada trimestre, tot l\u2019alumnat de l&#8217;escola participa en activitats cient\u00edfiques dissenyades per despertar la seva curiositat i fomentar l&#8217;exploraci\u00f3 de manera activa i din\u00e0mica. Amb la <\/span><i><span style=\"font-weight: 400;\">Diverci\u00e8ncia<\/span><\/i><span style=\"font-weight: 400;\">, la ci\u00e8ncia es converteix en una gran aventura, on l\u2019alumnat pot investigar, experimentar i descobrir nous coneixements a trav\u00e9s de tallers, jocs, demostracions i experiments.<\/span><\/p>\n<p><span style=\"font-weight: 400;\">Els projectes s\u00f3n dissenyats per adaptar-se a les diferents edats, interessos i necessitats de l\u2019alumnat, amb l&#8217;objectiu de mostrar-los la ci\u00e8ncia com una eina per comprendre millor el m\u00f3n que ens envolta. Des de la investigaci\u00f3 dels fen\u00f2mens naturals fins a la creaci\u00f3 de petits invents, cada trimestre hi ha una tem\u00e0tica nova que l\u2019alumnat pot explorar.\u00a0<\/span><\/p>\n<p><span style=\"font-weight: 400;\">L\u2019alumnat no nom\u00e9s apr\u00e8n sobre els continguts cient\u00edfics, sin\u00f3 que tamb\u00e9 desenvolupa habilitats clau com la resoluci\u00f3 de problemes, el treball en equip, la creativitat i el pensament cr\u00edtic. Tot aix\u00f2 mentre es diverteixen i s&#8217;emocionen amb cada nou descobriment.<\/span><\/p>\n<p>Cal destacar tamb\u00e9 l&#8217;anual Fira de la Ci\u00e8ncia en fam\u00edlia que celebrem a la nostra escola amb col\u00b7laboraci\u00f3 amb altres centres i entitats del poble.<\/p>\n<p>&nbsp;<\/p>\n<p>&nbsp;<\/p>\n","protected":false},"excerpt":{"rendered":"<p>Cada trimestre, tot l\u2019alumnat de l&#8217;escola participa en activitats cient\u00edfiques dissenyades per despertar la seva curiositat i fomentar l&#8217;exploraci\u00f3 de [&hellip;]<\/p>\n","protected":false},"author":1,"featured_media":0,"parent":768,"menu_order":0,"comment_status":"closed","ping_status":"closed","template":"","meta":{"_bbp_topic_count":0,"_bbp_reply_count":0,"_bbp_total_topic_count":0,"_bbp_total_reply_count":0,"_bbp_voice_count":0,"_bbp_anonymous_reply_count":0,"_bbp_topic_count_hidden":0,"_bbp_reply_count_hidden":0,"_bbp_forum_subforum_count":0,"site-sidebar-layout":"default","site-content-layout":"","ast-site-content-layout":"default","site-content-style":"default","site-sidebar-style":"default","ast-global-header-display":"","ast-banner-title-visibility":"","ast-main-header-display":"","ast-hfb-above-header-display":"","ast-hfb-below-header-display":"","ast-hfb-mobile-header-display":"","site-post-title":"","ast-breadcrumbs-content":"","ast-featured-img":"","footer-sml-layout":"","theme-transparent-header-meta":"default","adv-header-id-meta":"","stick-header-meta":"","header-above-stick-meta":"","header-main-stick-meta":"","header-below-stick-meta":"","astra-migrate-meta-layouts":"set","ast-page-background-enabled":"default","ast-page-background-meta":{"desktop":{"background-color":"var(--ast-global-color-4)","background-image":"","background-repeat":"repeat","background-position":"center center","background-size":"auto","background-attachment":"scroll","background-type":"","background-media":"","overlay-type":"","overlay-color":"","overlay-opacity":"","overlay-gradient":""},"tablet":{"background-color":"","background-image":"","background-repeat":"repeat","background-position":"center center","background-size":"auto","background-attachment":"scroll","background-type":"","background-media":"","overlay-type":"","overlay-color":"","overlay-opacity":"","overlay-gradient":""},"mobile":{"background-color":"","background-image":"","background-repeat":"repeat","background-position":"center center","background-size":"auto","background-attachment":"scroll","background-type":"","background-media":"","overlay-type":"","overlay-color":"","overlay-opacity":"","overlay-gradient":""}},"ast-content-background-meta":{"desktop":{"background-color":"var(--ast-global-color-5)","background-image":"","background-repeat":"repeat","background-position":"center center","background-size":"auto","background-attachment":"scroll","background-type":"","background-media":"","overlay-type":"","overlay-color":"","overlay-opacity":"","overlay-gradient":""},"tablet":{"background-color":"var(--ast-global-color-5)","background-image":"","background-repeat":"repeat","background-position":"center center","background-size":"auto","background-attachment":"scroll","background-type":"","background-media":"","overlay-type":"","overlay-color":"","overlay-opacity":"","overlay-gradient":""},"mobile":{"background-color":"var(--ast-global-color-5)","background-image":"","background-repeat":"repeat","background-position":"center center","background-size":"auto","background-attachment":"scroll","background-type":"","background-media":"","overlay-type":"","overlay-color":"","overlay-opacity":"","overlay-gradient":""}},"footnotes":""},"class_list":["post-1056","page","type-page","status-publish","hentry"],"post_mailing_queue_ids":[],"_links":{"self":[{"href":"https:\/\/agora.xtec.cat\/escolaantina\/wp-json\/wp\/v2\/pages\/1056","targetHints":{"allow":["GET"]}}],"collection":[{"href":"https:\/\/agora.xtec.cat\/escolaantina\/wp-json\/wp\/v2\/pages"}],"about":[{"href":"https:\/\/agora.xtec.cat\/escolaantina\/wp-json\/wp\/v2\/types\/page"}],"author":[{"embeddable":true,"href":"https:\/\/agora.xtec.cat\/escolaantina\/wp-json\/wp\/v2\/users\/1"}],"replies":[{"embeddable":true,"href":"https:\/\/agora.xtec.cat\/escolaantina\/wp-json\/wp\/v2\/comments?post=1056"}],"version-history":[{"count":6,"href":"https:\/\/agora.xtec.cat\/escolaantina\/wp-json\/wp\/v2\/pages\/1056\/revisions"}],"predecessor-version":[{"id":1685,"href":"https:\/\/agora.xtec.cat\/escolaantina\/wp-json\/wp\/v2\/pages\/1056\/revisions\/1685"}],"up":[{"embeddable":true,"href":"https:\/\/agora.xtec.cat\/escolaantina\/wp-json\/wp\/v2\/pages\/768"}],"wp:attachment":[{"href":"https:\/\/agora.xtec.cat\/escolaantina\/wp-json\/wp\/v2\/media?parent=1056"}],"curies":[{"name":"wp","href":"https:\/\/api.w.org\/{rel}","templated":true}]}}