{"id":1004,"date":"2025-02-26T09:35:12","date_gmt":"2025-02-26T08:35:12","guid":{"rendered":"https:\/\/agora.xtec.cat\/escolaantina\/?page_id=1004"},"modified":"2025-09-03T12:33:53","modified_gmt":"2025-09-03T10:33:53","slug":"padrins-i-padrines-de-lectura","status":"publish","type":"page","link":"https:\/\/agora.xtec.cat\/escolaantina\/projectes\/padrins-i-padrines-de-lectura\/","title":{"rendered":"Padrins i padrines de lectura (1r i 6\u00e8)"},"content":{"rendered":"<p><span style=\"font-weight: 400;\">Els alumnes de primer (fillols\/es) i de sis\u00e8 (padrins\/es) es reuneixen per passar una estona agradable compartint moments de lectura.<\/span><\/p>\n<p><span style=\"font-weight: 400;\">El progr\u00e9s dels alumnes de primer en les seves habilitats lectores \u00e9s notable, i aquesta evoluci\u00f3 genera una gran satisfacci\u00f3 entre els padrins i les padrines, els quals se\u2019n senten responsables.<\/span><\/p>\n<p><span style=\"font-weight: 400;\">Els fillols aprenen a llegir amb l\u2019atenci\u00f3 personalitzada dels seus padrins, mentre que els padrins, en llegir en veu alta per als seus fillols, aprenen a regular la seva lectura per fer-se entendre millor.<\/span><\/p>\n<p><span style=\"font-weight: 400;\">El vincle que es crea entre padrins i fillols \u00e9s la clau de l&#8217;\u00e8xit d&#8217;aquest projecte, un \u00e8xit que va molt m\u00e9s enll\u00e0 de l\u2019aprenentatge de la lectura.<\/span><\/p>\n<p><span style=\"font-weight: 400;\">Els padrins veuen cr\u00e9ixer la seva autoestima, sentint-se responsables dels seus petits fillols, mentre que els fillols guanyen seguretat personal, sabent-se protegits pel seu gran padr\u00ed\/na, especialment en aquest curs, on el pas de l\u2019etapa d\u2019infantil a prim\u00e0ria \u00e9s tot un repte.<\/span><\/p>\n<p><span style=\"font-weight: 400;\">Aquesta activitat forma part del Projecte &#8220;Biblioteca&#8221;, amb l&#8217;objectiu de fomentar la lectura entre els nostres infants, aconseguint l\u2019assoliment de dos grans objectius: desenvolupar la compet\u00e8ncia lectora i gaudir del plaer de llegir.<\/span><\/p>\n<p><span style=\"font-weight: 400;\">Es realitza una vegada a la setmana en grups redu\u00efts de parelles lectores, amb l\u2019acompanyament d&#8217;un docent a cada grup.<\/span><\/p>\n","protected":false},"excerpt":{"rendered":"<p>Els alumnes de primer (fillols\/es) i de sis\u00e8 (padrins\/es) es reuneixen per passar una estona agradable compartint moments de lectura. [&hellip;]<\/p>\n","protected":false},"author":1,"featured_media":0,"parent":768,"menu_order":0,"comment_status":"closed","ping_status":"closed","template":"","meta":{"_bbp_topic_count":0,"_bbp_reply_count":0,"_bbp_total_topic_count":0,"_bbp_total_reply_count":0,"_bbp_voice_count":0,"_bbp_anonymous_reply_count":0,"_bbp_topic_count_hidden":0,"_bbp_reply_count_hidden":0,"_bbp_forum_subforum_count":0,"site-sidebar-layout":"default","site-content-layout":"","ast-site-content-layout":"default","site-content-style":"default","site-sidebar-style":"default","ast-global-header-display":"","ast-banner-title-visibility":"","ast-main-header-display":"","ast-hfb-above-header-display":"","ast-hfb-below-header-display":"","ast-hfb-mobile-header-display":"","site-post-title":"","ast-breadcrumbs-content":"","ast-featured-img":"","footer-sml-layout":"","theme-transparent-header-meta":"default","adv-header-id-meta":"","stick-header-meta":"","header-above-stick-meta":"","header-main-stick-meta":"","header-below-stick-meta":"","astra-migrate-meta-layouts":"set","ast-page-background-enabled":"default","ast-page-background-meta":{"desktop":{"background-color":"var(--ast-global-color-4)","background-image":"","background-repeat":"repeat","background-position":"center center","background-size":"auto","background-attachment":"scroll","background-type":"","background-media":"","overlay-type":"","overlay-color":"","overlay-opacity":"","overlay-gradient":""},"tablet":{"background-color":"","background-image":"","background-repeat":"repeat","background-position":"center center","background-size":"auto","background-attachment":"scroll","background-type":"","background-media":"","overlay-type":"","overlay-color":"","overlay-opacity":"","overlay-gradient":""},"mobile":{"background-color":"","background-image":"","background-repeat":"repeat","background-position":"center center","background-size":"auto","background-attachment":"scroll","background-type":"","background-media":"","overlay-type":"","overlay-color":"","overlay-opacity":"","overlay-gradient":""}},"ast-content-background-meta":{"desktop":{"background-color":"var(--ast-global-color-5)","background-image":"","background-repeat":"repeat","background-position":"center center","background-size":"auto","background-attachment":"scroll","background-type":"","background-media":"","overlay-type":"","overlay-color":"","overlay-opacity":"","overlay-gradient":""},"tablet":{"background-color":"var(--ast-global-color-5)","background-image":"","background-repeat":"repeat","background-position":"center center","background-size":"auto","background-attachment":"scroll","background-type":"","background-media":"","overlay-type":"","overlay-color":"","overlay-opacity":"","overlay-gradient":""},"mobile":{"background-color":"var(--ast-global-color-5)","background-image":"","background-repeat":"repeat","background-position":"center center","background-size":"auto","background-attachment":"scroll","background-type":"","background-media":"","overlay-type":"","overlay-color":"","overlay-opacity":"","overlay-gradient":""}},"footnotes":""},"class_list":["post-1004","page","type-page","status-publish","hentry"],"post_mailing_queue_ids":[],"_links":{"self":[{"href":"https:\/\/agora.xtec.cat\/escolaantina\/wp-json\/wp\/v2\/pages\/1004","targetHints":{"allow":["GET"]}}],"collection":[{"href":"https:\/\/agora.xtec.cat\/escolaantina\/wp-json\/wp\/v2\/pages"}],"about":[{"href":"https:\/\/agora.xtec.cat\/escolaantina\/wp-json\/wp\/v2\/types\/page"}],"author":[{"embeddable":true,"href":"https:\/\/agora.xtec.cat\/escolaantina\/wp-json\/wp\/v2\/users\/1"}],"replies":[{"embeddable":true,"href":"https:\/\/agora.xtec.cat\/escolaantina\/wp-json\/wp\/v2\/comments?post=1004"}],"version-history":[{"count":3,"href":"https:\/\/agora.xtec.cat\/escolaantina\/wp-json\/wp\/v2\/pages\/1004\/revisions"}],"predecessor-version":[{"id":1500,"href":"https:\/\/agora.xtec.cat\/escolaantina\/wp-json\/wp\/v2\/pages\/1004\/revisions\/1500"}],"up":[{"embeddable":true,"href":"https:\/\/agora.xtec.cat\/escolaantina\/wp-json\/wp\/v2\/pages\/768"}],"wp:attachment":[{"href":"https:\/\/agora.xtec.cat\/escolaantina\/wp-json\/wp\/v2\/media?parent=1004"}],"curies":[{"name":"wp","href":"https:\/\/api.w.org\/{rel}","templated":true}]}}