{"id":746,"date":"2017-03-27T20:35:15","date_gmt":"2017-03-27T18:35:15","guid":{"rendered":"http:\/\/agora.xtec.cat\/escolaanicet\/?page_id=746"},"modified":"2017-05-29T15:40:21","modified_gmt":"2017-05-29T13:40:21","slug":"grup-de-percussio","status":"publish","type":"page","link":"https:\/\/agora.xtec.cat\/escolaanicet\/projectes\/grup-de-percussio\/","title":{"rendered":"Grup de percussi\u00f3"},"content":{"rendered":"<p>Els alumnes de cicle superior tenen l&#8217;oportunitat de fer una activitat extraescolar de percussi\u00f3. Es troben els dimecres, de les 13h a 3\/4 de 14h. Ho organitzen alguns mestres de l&#8217;escola volunt\u00e0riament.<\/p>\n<p>Ens hem fet els nostres &#8220;Cajones flamencos&#8221;. <strong><a href=\"https:\/\/goo.gl\/photos\/zKG5oSj614GWY9St6\" target=\"_blank\">AQU\u00cd<\/a><\/strong> teniu totes les fotos.<\/p>\n<p style=\"text-align: left;\">Mireu el v\u00eddeo!!!<\/p>\n<div class=\"ast-oembed-container \" style=\"height: 100%;\"><iframe loading=\"lazy\" title=\"Cajones Flamencos a l&#039;Anicet\" width=\"500\" height=\"281\" src=\"https:\/\/www.youtube.com\/embed\/LnHCUylA01g?feature=oembed\" frameborder=\"0\" allow=\"accelerometer; autoplay; clipboard-write; encrypted-media; gyroscope; picture-in-picture; web-share\" referrerpolicy=\"strict-origin-when-cross-origin\" allowfullscreen><\/iframe><\/div>\n<p style=\"text-align: left;\">\r\n\t<div class=\"slideshow_container slideshow_container_style-light\" style=\"height: 400px; \" data-slideshow-id=\"752\" data-style-name=\"style-light\" data-style-version=\"2.3.1\" >\r\n\r\n\t\t\t\t\t<div class=\"slideshow_loading_icon\"><\/div>\r\n\t\t\r\n\t\t<div class=\"slideshow_content\" style=\"display: none;\">\r\n\r\n\t\t\t<div class=\"slideshow_view\"><div class=\"slideshow_slide slideshow_slide_image\">\n        <a href=\"https:\/\/lh3.googleusercontent.com\/NnPatmFQV25gAxEyc2800JyF1PIxlixbkHHjh92JsUoNEGUf6QDef0XQ5pQTEM0NTfIoXnevvwG-87Ap-3IBLPQjw6oaF5yANZSuGMPTBK9rRVimHpLsIMLLT3l9BQLjYqONW_Ba0DJonuNq95TSRoQ4nmaQgy1VXF8FLyS42p8i83jB-pHO7p8DqZfTKMEjNnVpTWNlgCCungbYeNzTXTkVsTJCr8YacwMx8h12LtlSrQ8PlwgHmmXOVQUbrJKKAvGGaM_KNlSRHBUlZyrSgnLHM-B8VHYBjdrqrhzHMV7mnXS6uSrfUY2743lqvoUK058JPOBoDZSlSf-D54xqry9Q6213l-Fw4LRU0R8ZXy6a9xO-NyV4isXexjGs-ht9KFkGnBXu4qAK2Vk62fgkt2DU5DCVzirjJaT3Cx_LIlNSE9-XnAmnajvQNX6zpHSl8oMeIK3840ueXMzWFVkSgqraC3tDbF5NVjuMibyM-Wx9PYWJFBjR4ds_jdb08cgoCTHAC1lg8pUpxDt3_kmOypLRXJcwJH_XffuRa5XO-KHL-u9JT6YI6IQg0Pv5QuvLmQPSAOerXJjKQ6txSrOziEEhYCKvNwnvsWouagnud50wbVtOs8O03opC81Ftee7_96IKSTlpWfKWHxSMZfFj-5bodoZvmtdiX_NYm0Y1qg=w800-h600-no\" target=\"_blank\">        <img src=\"https:\/\/lh3.googleusercontent.com\/NnPatmFQV25gAxEyc2800JyF1PIxlixbkHHjh92JsUoNEGUf6QDef0XQ5pQTEM0NTfIoXnevvwG-87Ap-3IBLPQjw6oaF5yANZSuGMPTBK9rRVimHpLsIMLLT3l9BQLjYqONW_Ba0DJonuNq95TSRoQ4nmaQgy1VXF8FLyS42p8i83jB-pHO7p8DqZfTKMEjNnVpTWNlgCCungbYeNzTXTkVsTJCr8YacwMx8h12LtlSrQ8PlwgHmmXOVQUbrJKKAvGGaM_KNlSRHBUlZyrSgnLHM-B8VHYBjdrqrhzHMV7mnXS6uSrfUY2743lqvoUK058JPOBoDZSlSf-D54xqry9Q6213l-Fw4LRU0R8ZXy6a9xO-NyV4isXexjGs-ht9KFkGnBXu4qAK2Vk62fgkt2DU5DCVzirjJaT3Cx_LIlNSE9-XnAmnajvQNX6zpHSl8oMeIK3840ueXMzWFVkSgqraC3tDbF5NVjuMibyM-Wx9PYWJFBjR4ds_jdb08cgoCTHAC1lg8pUpxDt3_kmOypLRXJcwJH_XffuRa5XO-KHL-u9JT6YI6IQg0Pv5QuvLmQPSAOerXJjKQ6txSrOziEEhYCKvNwnvsWouagnud50wbVtOs8O03opC81Ftee7_96IKSTlpWfKWHxSMZfFj-5bodoZvmtdiX_NYm0Y1qg=w800-h600-no\" alt=\"\"   \/>\n        <\/a>        <div class=\"slideshow_description_box slideshow_transparent\">\n                                        <\/div>\n<\/div>\n\t\n<div style=\"clear: both;\"><\/div><\/div><div class=\"slideshow_view\"><div class=\"slideshow_slide slideshow_slide_image\">\n        <a href=\"https:\/\/lh3.googleusercontent.com\/VGT9o3syBLP4WuDVuwgK9StjLVP-EbI4tpsiMhojXRZnLzlAY_Li-GN7pwIU2GOpQHag7Lm0KyvT6GPCPhS1Gpzsk05bZguVZ93O6ogCkZX7_Hie9rrpVQ5JU_FSPQ_X-F2aYR59UGxuO-GmlI0ffdGtdITzfZzj7-cfCCRZuc4xH-oYDBmpL4PrZznDvG213EUrjBdMsP84mgYpioO4iFZbCb3P1KZVWc7HnD3ZsgXskvV7XMAVSGMQIfp6qsvfQj50Hxn63BYXLWmwzhx5FAd6PJLUo7mCKSl5NbJ6kJbP_i_RvwXDXt-OfmzHAOB0CniyZ2yQQU-rRXV-eLIMwN6SZXZgdzQHRQk7GxkPzQSr9MJcHsu3tlzqKU8aEYk8xtUdH5gKehPFQUUiwqn34xmpA7rzN3tNxGWo-XaqMrF3cuneHc1DRh9K-bQAqoHqE63nUkilqb5473RNhI3baASSqvkEyA2aOzCIo6ZkYn16GWYFpDJNbrxSsQUvjguIeEtGfCFVZhmhlwIj_NwyKVTGlph33-5X2GsWNM9D3HyyuaCyqWb1Lxx9sBvgPVkjxQnNY8_GBXfFbUnetoD2lrjwdANJiMsClCmmFr0B8XRQneJG-jaqHoDSN7ZyRVJIILcdlo8oI-BKi699EKvNmHX70w6qxaK_hFsgGNsPfA=w800-h600-no\" target=\"_blank\">        <img src=\"https:\/\/lh3.googleusercontent.com\/VGT9o3syBLP4WuDVuwgK9StjLVP-EbI4tpsiMhojXRZnLzlAY_Li-GN7pwIU2GOpQHag7Lm0KyvT6GPCPhS1Gpzsk05bZguVZ93O6ogCkZX7_Hie9rrpVQ5JU_FSPQ_X-F2aYR59UGxuO-GmlI0ffdGtdITzfZzj7-cfCCRZuc4xH-oYDBmpL4PrZznDvG213EUrjBdMsP84mgYpioO4iFZbCb3P1KZVWc7HnD3ZsgXskvV7XMAVSGMQIfp6qsvfQj50Hxn63BYXLWmwzhx5FAd6PJLUo7mCKSl5NbJ6kJbP_i_RvwXDXt-OfmzHAOB0CniyZ2yQQU-rRXV-eLIMwN6SZXZgdzQHRQk7GxkPzQSr9MJcHsu3tlzqKU8aEYk8xtUdH5gKehPFQUUiwqn34xmpA7rzN3tNxGWo-XaqMrF3cuneHc1DRh9K-bQAqoHqE63nUkilqb5473RNhI3baASSqvkEyA2aOzCIo6ZkYn16GWYFpDJNbrxSsQUvjguIeEtGfCFVZhmhlwIj_NwyKVTGlph33-5X2GsWNM9D3HyyuaCyqWb1Lxx9sBvgPVkjxQnNY8_GBXfFbUnetoD2lrjwdANJiMsClCmmFr0B8XRQneJG-jaqHoDSN7ZyRVJIILcdlo8oI-BKi699EKvNmHX70w6qxaK_hFsgGNsPfA=w800-h600-no\" alt=\"\"   \/>\n        <\/a>        <div class=\"slideshow_description_box slideshow_transparent\">\n                                        <\/div>\n<\/div>\n\t\n<div style=\"clear: both;\"><\/div><\/div><div class=\"slideshow_view\"><div class=\"slideshow_slide slideshow_slide_image\">\n        <a href=\"https:\/\/lh3.googleusercontent.com\/UHddzdZwiAP0xy07HETkx7kEyt_Q0OexPWe-DCe-7ze1QC5zRdHR8-8FdGGA09XTBJpElMTOyCVwYm9IBDYecyuDYrluVuwgTgJBpFDSNS41pqAPvEXU_rcPrg0t0ZUv8fcm49ZoAfDXAtg4BrpcFHTNyO-ZnQf85P3gwuPEOd-4H-LPPJJ2m909A8xx0pEzS8AhodKQVJWtXhABICHAiMY9Zy1CFe6P2mjQPuZTj-EUALdbdDX4gTiPny9SGkxCvCW07AY-dQf22DElxHGkuny8f-4y_gjYaH6-158P3-ydAflmnWOqMtunUrqwMtbBywUlmSR4PeQEsBO5W8S4jhs-dsq5QHr8ohhjfU9XuGe2QoMh73UTSqNi854peo2Za8IFBHKmhW7i02-8atf6wAgieg1PvKQqq9HQlrOBlaQdg-gZPuM95ntC5x74Lr5bXIO8QU1HbcfpdL71HeI5ds1RJgJq8uYLadAbN6VBw4SPJw3BjQB-R1BXy4b6rOASXkYwxIQXvY0MoWfbX5uk423pIlZ2CQ_N7R2tol7lroyiRREvMQe2VSG7yzBBFCpTqRsSqqr7fJXvyUs9VyRlXZgWbJDklIvqBX0Lvyaaob0TaWqE_jSO7b-tQn2w8wlbcvWejXz3nLblXun2fJ-uAceV-UDOqb459XDrrsA1SA=w800-h600-no\" target=\"_blank\">        <img src=\"https:\/\/lh3.googleusercontent.com\/UHddzdZwiAP0xy07HETkx7kEyt_Q0OexPWe-DCe-7ze1QC5zRdHR8-8FdGGA09XTBJpElMTOyCVwYm9IBDYecyuDYrluVuwgTgJBpFDSNS41pqAPvEXU_rcPrg0t0ZUv8fcm49ZoAfDXAtg4BrpcFHTNyO-ZnQf85P3gwuPEOd-4H-LPPJJ2m909A8xx0pEzS8AhodKQVJWtXhABICHAiMY9Zy1CFe6P2mjQPuZTj-EUALdbdDX4gTiPny9SGkxCvCW07AY-dQf22DElxHGkuny8f-4y_gjYaH6-158P3-ydAflmnWOqMtunUrqwMtbBywUlmSR4PeQEsBO5W8S4jhs-dsq5QHr8ohhjfU9XuGe2QoMh73UTSqNi854peo2Za8IFBHKmhW7i02-8atf6wAgieg1PvKQqq9HQlrOBlaQdg-gZPuM95ntC5x74Lr5bXIO8QU1HbcfpdL71HeI5ds1RJgJq8uYLadAbN6VBw4SPJw3BjQB-R1BXy4b6rOASXkYwxIQXvY0MoWfbX5uk423pIlZ2CQ_N7R2tol7lroyiRREvMQe2VSG7yzBBFCpTqRsSqqr7fJXvyUs9VyRlXZgWbJDklIvqBX0Lvyaaob0TaWqE_jSO7b-tQn2w8wlbcvWejXz3nLblXun2fJ-uAceV-UDOqb459XDrrsA1SA=w800-h600-no\" alt=\"\"   \/>\n        <\/a>        <div class=\"slideshow_description_box slideshow_transparent\">\n                                        <\/div>\n<\/div>\n\t\n<div style=\"clear: both;\"><\/div><\/div><div class=\"slideshow_view\"><div class=\"slideshow_slide slideshow_slide_image\">\n        <a href=\"https:\/\/lh3.googleusercontent.com\/gktfp2zTg2nT8KuFMM-GUMR7qezoXZrh63s5fB9roOwMTjblFIWZa2-mEvEw1DgXsVtReVDorB29q33qS96G4Ji38INzkIuS2GIarpEQwXV1-aQmWDeJuAXjlqzrRcpRZ2-GJ6zWmkIZGXVteIK8oQePaWyrV7RtiCmP-Q2wPgo3D1jRj8GsnSFh3OXTqlrBc86LTsd_B_WAjsl77Y9QgT-1jni2cvtAeC2qlkYCpp0HpmrpLr-pQIXEUGt-d8VUGz1RsXNOgwYrojjAAsDuBAb7vJWZcm-IXzmX6Lxqvj6yO3I1klO5W4pgPh1OBCcWWJAWhtuTk_W5kBFfLE-yGFjQfg8DVdQM9dPsChu_z3U2YQjRLrlZOgnMgEYKOYVLza9ghpf4TbGkU9EwwlxFTe8IEwzWzLxrlkCW7XdoTz4ORYSWPoVc2RnUQVCnwx_94dgfh2SAySDy_qVNbt5WONV7-ioJEtdUyYVGsj0C1afhQODcy130iT6RRYp5SmlS33XqHg7wPtBaCaqC1XbkuTvPYOz-nxYGsVf6pXpxKoIZNDW8GKGYFSpmrWtFGTs5kc9uXe7IAKzd1ohsEVJ5sX2uOA7fGi-Vw2S3ePLMiizQd0susWC0F_H-uLiBZfO51TA4byTfx_qxZW1pzNE6dVb3uXbt-g1g6urDkF45Dg=w800-h600-no\" target=\"_blank\">        <img src=\"https:\/\/lh3.googleusercontent.com\/gktfp2zTg2nT8KuFMM-GUMR7qezoXZrh63s5fB9roOwMTjblFIWZa2-mEvEw1DgXsVtReVDorB29q33qS96G4Ji38INzkIuS2GIarpEQwXV1-aQmWDeJuAXjlqzrRcpRZ2-GJ6zWmkIZGXVteIK8oQePaWyrV7RtiCmP-Q2wPgo3D1jRj8GsnSFh3OXTqlrBc86LTsd_B_WAjsl77Y9QgT-1jni2cvtAeC2qlkYCpp0HpmrpLr-pQIXEUGt-d8VUGz1RsXNOgwYrojjAAsDuBAb7vJWZcm-IXzmX6Lxqvj6yO3I1klO5W4pgPh1OBCcWWJAWhtuTk_W5kBFfLE-yGFjQfg8DVdQM9dPsChu_z3U2YQjRLrlZOgnMgEYKOYVLza9ghpf4TbGkU9EwwlxFTe8IEwzWzLxrlkCW7XdoTz4ORYSWPoVc2RnUQVCnwx_94dgfh2SAySDy_qVNbt5WONV7-ioJEtdUyYVGsj0C1afhQODcy130iT6RRYp5SmlS33XqHg7wPtBaCaqC1XbkuTvPYOz-nxYGsVf6pXpxKoIZNDW8GKGYFSpmrWtFGTs5kc9uXe7IAKzd1ohsEVJ5sX2uOA7fGi-Vw2S3ePLMiizQd0susWC0F_H-uLiBZfO51TA4byTfx_qxZW1pzNE6dVb3uXbt-g1g6urDkF45Dg=w800-h600-no\" alt=\"\"   \/>\n        <\/a>        <div class=\"slideshow_description_box slideshow_transparent\">\n                                        <\/div>\n<\/div>\n\t\n<div style=\"clear: both;\"><\/div><\/div><div class=\"slideshow_view\"><div class=\"slideshow_slide slideshow_slide_image\">\n        <a href=\"https:\/\/lh3.googleusercontent.com\/zPmmtkT03xN3ooZ0Bk-rdsflcoBZDwv6j8O3ulqITmD5ESjYEixjF2JIjpQ436qN5nB3Nh8lyNwj0rJUiBiiGhY0i7FRiOfJqa19j0OuXCPxt58Fk7lPxZJvJKbq_OvOI69Ciw9BeZztbgxLfR3YeMn92ZBIL_rwDjxBjWLuEJJF28wmas3WXD4JssfYaKwKdqy55GgpVHs-b-quYBFsMm0j17K4YAhaZtJbs68S7IiHZpXtwAKno1whNd_Slq0O9TPJGZ_r11gZmtfUHjOlR0rmj2aEfrg7_TtyKD3t2V7LpUWqqggwJAYoEyOWp8bVVZujiAOyqbc20FqwA4MRGRbJkKvKgtf2n7TZl5qOqz_a9teSewGwojIbowSvgGWxFfQy-1t_lfFIK-Ob9KVpz4q0sxLxGRo-MBjSSFN-mOv6bUyfQngiPjXwpjeu1sxPpdngbcgQVz0ZgYDP1teimJgJ50-2cCPGK05jfbFFAnYv5TrMmqwYC_VRk_jrtN9jxuqqIhHgfsVmjikYIEsEhBuUAvavlG3M3qLclrmEWwVvZz9anjcx7PC8kok-QskNkf-Wf9sN-jIYU_5oLakoifgGql1ZLzD16oeIEmyZ118G95JyTMdWuSdeL0OrOnjYMl9FQ0jdteerCF26fjgSiejNa82FVqoPw6vmv7kZAQ=w800-h600-no\" target=\"_blank\">        <img src=\"https:\/\/lh3.googleusercontent.com\/zPmmtkT03xN3ooZ0Bk-rdsflcoBZDwv6j8O3ulqITmD5ESjYEixjF2JIjpQ436qN5nB3Nh8lyNwj0rJUiBiiGhY0i7FRiOfJqa19j0OuXCPxt58Fk7lPxZJvJKbq_OvOI69Ciw9BeZztbgxLfR3YeMn92ZBIL_rwDjxBjWLuEJJF28wmas3WXD4JssfYaKwKdqy55GgpVHs-b-quYBFsMm0j17K4YAhaZtJbs68S7IiHZpXtwAKno1whNd_Slq0O9TPJGZ_r11gZmtfUHjOlR0rmj2aEfrg7_TtyKD3t2V7LpUWqqggwJAYoEyOWp8bVVZujiAOyqbc20FqwA4MRGRbJkKvKgtf2n7TZl5qOqz_a9teSewGwojIbowSvgGWxFfQy-1t_lfFIK-Ob9KVpz4q0sxLxGRo-MBjSSFN-mOv6bUyfQngiPjXwpjeu1sxPpdngbcgQVz0ZgYDP1teimJgJ50-2cCPGK05jfbFFAnYv5TrMmqwYC_VRk_jrtN9jxuqqIhHgfsVmjikYIEsEhBuUAvavlG3M3qLclrmEWwVvZz9anjcx7PC8kok-QskNkf-Wf9sN-jIYU_5oLakoifgGql1ZLzD16oeIEmyZ118G95JyTMdWuSdeL0OrOnjYMl9FQ0jdteerCF26fjgSiejNa82FVqoPw6vmv7kZAQ=w800-h600-no\" alt=\"\"   \/>\n        <\/a>        <div class=\"slideshow_description_box slideshow_transparent\">\n                                        <\/div>\n<\/div>\n\t\n<div style=\"clear: both;\"><\/div><\/div><div class=\"slideshow_view\"><div class=\"slideshow_slide slideshow_slide_image\">\n        <a href=\"https:\/\/lh3.googleusercontent.com\/Nh0g2kTng3xyRV16M1SOsggA5jk_Oz0x5yHcFqxeDUI0VHcxHtzjOdtW7m6dwM4MCliFOQiTMzXRVO0_PHHSJbz5wc7piXj9rz1-h8GfE31iwmtZ7HijTJuldkgcuYxgIP95NjSuMalakhGBL4h_UXZixjfCXBSiqA4bqoXgkRPK51r4hs3QUg9SJgrZ9S8Yw8k5H6Ta9Cxr4kuz5me_BraEIGJYY_UzmEItxjbv1wAt6pUu_qbX4QKxqeQ6nQsEAfayJuev60zdsVnANTo2NSewbtJ9HwT4hWvvzJo07M6ZK2ew05nDuV_FVnTjzajJnsRfQ6AhD5eeLJfiDjAC67yT8GepTeZcPJs4xzwWOd85khsB7xy7hz7XZD8ncpHj8aH04z5e1K2Cure5oodtCbwrwUfEzDYwkHXlGIfGIkO02nZQBEmxqEOwDVtbmvMoq0hEOnWLXDKRsuV5OCUx0KAipN-09PfcTVo7HEGMBhhxVXwEgvyhKFhKC9lqDyyKOpJMsuQU470hY1z05hbZMP5cXrekR0HIOVDMG_S40dDsFN_E07MnwqjXWZT-62Mm8MJXJQ5gdaYXUHj69lLEJjGOuxLXnhxNPBo226p6b-Z9KesJ5FyZcJNPWq0CPnuPdKl5V56crwebd5vAUcFrqaDkw409VxhJsz792LSDKg=w800-h600-no\" target=\"_blank\">        <img src=\"https:\/\/lh3.googleusercontent.com\/Nh0g2kTng3xyRV16M1SOsggA5jk_Oz0x5yHcFqxeDUI0VHcxHtzjOdtW7m6dwM4MCliFOQiTMzXRVO0_PHHSJbz5wc7piXj9rz1-h8GfE31iwmtZ7HijTJuldkgcuYxgIP95NjSuMalakhGBL4h_UXZixjfCXBSiqA4bqoXgkRPK51r4hs3QUg9SJgrZ9S8Yw8k5H6Ta9Cxr4kuz5me_BraEIGJYY_UzmEItxjbv1wAt6pUu_qbX4QKxqeQ6nQsEAfayJuev60zdsVnANTo2NSewbtJ9HwT4hWvvzJo07M6ZK2ew05nDuV_FVnTjzajJnsRfQ6AhD5eeLJfiDjAC67yT8GepTeZcPJs4xzwWOd85khsB7xy7hz7XZD8ncpHj8aH04z5e1K2Cure5oodtCbwrwUfEzDYwkHXlGIfGIkO02nZQBEmxqEOwDVtbmvMoq0hEOnWLXDKRsuV5OCUx0KAipN-09PfcTVo7HEGMBhhxVXwEgvyhKFhKC9lqDyyKOpJMsuQU470hY1z05hbZMP5cXrekR0HIOVDMG_S40dDsFN_E07MnwqjXWZT-62Mm8MJXJQ5gdaYXUHj69lLEJjGOuxLXnhxNPBo226p6b-Z9KesJ5FyZcJNPWq0CPnuPdKl5V56crwebd5vAUcFrqaDkw409VxhJsz792LSDKg=w800-h600-no\" alt=\"\"   \/>\n        <\/a>        <div class=\"slideshow_description_box slideshow_transparent\">\n                                        <\/div>\n<\/div>\n\t\n<div style=\"clear: both;\"><\/div><\/div>\r\n\t\t<\/div>\r\n\r\n\t\t<div class=\"slideshow_controlPanel slideshow_transparent\" style=\"display: none;\"><ul><li class=\"slideshow_togglePlay\" data-play-text=\"Visualitza\" data-pause-text=\"Pausa\"><\/li><\/ul><\/div>\r\n\r\n\t\t<div class=\"slideshow_button slideshow_previous slideshow_transparent\" role=\"button\" data-previous-text=\"Anterior\" style=\"display: none;\"><\/div>\r\n\t\t<div class=\"slideshow_button slideshow_next slideshow_transparent\" role=\"button\" data-next-text=\"Seg\u00fcent\" style=\"display: none;\"><\/div>\r\n\r\n\t\t<div class=\"slideshow_pagination\" style=\"display: none;\" data-go-to-text=\"V\u00e9s a la diapositiva\"><div class=\"slideshow_pagination_center\"><\/div><\/div>\r\n\r\n\t\t<!-- WordPress Slideshow Version 2.3.1 -->\r\n\r\n\t\t\t<\/div>\r\n\r\n<\/p>\n<p>Als alumnes del grup de percussi\u00f3 ens agrada molt el Rap, i vam tenir la sort que ens visit\u00e9s un cantant anomenat &#8220;Sunker&#8221;. Vam poder parlar amb ell i ens va explicar com feia la seva m\u00fasica. El m\u00e9s important, ens va dir, \u00e9s que si t&#8217;agrada fer una cosa, hi posis moltes ganes i hi dediquis el teu temps, i aconseguir\u00e0s aprendre a fer el que vulguis.<\/p>\n<p>Moltes gr\u00e0cies per venir!<br \/>\n<a href=\"http:\/\/blocs.xtec.cat\/anicetdepagesfigueres\/files\/2017\/05\/DSC0230.jpg\"><img loading=\"lazy\" decoding=\"async\" class=\"alignnone size-large wp-image-1145\" src=\"http:\/\/blocs.xtec.cat\/anicetdepagesfigueres\/files\/2017\/05\/DSC0230-1024x682.jpg\" alt=\"_DSC0230\" width=\"640\" height=\"426\" \/><\/a><\/p>\n","protected":false},"excerpt":{"rendered":"<p>Els alumnes de cicle superior tenen l&#8217;oportunitat de fer una activitat extraescolar de percussi\u00f3. Es troben els dimecres, de les 13h a 3\/4 de 14h. Ho organitzen alguns mestres de l&#8217;escola volunt\u00e0riament. Ens hem fet els nostres &#8220;Cajones flamencos&#8221;. AQU\u00cd teniu totes les fotos. Mireu el v\u00eddeo!!! Als alumnes del grup de percussi\u00f3 ens agrada [&hellip;]<\/p>\n","protected":false},"author":1,"featured_media":0,"parent":460,"menu_order":0,"comment_status":"closed","ping_status":"closed","template":"page-templates\/side-menu.php","meta":{"_bbp_topic_count":0,"_bbp_reply_count":0,"_bbp_total_topic_count":0,"_bbp_total_reply_count":0,"_bbp_voice_count":0,"_bbp_anonymous_reply_count":0,"_bbp_topic_count_hidden":0,"_bbp_reply_count_hidden":0,"_bbp_forum_subforum_count":0,"site-sidebar-layout":"default","site-content-layout":"","ast-site-content-layout":"","site-content-style":"default","site-sidebar-style":"default","ast-global-header-display":"","ast-banner-title-visibility":"","ast-main-header-display":"","ast-hfb-above-header-display":"","ast-hfb-below-header-display":"","ast-hfb-mobile-header-display":"","site-post-title":"","ast-breadcrumbs-content":"","ast-featured-img":"","footer-sml-layout":"","theme-transparent-header-meta":"","adv-header-id-meta":"","stick-header-meta":"","header-above-stick-meta":"","header-main-stick-meta":"","header-below-stick-meta":"","astra-migrate-meta-layouts":"default","ast-page-background-enabled":"default","ast-page-background-meta":{"desktop":{"background-color":"var(--ast-global-color-4)","background-image":"","background-repeat":"repeat","background-position":"center center","background-size":"auto","background-attachment":"scroll","background-type":"","background-media":"","overlay-type":"","overlay-color":"","overlay-opacity":"","overlay-gradient":""},"tablet":{"background-color":"","background-image":"","background-repeat":"repeat","background-position":"center center","background-size":"auto","background-attachment":"scroll","background-type":"","background-media":"","overlay-type":"","overlay-color":"","overlay-opacity":"","overlay-gradient":""},"mobile":{"background-color":"","background-image":"","background-repeat":"repeat","background-position":"center center","background-size":"auto","background-attachment":"scroll","background-type":"","background-media":"","overlay-type":"","overlay-color":"","overlay-opacity":"","overlay-gradient":""}},"ast-content-background-meta":{"desktop":{"background-color":"var(--ast-global-color-5)","background-image":"","background-repeat":"repeat","background-position":"center center","background-size":"auto","background-attachment":"scroll","background-type":"","background-media":"","overlay-type":"","overlay-color":"","overlay-opacity":"","overlay-gradient":""},"tablet":{"background-color":"var(--ast-global-color-5)","background-image":"","background-repeat":"repeat","background-position":"center center","background-size":"auto","background-attachment":"scroll","background-type":"","background-media":"","overlay-type":"","overlay-color":"","overlay-opacity":"","overlay-gradient":""},"mobile":{"background-color":"var(--ast-global-color-5)","background-image":"","background-repeat":"repeat","background-position":"center center","background-size":"auto","background-attachment":"scroll","background-type":"","background-media":"","overlay-type":"","overlay-color":"","overlay-opacity":"","overlay-gradient":""}},"footnotes":""},"class_list":["post-746","page","type-page","status-publish","hentry"],"post_mailing_queue_ids":[],"_links":{"self":[{"href":"https:\/\/agora.xtec.cat\/escolaanicet\/wp-json\/wp\/v2\/pages\/746","targetHints":{"allow":["GET"]}}],"collection":[{"href":"https:\/\/agora.xtec.cat\/escolaanicet\/wp-json\/wp\/v2\/pages"}],"about":[{"href":"https:\/\/agora.xtec.cat\/escolaanicet\/wp-json\/wp\/v2\/types\/page"}],"author":[{"embeddable":true,"href":"https:\/\/agora.xtec.cat\/escolaanicet\/wp-json\/wp\/v2\/users\/1"}],"replies":[{"embeddable":true,"href":"https:\/\/agora.xtec.cat\/escolaanicet\/wp-json\/wp\/v2\/comments?post=746"}],"version-history":[{"count":4,"href":"https:\/\/agora.xtec.cat\/escolaanicet\/wp-json\/wp\/v2\/pages\/746\/revisions"}],"predecessor-version":[{"id":764,"href":"https:\/\/agora.xtec.cat\/escolaanicet\/wp-json\/wp\/v2\/pages\/746\/revisions\/764"}],"up":[{"embeddable":true,"href":"https:\/\/agora.xtec.cat\/escolaanicet\/wp-json\/wp\/v2\/pages\/460"}],"wp:attachment":[{"href":"https:\/\/agora.xtec.cat\/escolaanicet\/wp-json\/wp\/v2\/media?parent=746"}],"curies":[{"name":"wp","href":"https:\/\/api.w.org\/{rel}","templated":true}]}}