{"id":721,"date":"2017-03-27T18:50:44","date_gmt":"2017-03-27T16:50:44","guid":{"rendered":"http:\/\/agora.xtec.cat\/escolaanicet\/?page_id=721"},"modified":"2017-03-31T18:06:27","modified_gmt":"2017-03-31T16:06:27","slug":"participacio-de-les-families","status":"publish","type":"page","link":"https:\/\/agora.xtec.cat\/escolaanicet\/families\/participacio-de-les-families\/","title":{"rendered":"Participaci\u00f3 de les fam\u00edlies"},"content":{"rendered":"<p>&nbsp;<\/p>\n<p>ACTIVITATS QUE PROPOSA L&#8217;ESCOLA PERQU\u00c8 MILLORI LA PARTICIPACI\u00d3 DE LES FAM\u00cdLIES:<\/p>\n<ul>\n<li><strong>Trobada de mestres i fam\u00edlies:<\/strong> el dilluns 5 de desembre a la tarda, es va fer una trobada per parlar d&#8217;higiene, salut i alimentaci\u00f3 amb les mares. Les mestres que ho van organitzar van ser la Montse Tresserras i l&#8217;Anna Salas. La valoraci\u00f3 va ser molt positiva.<\/li>\n<\/ul>\n<p style=\"text-align: center;\">\r\n\t<div class=\"slideshow_container slideshow_container_style-light\" style=\"height: 400px; \" data-slideshow-id=\"734\" data-style-name=\"style-light\" data-style-version=\"2.3.1\" >\r\n\r\n\t\t\t\t\t<div class=\"slideshow_loading_icon\"><\/div>\r\n\t\t\r\n\t\t<div class=\"slideshow_content\" style=\"display: none;\">\r\n\r\n\t\t\t<div class=\"slideshow_view\"><div class=\"slideshow_slide slideshow_slide_image\">\n        <a href=\"https:\/\/lh3.googleusercontent.com\/3MIJvibIFfqb-4MzGdCxSRsHr5iqUGxkvRbBu2Brjs7bccTT_xIFUXpTLI6fBRok4obZhr3U7wPMNgpiVX6XPRUyBmyW0k-Lh7tzVuOOp8OtawF7VTBl-rNmpMLpEtF9HhWZ07-Mpx_TJ_UeitTn_1vAW-MdBoFKiV8xtV-fBmHIVQVJafYnI1GrhAHqWdfr26Snh8sTxaO-7RS7KO-s5PH57WiUCpdCNBosSdNY5vQaGuPOvVPj2hf9rQNyFW26Mwb5tKQeE17niRGNzWUDKxq7hnBqv4fjMVuVCJIQRqyvyXxjkwKhwhbpxBtgDcqetYV3O3lu488612iZClv_XiXH70VfhAEkBnSJ0fWOhcdq6N-Gnksz9nhL5v57oxg5QvhHYSIGEQMWLoBGYAH6orkgJen_xcMHGwUxN8KI6X809hKFhWWR1sIg_6_EPW9SwYferqBuXfV6F4ECMdmfhmfEQv6uY_NT6tvNAljq1_o_w9DE2XtJIz28adc99NtBAm5BOzOESN9_RNBk1x4yEVj9KNLoDxaJczitTLcF4MCOMlXCF6ZHmJTWhOZYGecLe2IYK5brPDUJBHUJ3rtJ25Mby4abTeaj3CFzvCEKZ55MBOpGUK24cAZc6r5uyYGa7nKhvxMDs4Fn0edZbYixYBx1rrDeN3SgVDP0B_WHnQ=w800-h600-no\" target=\"_blank\">        <img src=\"https:\/\/lh3.googleusercontent.com\/3MIJvibIFfqb-4MzGdCxSRsHr5iqUGxkvRbBu2Brjs7bccTT_xIFUXpTLI6fBRok4obZhr3U7wPMNgpiVX6XPRUyBmyW0k-Lh7tzVuOOp8OtawF7VTBl-rNmpMLpEtF9HhWZ07-Mpx_TJ_UeitTn_1vAW-MdBoFKiV8xtV-fBmHIVQVJafYnI1GrhAHqWdfr26Snh8sTxaO-7RS7KO-s5PH57WiUCpdCNBosSdNY5vQaGuPOvVPj2hf9rQNyFW26Mwb5tKQeE17niRGNzWUDKxq7hnBqv4fjMVuVCJIQRqyvyXxjkwKhwhbpxBtgDcqetYV3O3lu488612iZClv_XiXH70VfhAEkBnSJ0fWOhcdq6N-Gnksz9nhL5v57oxg5QvhHYSIGEQMWLoBGYAH6orkgJen_xcMHGwUxN8KI6X809hKFhWWR1sIg_6_EPW9SwYferqBuXfV6F4ECMdmfhmfEQv6uY_NT6tvNAljq1_o_w9DE2XtJIz28adc99NtBAm5BOzOESN9_RNBk1x4yEVj9KNLoDxaJczitTLcF4MCOMlXCF6ZHmJTWhOZYGecLe2IYK5brPDUJBHUJ3rtJ25Mby4abTeaj3CFzvCEKZ55MBOpGUK24cAZc6r5uyYGa7nKhvxMDs4Fn0edZbYixYBx1rrDeN3SgVDP0B_WHnQ=w800-h600-no\" alt=\"\"   \/>\n        <\/a>        <div class=\"slideshow_description_box slideshow_transparent\">\n                                        <\/div>\n<\/div>\n\t\n<div style=\"clear: both;\"><\/div><\/div><div class=\"slideshow_view\"><div class=\"slideshow_slide slideshow_slide_image\">\n        <a href=\"https:\/\/lh3.googleusercontent.com\/0prdRUMoNw_HiqPGgs5HUN2jidy1Hcm6_IXQg0tonUoVygXhhSJERO2LElKhUQKee0UKgA8g7wQVotV4YEOIDAwpDKcPtcBKWDRQyKDg2STw2udVs7pL-qSHNIxcSWEmcCwWYmPsj5w5LxsEJWKZoFNxODo4FVBnsXMcIML5LsS89jUTbaxxkpThCtT5UKvAOYuWRYutdIkReR_ZkZ6vsle0D2-FkpOw-FJ4iLVWbkWV5cimfJR8tKEgHxhUaGEzseuEnfsYKWar-iboUAYTRNZG3PHGdCZhAj_7IH_YMHTgNd6kft_iURJglSc5eQig23wITHmCxFxEy8cBaBwmGWaN7KnaRdzYrqaoktIdcaW4SWS4eA_CfuyTL6fzPyUb9hbekmsb3ab0Knhe-6abAkljqX4iGIc_cmYAjUwjfjpnRYq_Nq4b8_ISEbsVtkm_-wYqUGsjMaGcFdbbW9LhejJifNzfXBdEegW1MtMUhOC2ivwMhBrx-zucrqb-laAgJfj5Sia7cgoLBdWCpB_JmE3Kjq5uRWk9PRMytf3C3uYs-0St6iFgHy7MewPrbeGtsUk5ZdnE8m3Y4q4Ax87yVBkGVRZ6L36VKYKosdmbaHQoD9ba4_iTYFgzwnWSfeWn5CBs3JcEI4T_ia_3DeoutrBP-7chRnWTlI3uxXUWzQ=w800-h600-no\" target=\"_blank\">        <img src=\"https:\/\/lh3.googleusercontent.com\/0prdRUMoNw_HiqPGgs5HUN2jidy1Hcm6_IXQg0tonUoVygXhhSJERO2LElKhUQKee0UKgA8g7wQVotV4YEOIDAwpDKcPtcBKWDRQyKDg2STw2udVs7pL-qSHNIxcSWEmcCwWYmPsj5w5LxsEJWKZoFNxODo4FVBnsXMcIML5LsS89jUTbaxxkpThCtT5UKvAOYuWRYutdIkReR_ZkZ6vsle0D2-FkpOw-FJ4iLVWbkWV5cimfJR8tKEgHxhUaGEzseuEnfsYKWar-iboUAYTRNZG3PHGdCZhAj_7IH_YMHTgNd6kft_iURJglSc5eQig23wITHmCxFxEy8cBaBwmGWaN7KnaRdzYrqaoktIdcaW4SWS4eA_CfuyTL6fzPyUb9hbekmsb3ab0Knhe-6abAkljqX4iGIc_cmYAjUwjfjpnRYq_Nq4b8_ISEbsVtkm_-wYqUGsjMaGcFdbbW9LhejJifNzfXBdEegW1MtMUhOC2ivwMhBrx-zucrqb-laAgJfj5Sia7cgoLBdWCpB_JmE3Kjq5uRWk9PRMytf3C3uYs-0St6iFgHy7MewPrbeGtsUk5ZdnE8m3Y4q4Ax87yVBkGVRZ6L36VKYKosdmbaHQoD9ba4_iTYFgzwnWSfeWn5CBs3JcEI4T_ia_3DeoutrBP-7chRnWTlI3uxXUWzQ=w800-h600-no\" alt=\"\"   \/>\n        <\/a>        <div class=\"slideshow_description_box slideshow_transparent\">\n                                        <\/div>\n<\/div>\n\t\n<div style=\"clear: both;\"><\/div><\/div><div class=\"slideshow_view\"><div class=\"slideshow_slide slideshow_slide_image\">\n        <a href=\"https:\/\/lh3.googleusercontent.com\/SwpYpK63o19ZEtxpwAWn49CyK1zLV32R7qAYJ8FoB7debmNHGep8fq9Lm8MU-EobnyivZBxPjM_lX4XAoW1UgcCYogYNhbrK6e--5pmuL_X-VGBzrPMavFMta2S5e0TcMGKEipgoQs0xxKl0acRVjMmNrcxRH1RJlaF7Bp_BBIx9KLfLAipTBmbFsNWeq_gRF9RP07uFYBECtsyh8yA4kjzNcKmqcymMXoH8wK-DiSKZ0wE1CfMTRkOFR6Q59wsdoTDnuIdyjEentIkTp7jk4WNDAeKyJK7WJv0gWaOzz_04C7Mi-4xSmoa-M0bgoW0gnWZEDHEJG9IXN5CSveY53x_RrdgA7fARrLUfZzJUnjvNBj7Gy8mlvZKUhz_Y92PZQD_0Lk25yMUkt_qVvT4t0oFwgmd0_6ogXHPqKXLlb75nFh90NcJJBwuqic2sMcSFDKnQ9myqHZ3QuaMtLakh5HkxWc4CNgT62ZHK4VuTAIWVJnNYi_d9mApc8bPKPUiC8HyqS6FbDXSooT6c9dz2JjDkIACRdNGHbny_FD2kk0DaT0_D_bYpzhCsyj4eeo2cVQrVONbinkbFL1Vg6UJrz78pzAFo34aGHtSYklDRYF9J2K8xORqxLk5Ba7PHyom0bzQGfq49mytE-jmmt_McieUghbZQlflWquB29eTI7A=w800-h600-no\" target=\"_blank\">        <img src=\"https:\/\/lh3.googleusercontent.com\/SwpYpK63o19ZEtxpwAWn49CyK1zLV32R7qAYJ8FoB7debmNHGep8fq9Lm8MU-EobnyivZBxPjM_lX4XAoW1UgcCYogYNhbrK6e--5pmuL_X-VGBzrPMavFMta2S5e0TcMGKEipgoQs0xxKl0acRVjMmNrcxRH1RJlaF7Bp_BBIx9KLfLAipTBmbFsNWeq_gRF9RP07uFYBECtsyh8yA4kjzNcKmqcymMXoH8wK-DiSKZ0wE1CfMTRkOFR6Q59wsdoTDnuIdyjEentIkTp7jk4WNDAeKyJK7WJv0gWaOzz_04C7Mi-4xSmoa-M0bgoW0gnWZEDHEJG9IXN5CSveY53x_RrdgA7fARrLUfZzJUnjvNBj7Gy8mlvZKUhz_Y92PZQD_0Lk25yMUkt_qVvT4t0oFwgmd0_6ogXHPqKXLlb75nFh90NcJJBwuqic2sMcSFDKnQ9myqHZ3QuaMtLakh5HkxWc4CNgT62ZHK4VuTAIWVJnNYi_d9mApc8bPKPUiC8HyqS6FbDXSooT6c9dz2JjDkIACRdNGHbny_FD2kk0DaT0_D_bYpzhCsyj4eeo2cVQrVONbinkbFL1Vg6UJrz78pzAFo34aGHtSYklDRYF9J2K8xORqxLk5Ba7PHyom0bzQGfq49mytE-jmmt_McieUghbZQlflWquB29eTI7A=w800-h600-no\" alt=\"\"   \/>\n        <\/a>        <div class=\"slideshow_description_box slideshow_transparent\">\n                                        <\/div>\n<\/div>\n\t\n<div style=\"clear: both;\"><\/div><\/div><div class=\"slideshow_view\"><div class=\"slideshow_slide slideshow_slide_image\">\n        <a href=\"https:\/\/lh3.googleusercontent.com\/rth-hjmR_Mw2hyDZ8aDjPNjmTGLVCJ-Cand_R2Q4XmMv2EjG0npeQ_ZY6QL7jCklrjw2CF5y2y0BfxC5apxQeQsnXZIwbZAebtW6cboEiHSYG-fzvx9frTxUV2w-moZy33zhU0gxMxHc0zN24bRiDZW0VI2kF-sdemPXwFFEWN4TEKtbtSxrTrmc3SEkdrdmbPAGAOfUx_Q4l17P83PLi6viPE9Yw4CBkv1fAWBktLYrF1fG2lw4TXaLI5ZmWM7Z_jWvctH1cOxkYhBZrL9RyhI1zb8ogF5b0HwEQxRxMqjTfLk2lYRBOYSGVrTxuNAVYMvZM6PwCtVRAxbYBSxlChbZMQyYTcfoHaQOvdWLHm4Rt8mxNFC4s_mkohL0Xp_f9EvB01h_Yod9Vr78TyJZ7WcZfphkUBcS7ZbpiOuMAgD-yadWzNumZb7MzVgHNzQMSsoW9W8Q2XukGmriVVO6P46-KbIjCr7hgg8QyqsRJURAuSEXblKQ5ANYSvLE1JuqCz_pYbuW4iwpF4cSDWHuF2WMFiE3XiCDfonn00X-CmxfAMJ_qJiFYUMeId_qBq0-B0K1_eZKWe6QzOge0LTaetv9AEkR92_gLXZTVViRk8yhLwhTOt2kIK2l5vHjxa4Dw0BhgMn3qWlHNZQ7yFLhjjBPpN4V0vj7ZsDe90Llvw=w800-h600-no\" target=\"_blank\">        <img src=\"https:\/\/lh3.googleusercontent.com\/rth-hjmR_Mw2hyDZ8aDjPNjmTGLVCJ-Cand_R2Q4XmMv2EjG0npeQ_ZY6QL7jCklrjw2CF5y2y0BfxC5apxQeQsnXZIwbZAebtW6cboEiHSYG-fzvx9frTxUV2w-moZy33zhU0gxMxHc0zN24bRiDZW0VI2kF-sdemPXwFFEWN4TEKtbtSxrTrmc3SEkdrdmbPAGAOfUx_Q4l17P83PLi6viPE9Yw4CBkv1fAWBktLYrF1fG2lw4TXaLI5ZmWM7Z_jWvctH1cOxkYhBZrL9RyhI1zb8ogF5b0HwEQxRxMqjTfLk2lYRBOYSGVrTxuNAVYMvZM6PwCtVRAxbYBSxlChbZMQyYTcfoHaQOvdWLHm4Rt8mxNFC4s_mkohL0Xp_f9EvB01h_Yod9Vr78TyJZ7WcZfphkUBcS7ZbpiOuMAgD-yadWzNumZb7MzVgHNzQMSsoW9W8Q2XukGmriVVO6P46-KbIjCr7hgg8QyqsRJURAuSEXblKQ5ANYSvLE1JuqCz_pYbuW4iwpF4cSDWHuF2WMFiE3XiCDfonn00X-CmxfAMJ_qJiFYUMeId_qBq0-B0K1_eZKWe6QzOge0LTaetv9AEkR92_gLXZTVViRk8yhLwhTOt2kIK2l5vHjxa4Dw0BhgMn3qWlHNZQ7yFLhjjBPpN4V0vj7ZsDe90Llvw=w800-h600-no\" alt=\"\"   \/>\n        <\/a>        <div class=\"slideshow_description_box slideshow_transparent\">\n                                        <\/div>\n<\/div>\n\t\n<div style=\"clear: both;\"><\/div><\/div><div class=\"slideshow_view\"><div class=\"slideshow_slide slideshow_slide_image\">\n        <a href=\"https:\/\/lh3.googleusercontent.com\/2pSc-0hbgmRmE5FGq6f8LzUbzdVooAy42g7xmVK3UXUrJAZooTzotbw537Zs3slJOeWbFgTF-ldvI3vL1ehoBT6O60oAzpilNVTnd2l0UOKxc50VzuUgsXXoYGyJ0IBULiK2Z1doVwvPDE4qKELGlDoFt5WBorVO22y7r6KU0oUdrGGxNrKM_wHk-5AeO08Tdy2O_l2z7lAGHE-UUvKQS6Jv4GVHCAjab6LsAIcoodOK4SqzCWtx1RCwbRG8fNFfkv2pmY89sBG4Vr1m3XMgf4MfVbkH9tgJPL-d5Bj2g4X_xM_Z9ywQ5WuUL97a9GnLOkpgWGx_EpgVfPFCJskKRdPuGw5_tuA0ZhHBR0EtLfmSuAhG7XDAvlDWDT8pXzY8gdIIkLFh1CXw3PU8vC3z-NqEYjRcpnpRYogmnU6wFA1701JfPHEkIAKO2z2LX6joqeQcX1hX7N8-AjSx31vfWrEXFQ0QnHEd6bRLtOD0D27t4B4LHH2UtUgHj3cT3-osZ9K169c2mDUQQ9HRiCiyUZBqpNTnV4OrmeqKs02VqVLExBuowKCSuSJy1U3CzWY4KyUvmGmjFR8Y8M0q4zwIF5wbkKfFjArbV43GdclLTNhynKtGwTGzOZRUN_GEZhlVOJRUUbDy6f453mYT45wz-NT4p6klO4Lz-1elu2zv4Q=w800-h600-no\" target=\"_blank\">        <img src=\"https:\/\/lh3.googleusercontent.com\/2pSc-0hbgmRmE5FGq6f8LzUbzdVooAy42g7xmVK3UXUrJAZooTzotbw537Zs3slJOeWbFgTF-ldvI3vL1ehoBT6O60oAzpilNVTnd2l0UOKxc50VzuUgsXXoYGyJ0IBULiK2Z1doVwvPDE4qKELGlDoFt5WBorVO22y7r6KU0oUdrGGxNrKM_wHk-5AeO08Tdy2O_l2z7lAGHE-UUvKQS6Jv4GVHCAjab6LsAIcoodOK4SqzCWtx1RCwbRG8fNFfkv2pmY89sBG4Vr1m3XMgf4MfVbkH9tgJPL-d5Bj2g4X_xM_Z9ywQ5WuUL97a9GnLOkpgWGx_EpgVfPFCJskKRdPuGw5_tuA0ZhHBR0EtLfmSuAhG7XDAvlDWDT8pXzY8gdIIkLFh1CXw3PU8vC3z-NqEYjRcpnpRYogmnU6wFA1701JfPHEkIAKO2z2LX6joqeQcX1hX7N8-AjSx31vfWrEXFQ0QnHEd6bRLtOD0D27t4B4LHH2UtUgHj3cT3-osZ9K169c2mDUQQ9HRiCiyUZBqpNTnV4OrmeqKs02VqVLExBuowKCSuSJy1U3CzWY4KyUvmGmjFR8Y8M0q4zwIF5wbkKfFjArbV43GdclLTNhynKtGwTGzOZRUN_GEZhlVOJRUUbDy6f453mYT45wz-NT4p6klO4Lz-1elu2zv4Q=w800-h600-no\" alt=\"\"   \/>\n        <\/a>        <div class=\"slideshow_description_box slideshow_transparent\">\n                                        <\/div>\n<\/div>\n\t\n<div style=\"clear: both;\"><\/div><\/div>\r\n\t\t<\/div>\r\n\r\n\t\t<div class=\"slideshow_controlPanel slideshow_transparent\" style=\"display: none;\"><ul><li class=\"slideshow_togglePlay\" data-play-text=\"Visualitza\" data-pause-text=\"Pausa\"><\/li><\/ul><\/div>\r\n\r\n\t\t<div class=\"slideshow_button slideshow_previous slideshow_transparent\" role=\"button\" data-previous-text=\"Anterior\" style=\"display: none;\"><\/div>\r\n\t\t<div class=\"slideshow_button slideshow_next slideshow_transparent\" role=\"button\" data-next-text=\"Seg\u00fcent\" style=\"display: none;\"><\/div>\r\n\r\n\t\t<div class=\"slideshow_pagination\" style=\"display: none;\" data-go-to-text=\"V\u00e9s a la diapositiva\"><div class=\"slideshow_pagination_center\"><\/div><\/div>\r\n\r\n\t\t<!-- WordPress Slideshow Version 2.3.1 -->\r\n\r\n\t\t\t<\/div>\r\n\r\n<\/p>\n<ul>\n<li><strong>Grup d&#8217;habilitats parentals:<\/strong> cada dijous, de 9h a 11h, es troben un grup de mares amb la treballadora social de l&#8217;EAP, l&#8217;educadora de serveis socials de l&#8217;ajuntament, la cap d&#8217;estudis i la coordinadora d&#8217;infantil per desenvolupar en les mares aquelles habilitats que els fan falta per educar els seus fills. <em>Aquesta activitat ha comen\u00e7at el dijous 2 de febrer.<\/em><\/li>\n<li><strong>Grup de cuina:<\/strong> 10 mares es troben els dilluns, dimecres i divendres, de 2\/4 de 10h a 2\/4 d&#8217;13h al centre c\u00edvic per aprendre a cuinar plats catalans. Tot aix\u00f2 ho fan parlant en catal\u00e0 gr\u00e0cies a en Quico, de l&#8217;\u00d2mnium Cultural. <em>Aquesta activitat ha comen\u00e7at.<\/em><\/li>\n<\/ul>\n<p><img loading=\"lazy\" decoding=\"async\" class=\"aligncenter\" src=\"https:\/\/lh3.googleusercontent.com\/WID0G3cDVRsuOiYS-NfsGrQXGKozwdmoVGSR0p_dcnpX9qFIhs1m4buFI0I8BPCYsKUfzCjlPRdXUj4DYrvRRz_TC8La2F3dgdmUcxY7SIiVfPWrUhC8dXVG_fvUWYLPfRaX03er0kSAp2Oym-U6CUCvSEGRYcLhuIJikrvXxmpLp5sw0mAfF1HADA0KKsjJ6jGXN_mqIg4hgmRKbx-iFiJDKY9c0y7EGTLXVu64_BLQcq2i54OalkidJEhx-R_7RdtXqYJAPgHb8CtfTu6iaBxqyX0osrdAYd5sJH7TYGSf4woU5kDRIPgzox8XY4_bBRq9WquKJI0RffbkWI1sMOp9XPWb5D0_eQbWuMrZANgcGmF7ojxjyeyOEzT-1-qzgUXiYVqnHdHcux8NlpwcLxM-b-DHpReKeH2IR5RCOdfdfWgEniKTqMfglfqvVUnGrD-hg_XsR3vpUHabPZMNwclO2NFADoxpPulaQuWaePVXGAK-yExWhvoZINfa_9Shq_gvJ7sd2UuMpZWRtyE9IBAFxdMhOOWy3ADsATib_ammepC_va9CPTD-f2LYvUIQHQAGW6oneU6aHLnJrB4seASRPwt6yvzEEatzlzNw8n4EJyLL9Cv4LUw9tKU-dGaaCcURGz5-5mY-DLENdVNBqkm4kFS_84gIodb7aKhnpA=w787-h590-no\" width=\"787\" height=\"590\" \/><\/p>\n<ul>\n<li><strong>Taller de costura:<\/strong> un grup de mares es troben els dimarts a la tarda, de 15h a 17h, per confeccionar peces de roba, disfresses, cortines, joguines&#8230; per l&#8217;escola.\u00a0<em>Aquesta activitat ja va comen\u00e7ar el curs passat.<\/em><\/li>\n<\/ul>\n<p><img loading=\"lazy\" decoding=\"async\" class=\"aligncenter\" src=\"https:\/\/lh3.googleusercontent.com\/iRtA9n6z4-n2YixjFK2noVsoPhI4gp4xO7gtu19p5mG7cC5COpcDTq2U7PWPl3LHuWW-HpYMrWcq-VUBORbc0QG63j5ZANyQLOOHHwbpNYHkqI_qvv0A0xB37MAbChIdQ8ICd0h4Q7SasRPGO1jwrr2RbvTm6NKjhpqJFQCyhNeDCTCP3sEJjw4HGOZ8igTo87oXOXNLU_DdzOStNYzZUS3_m4cnwp2fMSGFT0gIihOmR0oMQS4zBVi0bItcZ249EV0W8tzOYP4OXoB_Qlz_NowIN7FADHfCwovDniCNIZKAtJd6UxaGRk-VS9K9n_mBT7DqpvcbasNkI26ms_1neVzXlnRE4FHB0d-ZjEJXIZ1l3-VkFYn3YxFfTm6QAD0Kfr3J4M8ZjeZEzm7jhQg-dNfbAxW0Zo9r7kd-ud_7BBfHwBMoCWo3oUmzurm4BlbQJhEq_fVcoC9JhSxVvQPgfnFOLgEBViU5mRlVW6i4WYvY5Ykru557cZSFYMV1GnamG8eIfJSrClaal179Ua84v4nnpZCK_kXIn_COzbGRV2J_gyqRA3b3RWlgRJmxgxB8qmCDGAOS9hpKvWdWLr1gCkmxD-Js2kOcObf1olpdLcLCcMrEkH_LsrN5sxbIvxoM1W_MgzBn4MRQxkcWyIwmFx7e4fikR2xZjdB3pwmRIg=w1128-h662-no\" width=\"1127\" height=\"662\" \/><\/p>\n<ul>\n<li><strong>Classes de catal\u00e0:<\/strong> hi ha un grup de 10 mares que aprenen el catal\u00e0 gr\u00e0cies al consorci de normalitzaci\u00f3 ling\u00fc\u00edstica. Es troben els dimarts de 15h a 16h (a la biblioteca). <em>Aquesta activitat ha comen\u00e7at el dimarts 28 de mar\u00e7.<\/em><\/li>\n<li><strong>Cursa Save The Children:<\/strong> aquest curs hem convidat a les fam\u00edlies a participar a la cursa solid\u00e0ria de Save The Children.<\/li>\n<\/ul>\n<p><img loading=\"lazy\" decoding=\"async\" class=\"aligncenter\" src=\"https:\/\/lh3.googleusercontent.com\/cN1S3sut70Cn2wPbjLWXVRRt_0wsnDkSMfYZxTDDFSktQOBG6JrCP1-89eY-Cbl4MUxG00NPMVf--3KkK-BSZTArceZ8jh-MOC6xJq1DLNJyZd8v8U7avW38hhsgR82-X7EzMvQG0X4ROFwz7_a3T99at8eIhJJUgj6dY8mbHPRORxM0dJ0R_jnAnRdUbCW3ppPp924qDMqSskEueeiQksplYK2bZpO95Gk2n47w5FFqC_ds5gfo2HPzk4C3scBUmhDQFPGesAV_lfNGrAQWXTRWsRBMIIq86GbIu2v42tZW3J_LhOsA1cya5ojvJs3zlqak6sIe80w2zhLBCBKK6I_4HKKA4-S-9tNBSJh9jJTf04wJIs6ebjrj1Cp3XFhUWnmUdaLbGK32HgS0JynXWWpsQYyHS-G9pp30MkhjJ_2ovVshgOS_xHeiu28N0fFGyDylvMKse5c25z8xOfwKo88sf9Tw6vi32csc4e-Z7xmG-mgkdjwHiOsZUkmqnABtaan7cBtUoMz6IfrpTHVBCKK13fdlvv-_mt6N8xH3RkUH_URztXpF4VBqWiP0J43AEn8LRZd7Nf-6JlNdHC3eMjxOMBmMyxu0e_FkI5BK3nIPWxB7hEtHJ0LZexGRdWnDkvnIiXgsvwb_9haOlIaXD_qc5Osgp39FhDqBkeoTMg=w883-h662-no\" width=\"883\" height=\"662\" \/><\/p>\n<ul>\n<li><strong>Taller de patis:<\/strong> Un grup de pares ajudar\u00e0 a construir jocs pel pati. <em>Properament.<\/em><\/li>\n<\/ul>\n","protected":false},"excerpt":{"rendered":"<p>&nbsp; ACTIVITATS QUE PROPOSA L&#8217;ESCOLA PERQU\u00c8 MILLORI LA PARTICIPACI\u00d3 DE LES FAM\u00cdLIES: Trobada de mestres i fam\u00edlies: el dilluns 5 de desembre a la tarda, es va fer una trobada per parlar d&#8217;higiene, salut i alimentaci\u00f3 amb les mares. Les mestres que ho van organitzar van ser la Montse Tresserras i l&#8217;Anna Salas. La valoraci\u00f3 [&hellip;]<\/p>\n","protected":false},"author":1,"featured_media":0,"parent":716,"menu_order":0,"comment_status":"closed","ping_status":"closed","template":"page-templates\/side-menu.php","meta":{"_bbp_topic_count":0,"_bbp_reply_count":0,"_bbp_total_topic_count":0,"_bbp_total_reply_count":0,"_bbp_voice_count":0,"_bbp_anonymous_reply_count":0,"_bbp_topic_count_hidden":0,"_bbp_reply_count_hidden":0,"_bbp_forum_subforum_count":0,"site-sidebar-layout":"default","site-content-layout":"","ast-site-content-layout":"","site-content-style":"default","site-sidebar-style":"default","ast-global-header-display":"","ast-banner-title-visibility":"","ast-main-header-display":"","ast-hfb-above-header-display":"","ast-hfb-below-header-display":"","ast-hfb-mobile-header-display":"","site-post-title":"","ast-breadcrumbs-content":"","ast-featured-img":"","footer-sml-layout":"","theme-transparent-header-meta":"","adv-header-id-meta":"","stick-header-meta":"","header-above-stick-meta":"","header-main-stick-meta":"","header-below-stick-meta":"","astra-migrate-meta-layouts":"default","ast-page-background-enabled":"default","ast-page-background-meta":{"desktop":{"background-color":"var(--ast-global-color-4)","background-image":"","background-repeat":"repeat","background-position":"center center","background-size":"auto","background-attachment":"scroll","background-type":"","background-media":"","overlay-type":"","overlay-color":"","overlay-opacity":"","overlay-gradient":""},"tablet":{"background-color":"","background-image":"","background-repeat":"repeat","background-position":"center center","background-size":"auto","background-attachment":"scroll","background-type":"","background-media":"","overlay-type":"","overlay-color":"","overlay-opacity":"","overlay-gradient":""},"mobile":{"background-color":"","background-image":"","background-repeat":"repeat","background-position":"center center","background-size":"auto","background-attachment":"scroll","background-type":"","background-media":"","overlay-type":"","overlay-color":"","overlay-opacity":"","overlay-gradient":""}},"ast-content-background-meta":{"desktop":{"background-color":"var(--ast-global-color-5)","background-image":"","background-repeat":"repeat","background-position":"center center","background-size":"auto","background-attachment":"scroll","background-type":"","background-media":"","overlay-type":"","overlay-color":"","overlay-opacity":"","overlay-gradient":""},"tablet":{"background-color":"var(--ast-global-color-5)","background-image":"","background-repeat":"repeat","background-position":"center center","background-size":"auto","background-attachment":"scroll","background-type":"","background-media":"","overlay-type":"","overlay-color":"","overlay-opacity":"","overlay-gradient":""},"mobile":{"background-color":"var(--ast-global-color-5)","background-image":"","background-repeat":"repeat","background-position":"center center","background-size":"auto","background-attachment":"scroll","background-type":"","background-media":"","overlay-type":"","overlay-color":"","overlay-opacity":"","overlay-gradient":""}},"footnotes":""},"class_list":["post-721","page","type-page","status-publish","hentry"],"post_mailing_queue_ids":[],"_links":{"self":[{"href":"https:\/\/agora.xtec.cat\/escolaanicet\/wp-json\/wp\/v2\/pages\/721","targetHints":{"allow":["GET"]}}],"collection":[{"href":"https:\/\/agora.xtec.cat\/escolaanicet\/wp-json\/wp\/v2\/pages"}],"about":[{"href":"https:\/\/agora.xtec.cat\/escolaanicet\/wp-json\/wp\/v2\/types\/page"}],"author":[{"embeddable":true,"href":"https:\/\/agora.xtec.cat\/escolaanicet\/wp-json\/wp\/v2\/users\/1"}],"replies":[{"embeddable":true,"href":"https:\/\/agora.xtec.cat\/escolaanicet\/wp-json\/wp\/v2\/comments?post=721"}],"version-history":[{"count":4,"href":"https:\/\/agora.xtec.cat\/escolaanicet\/wp-json\/wp\/v2\/pages\/721\/revisions"}],"predecessor-version":[{"id":755,"href":"https:\/\/agora.xtec.cat\/escolaanicet\/wp-json\/wp\/v2\/pages\/721\/revisions\/755"}],"up":[{"embeddable":true,"href":"https:\/\/agora.xtec.cat\/escolaanicet\/wp-json\/wp\/v2\/pages\/716"}],"wp:attachment":[{"href":"https:\/\/agora.xtec.cat\/escolaanicet\/wp-json\/wp\/v2\/media?parent=721"}],"curies":[{"name":"wp","href":"https:\/\/api.w.org\/{rel}","templated":true}]}}