{"id":719,"date":"2017-03-27T18:50:13","date_gmt":"2017-03-27T16:50:13","guid":{"rendered":"http:\/\/agora.xtec.cat\/escolaanicet\/?page_id=719"},"modified":"2022-01-11T14:15:52","modified_gmt":"2022-01-11T13:15:52","slug":"ampa","status":"publish","type":"page","link":"https:\/\/agora.xtec.cat\/escolaanicet\/families\/ampa\/","title":{"rendered":"AFA"},"content":{"rendered":"<p>Aqu\u00ed teniu una breu normativa per les fam\u00edlies (en catal\u00e0, castell\u00e0 i \u00e0rab):<\/p>\n<p><a href=\"https:\/\/drive.google.com\/file\/d\/1hdaiWmRgJpMNxc44fxo9xB8yt3eV5km6\/view?usp=sharing\" target=\"_blank\" rel=\"noopener\"><img loading=\"lazy\" decoding=\"async\" class=\"alignnone\" src=\"https:\/\/lh3.googleusercontent.com\/pKSO2hwbgqKOV2DQ3AxuYNaP2VFcYxc8NF-gyMuTt59Y_RnnIVFlEmrjXGGfl_EPzdpzCMxTFCTreU86tRiTpc0Ivg2X4fl29XsLrwL4zolLjaO_vt4ezoL453sr7CCWwCvWaX-5ETHKbE9DLFwp8Vr7cgogCJ_HGoGgKmVxURLpGdWupKjoaphkrT1UC44zW3u92153afRBB_0YqsQLbPwZOv2S2UrhdqbqWgLE_4NkWH1jxp1mweNu-QobI-NFo8ad0_N-5QIbEdJwBrV6YmwUYygewihckje8-8VhY55EW9YyzmMscucCH2pqlxfY35PTH3tb9hvvqcT0M-vnEwyULOFzqI_DANsDL9vifLAvAWmhJwC8iR1zbfu_6Vmzx79AcfycShQ_YuSFetm_-hfmdRqQtxYzJvSywxHb5S6HEduJrMrt388Obui8BueAzAkNmUZuSYR7ljq1i5-W9iVsjWNVfuT4vvqrZuyxHVMzXOWdpPBjWpJrAdaMC1nAIyhjBydgRHCYcTlDBLfu9ebl3tp7A1Cy_wZtAqeQjOgnO_JE6_DN-_-g8yqNOQHe-ALsZ5RGxdOYp0S4_Q3UA4SDj7ykLCpaudN9PJblaV_YDKtO3fmIEWy697ZhC0RO9ZSSV7B5cGJBLuq7Wut8AY3o1p2MfP8=w387-h564-no\" alt=\"\" width=\"387\" height=\"564\" \/><\/a><\/p>\n<p>&nbsp;<\/p>\n<p>El 7 de mar\u00e7 es va fer una trobada a l&#8217;escola de fam\u00edlies amb la t\u00e8cnica de la FAPAC S\u00edlvia Moya. Hi van assistir unes 40 mares i es van animar per renovar l&#8217;AMPA.<\/p>\n<p><img loading=\"lazy\" decoding=\"async\" class=\"aligncenter\" src=\"https:\/\/lh3.googleusercontent.com\/rG-Ram0jmbYKVaPuqTIJhaB6VRH8qTetrbo0sWX5MjIyI_FFBzh-No0WeovOkq1fCWsLbPugUnpX8i7EQIsOZTXK5_-Wsnxlq6tjqHIOW-jrdxH_0MVUuOKJPhULk4GPTCGOA37mAPuQ359qcYHT-uW1ZCtCmNOb29GP3px1RcWVR2QI4mB2TmjcdbD6IsjQBRALwZ6QLjiGNcxQBQfbTxUVeDevEGypcLyE0izWXXQYmhLIBEpxlNNestDn9dsp35UBXr6TkDhdsEorahJeFVcuk75EsA2vVgMg8NlE5gIvC9tRAqX2akzDcgYP55AnGUrfy8lh7arvtrs7Vdtfw1srQUtV2cPvaB_knywodbTSDPpo-ITrOBOaO8ieOI7Ni7FH-VJCbEludrNjPdKfVZupIiTGjL9xuVzieHl5FBX5vCRYJN8gxP--dNZOXm3jgv1q4Cl6CvVnN8bFMXq-SwszKe2KRIakPa0t6gT8KNdRO8IM_8Rjzv28F0mpI44vBtntQajAewtXnl_tjdkfLRnCbadFUxTBgTEb37VZcm5lT7CapvvB1ES_Mkz-3i4IUF1o6GfFAhZWuOVmKe6OhuPzcrhyEDtC1pKexTCC3T0oDUo1vD__oj5aNL5DeHYgUUk64-G8B-eHzGHQNg49LY_DA7Kdc-oqr3Wmjxs2Ug=w883-h662-no\" width=\"883\" height=\"662\" \/><\/p>\n<p>D&#8217;aqu\u00ed en va sortir un equip dinamitzador i ja s&#8217;han comen\u00e7at a activar algunes de les seves inquietuds.<\/p>\n<p>ACTIVITATS PER MARES I PARES:<\/p>\n<ul>\n<li><strong>Gimn\u00e0s:<\/strong> hi ha un grup de mares que es troben els dimecres de 9h a 11h per fer gimn\u00e0s (al gimn\u00e0s de l&#8217;escola). <em>Aquesta activitat ha comen\u00e7at el dimecres 22 de mar\u00e7.<\/em><\/li>\n<li><strong>Berenar els divendres:<\/strong>\u00a0Un grup de mares preparen berenar i el venen els divendres a la sortida de l&#8217;escola. <em>Aquesta activitat ha comen\u00e7at el divendres 11 de mar\u00e7.<\/em><\/li>\n<\/ul>\n<p><img loading=\"lazy\" decoding=\"async\" class=\"aligncenter\" src=\"https:\/\/lh3.googleusercontent.com\/Z8H85HwX8SbYJphKSknQCjZNHpTq1VdRDT4fCGqf0QKg3Q-bWT2SKFdCqpNYxA0743zu1EroVcoagYrfzhTAypQkVxDa-A6cchpfwt53b-2eJ7gy7fyRgVZejbhvpjLWxmma3mMPSDN-rWT9JNkBhhyBy1vS743fV7v9h1lPkU5BMa4JVKLK9q2vxZmuf0-8CriQQx9K1aQUJnBP-dq7Rm_TnKSnLvxRNdJMwXsz-XMdTQ4hZV5A0QEiZqvltrUzxhGpAHJV-LJ6zrPVYZ-suzEFmA09X_KAUxvmJSd4aCU4NZxhRgYglTx__eAAvfrDp8LlmHzEejcOkpOHV7v7Rvip8ghwhXlHPTB36lwrL-3L7k8NrTRHdI1rlpX7xzIibxMMvpwfSDq8VuwLvYYaB3NEUapVQpeVwaz1PqTyELSqSc-FLvF0EPErJ6d7fHwc_yA2bFskxSOYEwhc_LT3ARXVENMs9dc-StxyTFkOieYARfVf1-2QbE6ahGR5KmH-lrOuSFuJblwPbUmGybYAVuDVrZH8ZG75RYhI7oTGQ-cxiWXRSr9QPd_REAh-qb8px5gxIqT5YhhMU_IxnTT3ZHuEljrs2-w9Ow1jN7lPw3VOg93ET27m_LRXIpg6kkqEKKd_5TgE8aaTW7YKGQ9k5XtLL2PLnWAvln4mPIskpw=w883-h662-no\" width=\"883\" height=\"662\" \/><\/p>\n<ul>\n<li><strong>Di\u00e0leg en llengua castellana: <\/strong>\u00e9s un grup de mares que es troben per parlar exclusivament en llengua castellana dos cops per setmana. A la sala de mestres.\u00a0<em>Aquesta activitat ha comen\u00e7at el mes d&#8217;abril.<\/em><\/li>\n<\/ul>\n<p><img loading=\"lazy\" decoding=\"async\" class=\"aligncenter\" src=\"https:\/\/lh3.googleusercontent.com\/epzmZTAgwJkz2fcN863eXZfIPYGeInr_3ArW0uIxQkBKsRxhZJ20HIsgkZxRDFgozFEYvvbBmMQOZhWscmMEUX9lariz0O_uXXjyyZGiOlhVdrsnPm9LIolipurTHaJhqaBGMtezHakAtkpdw-ocl4BwaGw__cXranCbAol7zbPLyABaxBvxB3HpsnHMC3RUT7_Cuc9sIQ0KPl08SBLSMerYFNxxC92CNUJ8YomhxKjdH6cnlfuNCCrTyd4iDV93UEohCNdEAPIARbHK4SP8XWDnmTL80fecWPKQiq9pTRQK0iQhfJCBS2csBEgLwhwzQBSKw72fVj00hX8F2tL9bq87sPmZIIdunYSDVCfLMgNrla-pD1B_w3BshyY_QIC9VC35L-npIhTiDpjZF_kQfWsnJlUJStS0pk_uvNFx0kPQ-Vfz2CvqE5U3kYtH4NjQy6M9q_NzNl2jasP-MEhAJwQhLHJdqigxwKFR6JLY6GRKEP0qvNX3EwjmDQ9yNLQSdFw0ZH-9GiKarS2uBibfmhp-oU__5uUTuGkiL3yBXFGVjzCnziGq7yhg5n3_foLWhf3g5HeBGAulQXWpMfPt9WHwrp8RF3uT2ZErWcF83mPPxbExvip7=w1224-h918-no\" width=\"1224\" height=\"918\" \/><\/p>\n<ul>\n<li><strong>Mercat:<\/strong> volen vendre coses aprofitant alguna festa o fira a l&#8217;escola, al barri o a la ciutat. <em>Properament.<\/em><\/li>\n<\/ul>\n<p>ACTIVITATS QUE VOLDRIEN PELS ALUMNES:<\/p>\n<ul>\n<li><strong>Classes extraescolars de llengua<\/strong><\/li>\n<li><strong>Futbol extraescolar<\/strong><\/li>\n<li><strong>M\u00e9s nataci\u00f3 dins l&#8217;horari lectiu<\/strong><\/li>\n<li><strong>M\u00e9s classes d&#8217;\u00e0rab<\/strong><\/li>\n<\/ul>\n<p>A part de tot aix\u00f2, volen participar en alguna festa de l&#8217;escola i col\u00b7laborant fent el sopar. Possibilitat de participaci\u00f3 a la jornada de portes obertes.<\/p>\n","protected":false},"excerpt":{"rendered":"<p>Aqu\u00ed teniu una breu normativa per les fam\u00edlies (en catal\u00e0, castell\u00e0 i \u00e0rab): &nbsp; El 7 de mar\u00e7 es va fer una trobada a l&#8217;escola de fam\u00edlies amb la t\u00e8cnica de la FAPAC S\u00edlvia Moya. Hi van assistir unes 40 mares i es van animar per renovar l&#8217;AMPA. D&#8217;aqu\u00ed en va sortir un equip dinamitzador [&hellip;]<\/p>\n","protected":false},"author":1,"featured_media":0,"parent":716,"menu_order":0,"comment_status":"closed","ping_status":"closed","template":"page-templates\/side-menu.php","meta":{"_bbp_topic_count":0,"_bbp_reply_count":0,"_bbp_total_topic_count":0,"_bbp_total_reply_count":0,"_bbp_voice_count":0,"_bbp_anonymous_reply_count":0,"_bbp_topic_count_hidden":0,"_bbp_reply_count_hidden":0,"_bbp_forum_subforum_count":0,"site-sidebar-layout":"default","site-content-layout":"","ast-site-content-layout":"","site-content-style":"default","site-sidebar-style":"default","ast-global-header-display":"","ast-banner-title-visibility":"","ast-main-header-display":"","ast-hfb-above-header-display":"","ast-hfb-below-header-display":"","ast-hfb-mobile-header-display":"","site-post-title":"","ast-breadcrumbs-content":"","ast-featured-img":"","footer-sml-layout":"","theme-transparent-header-meta":"","adv-header-id-meta":"","stick-header-meta":"","header-above-stick-meta":"","header-main-stick-meta":"","header-below-stick-meta":"","astra-migrate-meta-layouts":"default","ast-page-background-enabled":"default","ast-page-background-meta":{"desktop":{"background-color":"var(--ast-global-color-4)","background-image":"","background-repeat":"repeat","background-position":"center center","background-size":"auto","background-attachment":"scroll","background-type":"","background-media":"","overlay-type":"","overlay-color":"","overlay-opacity":"","overlay-gradient":""},"tablet":{"background-color":"","background-image":"","background-repeat":"repeat","background-position":"center center","background-size":"auto","background-attachment":"scroll","background-type":"","background-media":"","overlay-type":"","overlay-color":"","overlay-opacity":"","overlay-gradient":""},"mobile":{"background-color":"","background-image":"","background-repeat":"repeat","background-position":"center center","background-size":"auto","background-attachment":"scroll","background-type":"","background-media":"","overlay-type":"","overlay-color":"","overlay-opacity":"","overlay-gradient":""}},"ast-content-background-meta":{"desktop":{"background-color":"var(--ast-global-color-5)","background-image":"","background-repeat":"repeat","background-position":"center center","background-size":"auto","background-attachment":"scroll","background-type":"","background-media":"","overlay-type":"","overlay-color":"","overlay-opacity":"","overlay-gradient":""},"tablet":{"background-color":"var(--ast-global-color-5)","background-image":"","background-repeat":"repeat","background-position":"center center","background-size":"auto","background-attachment":"scroll","background-type":"","background-media":"","overlay-type":"","overlay-color":"","overlay-opacity":"","overlay-gradient":""},"mobile":{"background-color":"var(--ast-global-color-5)","background-image":"","background-repeat":"repeat","background-position":"center center","background-size":"auto","background-attachment":"scroll","background-type":"","background-media":"","overlay-type":"","overlay-color":"","overlay-opacity":"","overlay-gradient":""}},"footnotes":""},"class_list":["post-719","page","type-page","status-publish","hentry"],"post_mailing_queue_ids":[],"_links":{"self":[{"href":"https:\/\/agora.xtec.cat\/escolaanicet\/wp-json\/wp\/v2\/pages\/719","targetHints":{"allow":["GET"]}}],"collection":[{"href":"https:\/\/agora.xtec.cat\/escolaanicet\/wp-json\/wp\/v2\/pages"}],"about":[{"href":"https:\/\/agora.xtec.cat\/escolaanicet\/wp-json\/wp\/v2\/types\/page"}],"author":[{"embeddable":true,"href":"https:\/\/agora.xtec.cat\/escolaanicet\/wp-json\/wp\/v2\/users\/1"}],"replies":[{"embeddable":true,"href":"https:\/\/agora.xtec.cat\/escolaanicet\/wp-json\/wp\/v2\/comments?post=719"}],"version-history":[{"count":4,"href":"https:\/\/agora.xtec.cat\/escolaanicet\/wp-json\/wp\/v2\/pages\/719\/revisions"}],"predecessor-version":[{"id":1298,"href":"https:\/\/agora.xtec.cat\/escolaanicet\/wp-json\/wp\/v2\/pages\/719\/revisions\/1298"}],"up":[{"embeddable":true,"href":"https:\/\/agora.xtec.cat\/escolaanicet\/wp-json\/wp\/v2\/pages\/716"}],"wp:attachment":[{"href":"https:\/\/agora.xtec.cat\/escolaanicet\/wp-json\/wp\/v2\/media?parent=719"}],"curies":[{"name":"wp","href":"https:\/\/api.w.org\/{rel}","templated":true}]}}