{"id":716,"date":"2017-03-27T18:37:31","date_gmt":"2017-03-27T16:37:31","guid":{"rendered":"http:\/\/agora.xtec.cat\/escolaanicet\/?page_id=716"},"modified":"2022-11-25T12:01:16","modified_gmt":"2022-11-25T11:01:16","slug":"families","status":"publish","type":"page","link":"https:\/\/agora.xtec.cat\/escolaanicet\/families\/","title":{"rendered":"Fam\u00edlies"},"content":{"rendered":"<p>En aquesta p\u00e0gina hi trobareu:<\/p>\n<ul>\n<li>INFORMACI\u00d3 DE L&#8217;<a href=\"http:\/\/agora.xtec.cat\/escolaanicet\/families\/ampa\/\" target=\"_blank\" rel=\"noopener\">AFA<\/a><\/li>\n<li>ACTIVITATS DE <a href=\"http:\/\/agora.xtec.cat\/escolaanicet\/families\/participacio-de-les-families\/\" target=\"_blank\" rel=\"noopener\">PARTICIPACI\u00d3 DE LES FAM\u00cdLIES<\/a><\/li>\n<li>P\u00c0GINA WEB DE LA <a href=\"http:\/\/www.fapac.cat\/\" target=\"_blank\" rel=\"noopener\">FAPAC<\/a><\/li>\n<li>P\u00c0GINA WEB DE LA GENERALITAT\u00a0<a href=\"http:\/\/familiaiescola.gencat.cat\/ca\/\" target=\"_blank\" rel=\"noopener\">FAM\u00cdLIA I ESCOLA<\/a><\/li>\n<\/ul>\n","protected":false},"excerpt":{"rendered":"<p>En aquesta p\u00e0gina hi trobareu: INFORMACI\u00d3 DE L&#8217;AFA ACTIVITATS DE PARTICIPACI\u00d3 DE LES FAM\u00cdLIES P\u00c0GINA WEB DE LA FAPAC P\u00c0GINA WEB DE LA GENERALITAT\u00a0FAM\u00cdLIA I ESCOLA<\/p>\n","protected":false},"author":1,"featured_media":0,"parent":0,"menu_order":0,"comment_status":"closed","ping_status":"closed","template":"page-templates\/side-menu.php","meta":{"_bbp_topic_count":0,"_bbp_reply_count":0,"_bbp_total_topic_count":0,"_bbp_total_reply_count":0,"_bbp_voice_count":0,"_bbp_anonymous_reply_count":0,"_bbp_topic_count_hidden":0,"_bbp_reply_count_hidden":0,"_bbp_forum_subforum_count":0,"site-sidebar-layout":"default","site-content-layout":"","ast-site-content-layout":"","site-content-style":"default","site-sidebar-style":"default","ast-global-header-display":"","ast-banner-title-visibility":"","ast-main-header-display":"","ast-hfb-above-header-display":"","ast-hfb-below-header-display":"","ast-hfb-mobile-header-display":"","site-post-title":"","ast-breadcrumbs-content":"","ast-featured-img":"","footer-sml-layout":"","theme-transparent-header-meta":"","adv-header-id-meta":"","stick-header-meta":"","header-above-stick-meta":"","header-main-stick-meta":"","header-below-stick-meta":"","astra-migrate-meta-layouts":"default","ast-page-background-enabled":"default","ast-page-background-meta":{"desktop":{"background-color":"var(--ast-global-color-4)","background-image":"","background-repeat":"repeat","background-position":"center center","background-size":"auto","background-attachment":"scroll","background-type":"","background-media":"","overlay-type":"","overlay-color":"","overlay-opacity":"","overlay-gradient":""},"tablet":{"background-color":"","background-image":"","background-repeat":"repeat","background-position":"center center","background-size":"auto","background-attachment":"scroll","background-type":"","background-media":"","overlay-type":"","overlay-color":"","overlay-opacity":"","overlay-gradient":""},"mobile":{"background-color":"","background-image":"","background-repeat":"repeat","background-position":"center center","background-size":"auto","background-attachment":"scroll","background-type":"","background-media":"","overlay-type":"","overlay-color":"","overlay-opacity":"","overlay-gradient":""}},"ast-content-background-meta":{"desktop":{"background-color":"var(--ast-global-color-5)","background-image":"","background-repeat":"repeat","background-position":"center center","background-size":"auto","background-attachment":"scroll","background-type":"","background-media":"","overlay-type":"","overlay-color":"","overlay-opacity":"","overlay-gradient":""},"tablet":{"background-color":"var(--ast-global-color-5)","background-image":"","background-repeat":"repeat","background-position":"center center","background-size":"auto","background-attachment":"scroll","background-type":"","background-media":"","overlay-type":"","overlay-color":"","overlay-opacity":"","overlay-gradient":""},"mobile":{"background-color":"var(--ast-global-color-5)","background-image":"","background-repeat":"repeat","background-position":"center center","background-size":"auto","background-attachment":"scroll","background-type":"","background-media":"","overlay-type":"","overlay-color":"","overlay-opacity":"","overlay-gradient":""}},"footnotes":""},"class_list":["post-716","page","type-page","status-publish","hentry"],"post_mailing_queue_ids":[],"_links":{"self":[{"href":"https:\/\/agora.xtec.cat\/escolaanicet\/wp-json\/wp\/v2\/pages\/716","targetHints":{"allow":["GET"]}}],"collection":[{"href":"https:\/\/agora.xtec.cat\/escolaanicet\/wp-json\/wp\/v2\/pages"}],"about":[{"href":"https:\/\/agora.xtec.cat\/escolaanicet\/wp-json\/wp\/v2\/types\/page"}],"author":[{"embeddable":true,"href":"https:\/\/agora.xtec.cat\/escolaanicet\/wp-json\/wp\/v2\/users\/1"}],"replies":[{"embeddable":true,"href":"https:\/\/agora.xtec.cat\/escolaanicet\/wp-json\/wp\/v2\/comments?post=716"}],"version-history":[{"count":3,"href":"https:\/\/agora.xtec.cat\/escolaanicet\/wp-json\/wp\/v2\/pages\/716\/revisions"}],"predecessor-version":[{"id":1410,"href":"https:\/\/agora.xtec.cat\/escolaanicet\/wp-json\/wp\/v2\/pages\/716\/revisions\/1410"}],"wp:attachment":[{"href":"https:\/\/agora.xtec.cat\/escolaanicet\/wp-json\/wp\/v2\/media?parent=716"}],"curies":[{"name":"wp","href":"https:\/\/api.w.org\/{rel}","templated":true}]}}