{"id":520,"date":"2016-10-16T10:17:29","date_gmt":"2016-10-16T08:17:29","guid":{"rendered":"http:\/\/agora.xtec.cat\/escolaanicet\/?page_id=520"},"modified":"2016-11-15T16:39:54","modified_gmt":"2016-11-15T15:39:54","slug":"gegantons-aniceta-i-salif","status":"publish","type":"page","link":"https:\/\/agora.xtec.cat\/escolaanicet\/projectes\/gegantons-aniceta-i-salif\/","title":{"rendered":"Gegantons: Aniceta i Salif"},"content":{"rendered":"<div style=\"text-align: left;\">\n<h1>SALIF<\/h1>\n<p><em>Setembre de 2016<\/em><\/p>\n<p>En Salif ha estat concebut amb la finalitat de fomentar l&#8217;esperit cr\u00edtic de l&#8217;alumnat vers la punyent realitat social dels refugiats, mitigant la seva cruesa amb la m\u00e0gia del personatge i la seva hist\u00f2ria, que mostra la cara amable i esperan\u00e7adora dins d&#8217;aquesta gran trag\u00e8dia.<\/p>\n<p><a href=\"http:\/\/agora.xtec.cat\/escolaanicet\/wp-content\/uploads\/usu1514\/2016\/10\/dibuix-useini-bo.jpg\"><img loading=\"lazy\" decoding=\"async\" class=\"size-medium wp-image-609 aligncenter\" src=\"http:\/\/agora.xtec.cat\/escolaanicet\/wp-content\/uploads\/usu1514\/2016\/10\/dibuix-useini-bo-300x212.jpg\" alt=\"dibuix-useini-bo\" width=\"300\" height=\"212\" srcset=\"https:\/\/agora.xtec.cat\/escolaanicet\/wp-content\/uploads\/usu1514\/2016\/10\/dibuix-useini-bo-300x212.jpg 300w, https:\/\/agora.xtec.cat\/escolaanicet\/wp-content\/uploads\/usu1514\/2016\/10\/dibuix-useini-bo-768x543.jpg 768w, https:\/\/agora.xtec.cat\/escolaanicet\/wp-content\/uploads\/usu1514\/2016\/10\/dibuix-useini-bo-1024x724.jpg 1024w\" sizes=\"auto, (max-width: 300px) 100vw, 300px\" \/><\/a><\/p>\n<p><iframe loading=\"lazy\" style=\"margin: 0 auto;\" src=\"\/\/v.calameo.com\/?bkcode=004412517637aa4ce81ce&amp;mode=viewer&amp;view=slide&amp;showsharemenu=false\" width=\"480\" height=\"300\" frameborder=\"0\" scrolling=\"no\" allowfullscreen=\"allowfullscreen\"><\/iframe><\/p>\n<div style=\"margin: 4px 0px 8px;\"><a href=\"https:\/\/drive.google.com\/file\/d\/0B7YSj2ePDljeVmlyWk1tYVg0RzA\/view?usp=sharing\" target=\"_blank\">SALIF, EL PETIT GEGANT (pdf)<\/a><\/div>\n<div style=\"margin: 4px 0px 8px;\"><\/div>\n<h1 style=\"margin: 4px 0px 8px;\">\u00a0ANICETA<\/h1>\n<p><em>Febrer 2016<\/em><\/p>\n<p>La nostra gegantina Aniceta va sorgir amb la idea de portar a terme una activitat col\u00b7laborativa on tots els membres de la comunitat educativa estiguessin implicats. La nostra intenci\u00f3 va ser construir quelcom divertit i alhora representatiu de l&#8217;escola, sumant idees per tal de fer palesa la coneguda frase d&#8217;Aristoteles &#8220;El tot \u00e9s m\u00e9s que la suma de les parts&#8221;.<\/p>\n<div style=\"margin: 4px 0px 8px;\"><iframe loading=\"lazy\" src=\"\/\/www.youtube.com\/embed\/w1aobft4T6A\" width=\"560\" height=\"314\" allowfullscreen=\"allowfullscreen\"><\/iframe><\/div>\n<div style=\"margin: 4px 0px 8px;\"><\/div>\n<div style=\"margin: 4px 0px 8px;\"><a href=\"https:\/\/drive.google.com\/file\/d\/0B7YSj2ePDljeMzlfWEdXM1JWdUE\/view?usp=sharing\" target=\"_blank\">Escrit de benvinguda de l&#8217;Aniceta (pdf)<\/a><\/div>\n<div style=\"margin: 4px 0px 8px;\"><\/div>\n<\/div>\n","protected":false},"excerpt":{"rendered":"<p>SALIF Setembre de 2016 En Salif ha estat concebut amb la finalitat de fomentar l&#8217;esperit cr\u00edtic de l&#8217;alumnat vers la punyent realitat social dels refugiats, mitigant la seva cruesa amb la m\u00e0gia del personatge i la seva hist\u00f2ria, que mostra la cara amable i esperan\u00e7adora dins d&#8217;aquesta gran trag\u00e8dia. SALIF, EL PETIT GEGANT (pdf) \u00a0ANICETA [&hellip;]<\/p>\n","protected":false},"author":1,"featured_media":0,"parent":460,"menu_order":0,"comment_status":"closed","ping_status":"closed","template":"","meta":{"_bbp_topic_count":0,"_bbp_reply_count":0,"_bbp_total_topic_count":0,"_bbp_total_reply_count":0,"_bbp_voice_count":0,"_bbp_anonymous_reply_count":0,"_bbp_topic_count_hidden":0,"_bbp_reply_count_hidden":0,"_bbp_forum_subforum_count":0,"site-sidebar-layout":"default","site-content-layout":"","ast-site-content-layout":"","site-content-style":"default","site-sidebar-style":"default","ast-global-header-display":"","ast-banner-title-visibility":"","ast-main-header-display":"","ast-hfb-above-header-display":"","ast-hfb-below-header-display":"","ast-hfb-mobile-header-display":"","site-post-title":"","ast-breadcrumbs-content":"","ast-featured-img":"","footer-sml-layout":"","theme-transparent-header-meta":"","adv-header-id-meta":"","stick-header-meta":"","header-above-stick-meta":"","header-main-stick-meta":"","header-below-stick-meta":"","astra-migrate-meta-layouts":"default","ast-page-background-enabled":"default","ast-page-background-meta":{"desktop":{"background-color":"var(--ast-global-color-4)","background-image":"","background-repeat":"repeat","background-position":"center center","background-size":"auto","background-attachment":"scroll","background-type":"","background-media":"","overlay-type":"","overlay-color":"","overlay-opacity":"","overlay-gradient":""},"tablet":{"background-color":"","background-image":"","background-repeat":"repeat","background-position":"center center","background-size":"auto","background-attachment":"scroll","background-type":"","background-media":"","overlay-type":"","overlay-color":"","overlay-opacity":"","overlay-gradient":""},"mobile":{"background-color":"","background-image":"","background-repeat":"repeat","background-position":"center center","background-size":"auto","background-attachment":"scroll","background-type":"","background-media":"","overlay-type":"","overlay-color":"","overlay-opacity":"","overlay-gradient":""}},"ast-content-background-meta":{"desktop":{"background-color":"var(--ast-global-color-5)","background-image":"","background-repeat":"repeat","background-position":"center center","background-size":"auto","background-attachment":"scroll","background-type":"","background-media":"","overlay-type":"","overlay-color":"","overlay-opacity":"","overlay-gradient":""},"tablet":{"background-color":"var(--ast-global-color-5)","background-image":"","background-repeat":"repeat","background-position":"center center","background-size":"auto","background-attachment":"scroll","background-type":"","background-media":"","overlay-type":"","overlay-color":"","overlay-opacity":"","overlay-gradient":""},"mobile":{"background-color":"var(--ast-global-color-5)","background-image":"","background-repeat":"repeat","background-position":"center center","background-size":"auto","background-attachment":"scroll","background-type":"","background-media":"","overlay-type":"","overlay-color":"","overlay-opacity":"","overlay-gradient":""}},"footnotes":""},"class_list":["post-520","page","type-page","status-publish","hentry"],"post_mailing_queue_ids":[],"_links":{"self":[{"href":"https:\/\/agora.xtec.cat\/escolaanicet\/wp-json\/wp\/v2\/pages\/520","targetHints":{"allow":["GET"]}}],"collection":[{"href":"https:\/\/agora.xtec.cat\/escolaanicet\/wp-json\/wp\/v2\/pages"}],"about":[{"href":"https:\/\/agora.xtec.cat\/escolaanicet\/wp-json\/wp\/v2\/types\/page"}],"author":[{"embeddable":true,"href":"https:\/\/agora.xtec.cat\/escolaanicet\/wp-json\/wp\/v2\/users\/1"}],"replies":[{"embeddable":true,"href":"https:\/\/agora.xtec.cat\/escolaanicet\/wp-json\/wp\/v2\/comments?post=520"}],"version-history":[{"count":3,"href":"https:\/\/agora.xtec.cat\/escolaanicet\/wp-json\/wp\/v2\/pages\/520\/revisions"}],"predecessor-version":[{"id":610,"href":"https:\/\/agora.xtec.cat\/escolaanicet\/wp-json\/wp\/v2\/pages\/520\/revisions\/610"}],"up":[{"embeddable":true,"href":"https:\/\/agora.xtec.cat\/escolaanicet\/wp-json\/wp\/v2\/pages\/460"}],"wp:attachment":[{"href":"https:\/\/agora.xtec.cat\/escolaanicet\/wp-json\/wp\/v2\/media?parent=520"}],"curies":[{"name":"wp","href":"https:\/\/api.w.org\/{rel}","templated":true}]}}