{"id":466,"date":"2016-10-13T23:25:41","date_gmt":"2016-10-13T21:25:41","guid":{"rendered":"http:\/\/agora.xtec.cat\/escolaanicet\/?page_id=466"},"modified":"2017-10-14T13:11:18","modified_gmt":"2017-10-14T11:11:18","slug":"agermanament-amb-thille-boubacar","status":"publish","type":"page","link":"https:\/\/agora.xtec.cat\/escolaanicet\/projectes\/agermanament-amb-thille-boubacar\/","title":{"rendered":"Agermanament amb Thill\u00e9 Boubacar"},"content":{"rendered":"<p><img loading=\"lazy\" decoding=\"async\" class=\"alignnone size-large\" src=\"https:\/\/lh3.googleusercontent.com\/kPGBArEtWp_CTOymcYjmNynPdBbxn4ZxXkKYBcIIyBRe1ohL2TCk6eno-2SUouusWaXOVioHm_ptxAc3c8qBip_WgNOxdyl81MGy29as-XCTvULn0lriS5VAeer4xnwhwoH6LSXCbFidc-_x4Dz9gxoIhQEDfMrtaMlzMtYdSB9NAyvb5QKqcWbr4zbPfGTbQoFor--b5xeCSmEYQsUdogl_FQGbJmyQDlR8Sk84MAt-nRcO2vM5eDMjRbIOLf8cFPO1yOo1wnuAICZU_1XGYTPbxrV5jkSX1qwnEH0b0mI5dK-aLBL1729crB_7hE5PImSt_VbM8e5pCz76291onvvcEhH6Rina35fEEmrWpbwE6fhT90QgLvztW9ZT2w7k3OfYYfPugXwyn4JF5Y9UniLcPgYesz6nq2p2VgOhkzoyiOWj-taXEXqL3FGCiw8lIJ5qXD4rSXBmJwJ1WfLPWgp17g9ZMkD7O64IHVNAvzoBMjZYNrTNNYhvnItzSbsyjWDOB_i_aw9KmGcyRLNMQ4gHEqQ2jkhPm9Ajcs3y99MmThpv64r7iMVEL8vsXgVqmrWs2KMLGHJFdUlBzQkb2CgbkR5gyVr6oMTkliRhmBSlKB0vjzv-sVZJdVf4PDXuyo6zfXShclLmRnBSHVdmxKI8GxiYGxn0Y9k=w1224-h522-no\" width=\"1224\" height=\"522\" \/><\/p>\n<p>Aquesta \u00e9s l&#8217;escola de Thill\u00e9 Boubacar del Senegal amb la qual estem agermanats l&#8217;Anicet.<\/p>\n<p>Estem molt orgullosos de poder participar en un projecte que ser\u00e0 molt engrescador. Es tracta de compartir experi\u00e8ncies i viv\u00e8ncies de les dues escoles.<\/p>\n<p>A m\u00e9s, tot el treball de valors que fem a l&#8217;escola tindr\u00e0 una finalitat molt significativa.<\/p>\n<p>Aqu\u00ed teniu alguns dels documents que hem anat elaborant:<\/p>\n<p>&nbsp;<\/p>\n<p><a href=\"https:\/\/drive.google.com\/file\/d\/0B7YSj2ePDljeQmpYRW1KdmVIYW8\/edit?usp=sharing\" target=\"_blank\" rel=\"noopener noreferrer\">CONVENI D&#8217;AGERMANAMENT<\/a><\/p>\n<p><a href=\"https:\/\/drive.google.com\/file\/d\/0B7YSj2ePDljeSzdpalc4Ykw3eFE\/edit?usp=sharing\" target=\"_blank\" rel=\"noopener noreferrer\">PROGRAMACI\u00d3 ACTE D&#8217;AGERMANAMENT 20 DE MAIG 2014<\/a><\/p>\n<p><a href=\"https:\/\/drive.google.com\/file\/d\/0B7YSj2ePDljeUU55R0pyV2tPb2M\/edit?usp=sharing\" target=\"_blank\" rel=\"noopener noreferrer\">CARTELL AGERMANAMENT<\/a><\/p>\n<p>&nbsp;<\/p>\n<p><a href=\"https:\/\/drive.google.com\/file\/d\/0B7YSj2ePDljeenJNUkthVkEzNzQ\/edit?usp=sharing\" target=\"_blank\" rel=\"noopener noreferrer\">ARTICLE DIARI EMPORD\u00c0 28 DE GENER 2014<\/a><\/p>\n<p><a href=\"https:\/\/drive.google.com\/file\/d\/0B7YSj2ePDljeWXpZZkMwald6SGc\/view?usp=sharing\" target=\"_blank\" rel=\"noopener noreferrer\">ARTICLE DIARI EMPORD\u00c0 13 DE MAIG 2014<\/a><\/p>\n<p><a href=\"https:\/\/drive.google.com\/file\/d\/0B7YSj2ePDljeWUJ1YTJfYzlkUkU\/view?usp=sharing\" target=\"_blank\" rel=\"noopener noreferrer\">ARTICLE DIARI EMPORD\u00c0 27 DE MAIG 2014<\/a><\/p>\n<p><a href=\"https:\/\/drive.google.com\/file\/d\/0B7YSj2ePDljeTlVsci1PWUNPd1U\/view?usp=sharing\" target=\"_blank\" rel=\"noopener noreferrer\">ARTICLE HORA NOVA 27 DE MAIG 2014<\/a><\/p>\n<p>&nbsp;<\/p>\n<p><a href=\"https:\/\/picasaweb.google.com\/100081224640450987604\/JPOAgermanament20052014#slideshow\/6018510681078964002\" target=\"_blank\" rel=\"noopener noreferrer\">FOTOS ACTE OFICIAL D&#8217;AGERMANAMENT<\/a><\/p>\n<p><a href=\"https:\/\/get.google.com\/albumarchive\/104356539079016970912\/album\/AF1QipO7WxhO1MosMeaE_CGUMiyHiUc515mbcqMD3dQV\" target=\"_blank\" rel=\"noopener noreferrer\">FOTOS DE THILL\u00c9 BOUBACAR<\/a>\u00a0(2014)<\/p>\n<p><a href=\"https:\/\/photos.google.com\/share\/AF1QipNwf2QgOjSMaDP74A6t23bTa_8p1ia8M_ORzer5LXqsu_MQdMNWIVpy5P2lLkRYaw?key=c3VqOERBcndSc0VtYlJpYlRYeUFVelVXdm51U1lB\" target=\"_blank\" rel=\"noopener noreferrer\">FOTOS DE THILL\u00c9 BOUBACAR<\/a>\u00a0(2017)<\/p>\n<p>Presentaci\u00f3 de fotos del viatge a Thill\u00e9 Boubacar l&#8217;agost de 2017:<\/p>\n<div class=\"ast-oembed-container \" style=\"height: 100%;\"><iframe loading=\"lazy\" title=\"Agermanament Anicet de Pag\u00e8s i Thill\u00e9 Boubacar 2017\" width=\"500\" height=\"281\" src=\"https:\/\/www.youtube.com\/embed\/D5V5swp-QMI?feature=oembed\" frameborder=\"0\" allow=\"accelerometer; autoplay; clipboard-write; encrypted-media; gyroscope; picture-in-picture; web-share\" referrerpolicy=\"strict-origin-when-cross-origin\" allowfullscreen><\/iframe><\/div>\n<p>&nbsp;<\/p>\n<p><a href=\"https:\/\/www.youtube.com\/watch?v=KMC4y25lt1o\" target=\"_blank\" rel=\"noopener noreferrer\">V\u00cdDEO NOT\u00cdCIA AGERMANAMENT<\/a><\/p>\n<p><a href=\"https:\/\/www.youtube.com\/watch?v=YUxl5Agk48g\" target=\"_blank\" rel=\"noopener noreferrer\">V\u00cdDEO ACTE OFICIAL D&#8217;AGERMANAMENT<\/a><\/p>\n<p>&nbsp;<\/p>\n","protected":false},"excerpt":{"rendered":"<p>Aquesta \u00e9s l&#8217;escola de Thill\u00e9 Boubacar del Senegal amb la qual estem agermanats l&#8217;Anicet. Estem molt orgullosos de poder participar en un projecte que ser\u00e0 molt engrescador. Es tracta de compartir experi\u00e8ncies i viv\u00e8ncies de les dues escoles. A m\u00e9s, tot el treball de valors que fem a l&#8217;escola tindr\u00e0 una finalitat molt significativa. Aqu\u00ed [&hellip;]<\/p>\n","protected":false},"author":1,"featured_media":0,"parent":460,"menu_order":0,"comment_status":"closed","ping_status":"closed","template":"page-templates\/side-menu.php","meta":{"_bbp_topic_count":0,"_bbp_reply_count":0,"_bbp_total_topic_count":0,"_bbp_total_reply_count":0,"_bbp_voice_count":0,"_bbp_anonymous_reply_count":0,"_bbp_topic_count_hidden":0,"_bbp_reply_count_hidden":0,"_bbp_forum_subforum_count":0,"site-sidebar-layout":"default","site-content-layout":"","ast-site-content-layout":"","site-content-style":"default","site-sidebar-style":"default","ast-global-header-display":"","ast-banner-title-visibility":"","ast-main-header-display":"","ast-hfb-above-header-display":"","ast-hfb-below-header-display":"","ast-hfb-mobile-header-display":"","site-post-title":"","ast-breadcrumbs-content":"","ast-featured-img":"","footer-sml-layout":"","theme-transparent-header-meta":"","adv-header-id-meta":"","stick-header-meta":"","header-above-stick-meta":"","header-main-stick-meta":"","header-below-stick-meta":"","astra-migrate-meta-layouts":"default","ast-page-background-enabled":"default","ast-page-background-meta":{"desktop":{"background-color":"var(--ast-global-color-4)","background-image":"","background-repeat":"repeat","background-position":"center center","background-size":"auto","background-attachment":"scroll","background-type":"","background-media":"","overlay-type":"","overlay-color":"","overlay-opacity":"","overlay-gradient":""},"tablet":{"background-color":"","background-image":"","background-repeat":"repeat","background-position":"center center","background-size":"auto","background-attachment":"scroll","background-type":"","background-media":"","overlay-type":"","overlay-color":"","overlay-opacity":"","overlay-gradient":""},"mobile":{"background-color":"","background-image":"","background-repeat":"repeat","background-position":"center center","background-size":"auto","background-attachment":"scroll","background-type":"","background-media":"","overlay-type":"","overlay-color":"","overlay-opacity":"","overlay-gradient":""}},"ast-content-background-meta":{"desktop":{"background-color":"var(--ast-global-color-5)","background-image":"","background-repeat":"repeat","background-position":"center center","background-size":"auto","background-attachment":"scroll","background-type":"","background-media":"","overlay-type":"","overlay-color":"","overlay-opacity":"","overlay-gradient":""},"tablet":{"background-color":"var(--ast-global-color-5)","background-image":"","background-repeat":"repeat","background-position":"center center","background-size":"auto","background-attachment":"scroll","background-type":"","background-media":"","overlay-type":"","overlay-color":"","overlay-opacity":"","overlay-gradient":""},"mobile":{"background-color":"var(--ast-global-color-5)","background-image":"","background-repeat":"repeat","background-position":"center center","background-size":"auto","background-attachment":"scroll","background-type":"","background-media":"","overlay-type":"","overlay-color":"","overlay-opacity":"","overlay-gradient":""}},"footnotes":""},"class_list":["post-466","page","type-page","status-publish","hentry"],"post_mailing_queue_ids":[],"_links":{"self":[{"href":"https:\/\/agora.xtec.cat\/escolaanicet\/wp-json\/wp\/v2\/pages\/466","targetHints":{"allow":["GET"]}}],"collection":[{"href":"https:\/\/agora.xtec.cat\/escolaanicet\/wp-json\/wp\/v2\/pages"}],"about":[{"href":"https:\/\/agora.xtec.cat\/escolaanicet\/wp-json\/wp\/v2\/types\/page"}],"author":[{"embeddable":true,"href":"https:\/\/agora.xtec.cat\/escolaanicet\/wp-json\/wp\/v2\/users\/1"}],"replies":[{"embeddable":true,"href":"https:\/\/agora.xtec.cat\/escolaanicet\/wp-json\/wp\/v2\/comments?post=466"}],"version-history":[{"count":3,"href":"https:\/\/agora.xtec.cat\/escolaanicet\/wp-json\/wp\/v2\/pages\/466\/revisions"}],"predecessor-version":[{"id":805,"href":"https:\/\/agora.xtec.cat\/escolaanicet\/wp-json\/wp\/v2\/pages\/466\/revisions\/805"}],"up":[{"embeddable":true,"href":"https:\/\/agora.xtec.cat\/escolaanicet\/wp-json\/wp\/v2\/pages\/460"}],"wp:attachment":[{"href":"https:\/\/agora.xtec.cat\/escolaanicet\/wp-json\/wp\/v2\/media?parent=466"}],"curies":[{"name":"wp","href":"https:\/\/api.w.org\/{rel}","templated":true}]}}