{"id":28,"date":"2014-09-18T12:29:35","date_gmt":"2014-09-18T10:29:35","guid":{"rendered":"http:\/\/agora.xtec.cat\/escolaanicet\/?page_id=28"},"modified":"2025-09-16T12:59:38","modified_gmt":"2025-09-16T10:59:38","slug":"consell-escolar","status":"publish","type":"page","link":"https:\/\/agora.xtec.cat\/escolaanicet\/lescola\/consell-escolar\/","title":{"rendered":"Equip"},"content":{"rendered":"<p><strong>Curs 2025\/26<\/strong><\/p>\n<p><a href=\"https:\/\/drive.google.com\/file\/d\/1R7CY2XGHeZxY3wMKiFm3icV60U4ao-zf\/view?usp=sharing\" target=\"_blank\" rel=\"noopener noreferrer\"><strong>ORGANIGRAMA <\/strong><\/a><em>(cliqueu per veure&#8217;l)<\/em><\/p>\n<p>&nbsp;<\/p>\n<p>ELENA FAIG (directora i suport a I5)<\/p>\n<p>N\u00daRIA MORAY (cap d&#8217;estudis i tallers)<\/p>\n<p>ANNA SURRELL (secret\u00e0ria i angl\u00e8s)<\/p>\n<p>LOLA ANACLETO (administrativa)<\/p>\n<p>&nbsp;<\/p>\n<p>&nbsp;<\/p>\n<p style=\"font-family: 'Helvetica Neue', Helvetica, Helvetica, Arial, sans-serif; font-size: 16px;\">ANNA QUINT\u00c0 (tutora d&#8217;i3A)<\/p>\n<p style=\"font-family: 'Helvetica Neue', Helvetica, Helvetica, Arial, sans-serif; font-size: 16px;\">ALBA RUIZ I MAR CABELLO (tutores d&#8217;i3B)<\/p>\n<p>CRISTINA BLANCH (tutora d&#8217;i4A)<\/p>\n<p>XESCA SEGURA (tutora d&#8217;i4B)<\/p>\n<p>ROSER ARMENGOL (tutora d&#8217;i5A)<\/p>\n<p>ALBA GARCIA\u00a0 (coordinadora i tutora d&#8217;i5B)<\/p>\n<p>MARTA LLACH (Suport)<\/p>\n<p>RAQUEL JUVANTENY (TEI)<\/p>\n<p>&nbsp;<\/p>\n<p style=\"font-family: 'Helvetica Neue', Helvetica, Helvetica, Arial, sans-serif; font-size: 16px;\">MAITE PALANCA (tutora 1rA)<\/p>\n<p style=\"font-family: 'Helvetica Neue', Helvetica, Helvetica, Arial, sans-serif; font-size: 16px;\">IMMA MARTINEZ (tutora 1rB)<\/p>\n<p>CORINA GONZ\u00c1LEZ (tutora 2nA)<\/p>\n<p>J\u00daLIA COSTA (tutora 2nB)<\/p>\n<p>&nbsp;<\/p>\n<p style=\"font-family: 'Helvetica Neue', Helvetica, Helvetica, Arial, sans-serif; font-size: 16px;\">GL\u00d2RIA PINEDA (tutora de 3rA)<\/p>\n<p style=\"font-family: 'Helvetica Neue', Helvetica, Helvetica, Arial, sans-serif; font-size: 16px;\">F\u00c0TIMA CHAER (tutora de 3rB)<\/p>\n<p style=\"font-family: 'Helvetica Neue', Helvetica, Helvetica, Arial, sans-serif; font-size: 16px;\">\u00c0NGELS RABANEDA (tutora 4tA)<\/p>\n<p>MARINA VIDAL (tutora 4tB)<\/p>\n<p>&nbsp;<\/p>\n<p style=\"font-family: 'Helvetica Neue', Helvetica, Helvetica, Arial, sans-serif; font-size: 16px;\">ANNA PONS\u00cd (tutor de 5\u00e8A)<\/p>\n<p style=\"font-family: 'Helvetica Neue', Helvetica, Helvetica, Arial, sans-serif; font-size: 16px;\">MARTA FERRER (tutora de 5\u00e8B i coordinadora)<\/p>\n<p style=\"font-family: 'Helvetica Neue', Helvetica, Helvetica, Arial, sans-serif; font-size: 16px;\">SANDRA FREIXAS (tutora de 6\u00e8A)<\/p>\n<p style=\"font-family: 'Helvetica Neue', Helvetica, Helvetica, Arial, sans-serif; font-size: 16px;\">A\u00cfDA DE LA HIGUERA (tutora 6\u00e8B)<\/p>\n<p>VERO ROSILLO (suport)<\/p>\n<p>&nbsp;<\/p>\n<p>N\u00daRIA CAPDEVILA (aula d&#8217;acollida)<\/p>\n<p>DIEGO EXP\u00d3SITO (aula d&#8217;acollida i co-tutor 5\u00e8B)<\/p>\n<p>LLANOS AYUSTE (educaci\u00f3 especial)<\/p>\n<p>CL\u00c0UDIA BRUGUER (educaci\u00f3 especial)<\/p>\n<p>MAGDA SUREDA (educaci\u00f3 especial)<\/p>\n<p>MARTA VEGAS (substitueix ROSER JACAS) (audici\u00f3 i llenguatge)<\/p>\n<p>MARTA SERRANO (audici\u00f3 i llenguatge)<\/p>\n<p>JORDI PALAG\u00d3S (educaci\u00f3 f\u00edsica i coordinador CI)<\/p>\n<p>XAVI QUI\u00d1ONERO (educaci\u00f3 f\u00edsica CS, suport CM i coordinador CM)<\/p>\n<p>ROGER JOSA (psicomotricitat)<\/p>\n<p>JORDI GARRIGA (educaci\u00f3 f\u00edsica i suport a CM)<\/p>\n<p>MARIA FONSDEVIELA (angl\u00e8s CI iCM)<\/p>\n<p>BORJA SANCHO (m\u00fasica Prim\u00e0ria)<\/p>\n<p>LINDA PRADELLA( m\u00fasica CI)<\/p>\n<p>ANNA CAPELLERA(m\u00fasica EI)<\/p>\n<p>(religi\u00f3)<\/p>\n<p>vVIRG\u00cdNIA FRANCO (TIS)<\/p>\n<p>VER\u00d2NICA GALLARDO (vetlladora)<\/p>\n<p>&nbsp;<\/p>\n<p>&nbsp;<\/p>\n","protected":false},"excerpt":{"rendered":"<p>Curs 2025\/26 ORGANIGRAMA (cliqueu per veure&#8217;l) &nbsp; ELENA FAIG (directora i suport a I5) N\u00daRIA MORAY (cap d&#8217;estudis i tallers) ANNA SURRELL (secret\u00e0ria i angl\u00e8s) LOLA ANACLETO (administrativa) &nbsp; &nbsp; ANNA QUINT\u00c0 (tutora d&#8217;i3A) ALBA RUIZ I MAR CABELLO (tutores d&#8217;i3B) CRISTINA BLANCH (tutora d&#8217;i4A) XESCA SEGURA (tutora d&#8217;i4B) ROSER ARMENGOL (tutora d&#8217;i5A) ALBA GARCIA\u00a0 [&hellip;]<\/p>\n","protected":false},"author":1,"featured_media":0,"parent":22,"menu_order":30,"comment_status":"closed","ping_status":"closed","template":"page-templates\/side-menu.php","meta":{"_bbp_topic_count":0,"_bbp_reply_count":0,"_bbp_total_topic_count":0,"_bbp_total_reply_count":0,"_bbp_voice_count":0,"_bbp_anonymous_reply_count":0,"_bbp_topic_count_hidden":0,"_bbp_reply_count_hidden":0,"_bbp_forum_subforum_count":0,"site-sidebar-layout":"default","site-content-layout":"","ast-site-content-layout":"","site-content-style":"default","site-sidebar-style":"default","ast-global-header-display":"","ast-banner-title-visibility":"","ast-main-header-display":"","ast-hfb-above-header-display":"","ast-hfb-below-header-display":"","ast-hfb-mobile-header-display":"","site-post-title":"","ast-breadcrumbs-content":"","ast-featured-img":"","footer-sml-layout":"","theme-transparent-header-meta":"","adv-header-id-meta":"","stick-header-meta":"","header-above-stick-meta":"","header-main-stick-meta":"","header-below-stick-meta":"","astra-migrate-meta-layouts":"default","ast-page-background-enabled":"default","ast-page-background-meta":{"desktop":{"background-color":"var(--ast-global-color-4)","background-image":"","background-repeat":"repeat","background-position":"center center","background-size":"auto","background-attachment":"scroll","background-type":"","background-media":"","overlay-type":"","overlay-color":"","overlay-opacity":"","overlay-gradient":""},"tablet":{"background-color":"","background-image":"","background-repeat":"repeat","background-position":"center center","background-size":"auto","background-attachment":"scroll","background-type":"","background-media":"","overlay-type":"","overlay-color":"","overlay-opacity":"","overlay-gradient":""},"mobile":{"background-color":"","background-image":"","background-repeat":"repeat","background-position":"center center","background-size":"auto","background-attachment":"scroll","background-type":"","background-media":"","overlay-type":"","overlay-color":"","overlay-opacity":"","overlay-gradient":""}},"ast-content-background-meta":{"desktop":{"background-color":"var(--ast-global-color-5)","background-image":"","background-repeat":"repeat","background-position":"center center","background-size":"auto","background-attachment":"scroll","background-type":"","background-media":"","overlay-type":"","overlay-color":"","overlay-opacity":"","overlay-gradient":""},"tablet":{"background-color":"var(--ast-global-color-5)","background-image":"","background-repeat":"repeat","background-position":"center center","background-size":"auto","background-attachment":"scroll","background-type":"","background-media":"","overlay-type":"","overlay-color":"","overlay-opacity":"","overlay-gradient":""},"mobile":{"background-color":"var(--ast-global-color-5)","background-image":"","background-repeat":"repeat","background-position":"center center","background-size":"auto","background-attachment":"scroll","background-type":"","background-media":"","overlay-type":"","overlay-color":"","overlay-opacity":"","overlay-gradient":""}},"footnotes":""},"class_list":["post-28","page","type-page","status-publish","hentry"],"post_mailing_queue_ids":[],"_links":{"self":[{"href":"https:\/\/agora.xtec.cat\/escolaanicet\/wp-json\/wp\/v2\/pages\/28","targetHints":{"allow":["GET"]}}],"collection":[{"href":"https:\/\/agora.xtec.cat\/escolaanicet\/wp-json\/wp\/v2\/pages"}],"about":[{"href":"https:\/\/agora.xtec.cat\/escolaanicet\/wp-json\/wp\/v2\/types\/page"}],"author":[{"embeddable":true,"href":"https:\/\/agora.xtec.cat\/escolaanicet\/wp-json\/wp\/v2\/users\/1"}],"replies":[{"embeddable":true,"href":"https:\/\/agora.xtec.cat\/escolaanicet\/wp-json\/wp\/v2\/comments?post=28"}],"version-history":[{"count":7,"href":"https:\/\/agora.xtec.cat\/escolaanicet\/wp-json\/wp\/v2\/pages\/28\/revisions"}],"predecessor-version":[{"id":2051,"href":"https:\/\/agora.xtec.cat\/escolaanicet\/wp-json\/wp\/v2\/pages\/28\/revisions\/2051"}],"up":[{"embeddable":true,"href":"https:\/\/agora.xtec.cat\/escolaanicet\/wp-json\/wp\/v2\/pages\/22"}],"wp:attachment":[{"href":"https:\/\/agora.xtec.cat\/escolaanicet\/wp-json\/wp\/v2\/media?parent=28"}],"curies":[{"name":"wp","href":"https:\/\/api.w.org\/{rel}","templated":true}]}}