{"id":26,"date":"2014-09-18T12:24:32","date_gmt":"2014-09-18T11:24:32","guid":{"rendered":"http:\/\/agora.xtec.cat\/escolaanicet\/?page_id=26"},"modified":"2016-10-16T19:42:48","modified_gmt":"2016-10-16T17:42:48","slug":"historia","status":"publish","type":"page","link":"https:\/\/agora.xtec.cat\/escolaanicet\/lescola\/historia\/","title":{"rendered":"Hist\u00f2ria"},"content":{"rendered":"<p><a href=\"https:\/\/ca.wikipedia.org\/wiki\/Anicet_de_Pag%C3%A8s_i_de_Puig\" target=\"_blank\"><img loading=\"lazy\" decoding=\"async\" class=\"alignleft\" src=\"https:\/\/upload.wikimedia.org\/wikipedia\/commons\/thumb\/b\/b4\/Anicet_de_Pag%C3%A8s_de_Puig%2C_en_La_Ilustraci%C3%B3_Catalana.jpg\/387px-Anicet_de_Pag%C3%A8s_de_Puig%2C_en_La_Ilustraci%C3%B3_Catalana.jpg\" width=\"126\" height=\"195\" \/><\/a><\/p>\n<p>Qui va ser l&#8217;Anicet de Pag\u00e8s i de Puig?<\/p>\n<p><span style=\"color: #000000;\">Anicet de Pag\u00e8s i de Puig (<a style=\"color: #000000;\" title=\"Figueres (Alt Empord\u00e0)\" href=\"https:\/\/ca.wikipedia.org\/wiki\/Figueres_(Alt_Empord%C3%A0)\">Figueres<\/a>, <a style=\"color: #000000;\" title=\"Alt Empord\u00e0\" href=\"https:\/\/ca.wikipedia.org\/wiki\/Alt_Empord%C3%A0\">Alt Empord\u00e0<\/a>, <a style=\"color: #000000;\" title=\"1843\" href=\"https:\/\/ca.wikipedia.org\/wiki\/1843\">1843<\/a> &#8211; <a style=\"color: #000000;\" title=\"Madrid\" href=\"https:\/\/ca.wikipedia.org\/wiki\/Madrid\">Madrid<\/a>, 25 de novembre de <a style=\"color: #000000;\" title=\"1902\" href=\"https:\/\/ca.wikipedia.org\/wiki\/1902\">1902<\/a>) va ser un <a style=\"color: #000000;\" title=\"Poeta\" href=\"https:\/\/ca.wikipedia.org\/wiki\/Poeta\">poeta<\/a>\u00a0catal\u00e0, fill del <a style=\"color: #000000;\" title=\"Ciutad\u00e0 honrat\" href=\"https:\/\/ca.wikipedia.org\/wiki\/Ciutad%C3%A0_honrat\">ciutad\u00e0 honrat<\/a> de <a style=\"color: #000000;\" title=\"Barcelona\" href=\"https:\/\/ca.wikipedia.org\/wiki\/Barcelona\">Barcelona<\/a>, <a style=\"color: #000000;\" title=\"Josep de Pag\u00e8s i Nouviles (encara no existeix)\" href=\"https:\/\/ca.wikipedia.org\/w\/index.php?title=Josep_de_Pag%C3%A8s_i_Nouviles&amp;action=edit&amp;redlink=1\">Josep de Pag\u00e8s i Nouviles<\/a>.<\/span><\/p>\n<p><a href=\"https:\/\/ca.wikipedia.org\/wiki\/Anicet_de_Pag%C3%A8s_i_de_Puig\" target=\"_blank\">+ INFO<\/a><\/p>\n<p>&nbsp;<\/p>\n<p>En el document &#8220;<a href=\"http:\/\/www.raco.cat\/index.php\/AnnalsEmpordanesos\/article\/download\/93177\/164870\" target=\"_blank\">El proc\u00e9s urban\u00edstic de Figueres<\/a>&#8220;, de Josep Maria Bernils i Mach, hi trobem aquest fragment:<\/p>\n<h6><a href=\"https:\/\/drive.google.com\/file\/d\/0B7YSj2ePDljeZUdwYmZSSWJsZG8\/view?usp=sharing\"><em>&#8220;VILATENIM<\/em><\/a><\/h6>\n<h6><a href=\"https:\/\/drive.google.com\/file\/d\/0B7YSj2ePDljeZUdwYmZSSWJsZG8\/view?usp=sharing\" target=\"_blank\"><em>L&#8217;antic municipi de Vilatenim, incorporat al de Figueres el 1975, disposa d&#8217;un clos medieval (&#8230;) A partir del 1854, amb la construcci\u00f3 de la nova carretera de Roses, la poblaci\u00f3 va experimentar un creixement (&#8230;) <\/em><\/a><\/h6>\n<h6><a href=\"https:\/\/drive.google.com\/file\/d\/0B7YSj2ePDljeZUdwYmZSSWJsZG8\/view?usp=sharing\" target=\"_blank\"><em>Marca de l&#8217;Ham (1968)<\/em><\/a><\/h6>\n<h6><a href=\"https:\/\/drive.google.com\/file\/d\/0B7YSj2ePDljeZUdwYmZSSWJsZG8\/view?usp=sharing\" target=\"_blank\"><em>Toca el terme municipal de Figueres, fou una urbanitzaci\u00f3 de 7,85 ha i promoguda per l&#8217;empresa Inmibar S.A. Es preveien un total de 1.616 habitatges. Els carrers porten noms del zod\u00edac.<\/em><\/a><\/h6>\n<h6><a href=\"https:\/\/drive.google.com\/file\/d\/0B7YSj2ePDljeZUdwYmZSSWJsZG8\/view?usp=sharing\" target=\"_blank\"><em><strong>El 1978 es va construir el Col\u00b7legi p\u00fablic Anicet de Pag\u00e8s<\/strong>.&#8221;<\/em><\/a><\/h6>\n<p>&nbsp;<\/p>\n","protected":false},"excerpt":{"rendered":"<p>Qui va ser l&#8217;Anicet de Pag\u00e8s i de Puig? Anicet de Pag\u00e8s i de Puig (Figueres, Alt Empord\u00e0, 1843 &#8211; Madrid, 25 de novembre de 1902) va ser un poeta\u00a0catal\u00e0, fill del ciutad\u00e0 honrat de Barcelona, Josep de Pag\u00e8s i Nouviles. + INFO &nbsp; En el document &#8220;El proc\u00e9s urban\u00edstic de Figueres&#8220;, de Josep Maria [&hellip;]<\/p>\n","protected":false},"author":1,"featured_media":0,"parent":22,"menu_order":20,"comment_status":"closed","ping_status":"closed","template":"page-templates\/side-menu.php","meta":{"_bbp_topic_count":0,"_bbp_reply_count":0,"_bbp_total_topic_count":0,"_bbp_total_reply_count":0,"_bbp_voice_count":0,"_bbp_anonymous_reply_count":0,"_bbp_topic_count_hidden":0,"_bbp_reply_count_hidden":0,"_bbp_forum_subforum_count":0,"site-sidebar-layout":"default","site-content-layout":"","ast-site-content-layout":"","site-content-style":"default","site-sidebar-style":"default","ast-global-header-display":"","ast-banner-title-visibility":"","ast-main-header-display":"","ast-hfb-above-header-display":"","ast-hfb-below-header-display":"","ast-hfb-mobile-header-display":"","site-post-title":"","ast-breadcrumbs-content":"","ast-featured-img":"","footer-sml-layout":"","theme-transparent-header-meta":"","adv-header-id-meta":"","stick-header-meta":"","header-above-stick-meta":"","header-main-stick-meta":"","header-below-stick-meta":"","astra-migrate-meta-layouts":"default","ast-page-background-enabled":"default","ast-page-background-meta":{"desktop":{"background-color":"var(--ast-global-color-4)","background-image":"","background-repeat":"repeat","background-position":"center center","background-size":"auto","background-attachment":"scroll","background-type":"","background-media":"","overlay-type":"","overlay-color":"","overlay-opacity":"","overlay-gradient":""},"tablet":{"background-color":"","background-image":"","background-repeat":"repeat","background-position":"center center","background-size":"auto","background-attachment":"scroll","background-type":"","background-media":"","overlay-type":"","overlay-color":"","overlay-opacity":"","overlay-gradient":""},"mobile":{"background-color":"","background-image":"","background-repeat":"repeat","background-position":"center center","background-size":"auto","background-attachment":"scroll","background-type":"","background-media":"","overlay-type":"","overlay-color":"","overlay-opacity":"","overlay-gradient":""}},"ast-content-background-meta":{"desktop":{"background-color":"var(--ast-global-color-5)","background-image":"","background-repeat":"repeat","background-position":"center center","background-size":"auto","background-attachment":"scroll","background-type":"","background-media":"","overlay-type":"","overlay-color":"","overlay-opacity":"","overlay-gradient":""},"tablet":{"background-color":"var(--ast-global-color-5)","background-image":"","background-repeat":"repeat","background-position":"center center","background-size":"auto","background-attachment":"scroll","background-type":"","background-media":"","overlay-type":"","overlay-color":"","overlay-opacity":"","overlay-gradient":""},"mobile":{"background-color":"var(--ast-global-color-5)","background-image":"","background-repeat":"repeat","background-position":"center center","background-size":"auto","background-attachment":"scroll","background-type":"","background-media":"","overlay-type":"","overlay-color":"","overlay-opacity":"","overlay-gradient":""}},"footnotes":""},"class_list":["post-26","page","type-page","status-publish","hentry"],"post_mailing_queue_ids":[],"_links":{"self":[{"href":"https:\/\/agora.xtec.cat\/escolaanicet\/wp-json\/wp\/v2\/pages\/26","targetHints":{"allow":["GET"]}}],"collection":[{"href":"https:\/\/agora.xtec.cat\/escolaanicet\/wp-json\/wp\/v2\/pages"}],"about":[{"href":"https:\/\/agora.xtec.cat\/escolaanicet\/wp-json\/wp\/v2\/types\/page"}],"author":[{"embeddable":true,"href":"https:\/\/agora.xtec.cat\/escolaanicet\/wp-json\/wp\/v2\/users\/1"}],"replies":[{"embeddable":true,"href":"https:\/\/agora.xtec.cat\/escolaanicet\/wp-json\/wp\/v2\/comments?post=26"}],"version-history":[{"count":3,"href":"https:\/\/agora.xtec.cat\/escolaanicet\/wp-json\/wp\/v2\/pages\/26\/revisions"}],"predecessor-version":[{"id":565,"href":"https:\/\/agora.xtec.cat\/escolaanicet\/wp-json\/wp\/v2\/pages\/26\/revisions\/565"}],"up":[{"embeddable":true,"href":"https:\/\/agora.xtec.cat\/escolaanicet\/wp-json\/wp\/v2\/pages\/22"}],"wp:attachment":[{"href":"https:\/\/agora.xtec.cat\/escolaanicet\/wp-json\/wp\/v2\/media?parent=26"}],"curies":[{"name":"wp","href":"https:\/\/api.w.org\/{rel}","templated":true}]}}