{"id":9,"date":"2014-09-17T15:08:18","date_gmt":"2014-09-17T14:08:18","guid":{"rendered":"http:\/\/agora.xtec.cat\/escolaangels\/?page_id=9"},"modified":"2024-11-07T13:58:16","modified_gmt":"2024-11-07T12:58:16","slug":"pagina-dinici-buida","status":"publish","type":"page","link":"https:\/\/agora.xtec.cat\/escolaangels\/","title":{"rendered":"Escola \u00c0ngels Alemany i Boris"},"content":{"rendered":"<p style=\"text-align: center;\">Benvolgudes fam\u00edlies,<\/p>\n<p style=\"text-align: center;\">Aquest \u00e9s el NODES del nostre centre educatiu. En aquesta web hi trobareu totes les not\u00edcies, documents, informacions&#8230;. relacionades amb la nostra escola. El <strong>NODES<\/strong> \u00e9s un servei del Departament d\u2019Educaci\u00f3 i Formaci\u00f3 Professional que permet als centres educatius disposar d\u2019un portal web din\u00e0mic amb funcionalitats avan\u00e7ades d\u2019intranet i xarxa social. Aix\u00ed doncs, en aquesta p\u00e0gina hi trobareu tota la informaci\u00f3 rellevant, a m\u00e9s de poder accedir a les not\u00edcies i a les publicacions dels diferents grups educatius dels vostres fills\/filles.<\/p>\n","protected":false},"excerpt":{"rendered":"<p>Benvolgudes fam\u00edlies,<br \/>\nAquest \u00e9s el NODES del nostre centre educatiu. En aquesta web hi trobareu totes les not\u00edcies, documents, informacions&#8230;. relacionades amb la nostra escola. El NODES \u00e9s un servei del Departament d\u2019Educaci\u00f3 i Formaci\u00f3 Professional que permet als centres educatius disposar d\u2019un portal web din\u00e0mic&hellip;  <a href=\"https:\/\/agora.xtec.cat\/escolaangels\/\" title=\"Read Escola \u00c0ngels Alemany i Boris\">Llegeix m\u00e9s\u00bb<\/a><\/p>\n","protected":false},"author":1,"featured_media":0,"parent":7,"menu_order":0,"comment_status":"closed","ping_status":"closed","template":"page-templates\/front-page.php","meta":{"_bbp_topic_count":0,"_bbp_reply_count":0,"_bbp_total_topic_count":0,"_bbp_total_reply_count":0,"_bbp_voice_count":0,"_bbp_anonymous_reply_count":0,"_bbp_topic_count_hidden":0,"_bbp_reply_count_hidden":0,"_bbp_forum_subforum_count":0,"footnotes":""},"class_list":["post-9","page","type-page","status-publish","hentry"],"post_mailing_queue_ids":[],"_links":{"self":[{"href":"https:\/\/agora.xtec.cat\/escolaangels\/wp-json\/wp\/v2\/pages\/9","targetHints":{"allow":["GET"]}}],"collection":[{"href":"https:\/\/agora.xtec.cat\/escolaangels\/wp-json\/wp\/v2\/pages"}],"about":[{"href":"https:\/\/agora.xtec.cat\/escolaangels\/wp-json\/wp\/v2\/types\/page"}],"author":[{"embeddable":true,"href":"https:\/\/agora.xtec.cat\/escolaangels\/wp-json\/wp\/v2\/users\/1"}],"replies":[{"embeddable":true,"href":"https:\/\/agora.xtec.cat\/escolaangels\/wp-json\/wp\/v2\/comments?post=9"}],"version-history":[{"count":4,"href":"https:\/\/agora.xtec.cat\/escolaangels\/wp-json\/wp\/v2\/pages\/9\/revisions"}],"predecessor-version":[{"id":3924,"href":"https:\/\/agora.xtec.cat\/escolaangels\/wp-json\/wp\/v2\/pages\/9\/revisions\/3924"}],"up":[{"embeddable":true,"href":"https:\/\/agora.xtec.cat\/escolaangels\/wp-json\/wp\/v2\/pages\/7"}],"wp:attachment":[{"href":"https:\/\/agora.xtec.cat\/escolaangels\/wp-json\/wp\/v2\/media?parent=9"}],"curies":[{"name":"wp","href":"https:\/\/api.w.org\/{rel}","templated":true}]}}