{"id":736,"date":"2021-03-02T22:14:42","date_gmt":"2021-03-02T21:14:42","guid":{"rendered":"https:\/\/agora.xtec.cat\/escolaangels\/?page_id=736"},"modified":"2021-03-02T22:46:17","modified_gmt":"2021-03-02T21:46:17","slug":"projecte-apadrinem","status":"publish","type":"page","link":"https:\/\/agora.xtec.cat\/escolaangels\/projecte-educatiu\/projecte-apadrinem\/","title":{"rendered":"Projecte Apadrinem"},"content":{"rendered":"<div><\/div>\n<div class=\"CjVfdc\">Els alumnes de l&#8217;Escola \u00c0ngels Alemany i Boris hem apadrinat aquesta bonica cala de Lloret de Mar anomenada &#8220;Sa Caleta&#8221;.<\/div>\n<div class=\"CjVfdc\">El projecte neix el curs 2018\/19 a 4t de prim\u00e0ria amb l&#8217;apadrinament de &#8220;Sa Caleta&#8221; per\u00f2 ser\u00e0 l&#8217;any seg\u00fcent, el curs 2019\/20, quan aquest projecte creix de manera transversal a tots els nivells de l&#8217;escola fent petites activitats relacionades amb el nostre entorn mar\u00ed.<\/div>\n<div><\/div>\n<div><\/div>\n<div><\/div>\n<div><\/div>\n<div><\/div>\n<div><\/div>\n<div><\/div>\n<div><\/div>\n<div><\/div>\n<div><\/div>\n<div><a href=\"https:\/\/sites.google.com\/xtec.cat\/ngels-alemany-i-boris\/p%C3%A0gina-principal\"><img loading=\"lazy\" decoding=\"async\" class=\"aligncenter size-full wp-image-737\" src=\"https:\/\/agora.xtec.cat\/escolaangels\/wp-content\/uploads\/usu2157\/2021\/03\/just-for-you_opt.png\" alt=\"\" width=\"400\" height=\"284\" srcset=\"https:\/\/agora.xtec.cat\/escolaangels\/wp-content\/uploads\/usu2157\/2021\/03\/just-for-you_opt.png 400w, https:\/\/agora.xtec.cat\/escolaangels\/wp-content\/uploads\/usu2157\/2021\/03\/just-for-you_opt-300x213.png 300w\" sizes=\"auto, (max-width: 400px) 100vw, 400px\" \/><\/a><\/div>\n<div><\/div>\n<div><\/div>\n","protected":false},"excerpt":{"rendered":"<p>Els alumnes de l&#8217;Escola \u00c0ngels Alemany i Boris hem apadrinat aquesta bonica cala de Lloret de Mar anomenada &#8220;Sa Caleta&#8221;.<br \/>\nEl projecte neix el curs 2018\/19 a 4t de prim\u00e0ria amb l&#8217;apadrinament de &#8220;Sa Caleta&#8221; per\u00f2 ser\u00e0 l&#8217;any seg\u00fcent, el curs 2019\/20, quan aquest projecte creix&hellip;  <a href=\"https:\/\/agora.xtec.cat\/escolaangels\/projecte-educatiu\/projecte-apadrinem\/\" title=\"Read Projecte Apadrinem\">Llegeix m\u00e9s\u00bb<\/a><\/p>\n","protected":false},"author":1,"featured_media":0,"parent":64,"menu_order":4,"comment_status":"closed","ping_status":"closed","template":"page-templates\/side-menu.php","meta":{"_bbp_topic_count":0,"_bbp_reply_count":0,"_bbp_total_topic_count":0,"_bbp_total_reply_count":0,"_bbp_voice_count":0,"_bbp_anonymous_reply_count":0,"_bbp_topic_count_hidden":0,"_bbp_reply_count_hidden":0,"_bbp_forum_subforum_count":0,"footnotes":""},"class_list":["post-736","page","type-page","status-publish","hentry"],"post_mailing_queue_ids":[],"_links":{"self":[{"href":"https:\/\/agora.xtec.cat\/escolaangels\/wp-json\/wp\/v2\/pages\/736","targetHints":{"allow":["GET"]}}],"collection":[{"href":"https:\/\/agora.xtec.cat\/escolaangels\/wp-json\/wp\/v2\/pages"}],"about":[{"href":"https:\/\/agora.xtec.cat\/escolaangels\/wp-json\/wp\/v2\/types\/page"}],"author":[{"embeddable":true,"href":"https:\/\/agora.xtec.cat\/escolaangels\/wp-json\/wp\/v2\/users\/1"}],"replies":[{"embeddable":true,"href":"https:\/\/agora.xtec.cat\/escolaangels\/wp-json\/wp\/v2\/comments?post=736"}],"version-history":[{"count":2,"href":"https:\/\/agora.xtec.cat\/escolaangels\/wp-json\/wp\/v2\/pages\/736\/revisions"}],"predecessor-version":[{"id":739,"href":"https:\/\/agora.xtec.cat\/escolaangels\/wp-json\/wp\/v2\/pages\/736\/revisions\/739"}],"up":[{"embeddable":true,"href":"https:\/\/agora.xtec.cat\/escolaangels\/wp-json\/wp\/v2\/pages\/64"}],"wp:attachment":[{"href":"https:\/\/agora.xtec.cat\/escolaangels\/wp-json\/wp\/v2\/media?parent=736"}],"curies":[{"name":"wp","href":"https:\/\/api.w.org\/{rel}","templated":true}]}}