{"id":714,"date":"2021-03-01T17:45:39","date_gmt":"2021-03-01T16:45:39","guid":{"rendered":"https:\/\/agora.xtec.cat\/escolaangels\/?page_id=714"},"modified":"2023-10-19T19:55:15","modified_gmt":"2023-10-19T17:55:15","slug":"projecte-direccio","status":"publish","type":"page","link":"https:\/\/agora.xtec.cat\/escolaangels\/documents-de-centre\/projecte-direccio\/","title":{"rendered":"Projecte direcci\u00f3"},"content":{"rendered":"<p>En aquest enlla\u00e7 podeu consultar el Projecte de direcci\u00f3.<\/p>\n<p><a href=\"https:\/\/drive.google.com\/file\/d\/1rQyJgfIE8E389xU5qnV7-6gdMRSC-0Mo\/view?usp=sharing\" target=\"_blank\" rel=\"noopener\">\ud83d\udcf0 Projecte de direcci\u00f3 2021-24<\/a><\/p>\n","protected":false},"excerpt":{"rendered":"<p>En aquest enlla\u00e7 podeu consultar el Projecte de direcci\u00f3.<br \/>\n<a href=\"https:\/\/drive.google.com\/file\/d\/1rQyJgfIE8E389xU5qnV7-6gdMRSC-0Mo\/view?usp=sharing\" target=\"_blank\" rel=\"noopener\">\ud83d\udcf0 Projecte de direcci\u00f3 2021-24<\/a><\/p>\n","protected":false},"author":1,"featured_media":0,"parent":695,"menu_order":0,"comment_status":"closed","ping_status":"closed","template":"","meta":{"_bbp_topic_count":0,"_bbp_reply_count":0,"_bbp_total_topic_count":0,"_bbp_total_reply_count":0,"_bbp_voice_count":0,"_bbp_anonymous_reply_count":0,"_bbp_topic_count_hidden":0,"_bbp_reply_count_hidden":0,"_bbp_forum_subforum_count":0,"footnotes":""},"class_list":["post-714","page","type-page","status-publish","hentry"],"post_mailing_queue_ids":[],"_links":{"self":[{"href":"https:\/\/agora.xtec.cat\/escolaangels\/wp-json\/wp\/v2\/pages\/714","targetHints":{"allow":["GET"]}}],"collection":[{"href":"https:\/\/agora.xtec.cat\/escolaangels\/wp-json\/wp\/v2\/pages"}],"about":[{"href":"https:\/\/agora.xtec.cat\/escolaangels\/wp-json\/wp\/v2\/types\/page"}],"author":[{"embeddable":true,"href":"https:\/\/agora.xtec.cat\/escolaangels\/wp-json\/wp\/v2\/users\/1"}],"replies":[{"embeddable":true,"href":"https:\/\/agora.xtec.cat\/escolaangels\/wp-json\/wp\/v2\/comments?post=714"}],"version-history":[{"count":3,"href":"https:\/\/agora.xtec.cat\/escolaangels\/wp-json\/wp\/v2\/pages\/714\/revisions"}],"predecessor-version":[{"id":1539,"href":"https:\/\/agora.xtec.cat\/escolaangels\/wp-json\/wp\/v2\/pages\/714\/revisions\/1539"}],"up":[{"embeddable":true,"href":"https:\/\/agora.xtec.cat\/escolaangels\/wp-json\/wp\/v2\/pages\/695"}],"wp:attachment":[{"href":"https:\/\/agora.xtec.cat\/escolaangels\/wp-json\/wp\/v2\/media?parent=714"}],"curies":[{"name":"wp","href":"https:\/\/api.w.org\/{rel}","templated":true}]}}