{"id":649,"date":"2020-08-22T19:13:20","date_gmt":"2020-08-22T17:13:20","guid":{"rendered":"https:\/\/agora.xtec.cat\/escolaangels\/?page_id=649"},"modified":"2020-08-22T19:14:52","modified_gmt":"2020-08-22T17:14:52","slug":"sortides-i-excursions","status":"publish","type":"page","link":"https:\/\/agora.xtec.cat\/escolaangels\/lescola\/sortides-i-excursions\/","title":{"rendered":"Sortides i excursions"},"content":{"rendered":"<p><img loading=\"lazy\" decoding=\"async\" class=\" alignleft\" src=\"https:\/\/pbs.twimg.com\/media\/D8T0n52V4AE1p51?format=jpg&amp;name=medium\" width=\"247\" height=\"185\" \/>Durant el curs es realitzen 3 sortides de tot el dia (una per trimestre), de les quals dues s\u00f3n dins de la localitat, i una fora, que en el cas de final de cicle (P5, 2n, 4t i 6\u00e8) s\u00f3n col\u00f2nies. Els pares signeu una autoritzaci\u00f3 per les sortides de dins de la localitat, a l\u2019inici de cada curs escolar.<\/p>\n","protected":false},"excerpt":{"rendered":"<p>Durant el curs es realitzen 3 sortides de tot el dia (una per trimestre), de les quals dues s\u00f3n dins de la localitat, i una fora, que en el cas de final de cicle (P5, 2n, 4t i 6\u00e8) s\u00f3n col\u00f2nies. Els pares signeu una&hellip;  <a href=\"https:\/\/agora.xtec.cat\/escolaangels\/lescola\/sortides-i-excursions\/\" title=\"Read Sortides i excursions\">Llegeix m\u00e9s\u00bb<\/a><\/p>\n","protected":false},"author":1,"featured_media":0,"parent":22,"menu_order":8,"comment_status":"closed","ping_status":"closed","template":"page-templates\/side-menu.php","meta":{"_bbp_topic_count":0,"_bbp_reply_count":0,"_bbp_total_topic_count":0,"_bbp_total_reply_count":0,"_bbp_voice_count":0,"_bbp_anonymous_reply_count":0,"_bbp_topic_count_hidden":0,"_bbp_reply_count_hidden":0,"_bbp_forum_subforum_count":0,"footnotes":""},"class_list":["post-649","page","type-page","status-publish","hentry"],"post_mailing_queue_ids":[],"_links":{"self":[{"href":"https:\/\/agora.xtec.cat\/escolaangels\/wp-json\/wp\/v2\/pages\/649","targetHints":{"allow":["GET"]}}],"collection":[{"href":"https:\/\/agora.xtec.cat\/escolaangels\/wp-json\/wp\/v2\/pages"}],"about":[{"href":"https:\/\/agora.xtec.cat\/escolaangels\/wp-json\/wp\/v2\/types\/page"}],"author":[{"embeddable":true,"href":"https:\/\/agora.xtec.cat\/escolaangels\/wp-json\/wp\/v2\/users\/1"}],"replies":[{"embeddable":true,"href":"https:\/\/agora.xtec.cat\/escolaangels\/wp-json\/wp\/v2\/comments?post=649"}],"version-history":[{"count":1,"href":"https:\/\/agora.xtec.cat\/escolaangels\/wp-json\/wp\/v2\/pages\/649\/revisions"}],"predecessor-version":[{"id":650,"href":"https:\/\/agora.xtec.cat\/escolaangels\/wp-json\/wp\/v2\/pages\/649\/revisions\/650"}],"up":[{"embeddable":true,"href":"https:\/\/agora.xtec.cat\/escolaangels\/wp-json\/wp\/v2\/pages\/22"}],"wp:attachment":[{"href":"https:\/\/agora.xtec.cat\/escolaangels\/wp-json\/wp\/v2\/media?parent=649"}],"curies":[{"name":"wp","href":"https:\/\/api.w.org\/{rel}","templated":true}]}}