{"id":605,"date":"2020-08-19T20:23:21","date_gmt":"2020-08-19T18:23:21","guid":{"rendered":"https:\/\/agora.xtec.cat\/escolaangels\/?page_id=605"},"modified":"2024-10-10T09:53:52","modified_gmt":"2024-10-10T07:53:52","slug":"projecte-innovamat","status":"publish","type":"page","link":"https:\/\/agora.xtec.cat\/escolaangels\/projecte-educatiu\/projecte-innovamat\/","title":{"rendered":"Projecte Innovamat"},"content":{"rendered":"<p>Us enllacem la p\u00e0gina web d&#8217;Innovamat on trobareu informaci\u00f3 i recursos per a les fam\u00edlies.<\/p>\n<p><a href=\"https:\/\/www.innovamat.com\/ca\/familias\/\" target=\"_blank\" rel=\"noopener\">INNOVAMAT FAM\u00cdLIES<\/a><\/p>\n","protected":false},"excerpt":{"rendered":"<p>Us enllacem la p\u00e0gina web d&#8217;Innovamat on trobareu informaci\u00f3 i recursos per a les fam\u00edlies.<br \/>\n<a href=\"https:\/\/www.innovamat.com\/ca\/familias\/\" target=\"_blank\" rel=\"noopener\">INNOVAMAT FAM\u00cdLIES<\/a><\/p>\n","protected":false},"author":1,"featured_media":0,"parent":64,"menu_order":0,"comment_status":"closed","ping_status":"closed","template":"page-templates\/side-menu.php","meta":{"_bbp_topic_count":0,"_bbp_reply_count":0,"_bbp_total_topic_count":0,"_bbp_total_reply_count":0,"_bbp_voice_count":0,"_bbp_anonymous_reply_count":0,"_bbp_topic_count_hidden":0,"_bbp_reply_count_hidden":0,"_bbp_forum_subforum_count":0,"footnotes":""},"class_list":["post-605","page","type-page","status-publish","hentry"],"post_mailing_queue_ids":[],"_links":{"self":[{"href":"https:\/\/agora.xtec.cat\/escolaangels\/wp-json\/wp\/v2\/pages\/605","targetHints":{"allow":["GET"]}}],"collection":[{"href":"https:\/\/agora.xtec.cat\/escolaangels\/wp-json\/wp\/v2\/pages"}],"about":[{"href":"https:\/\/agora.xtec.cat\/escolaangels\/wp-json\/wp\/v2\/types\/page"}],"author":[{"embeddable":true,"href":"https:\/\/agora.xtec.cat\/escolaangels\/wp-json\/wp\/v2\/users\/1"}],"replies":[{"embeddable":true,"href":"https:\/\/agora.xtec.cat\/escolaangels\/wp-json\/wp\/v2\/comments?post=605"}],"version-history":[{"count":4,"href":"https:\/\/agora.xtec.cat\/escolaangels\/wp-json\/wp\/v2\/pages\/605\/revisions"}],"predecessor-version":[{"id":3877,"href":"https:\/\/agora.xtec.cat\/escolaangels\/wp-json\/wp\/v2\/pages\/605\/revisions\/3877"}],"up":[{"embeddable":true,"href":"https:\/\/agora.xtec.cat\/escolaangels\/wp-json\/wp\/v2\/pages\/64"}],"wp:attachment":[{"href":"https:\/\/agora.xtec.cat\/escolaangels\/wp-json\/wp\/v2\/media?parent=605"}],"curies":[{"name":"wp","href":"https:\/\/api.w.org\/{rel}","templated":true}]}}