{"id":601,"date":"2020-08-19T20:04:42","date_gmt":"2020-08-19T18:04:42","guid":{"rendered":"https:\/\/agora.xtec.cat\/escolaangels\/?page_id=601"},"modified":"2024-11-08T15:38:13","modified_gmt":"2024-11-08T14:38:13","slug":"projecte-de-robotica","status":"publish","type":"page","link":"https:\/\/agora.xtec.cat\/escolaangels\/projecte-educatiu\/projecte-de-robotica\/","title":{"rendered":"Projecte de rob\u00f2tica"},"content":{"rendered":"<p>Els alumnes de l&#8217;escola fan \u00fas dels seg\u00fcents robots:<\/p>\n<div>\n<p><a href=\"https:\/\/agora.xtec.cat\/escolaangels\/wp-content\/uploads\/usu2157\/2024\/11\/LLISTAT-ROBOTS-1.png\"><img loading=\"lazy\" decoding=\"async\" class=\"alignnone  wp-image-3927\" src=\"https:\/\/agora.xtec.cat\/escolaangels\/wp-content\/uploads\/usu2157\/2024\/11\/LLISTAT-ROBOTS-1-724x1024.png\" alt=\"\" width=\"245\" height=\"347\" srcset=\"https:\/\/agora.xtec.cat\/escolaangels\/wp-content\/uploads\/usu2157\/2024\/11\/LLISTAT-ROBOTS-1-724x1024.png 724w, https:\/\/agora.xtec.cat\/escolaangels\/wp-content\/uploads\/usu2157\/2024\/11\/LLISTAT-ROBOTS-1-212x300.png 212w, https:\/\/agora.xtec.cat\/escolaangels\/wp-content\/uploads\/usu2157\/2024\/11\/LLISTAT-ROBOTS-1-768x1086.png 768w, https:\/\/agora.xtec.cat\/escolaangels\/wp-content\/uploads\/usu2157\/2024\/11\/LLISTAT-ROBOTS-1-1086x1536.png 1086w, https:\/\/agora.xtec.cat\/escolaangels\/wp-content\/uploads\/usu2157\/2024\/11\/LLISTAT-ROBOTS-1.png 1414w\" sizes=\"auto, (max-width: 245px) 100vw, 245px\" \/><\/a><\/p>\n<\/div>\n","protected":false},"excerpt":{"rendered":"<p>Els alumnes de l&#8217;escola fan \u00fas dels seg\u00fcents robots:<\/p>\n<p><a href=\"https:\/\/agora.xtec.cat\/escolaangels\/wp-content\/uploads\/usu2157\/2024\/11\/LLISTAT-ROBOTS-1.png\"><\/a><\/p>\n","protected":false},"author":1,"featured_media":0,"parent":64,"menu_order":0,"comment_status":"closed","ping_status":"closed","template":"page-templates\/side-menu.php","meta":{"_bbp_topic_count":0,"_bbp_reply_count":0,"_bbp_total_topic_count":0,"_bbp_total_reply_count":0,"_bbp_voice_count":0,"_bbp_anonymous_reply_count":0,"_bbp_topic_count_hidden":0,"_bbp_reply_count_hidden":0,"_bbp_forum_subforum_count":0,"footnotes":""},"class_list":["post-601","page","type-page","status-publish","hentry"],"post_mailing_queue_ids":[],"_links":{"self":[{"href":"https:\/\/agora.xtec.cat\/escolaangels\/wp-json\/wp\/v2\/pages\/601","targetHints":{"allow":["GET"]}}],"collection":[{"href":"https:\/\/agora.xtec.cat\/escolaangels\/wp-json\/wp\/v2\/pages"}],"about":[{"href":"https:\/\/agora.xtec.cat\/escolaangels\/wp-json\/wp\/v2\/types\/page"}],"author":[{"embeddable":true,"href":"https:\/\/agora.xtec.cat\/escolaangels\/wp-json\/wp\/v2\/users\/1"}],"replies":[{"embeddable":true,"href":"https:\/\/agora.xtec.cat\/escolaangels\/wp-json\/wp\/v2\/comments?post=601"}],"version-history":[{"count":5,"href":"https:\/\/agora.xtec.cat\/escolaangels\/wp-json\/wp\/v2\/pages\/601\/revisions"}],"predecessor-version":[{"id":3925,"href":"https:\/\/agora.xtec.cat\/escolaangels\/wp-json\/wp\/v2\/pages\/601\/revisions\/3925"}],"up":[{"embeddable":true,"href":"https:\/\/agora.xtec.cat\/escolaangels\/wp-json\/wp\/v2\/pages\/64"}],"wp:attachment":[{"href":"https:\/\/agora.xtec.cat\/escolaangels\/wp-json\/wp\/v2\/media?parent=601"}],"curies":[{"name":"wp","href":"https:\/\/api.w.org\/{rel}","templated":true}]}}