{"id":516,"date":"2020-08-06T12:38:22","date_gmt":"2020-08-06T10:38:22","guid":{"rendered":"https:\/\/agora.xtec.cat\/escolaangels\/?page_id=516"},"modified":"2021-08-15T20:41:35","modified_gmt":"2021-08-15T18:41:35","slug":"app-escola","status":"publish","type":"page","link":"https:\/\/agora.xtec.cat\/escolaangels\/serveis\/app-escola\/","title":{"rendered":"APP Escola"},"content":{"rendered":"<p><span style=\"font-weight: 400;\">L&#8217;APP \u00e9s la via de comunicaci\u00f3 di\u00e0ria amb l&#8217;escola. Cal disposar d\u2019un tel\u00e8fon m\u00f2bil per poder descarregar-la.<\/span><\/p>\n<p><span style=\"font-weight: 400;\">A trav\u00e9s d\u2019aquest canal rebreu totes les informacions de l\u2019escola, tant les dels mestres com les de direcci\u00f3. Tamb\u00e9 podreu comunicar les abs\u00e8ncies a l\u2019escola, sol\u00b7licitar entrevistes, realitzar pagaments, consultar el calendari escolar,&#8230; Cal llegir di\u00e0riament els comunicats.<\/span><\/p>\n<p><b>Important<\/b><span style=\"font-weight: 400;\">: Els mestres llegiran els comunicats cada dia a les 9h del mat\u00ed, per tant qualsevol comunicat que s\u2019envi\u00ef a l\u2019escola posterior a aquesta hora molt probablement no ser\u00e0 llegit fins l\u2019endem\u00e0.<\/span><\/p>\n<p><span style=\"font-weight: 400;\">En cas de no poder enviar o rebre els comunicats, trobareu el tutorial d\u2019actualitzaci\u00f3 d\u2019aquesta aplicaci\u00f3 al Nodes de l\u2019escola.\u00a0\u00a0<\/span><\/p>\n<p>En aquest <a href=\"https:\/\/drive.google.com\/file\/d\/11YJcuJPTDe78EGPUG09xmxIdaoxlDqf-\/view\">enlla\u00e7<\/a> us expliquem les passes que heu de seguir per descarregar-vos l&#8217;aplicaci\u00f3 de l&#8217;escola i alhora poder-vos registrar.<\/p>\n<p>Cliqueu l&#8217;enlla\u00e7 de desc\u00e0rrega corresponent al vostre sistema operatiu: IOS(Iphone)\/Android.<\/p>\n<p><a href=\"https:\/\/apps.apple.com\/es\/app\/escola-%C3%A0ngels-alemany\/id1328864731\"><img loading=\"lazy\" decoding=\"async\" class=\"aligncenter\" src=\"https:\/\/www.codita.org\/wp-content\/uploads\/2019\/10\/app-store.png\" width=\"101\" height=\"38\" \/><\/a> <a href=\"https:\/\/play.google.com\/store\/apps\/details?id=com.dumainteractiva.angelsalemany&amp;gl=ES\"><img loading=\"lazy\" decoding=\"async\" class=\"aligncenter\" src=\"https:\/\/alertcops.ses.mir.es\/mialertcops\/webresources\/images\/badge-android-es.png\" width=\"101\" height=\"31\" \/><\/a><\/p>\n<p>&nbsp;<\/p>\n<p>&nbsp;<\/p>\n","protected":false},"excerpt":{"rendered":"<p>L&#8217;APP \u00e9s la via de comunicaci\u00f3 di\u00e0ria amb l&#8217;escola. Cal disposar d\u2019un tel\u00e8fon m\u00f2bil per poder descarregar-la.<br \/>\nA trav\u00e9s d\u2019aquest canal rebreu totes les informacions de l\u2019escola, tant les dels mestres com les de direcci\u00f3. Tamb\u00e9 podreu comunicar les abs\u00e8ncies a l\u2019escola, sol\u00b7licitar entrevistes, realitzar pagaments,&hellip;  <a href=\"https:\/\/agora.xtec.cat\/escolaangels\/serveis\/app-escola\/\" title=\"Read APP Escola\">Llegeix m\u00e9s\u00bb<\/a><\/p>\n","protected":false},"author":1,"featured_media":0,"parent":66,"menu_order":0,"comment_status":"closed","ping_status":"closed","template":"page-templates\/side-menu.php","meta":{"_bbp_topic_count":0,"_bbp_reply_count":0,"_bbp_total_topic_count":0,"_bbp_total_reply_count":0,"_bbp_voice_count":0,"_bbp_anonymous_reply_count":0,"_bbp_topic_count_hidden":0,"_bbp_reply_count_hidden":0,"_bbp_forum_subforum_count":0,"footnotes":""},"class_list":["post-516","page","type-page","status-publish","hentry"],"post_mailing_queue_ids":[],"_links":{"self":[{"href":"https:\/\/agora.xtec.cat\/escolaangels\/wp-json\/wp\/v2\/pages\/516","targetHints":{"allow":["GET"]}}],"collection":[{"href":"https:\/\/agora.xtec.cat\/escolaangels\/wp-json\/wp\/v2\/pages"}],"about":[{"href":"https:\/\/agora.xtec.cat\/escolaangels\/wp-json\/wp\/v2\/types\/page"}],"author":[{"embeddable":true,"href":"https:\/\/agora.xtec.cat\/escolaangels\/wp-json\/wp\/v2\/users\/1"}],"replies":[{"embeddable":true,"href":"https:\/\/agora.xtec.cat\/escolaangels\/wp-json\/wp\/v2\/comments?post=516"}],"version-history":[{"count":4,"href":"https:\/\/agora.xtec.cat\/escolaangels\/wp-json\/wp\/v2\/pages\/516\/revisions"}],"predecessor-version":[{"id":1204,"href":"https:\/\/agora.xtec.cat\/escolaangels\/wp-json\/wp\/v2\/pages\/516\/revisions\/1204"}],"up":[{"embeddable":true,"href":"https:\/\/agora.xtec.cat\/escolaangels\/wp-json\/wp\/v2\/pages\/66"}],"wp:attachment":[{"href":"https:\/\/agora.xtec.cat\/escolaangels\/wp-json\/wp\/v2\/media?parent=516"}],"curies":[{"name":"wp","href":"https:\/\/api.w.org\/{rel}","templated":true}]}}