{"id":3940,"date":"2024-11-08T16:11:06","date_gmt":"2024-11-08T15:11:06","guid":{"rendered":"https:\/\/agora.xtec.cat\/escolaangels\/?page_id=3940"},"modified":"2024-11-08T16:11:06","modified_gmt":"2024-11-08T15:11:06","slug":"app-escola","status":"publish","type":"page","link":"https:\/\/agora.xtec.cat\/escolaangels\/tutorials-families\/app-escola\/","title":{"rendered":"App escola"},"content":{"rendered":"<p>En aquesta secci\u00f3, i accedint-hi a trav\u00e9s del men\u00fa lateral, us donarem informacions importants que us serviran de molta utilitat ara que formeu part de la fam\u00edlia de l\u2019\u00c0ngels Alemany i Boris. Podreu trobar les seg\u00fcents informacions:<\/p>\n<ul>\n<li><strong>APP Escola<\/strong>\n<ul>\n<li>Us ensenyem a\u00a0<em><a href=\"https:\/\/drive.google.com\/file\/d\/11YJcuJPTDe78EGPUG09xmxIdaoxlDqf-\/view?usp=sharing\" target=\"_blank\" rel=\"noopener\">descarregar-vos<\/a><\/em>\u00a0l\u2019aplicaci\u00f3 de l\u2019escola i com registrar-vos. L\u2019APP \u00c0ngels Alemany i Boris ser\u00e0 l\u2019eina principal de comunicaci\u00f3 entre escola i fam\u00edlies. Us afegim tamb\u00e9 l\u2019enlla\u00e7 de desc\u00e0rrega per el vostre dispositiu.\u00a0<strong><em>\u00a0 \u00a0 \u00a0 \u00a0 \u00a0 \u00a0 \u00a0 \u00a0 \u00a0 \u00a0 \u00a0 \u00a0 \u00a0 \u00a0 \u00a0 \u00a0 \u00a0 \u00a0 \u00a0 \u00a0 \u00a0 \u00a0 \u00a0 \u00a0 \u00a0 \u00a0 \u00a0 \u00a0 \u00a0 \u00a0 \u00a0 \u00a0 \u00a0 \u00a0 \u00a0 \u00a0 \u00a0 \u00a0 \u00a0 \u00a0 \u00a0 \u00a0 \u00a0 \u00a0 \u00a0 \u00a0 \u00a0 \u00a0 \u00a0 \u00a0 \u00a0 \u00a0 \u00a0 \u00a0 \u00a0 \u00a0 \u00a0 \u00a0 \u00a0 \u00a0 \u00a0 \u00a0 \u00a0 \u00a0 \u00a0 \u00a0 \u00a0 \u00a0 \u00a0 \u00a0 \u00a0 \u00a0 \u00a0 \u00a0 \u00a0 \u00a0 \u00a0 \u00a0 \u00a0 \u00a0 \u00a0 \u00a0 \u00a0 \u00a0 \u00a0<\/em><\/strong><a href=\"https:\/\/apps.apple.com\/es\/app\/escola-%C3%A0ngels-alemany\/id1328864731\" target=\"_blank\" rel=\"noopener\"><br \/>\n<img loading=\"lazy\" decoding=\"async\" class=\"aligncenter wp-image-1225\" src=\"https:\/\/agora.xtec.cat\/escolaangels\/wp-content\/uploads\/usu2157\/2021\/08\/app-store-logo-copia.png\" sizes=\"auto, (max-width: 157px) 100vw, 157px\" srcset=\"https:\/\/agora.xtec.cat\/escolaangels\/wp-content\/uploads\/usu2157\/2021\/08\/app-store-logo-copia.png 331w, https:\/\/agora.xtec.cat\/escolaangels\/wp-content\/uploads\/usu2157\/2021\/08\/app-store-logo-copia-300x88.png 300w\" alt=\"\" width=\"157\" height=\"46\" \/><\/a><a href=\"https:\/\/play.google.com\/store\/apps\/details?id=com.dumainteractiva.angelsalemany&amp;gl=ES\" target=\"_blank\" rel=\"noopener\"><img loading=\"lazy\" decoding=\"async\" class=\"aligncenter wp-image-1226\" src=\"https:\/\/agora.xtec.cat\/escolaangels\/wp-content\/uploads\/usu2157\/2021\/08\/logo-google-play-3.png\" sizes=\"auto, (max-width: 157px) 100vw, 157px\" srcset=\"https:\/\/agora.xtec.cat\/escolaangels\/wp-content\/uploads\/usu2157\/2021\/08\/logo-google-play-3.png 308w, https:\/\/agora.xtec.cat\/escolaangels\/wp-content\/uploads\/usu2157\/2021\/08\/logo-google-play-3-300x92.png 300w\" alt=\"\" width=\"157\" height=\"47\" \/><\/a><\/li>\n<\/ul>\n<\/li>\n<li><strong>Pagament via APP<\/strong>\n<ul>\n<li>En aquesta p\u00e0gina us expliquem com fer el\u00a0<em><a href=\"https:\/\/drive.google.com\/file\/d\/1dX_RkRo-1C1BQ-H_FQopAiZIwzbRoFs7\/view?usp=sharing\" target=\"_blank\" rel=\"noopener\">pagament de la quota<\/a><\/em>\u00a0de material a trav\u00e9s de l\u2019APP de l\u2019escola.<\/li>\n<\/ul>\n<\/li>\n<\/ul>\n","protected":false},"excerpt":{"rendered":"<p>En aquesta secci\u00f3, i accedint-hi a trav\u00e9s del men\u00fa lateral, us donarem informacions importants que us serviran de molta utilitat ara que formeu part de la fam\u00edlia de l\u2019\u00c0ngels Alemany i Boris. Podreu trobar les seg\u00fcents informacions:<\/p>\n<ul>\n<li>APP Escola\n<ul>\n<li>Us ensenyem a\u00a0<a href=\"https:\/\/drive.google.com\/file\/d\/11YJcuJPTDe78EGPUG09xmxIdaoxlDqf-\/view?usp=sharing\" target=\"_blank\" rel=\"noopener\">descarregar-vos<\/a>\u00a0l\u2019aplicaci\u00f3 de l\u2019escola&hellip;  <a href=\"https:\/\/agora.xtec.cat\/escolaangels\/tutorials-families\/app-escola\/\" title=\"Read App escola\">Llegeix m\u00e9s\u00bb<\/a><br \/>\n","protected":false},"author":1,"featured_media":0,"parent":3930,"menu_order":0,"comment_status":"closed","ping_status":"closed","template":"","meta":{"_bbp_topic_count":0,"_bbp_reply_count":0,"_bbp_total_topic_count":0,"_bbp_total_reply_count":0,"_bbp_voice_count":0,"_bbp_anonymous_reply_count":0,"_bbp_topic_count_hidden":0,"_bbp_reply_count_hidden":0,"_bbp_forum_subforum_count":0,"footnotes":""},"class_list":["post-3940","page","type-page","status-publish","hentry"],"post_mailing_queue_ids":[],"_links":{"self":[{"href":"https:\/\/agora.xtec.cat\/escolaangels\/wp-json\/wp\/v2\/pages\/3940","targetHints":{"allow":["GET"]}}],"collection":[{"href":"https:\/\/agora.xtec.cat\/escolaangels\/wp-json\/wp\/v2\/pages"}],"about":[{"href":"https:\/\/agora.xtec.cat\/escolaangels\/wp-json\/wp\/v2\/types\/page"}],"author":[{"embeddable":true,"href":"https:\/\/agora.xtec.cat\/escolaangels\/wp-json\/wp\/v2\/users\/1"}],"replies":[{"embeddable":true,"href":"https:\/\/agora.xtec.cat\/escolaangels\/wp-json\/wp\/v2\/comments?post=3940"}],"version-history":[{"count":1,"href":"https:\/\/agora.xtec.cat\/escolaangels\/wp-json\/wp\/v2\/pages\/3940\/revisions"}],"predecessor-version":[{"id":3941,"href":"https:\/\/agora.xtec.cat\/escolaangels\/wp-json\/wp\/v2\/pages\/3940\/revisions\/3941"}],"up":[{"embeddable":true,"href":"https:\/\/agora.xtec.cat\/escolaangels\/wp-json\/wp\/v2\/pages\/3930"}],"wp:attachment":[{"href":"https:\/\/agora.xtec.cat\/escolaangels\/wp-json\/wp\/v2\/media?parent=3940"}],"curies":[{"name":"wp","href":"https:\/\/api.w.org\/{rel}","templated":true}]}}