{"id":3918,"date":"2024-11-07T13:35:37","date_gmt":"2024-11-07T12:35:37","guid":{"rendered":"https:\/\/agora.xtec.cat\/escolaangels\/?page_id=3918"},"modified":"2025-10-17T14:06:50","modified_gmt":"2025-10-17T12:06:50","slug":"pla-dacollida-a-les-families","status":"publish","type":"page","link":"https:\/\/agora.xtec.cat\/escolaangels\/documents-de-centre\/pla-dacollida-a-les-families\/","title":{"rendered":"Pla d&#8217;acollida a les fam\u00edlies"},"content":{"rendered":"<p>En aquest enlla\u00e7 podeu consultar el pla d&#8217;acollida a les fam\u00edlies del nostre centre.<\/p>\n<p><a href=\"https:\/\/drive.google.com\/file\/d\/1kFXxzq-QoaXVhnZk8am4iEpr3XTBhNtj\/view?usp=sharing\" target=\"_blank\" rel=\"noopener\">Pla d&#8217;acollida a les fam\u00edlies<\/a><\/p>\n","protected":false},"excerpt":{"rendered":"<p>En aquest enlla\u00e7 podeu consultar el pla d&#8217;acollida a les fam\u00edlies del nostre centre.<br \/>\n<a href=\"https:\/\/drive.google.com\/file\/d\/1kFXxzq-QoaXVhnZk8am4iEpr3XTBhNtj\/view?usp=sharing\" target=\"_blank\" rel=\"noopener\">Pla d&#8217;acollida a les fam\u00edlies<\/a><\/p>\n","protected":false},"author":1,"featured_media":0,"parent":695,"menu_order":0,"comment_status":"closed","ping_status":"closed","template":"","meta":{"_bbp_topic_count":0,"_bbp_reply_count":0,"_bbp_total_topic_count":0,"_bbp_total_reply_count":0,"_bbp_voice_count":0,"_bbp_anonymous_reply_count":0,"_bbp_topic_count_hidden":0,"_bbp_reply_count_hidden":0,"_bbp_forum_subforum_count":0,"footnotes":""},"class_list":["post-3918","page","type-page","status-publish","hentry"],"post_mailing_queue_ids":[],"_links":{"self":[{"href":"https:\/\/agora.xtec.cat\/escolaangels\/wp-json\/wp\/v2\/pages\/3918","targetHints":{"allow":["GET"]}}],"collection":[{"href":"https:\/\/agora.xtec.cat\/escolaangels\/wp-json\/wp\/v2\/pages"}],"about":[{"href":"https:\/\/agora.xtec.cat\/escolaangels\/wp-json\/wp\/v2\/types\/page"}],"author":[{"embeddable":true,"href":"https:\/\/agora.xtec.cat\/escolaangels\/wp-json\/wp\/v2\/users\/1"}],"replies":[{"embeddable":true,"href":"https:\/\/agora.xtec.cat\/escolaangels\/wp-json\/wp\/v2\/comments?post=3918"}],"version-history":[{"count":3,"href":"https:\/\/agora.xtec.cat\/escolaangels\/wp-json\/wp\/v2\/pages\/3918\/revisions"}],"predecessor-version":[{"id":4830,"href":"https:\/\/agora.xtec.cat\/escolaangels\/wp-json\/wp\/v2\/pages\/3918\/revisions\/4830"}],"up":[{"embeddable":true,"href":"https:\/\/agora.xtec.cat\/escolaangels\/wp-json\/wp\/v2\/pages\/695"}],"wp:attachment":[{"href":"https:\/\/agora.xtec.cat\/escolaangels\/wp-json\/wp\/v2\/media?parent=3918"}],"curies":[{"name":"wp","href":"https:\/\/api.w.org\/{rel}","templated":true}]}}