{"id":38,"date":"2014-09-18T12:34:08","date_gmt":"2014-09-18T11:34:08","guid":{"rendered":"http:\/\/agora.xtec.cat\/escolaangels\/?page_id=38"},"modified":"2021-08-15T20:29:08","modified_gmt":"2021-08-15T18:29:08","slug":"salut","status":"publish","type":"page","link":"https:\/\/agora.xtec.cat\/escolaangels\/lescola\/salut\/","title":{"rendered":"Salut"},"content":{"rendered":"<h4><strong><img loading=\"lazy\" decoding=\"async\" class=\" alignleft\" src=\"https:\/\/blocs.xtec.cat\/bancimatges\/files\/2020\/06\/temp.png\" width=\"170\" height=\"157\" \/><br \/>\n<\/strong><\/h4>\n<p><b>Consideracions generals<\/b><span style=\"font-weight: 400;\">: en el cas que el vostre fill\/a pateixi alguna malaltia s\u2019ha de comunicar al tutor\/a al m\u00e9s aviat possible. Si est\u00e0 malalt o t\u00e9 febre, no pot assistir a l\u2019escola.<\/span><\/p>\n<p><span style=\"font-weight: 400;\">A l\u2019escola es poden donar casos de contagi de polls, per tant recomanem que reviseu peri\u00f2dicament els caps dels vostres fills. En cas de trobar-ne caldr\u00e0 que l&#8217;alumne faci el tractament adient i no torni a l&#8217;escola fins a finalitzar-lo completament, comuniqueu-ho a l\u2019escola per tal de fer-ne la prevenci\u00f3.\u00a0\u00a0<\/span><\/p>\n<p><span style=\"font-weight: 400;\">Si el vostre fill\/a es troba malament o es fa mal a l\u2019escola us trucarem per tel\u00e8fon i en el cas necessari, si no ens contest\u00e9ssiu, el portarem al CAP.<\/span><\/p>\n<p><span style=\"font-weight: 400;\">Medicaments: els mestres no donem cap tipus de medicaci\u00f3; si s&#8217;hagu\u00e9s d&#8217;administrar per incompatibilitat d&#8217;horaris, caldr\u00e0 portar una autoritzaci\u00f3 dels pares i una altra del metge (hora que s&#8217;ha de prendre, dosi, n\u00fam. col\u00b7legiat).<\/span><\/p>\n<h4><strong>COVID-19<\/strong><\/h4>\n<p><img loading=\"lazy\" decoding=\"async\" class=\" alignleft\" src=\"https:\/\/blocs.xtec.cat\/bancimatges\/files\/2020\/06\/130-COVID-Virus.png\" width=\"109\" height=\"109\" \/>Caldr\u00e0 llegir amb detall el document del protocol que us enviarem amb tota la informaci\u00f3 necess\u00e0ria.<\/p>\n<p>&nbsp;<\/p>\n<p>&nbsp;<\/p>\n<p>&nbsp;<\/p>\n<p>&nbsp;<\/p>\n<p>&nbsp;<\/p>\n","protected":false},"excerpt":{"rendered":"<p>Consideracions generals: en el cas que el vostre fill\/a pateixi alguna malaltia s\u2019ha de comunicar al tutor\/a al m\u00e9s aviat possible. Si est\u00e0 malalt o t\u00e9 febre, no pot assistir a l\u2019escola.<br \/>\nA l\u2019escola es poden donar casos de contagi de polls, per tant recomanem que&hellip;  <a href=\"https:\/\/agora.xtec.cat\/escolaangels\/lescola\/salut\/\" title=\"Read Salut\">Llegeix m\u00e9s\u00bb<\/a><\/p>\n","protected":false},"author":1,"featured_media":0,"parent":22,"menu_order":80,"comment_status":"closed","ping_status":"closed","template":"page-templates\/side-menu.php","meta":{"_bbp_topic_count":0,"_bbp_reply_count":0,"_bbp_total_topic_count":0,"_bbp_total_reply_count":0,"_bbp_voice_count":0,"_bbp_anonymous_reply_count":0,"_bbp_topic_count_hidden":0,"_bbp_reply_count_hidden":0,"_bbp_forum_subforum_count":0,"footnotes":""},"class_list":["post-38","page","type-page","status-publish","hentry"],"post_mailing_queue_ids":[],"_links":{"self":[{"href":"https:\/\/agora.xtec.cat\/escolaangels\/wp-json\/wp\/v2\/pages\/38","targetHints":{"allow":["GET"]}}],"collection":[{"href":"https:\/\/agora.xtec.cat\/escolaangels\/wp-json\/wp\/v2\/pages"}],"about":[{"href":"https:\/\/agora.xtec.cat\/escolaangels\/wp-json\/wp\/v2\/types\/page"}],"author":[{"embeddable":true,"href":"https:\/\/agora.xtec.cat\/escolaangels\/wp-json\/wp\/v2\/users\/1"}],"replies":[{"embeddable":true,"href":"https:\/\/agora.xtec.cat\/escolaangels\/wp-json\/wp\/v2\/comments?post=38"}],"version-history":[{"count":3,"href":"https:\/\/agora.xtec.cat\/escolaangels\/wp-json\/wp\/v2\/pages\/38\/revisions"}],"predecessor-version":[{"id":1197,"href":"https:\/\/agora.xtec.cat\/escolaangels\/wp-json\/wp\/v2\/pages\/38\/revisions\/1197"}],"up":[{"embeddable":true,"href":"https:\/\/agora.xtec.cat\/escolaangels\/wp-json\/wp\/v2\/pages\/22"}],"wp:attachment":[{"href":"https:\/\/agora.xtec.cat\/escolaangels\/wp-json\/wp\/v2\/media?parent=38"}],"curies":[{"name":"wp","href":"https:\/\/api.w.org\/{rel}","templated":true}]}}