{"id":36,"date":"2014-09-18T12:33:11","date_gmt":"2014-09-18T11:33:11","guid":{"rendered":"http:\/\/agora.xtec.cat\/escolaangels\/?page_id=36"},"modified":"2024-09-30T09:28:18","modified_gmt":"2024-09-30T07:28:18","slug":"material-escolar","status":"publish","type":"page","link":"https:\/\/agora.xtec.cat\/escolaangels\/lescola\/material-escolar\/","title":{"rendered":"Material escolar"},"content":{"rendered":"<p><img loading=\"lazy\" decoding=\"async\" class=\" alignleft\" src=\"https:\/\/blocs.xtec.cat\/bancimatges\/files\/2019\/11\/bag_escola.png\" width=\"333\" height=\"333\" \/><\/p>\n<p><span style=\"font-weight: 400;\">El pagament es fa mitjan\u00e7ant l\u2019APP al llarg de l&#8217;estiu <\/span><span style=\"font-weight: 400;\">.<\/span><\/p>\n<p><span style=\"font-weight: 400;\">Els llibres i material del nou curs se\u2019l trobaran els alumnes a l\u2019aula en iniciar les classes.\u00a0<\/span><\/p>\n<p><b>Quota de material escolar:<\/b><span style=\"font-weight: 400;\"> aquesta quota est\u00e0 inclosa a la quota de material (infantil i prim\u00e0ria). La quota est\u00e0 destinada a material d&#8217;\u00fas com\u00fa a la classe, fotoc\u00f2pies, material de pl\u00e0stica, material per les diferents especialitats (angl\u00e8s, m\u00fasica, educaci\u00f3 f\u00edsica), etc.\u00a0<\/span><\/p>\n<p><b>Quota de material reutilitzable:<\/b><span style=\"font-weight: 400;\"> la quota del programa de socialitzaci\u00f3 de llibres de text i material curricular no fungible i digital est\u00e0 inclosa a la quota de material (alumnes de 1r a 6\u00e8). Dins d\u2019aquest projecte els alumnes poden fer \u00fas del material d\u2019Innovamat a partir de 1r de prim\u00e0ria, de rob\u00f2tica a tots els nivells educatius i dels llibres de lectura i de text, material digital, entre d\u2019altres.\u00a0\u00a0<\/span><\/p>\n<p><b>Llibretes, quaderns i d\u2019altres: <\/b><span style=\"font-weight: 400;\">segons el nivell educatiu es compra un material diferent per poder treballar les diferents \u00e0rees. Aquest material pot ser: quaderns, llic\u00e8ncies digitals, instruments musicals, fitxes de treball, &#8230;\u00a0\u00a0<\/span><\/p>\n","protected":false},"excerpt":{"rendered":"<p>El pagament es fa mitjan\u00e7ant l\u2019APP al llarg de l&#8217;estiu .<br \/>\nEls llibres i material del nou curs se\u2019l trobaran els alumnes a l\u2019aula en iniciar les classes.\u00a0<br \/>\nQuota de material escolar: aquesta quota est\u00e0 inclosa a la quota de material (infantil i prim\u00e0ria). La quota est\u00e0&hellip;  <a href=\"https:\/\/agora.xtec.cat\/escolaangels\/lescola\/material-escolar\/\" title=\"Read Material escolar\">Llegeix m\u00e9s\u00bb<\/a><\/p>\n","protected":false},"author":1,"featured_media":0,"parent":22,"menu_order":70,"comment_status":"closed","ping_status":"closed","template":"page-templates\/side-menu.php","meta":{"_bbp_topic_count":0,"_bbp_reply_count":0,"_bbp_total_topic_count":0,"_bbp_total_reply_count":0,"_bbp_voice_count":0,"_bbp_anonymous_reply_count":0,"_bbp_topic_count_hidden":0,"_bbp_reply_count_hidden":0,"_bbp_forum_subforum_count":0,"footnotes":""},"class_list":["post-36","page","type-page","status-publish","hentry"],"post_mailing_queue_ids":[],"_links":{"self":[{"href":"https:\/\/agora.xtec.cat\/escolaangels\/wp-json\/wp\/v2\/pages\/36","targetHints":{"allow":["GET"]}}],"collection":[{"href":"https:\/\/agora.xtec.cat\/escolaangels\/wp-json\/wp\/v2\/pages"}],"about":[{"href":"https:\/\/agora.xtec.cat\/escolaangels\/wp-json\/wp\/v2\/types\/page"}],"author":[{"embeddable":true,"href":"https:\/\/agora.xtec.cat\/escolaangels\/wp-json\/wp\/v2\/users\/1"}],"replies":[{"embeddable":true,"href":"https:\/\/agora.xtec.cat\/escolaangels\/wp-json\/wp\/v2\/comments?post=36"}],"version-history":[{"count":4,"href":"https:\/\/agora.xtec.cat\/escolaangels\/wp-json\/wp\/v2\/pages\/36\/revisions"}],"predecessor-version":[{"id":3854,"href":"https:\/\/agora.xtec.cat\/escolaangels\/wp-json\/wp\/v2\/pages\/36\/revisions\/3854"}],"up":[{"embeddable":true,"href":"https:\/\/agora.xtec.cat\/escolaangels\/wp-json\/wp\/v2\/pages\/22"}],"wp:attachment":[{"href":"https:\/\/agora.xtec.cat\/escolaangels\/wp-json\/wp\/v2\/media?parent=36"}],"curies":[{"name":"wp","href":"https:\/\/api.w.org\/{rel}","templated":true}]}}