{"id":32,"date":"2014-09-18T12:31:33","date_gmt":"2014-09-18T11:31:33","guid":{"rendered":"http:\/\/agora.xtec.cat\/escolaangels\/?page_id=32"},"modified":"2025-08-14T00:06:37","modified_gmt":"2025-08-13T22:06:37","slug":"calendari-del-curs","status":"publish","type":"page","link":"https:\/\/agora.xtec.cat\/escolaangels\/lescola\/calendari-del-curs\/","title":{"rendered":"Calendari del curs"},"content":{"rendered":"<p><a href=\"https:\/\/agora.xtec.cat\/escolaangels\/wp-content\/uploads\/usu2157\/2025\/08\/Calendari-Escolar-2526.jpg\"><img loading=\"lazy\" decoding=\"async\" class=\"wp-image-4623 aligncenter\" src=\"https:\/\/agora.xtec.cat\/escolaangels\/wp-content\/uploads\/usu2157\/2025\/08\/Calendari-Escolar-2526-724x1024.jpg\" alt=\"\" width=\"560\" height=\"792\" srcset=\"https:\/\/agora.xtec.cat\/escolaangels\/wp-content\/uploads\/usu2157\/2025\/08\/Calendari-Escolar-2526-724x1024.jpg 724w, https:\/\/agora.xtec.cat\/escolaangels\/wp-content\/uploads\/usu2157\/2025\/08\/Calendari-Escolar-2526-212x300.jpg 212w, https:\/\/agora.xtec.cat\/escolaangels\/wp-content\/uploads\/usu2157\/2025\/08\/Calendari-Escolar-2526-768x1086.jpg 768w, https:\/\/agora.xtec.cat\/escolaangels\/wp-content\/uploads\/usu2157\/2025\/08\/Calendari-Escolar-2526-1086x1536.jpg 1086w, https:\/\/agora.xtec.cat\/escolaangels\/wp-content\/uploads\/usu2157\/2025\/08\/Calendari-Escolar-2526.jpg 1414w\" sizes=\"auto, (max-width: 560px) 100vw, 560px\" \/><\/a><\/p>\n<p><strong><span style=\"color: #c63749;\">Inici i fi de curs<\/span><\/strong><\/p>\n<p>8 de setembre de 2025<\/p>\n<p>19 de juny de 2026<\/p>\n<hr \/>\n<h4><strong><span style=\"color: #ecbfd2;\">Vacances<\/span><\/strong><\/h4>\n<p><strong>NADAL: <\/strong>Del 22 de desembre de 2025 al 7 de gener de 2026, ambd\u00f3s inclosos.<\/p>\n<p><strong>SETMANA SANTA: <\/strong>Del 28 de mar\u00e7 al 6 d&#8217;abril de 2026 (ambd\u00f3s inclosos)<\/p>\n<p><strong>JORNADA INTENSIVA:\u00a0<\/strong> De 9 a 13h.<\/p>\n<hr \/>\n<h4><strong><span style=\"color: #a1a1a1;\">Dies festius<\/span><\/strong><\/h4>\n<p>Dijous 11 de setembre de 2025<\/p>\n<p>Dimarts 18 de novembre de 2025<\/p>\n<p>Dilluns 8 de desembre de 2025<\/p>\n<p>Divendres 1 de maig de 2026<\/p>\n<hr \/>\n<h4><strong><span style=\"color: #f3d79b;\">Dies festius de lliure disposici\u00f3<\/span><\/strong><\/h4>\n<p>10 d&#8217;octubre de 2025<\/p>\n<p>17 de novembre de 2025<\/p>\n<p>13 de febrer de 2026<\/p>\n<p>16 de febrer de 2026<\/p>\n<p>30 d&#8217;abril de 2026<\/p>\n<hr \/>\n<h4><strong><span style=\"color: #a780f4;\">Jornada continuada: 9-13h (nom\u00e9s mat\u00ed)<\/span><\/strong><\/h4>\n<ul>\n<li>Divendres 19 de desembre<\/li>\n<li>Del 8 al 19 de juny, ambd\u00f3s inclosos<\/li>\n<\/ul>\n<hr \/>\n<p>L\u2019<b>horari lectiu<\/b> del centre \u00e9s de 9 a 12,30 h i de 15,00 a 16,30 h per a tots els alumnes del centre. El dia 20 de desembre de 2024 i a partir del 9 de juny de 2025 es realitza horari compactat de 9 a 13h. (Els alumnes que utilitzen el servei de menjador surten a les 15:00h.)<\/p>\n<p>Per als alumnes que inicien l\u2019escolaritzaci\u00f3 a P3 s\u2019organitza un breu per\u00edode d\u2019adaptaci\u00f3 que suposa una certa modificaci\u00f3 dels horaris dels dos primers dies de classe, i que es fa saber a les fam\u00edlies en les reunions pr\u00e8vies corresponents.<\/p>\n<p>Al tauler d\u2019anuncis i a l\u2019APP trobareu el calendari amb els dies de classe i els dies que no hi ha escola.<\/p>\n<h4><strong>Assist\u00e8ncia:<\/strong><\/h4>\n<p>Recordeu que l&#8217;assist\u00e8ncia a l&#8217;escola \u00e9s obligat\u00f2ria, la no assist\u00e8ncia repercuteix en els aprenentatges dels alumnes. Si us n&#8217;heu d&#8217;anar de vacances, viatge&#8230; recordeu informar a la mestra i passar per la secretaria de l\u2019escola a signar el paper corresponent. Passats 2 mesos sense informaci\u00f3 de l&#8217;alumne\/a, aquest\/a perd la pla\u00e7a.<\/p>\n<p><a class=\"boto-brand\" href=\"https:\/\/drive.google.com\/uc?export=download&amp;id=1r68xtXCYsli5weJ3bQyAjQwHYJmiveVB\" target=\"_blank\" rel=\"noopener\"><br \/>\n\ud83d\udce5 Descarregar PDF<\/a><\/p>\n<p><!--a=1--><\/p>\n","protected":false},"excerpt":{"rendered":"<p><a href=\"https:\/\/agora.xtec.cat\/escolaangels\/wp-content\/uploads\/usu2157\/2025\/08\/Calendari-Escolar-2526.jpg\"><\/a><br \/>\nInici i fi de curs<br \/>\n8 de setembre de 2025<br \/>\n19 de juny de 2026<\/p>\n<p>Vacances<br \/>\nNADAL: Del 22 de desembre de 2025 al 7 de gener de 2026, ambd\u00f3s inclosos.<br \/>\nSETMANA SANTA: Del 28 de mar\u00e7 al 6 d&#8217;abril de 2026 (ambd\u00f3s inclosos)<br \/>\nJORNADA INTENSIVA:\u00a0 De 9 a 13h.<\/p>\n<p>Dies&hellip;  <a href=\"https:\/\/agora.xtec.cat\/escolaangels\/lescola\/calendari-del-curs\/\" title=\"Read Calendari del curs\">Llegeix m\u00e9s\u00bb<\/a><\/p>\n","protected":false},"author":1,"featured_media":0,"parent":22,"menu_order":50,"comment_status":"closed","ping_status":"closed","template":"page-templates\/side-menu.php","meta":{"_bbp_topic_count":0,"_bbp_reply_count":0,"_bbp_total_topic_count":0,"_bbp_total_reply_count":0,"_bbp_voice_count":0,"_bbp_anonymous_reply_count":0,"_bbp_topic_count_hidden":0,"_bbp_reply_count_hidden":0,"_bbp_forum_subforum_count":0,"footnotes":""},"class_list":["post-32","page","type-page","status-publish","hentry"],"post_mailing_queue_ids":[],"_links":{"self":[{"href":"https:\/\/agora.xtec.cat\/escolaangels\/wp-json\/wp\/v2\/pages\/32","targetHints":{"allow":["GET"]}}],"collection":[{"href":"https:\/\/agora.xtec.cat\/escolaangels\/wp-json\/wp\/v2\/pages"}],"about":[{"href":"https:\/\/agora.xtec.cat\/escolaangels\/wp-json\/wp\/v2\/types\/page"}],"author":[{"embeddable":true,"href":"https:\/\/agora.xtec.cat\/escolaangels\/wp-json\/wp\/v2\/users\/1"}],"replies":[{"embeddable":true,"href":"https:\/\/agora.xtec.cat\/escolaangels\/wp-json\/wp\/v2\/comments?post=32"}],"version-history":[{"count":6,"href":"https:\/\/agora.xtec.cat\/escolaangels\/wp-json\/wp\/v2\/pages\/32\/revisions"}],"predecessor-version":[{"id":4624,"href":"https:\/\/agora.xtec.cat\/escolaangels\/wp-json\/wp\/v2\/pages\/32\/revisions\/4624"}],"up":[{"embeddable":true,"href":"https:\/\/agora.xtec.cat\/escolaangels\/wp-json\/wp\/v2\/pages\/22"}],"wp:attachment":[{"href":"https:\/\/agora.xtec.cat\/escolaangels\/wp-json\/wp\/v2\/media?parent=32"}],"curies":[{"name":"wp","href":"https:\/\/api.w.org\/{rel}","templated":true}]}}