{"id":3074,"date":"2023-10-19T16:16:40","date_gmt":"2023-10-19T14:16:40","guid":{"rendered":"https:\/\/agora.xtec.cat\/escolaangels\/?page_id=3074"},"modified":"2023-10-19T16:16:40","modified_gmt":"2023-10-19T14:16:40","slug":"pla-estrategic-de-millora","status":"publish","type":"page","link":"https:\/\/agora.xtec.cat\/escolaangels\/pla-estrategic-de-millora\/","title":{"rendered":"Pla Estrat\u00e8gic de Millora"},"content":{"rendered":"<p>En aquest enlla\u00e7 podeu consultar el Pla Estrat\u00e8gic de Millora (PEM).<\/p>\n<p><a href=\"https:\/\/drive.google.com\/file\/d\/1OoTF7bBrbjujAc9BtHaoFC9SIku0HTmm\/view?usp=sharing\" target=\"_blank\" rel=\"noopener\">\ud83d\udcf0 PEM<\/a><\/p>\n","protected":false},"excerpt":{"rendered":"<p>En aquest enlla\u00e7 podeu consultar el Pla Estrat\u00e8gic de Millora (PEM).<br \/>\n<a href=\"https:\/\/drive.google.com\/file\/d\/1OoTF7bBrbjujAc9BtHaoFC9SIku0HTmm\/view?usp=sharing\" target=\"_blank\" rel=\"noopener\">\ud83d\udcf0 PEM<\/a><\/p>\n","protected":false},"author":4,"featured_media":0,"parent":0,"menu_order":0,"comment_status":"closed","ping_status":"closed","template":"","meta":{"_bbp_topic_count":0,"_bbp_reply_count":0,"_bbp_total_topic_count":0,"_bbp_total_reply_count":0,"_bbp_voice_count":0,"_bbp_anonymous_reply_count":0,"_bbp_topic_count_hidden":0,"_bbp_reply_count_hidden":0,"_bbp_forum_subforum_count":0,"footnotes":""},"class_list":["post-3074","page","type-page","status-publish","hentry"],"post_mailing_queue_ids":[],"_links":{"self":[{"href":"https:\/\/agora.xtec.cat\/escolaangels\/wp-json\/wp\/v2\/pages\/3074","targetHints":{"allow":["GET"]}}],"collection":[{"href":"https:\/\/agora.xtec.cat\/escolaangels\/wp-json\/wp\/v2\/pages"}],"about":[{"href":"https:\/\/agora.xtec.cat\/escolaangels\/wp-json\/wp\/v2\/types\/page"}],"author":[{"embeddable":true,"href":"https:\/\/agora.xtec.cat\/escolaangels\/wp-json\/wp\/v2\/users\/4"}],"replies":[{"embeddable":true,"href":"https:\/\/agora.xtec.cat\/escolaangels\/wp-json\/wp\/v2\/comments?post=3074"}],"version-history":[{"count":1,"href":"https:\/\/agora.xtec.cat\/escolaangels\/wp-json\/wp\/v2\/pages\/3074\/revisions"}],"predecessor-version":[{"id":3076,"href":"https:\/\/agora.xtec.cat\/escolaangels\/wp-json\/wp\/v2\/pages\/3074\/revisions\/3076"}],"wp:attachment":[{"href":"https:\/\/agora.xtec.cat\/escolaangels\/wp-json\/wp\/v2\/media?parent=3074"}],"curies":[{"name":"wp","href":"https:\/\/api.w.org\/{rel}","templated":true}]}}