{"id":28,"date":"2014-09-18T12:29:35","date_gmt":"2014-09-18T11:29:35","guid":{"rendered":"http:\/\/agora.xtec.cat\/escolaangels\/?page_id=28"},"modified":"2024-11-07T13:26:10","modified_gmt":"2024-11-07T12:26:10","slug":"consell-escolar","status":"publish","type":"page","link":"https:\/\/agora.xtec.cat\/escolaangels\/lescola\/consell-escolar\/","title":{"rendered":"Consell escolar"},"content":{"rendered":"<h4><span id=\"Funcions\"><a href=\"http:\/\/ensenyament.gencat.cat\/ca\/arees-actuacio\/centres-serveis-educatius\/centres\/consells-escolars-centres\/centres-publics\/#bloc1\">Funcions<\/a><\/span><\/h4>\n<div class=\"entry-content\">\n<p>Corresponen al consell escolar les funcions seg\u00fcents:<\/p>\n<ul>\n<li>Participar en l\u2019aprovaci\u00f3 del projecte educatiu i les seves modificacions. El consell escolar ha de ser consultat pel director de manera preceptiva per valorar la proposta del projecte educatiu i manifestar el seu suport amb una majoria de les tres cinquenes parts dels membres.<\/li>\n<li>Participar en l\u2019aprovaci\u00f3 de la programaci\u00f3 general anual, de les normes de funcionament i de la gesti\u00f3 econ\u00f2mica del centre. El consell escolar ha de ser consultat de manera preceptiva per valorar cada una de les propostes i manifestar el seu suport per majoria simple dels membres.<\/li>\n<li>Avaluar l\u2019aplicaci\u00f3 del projecte educatiu i de les seves modificacions aix\u00ed com de la resta de documents de gesti\u00f3 del centre.<\/li>\n<li>Aprovar les propostes d\u2019acords de corresponsabilitat, convenis i altres acords de col\u00b7laboraci\u00f3 del centre amb entitats i institucions.<\/li>\n<li>Intervenir en el procediment d\u2019admissi\u00f3 d\u2019alumnes.<\/li>\n<li>Participar en el procediment de selecci\u00f3 i en la proposta de cessament del director o directora.<\/li>\n<li>Intervenir en la resoluci\u00f3 dels conflictes i, si escau, revisar les sancions als alumnes.<\/li>\n<li>Aprovar les directrius per a la programaci\u00f3 d\u2019activitats escolars complement\u00e0ries i d\u2019activitats extraescolars, i avaluar-ne el desenvolupament.<\/li>\n<li>Participar en les an\u00e0lisis i les avaluacions del funcionament general del centre i con\u00e8ixer l\u2019evoluci\u00f3 del rendiment escolar.<\/li>\n<li>Aprovar els criteris de col\u00b7laboraci\u00f3 amb altres centres i amb l\u2019entorn.<\/li>\n<li>Qualsevol altre que li sigui atribu\u00efda per les normes legals o reglament\u00e0ries.<\/li>\n<\/ul>\n<p><strong><a href=\"http:\/\/ensenyament.gencat.cat\/ca\/arees-actuacio\/centres-serveis-educatius\/centres\/consells-escolars-centres\/centres-publics\/#bloc2\">Composici\u00f3 del Consell Escolar<\/a><\/strong><\/p>\n<table style=\"width: 458px;\">\n<tbody>\n<tr>\n<td style=\"width: 223px;\"><strong>Direcci\u00f3<\/strong><\/td>\n<td style=\"width: 227px;\">Carme Nicol\u00e0s<\/td>\n<\/tr>\n<tr>\n<td style=\"width: 223px;\"><strong>Cap d&#8217;estudis<\/strong><\/td>\n<td style=\"width: 227px;\">Pili Herrer<\/td>\n<\/tr>\n<tr>\n<td style=\"width: 223px;\"><strong>Secret\u00e0ria<\/strong><\/td>\n<td style=\"width: 227px;\">Nat\u00e0lia Fuentes<\/td>\n<\/tr>\n<tr>\n<td style=\"width: 223px;\"><strong>Sector mestres<\/strong><\/td>\n<td style=\"width: 227px;\">B\u00e1rbara L\u00f3pez<br \/>\nMireia Puig<br \/>\nAlba Ruiz<br \/>\nS\u00edlvia Soliguer<br \/>\nMarc G\u00f3mez<br \/>\nJ\u00falia Baltrons<\/td>\n<\/tr>\n<tr>\n<td style=\"width: 223px;\"><strong>Sector mares\/pares<\/strong><\/td>\n<td style=\"width: 227px;\">Manel Ortiz<br \/>\nRoser Ribas<br \/>\nWidad Marouan<br \/>\nPaola Souto<br \/>\nNoelia Mart\u00ednez<br \/>\nMarta Aguilar<\/td>\n<\/tr>\n<tr>\n<td style=\"width: 223px;\"><strong>Representant AFA<\/strong><\/td>\n<td style=\"width: 227px;\">Sandra Ace\u00f1a<\/td>\n<\/tr>\n<tr>\n<td style=\"width: 223px;\"><strong>Representant PAS<\/strong><\/td>\n<td style=\"width: 227px;\">Javi Chinchilla<\/td>\n<\/tr>\n<tr>\n<td style=\"width: 223px;\"><strong>Representant PAE<\/strong><\/td>\n<td style=\"width: 227px;\">\u00d2ria Padr\u00f3s<\/td>\n<\/tr>\n<tr>\n<td style=\"width: 223px;\"><strong>Representant Ajuntament<\/strong><\/td>\n<td style=\"width: 227px;\">Carlos Costa<\/td>\n<\/tr>\n<\/tbody>\n<\/table>\n<p><strong><a href=\"http:\/\/ensenyament.gencat.cat\/ca\/arees-actuacio\/centres-serveis-educatius\/centres\/consells-escolars-centres\/centres-publics\/#bloc6\">Renovaci\u00f3 de membres<\/a><\/strong><\/p>\n<ul>\n<li>Les persones del consell escolar s\u00f3n elegides per\u00a0un per\u00edode de quatre anys\u00a0i es renoven per meitats cada dos anys.<\/li>\n<li>Les eleccions per a la constituci\u00f3 o renovaci\u00f3 de membres del consell escolar, les convoca el director o directora del centre p\u00fablic, amb quinze dies d\u2019antelaci\u00f3, dintre del per\u00edode que fixa el Departament d\u2019Ensenyament.<\/li>\n<li>Les\u00a0vacants\u00a0del consell escolar s\u2019han d\u2019ocupar pel procediment establert a les normes d\u2019organitzaci\u00f3 i funcionament del centre; si aquestes no ho preveuen, les ha d\u2019ocupar la seg\u00fcent candidatura m\u00e9s votada en les darreres eleccions. Si no hi ha m\u00e9s candidats o candidates per cobrir-les, romanen sense cobrir fins a la propera renovaci\u00f3 del consell escolar.<\/li>\n<li>La condici\u00f3 de membre del consell escolar es perd quan es deixa el c\u00e0rrec que comporta ser-ne membre, quan es deixa de complir algun dels requisits per ser elegible o quan l\u2019\u00f2rgan que l\u2019ha designat en revoca la designaci\u00f3.<\/li>\n<\/ul>\n<p>&nbsp;<\/p>\n<\/div>\n","protected":false},"excerpt":{"rendered":"<p><a href=\"http:\/\/ensenyament.gencat.cat\/ca\/arees-actuacio\/centres-serveis-educatius\/centres\/consells-escolars-centres\/centres-publics\/#bloc1\">Funcions<\/a><\/p>\n<p>Corresponen al consell escolar les funcions seg\u00fcents:<\/p>\n<ul>\n<li>Participar en l\u2019aprovaci\u00f3 del projecte educatiu i les seves modificacions. El consell escolar ha de ser consultat pel director de manera preceptiva per valorar la proposta del projecte educatiu i manifestar el seu suport amb una majoria de&hellip;  <a href=\"https:\/\/agora.xtec.cat\/escolaangels\/lescola\/consell-escolar\/\" title=\"Read Consell escolar\">Llegeix m\u00e9s\u00bb<\/a><br \/>\n","protected":false},"author":1,"featured_media":0,"parent":22,"menu_order":30,"comment_status":"closed","ping_status":"closed","template":"page-templates\/side-menu.php","meta":{"_bbp_topic_count":0,"_bbp_reply_count":0,"_bbp_total_topic_count":0,"_bbp_total_reply_count":0,"_bbp_voice_count":0,"_bbp_anonymous_reply_count":0,"_bbp_topic_count_hidden":0,"_bbp_reply_count_hidden":0,"_bbp_forum_subforum_count":0,"footnotes":""},"class_list":["post-28","page","type-page","status-publish","hentry"],"post_mailing_queue_ids":[],"_links":{"self":[{"href":"https:\/\/agora.xtec.cat\/escolaangels\/wp-json\/wp\/v2\/pages\/28","targetHints":{"allow":["GET"]}}],"collection":[{"href":"https:\/\/agora.xtec.cat\/escolaangels\/wp-json\/wp\/v2\/pages"}],"about":[{"href":"https:\/\/agora.xtec.cat\/escolaangels\/wp-json\/wp\/v2\/types\/page"}],"author":[{"embeddable":true,"href":"https:\/\/agora.xtec.cat\/escolaangels\/wp-json\/wp\/v2\/users\/1"}],"replies":[{"embeddable":true,"href":"https:\/\/agora.xtec.cat\/escolaangels\/wp-json\/wp\/v2\/comments?post=28"}],"version-history":[{"count":6,"href":"https:\/\/agora.xtec.cat\/escolaangels\/wp-json\/wp\/v2\/pages\/28\/revisions"}],"predecessor-version":[{"id":3917,"href":"https:\/\/agora.xtec.cat\/escolaangels\/wp-json\/wp\/v2\/pages\/28\/revisions\/3917"}],"up":[{"embeddable":true,"href":"https:\/\/agora.xtec.cat\/escolaangels\/wp-json\/wp\/v2\/pages\/22"}],"wp:attachment":[{"href":"https:\/\/agora.xtec.cat\/escolaangels\/wp-json\/wp\/v2\/media?parent=28"}],"curies":[{"name":"wp","href":"https:\/\/api.w.org\/{rel}","templated":true}]}}