{"id":1044,"date":"2021-05-03T23:07:25","date_gmt":"2021-05-03T21:07:25","guid":{"rendered":"https:\/\/agora.xtec.cat\/escolaangels\/?page_id=1044"},"modified":"2021-11-30T09:46:26","modified_gmt":"2021-11-30T08:46:26","slug":"plec","status":"publish","type":"page","link":"https:\/\/agora.xtec.cat\/escolaangels\/projecte-educatiu\/projecte-biblioteca-escolar\/plec\/","title":{"rendered":"PLEC"},"content":{"rendered":"<ul>\n<li>FIC: En aquest site trobareu tota la informaci\u00f3 referent a la formaci\u00f3 interna que farem a l&#8217;escola. Fes clica a la seg\u00fcent imatge per accedir-hi.<\/li>\n<\/ul>\n<p><a href=\"https:\/\/sites.google.com\/view\/formacio-interna-de-centre\/inici?authuser=1\" target=\"_blank\" rel=\"noopener\"><img loading=\"lazy\" decoding=\"async\" class=\"aligncenter  wp-image-1595\" src=\"https:\/\/agora.xtec.cat\/escolaangels\/wp-content\/uploads\/usu2157\/2021\/11\/baixa-1.jpeg\" alt=\"\" width=\"356\" height=\"191\" srcset=\"https:\/\/agora.xtec.cat\/escolaangels\/wp-content\/uploads\/usu2157\/2021\/11\/baixa-1.jpeg 1942w, https:\/\/agora.xtec.cat\/escolaangels\/wp-content\/uploads\/usu2157\/2021\/11\/baixa-1-300x161.jpeg 300w, https:\/\/agora.xtec.cat\/escolaangels\/wp-content\/uploads\/usu2157\/2021\/11\/baixa-1-1024x550.jpeg 1024w, https:\/\/agora.xtec.cat\/escolaangels\/wp-content\/uploads\/usu2157\/2021\/11\/baixa-1-768x413.jpeg 768w, https:\/\/agora.xtec.cat\/escolaangels\/wp-content\/uploads\/usu2157\/2021\/11\/baixa-1-1536x826.jpeg 1536w\" sizes=\"auto, (max-width: 356px) 100vw, 356px\" \/><\/a><\/p>\n","protected":false},"excerpt":{"rendered":"<ul>\n<li>FIC: En aquest site trobareu tota la informaci\u00f3 referent a la formaci\u00f3 interna que farem a l&#8217;escola. Fes clica a la seg\u00fcent imatge per accedir-hi.<\/li>\n<\/ul>\n<p><a href=\"https:\/\/sites.google.com\/view\/formacio-interna-de-centre\/inici?authuser=1\" target=\"_blank\" rel=\"noopener\"><\/a><\/p>\n","protected":false},"author":3,"featured_media":0,"parent":689,"menu_order":70,"comment_status":"closed","ping_status":"closed","template":"","meta":{"_bbp_topic_count":0,"_bbp_reply_count":0,"_bbp_total_topic_count":0,"_bbp_total_reply_count":0,"_bbp_voice_count":0,"_bbp_anonymous_reply_count":0,"_bbp_topic_count_hidden":0,"_bbp_reply_count_hidden":0,"_bbp_forum_subforum_count":0,"footnotes":""},"class_list":["post-1044","page","type-page","status-publish","hentry"],"post_mailing_queue_ids":[],"_links":{"self":[{"href":"https:\/\/agora.xtec.cat\/escolaangels\/wp-json\/wp\/v2\/pages\/1044","targetHints":{"allow":["GET"]}}],"collection":[{"href":"https:\/\/agora.xtec.cat\/escolaangels\/wp-json\/wp\/v2\/pages"}],"about":[{"href":"https:\/\/agora.xtec.cat\/escolaangels\/wp-json\/wp\/v2\/types\/page"}],"author":[{"embeddable":true,"href":"https:\/\/agora.xtec.cat\/escolaangels\/wp-json\/wp\/v2\/users\/3"}],"replies":[{"embeddable":true,"href":"https:\/\/agora.xtec.cat\/escolaangels\/wp-json\/wp\/v2\/comments?post=1044"}],"version-history":[{"count":2,"href":"https:\/\/agora.xtec.cat\/escolaangels\/wp-json\/wp\/v2\/pages\/1044\/revisions"}],"predecessor-version":[{"id":1596,"href":"https:\/\/agora.xtec.cat\/escolaangels\/wp-json\/wp\/v2\/pages\/1044\/revisions\/1596"}],"up":[{"embeddable":true,"href":"https:\/\/agora.xtec.cat\/escolaangels\/wp-json\/wp\/v2\/pages\/689"}],"wp:attachment":[{"href":"https:\/\/agora.xtec.cat\/escolaangels\/wp-json\/wp\/v2\/media?parent=1044"}],"curies":[{"name":"wp","href":"https:\/\/api.w.org\/{rel}","templated":true}]}}