{"id":30,"date":"2014-09-18T12:30:23","date_gmt":"2014-09-18T11:30:23","guid":{"rendered":"http:\/\/agora.xtec.cat\/escolaandreufarranager\/?page_id=30"},"modified":"2019-11-06T18:36:43","modified_gmt":"2019-11-06T17:36:43","slug":"instal%c2%b7lacions","status":"publish","type":"page","link":"https:\/\/agora.xtec.cat\/escolaandreufarranager\/lescola\/instal%c2%b7lacions\/","title":{"rendered":"Instal\u00b7lacions"},"content":{"rendered":"<p>L\u2019Escola Andreu Farran \u00e9s un edifici d\u2019una planta i compta amb els seg\u00fcents espais:<\/p>\n<ul>\n<li>4 classes una per infantil, una per cicle Inicial, una per cicle Mitj\u00e0 i una altra per cicle Superior.(dos de les quals d&#8217;espai molt petit)<\/li>\n<li>1 lavabo per les nenes.<\/li>\n<li>1 lavabo pels nenes.<\/li>\n<li>1 lavabo pels mestres.<\/li>\n<li>Un petit despatx per la direcci\u00f3<\/li>\n<li>Una aula polivalent que es fa servir per diferents utilitats: menjador, sala de reunions de les fam\u00edlies, espai per a fer educaci\u00f3 f\u00edsica quan plou i com aula de desdoblament.<\/li>\n<li>Un petit quartet de neteja.<\/li>\n<li>Un quartet on hi ha la caldera a la planta de baix.<\/li>\n<li>El pati envolta l&#8217; edifici escolar est\u00e0 dividit en diferents parts ben diferenciades, una part pavimentada amb dues cistelles de b\u00e0squet i porteries de futbol, i unes altres on hi ha\u00a0 gronxadors i sorra<\/li>\n<\/ul>\n<div class=\"addtoany_share_save_container addtoany_content_bottom\">\n<div class=\"a2a_kit a2a_kit_size_32 addtoany_list\" data-a2a-url=\"https:\/\/agora.xtec.cat\/esc-lesavellanes\/lescola\/instal%c2%b7lacions\/\" data-a2a-title=\"Instal\u00b7lacions\"><a class=\"a2a_button_facebook\" title=\"Facebook\" href=\"https:\/\/agora.xtec.cat\/#facebook\" target=\"_blank\" rel=\"nofollow noopener noreferrer\"><span class=\"a2a_label\">Facebook<\/span><\/a><a class=\"a2a_button_twitter\" title=\"Twitter\" href=\"https:\/\/agora.xtec.cat\/#twitter\" target=\"_blank\" rel=\"nofollow noopener noreferrer\"><span class=\"a2a_label\">Twitter<\/span><\/a><\/div>\n<\/div>\n","protected":false},"excerpt":{"rendered":"<p>L\u2019Escola Andreu Farran \u00e9s un edifici d\u2019una planta i compta amb els seg\u00fcents espais:<\/p>\n<ul>\n<li>4 classes una per infantil, una per cicle Inicial, una per cicle Mitj\u00e0 i una altra per cicle Superior.(dos de les quals d&#8217;espai molt petit)<\/li>\n<li>1 lavabo per les nenes.<\/li>\n<li>1 lavabo pels nenes.<\/li>\n<li>1&hellip;  <a href=\"https:\/\/agora.xtec.cat\/escolaandreufarranager\/lescola\/instal%c2%b7lacions\/\" title=\"Read Instal\u00b7lacions\">Llegeix m\u00e9s\u00bb<\/a><br \/>\n","protected":false},"author":1,"featured_media":0,"parent":22,"menu_order":40,"comment_status":"closed","ping_status":"closed","template":"page-templates\/side-menu.php","meta":{"_bbp_topic_count":0,"_bbp_reply_count":0,"_bbp_total_topic_count":0,"_bbp_total_reply_count":0,"_bbp_voice_count":0,"_bbp_anonymous_reply_count":0,"_bbp_topic_count_hidden":0,"_bbp_reply_count_hidden":0,"_bbp_forum_subforum_count":0,"footnotes":""},"class_list":["post-30","page","type-page","status-publish","hentry"],"post_mailing_queue_ids":[],"_links":{"self":[{"href":"https:\/\/agora.xtec.cat\/escolaandreufarranager\/wp-json\/wp\/v2\/pages\/30","targetHints":{"allow":["GET"]}}],"collection":[{"href":"https:\/\/agora.xtec.cat\/escolaandreufarranager\/wp-json\/wp\/v2\/pages"}],"about":[{"href":"https:\/\/agora.xtec.cat\/escolaandreufarranager\/wp-json\/wp\/v2\/types\/page"}],"author":[{"embeddable":true,"href":"https:\/\/agora.xtec.cat\/escolaandreufarranager\/wp-json\/wp\/v2\/users\/1"}],"replies":[{"embeddable":true,"href":"https:\/\/agora.xtec.cat\/escolaandreufarranager\/wp-json\/wp\/v2\/comments?post=30"}],"version-history":[{"count":3,"href":"https:\/\/agora.xtec.cat\/escolaandreufarranager\/wp-json\/wp\/v2\/pages\/30\/revisions"}],"predecessor-version":[{"id":574,"href":"https:\/\/agora.xtec.cat\/escolaandreufarranager\/wp-json\/wp\/v2\/pages\/30\/revisions\/574"}],"up":[{"embeddable":true,"href":"https:\/\/agora.xtec.cat\/escolaandreufarranager\/wp-json\/wp\/v2\/pages\/22"}],"wp:attachment":[{"href":"https:\/\/agora.xtec.cat\/escolaandreufarranager\/wp-json\/wp\/v2\/media?parent=30"}],"curies":[{"name":"wp","href":"https:\/\/api.w.org\/{rel}","templated":true}]}}