{"id":26,"date":"2014-09-18T12:24:32","date_gmt":"2014-09-18T11:24:32","guid":{"rendered":"http:\/\/agora.xtec.cat\/escolaandreufarranager\/?page_id=26"},"modified":"2020-05-09T23:03:54","modified_gmt":"2020-05-09T21:03:54","slug":"historia","status":"publish","type":"page","link":"https:\/\/agora.xtec.cat\/escolaandreufarranager\/lescola\/historia\/","title":{"rendered":"Hist\u00f2ria"},"content":{"rendered":"<p>L&#8217;any 1929 l&#8217;Estat va acceptar construir l&#8217;escola. Es posa en funcionament durant la segona Rep\u00fablica,per\u00f2 per un per\u00edode de temps molt curt.<\/p>\n<p>No \u00e9s fins l&#8217;any1969 que l&#8217;Ajuntament fa un homenatge al mestre Andreu Farran i Montardit per la seva tasca educativa al poble.i posa el seu nom a l&#8217;escola.<\/p>\n<p>L&#8217;Arquitecte encarregat de l&#8217;edifici va ser J.de Villallonga.<\/p>\n<p>L&#8217;any 1992 va ser l&#8217;inici de formar part de la Zer El Montsec.<\/p>\n","protected":false},"excerpt":{"rendered":"<p>L&#8217;any 1929 l&#8217;Estat va acceptar construir l&#8217;escola. Es posa en funcionament durant la segona Rep\u00fablica,per\u00f2 per un per\u00edode de temps molt curt.<br \/>\nNo \u00e9s fins l&#8217;any1969 que l&#8217;Ajuntament fa un homenatge al mestre Andreu Farran i Montardit per la seva tasca educativa al poble.i posa el&hellip;  <a href=\"https:\/\/agora.xtec.cat\/escolaandreufarranager\/lescola\/historia\/\" title=\"Read Hist\u00f2ria\">Llegeix m\u00e9s\u00bb<\/a><\/p>\n","protected":false},"author":1,"featured_media":0,"parent":22,"menu_order":20,"comment_status":"closed","ping_status":"closed","template":"page-templates\/side-menu.php","meta":{"_bbp_topic_count":0,"_bbp_reply_count":0,"_bbp_total_topic_count":0,"_bbp_total_reply_count":0,"_bbp_voice_count":0,"_bbp_anonymous_reply_count":0,"_bbp_topic_count_hidden":0,"_bbp_reply_count_hidden":0,"_bbp_forum_subforum_count":0,"footnotes":""},"class_list":["post-26","page","type-page","status-publish","hentry"],"post_mailing_queue_ids":[],"_links":{"self":[{"href":"https:\/\/agora.xtec.cat\/escolaandreufarranager\/wp-json\/wp\/v2\/pages\/26","targetHints":{"allow":["GET"]}}],"collection":[{"href":"https:\/\/agora.xtec.cat\/escolaandreufarranager\/wp-json\/wp\/v2\/pages"}],"about":[{"href":"https:\/\/agora.xtec.cat\/escolaandreufarranager\/wp-json\/wp\/v2\/types\/page"}],"author":[{"embeddable":true,"href":"https:\/\/agora.xtec.cat\/escolaandreufarranager\/wp-json\/wp\/v2\/users\/1"}],"replies":[{"embeddable":true,"href":"https:\/\/agora.xtec.cat\/escolaandreufarranager\/wp-json\/wp\/v2\/comments?post=26"}],"version-history":[{"count":3,"href":"https:\/\/agora.xtec.cat\/escolaandreufarranager\/wp-json\/wp\/v2\/pages\/26\/revisions"}],"predecessor-version":[{"id":794,"href":"https:\/\/agora.xtec.cat\/escolaandreufarranager\/wp-json\/wp\/v2\/pages\/26\/revisions\/794"}],"up":[{"embeddable":true,"href":"https:\/\/agora.xtec.cat\/escolaandreufarranager\/wp-json\/wp\/v2\/pages\/22"}],"wp:attachment":[{"href":"https:\/\/agora.xtec.cat\/escolaandreufarranager\/wp-json\/wp\/v2\/media?parent=26"}],"curies":[{"name":"wp","href":"https:\/\/api.w.org\/{rel}","templated":true}]}}